{"id":81935,"date":"2023-04-26T22:56:25","date_gmt":"2023-04-26T22:56:25","guid":{"rendered":"https:\/\/www.silentblocks.com\/product\/2-bloques-silenciosos-para-dos-brazos-frontal-2\/"},"modified":"2026-02-17T21:20:00","modified_gmt":"2026-02-17T21:20:00","slug":"2-bloques-silenciosos-para-dos-brazos-frontal-2","status":"publish","type":"product","link":"https:\/\/www.silentblocks.com\/es\/producto\/2-bloques-silenciosos-para-dos-brazos-frontal-2\/","title":{"rendered":"Silentblocks en ambos brazos delanteros para Voyager V, Freemont"},"content":{"rendered":"<p>2 Silentblocks para dos horquillas de suspensi\u00f3n delantera, compatibles con los siguientes veh\u00edculos:<br \/>\nChrysler Voyager V (2007-2016)<br \/>\nDodge Caravan V (2007-)<br \/>\nDodge Journey (2009-2012)<br \/>\nFiat Freemont (2011-)<br \/>\nLancia Voyager (2011-2017)<\/p>\n<p>Referencias del fabricante (c\u00f3digo OEM) s\u00f3lo a t\u00edtulo informativo :<br \/>\n04766910AE, 04766911AE, 68149740AA, 04721483AD, 04721484AD<\/p>\n<p>Piezas nuevas, se vende con factura. Todos nuestros productos tienen 2 a\u00f1os de garant\u00eda.<\/p>\n","protected":false},"excerpt":{"rendered":"<p>2 Silentblocks para dos brazos delanteros para Chrysler Voyager, Fiat Freemont<\/p>\n","protected":false},"featured_media":121305,"template":"","meta":[],"product_brand":[],"product_cat":[2145,2433,2163,2531,2534,2166,2586,2190,2920],"product_tag":[],"class_list":{"0":"post-81935","1":"product","2":"type-product","3":"status-publish","4":"has-post-thumbnail","6":"product_cat-chrysler-es","7":"product_cat-voyager-v-es","8":"product_cat-dodge-es","9":"product_cat-caravan-es","10":"product_cat-journey-es","11":"product_cat-fiat-es","12":"product_cat-freemont-es","13":"product_cat-lancia-es","14":"product_cat-voyager-11-17-es","16":"first","17":"instock","18":"shipping-taxable","19":"purchasable","20":"product-type-simple"},"yoast_head":"<!-- This site is optimized with the Yoast SEO Premium plugin v23.0 (Yoast SEO v27.4) - https:\/\/yoast.com\/product\/yoast-seo-premium-wordpress\/ -->\n<title>Silentblocks en ambos brazos delanteros para Voyager V, Freemont - SILENT BLOCKS<\/title>\n<meta name=\"description\" content=\"Silentblocks para brazos de suspensi\u00f3n delanteros, trapecios de suspensi\u00f3n delanteros para Chrysler Voyager V, Fiat Freemont, Lancia Voyager\" \/>\n<meta name=\"robots\" content=\"index, follow, max-snippet:-1, max-image-preview:large, max-video-preview:-1\" \/>\n<link rel=\"canonical\" href=\"https:\/\/www.silentblocks.com\/es\/producto\/2-bloques-silenciosos-para-dos-brazos-frontal-2\/\" \/>\n<meta property=\"og:locale\" content=\"es_ES\" \/>\n<meta property=\"og:type\" content=\"article\" \/>\n<meta property=\"og:title\" content=\"Silentblocks en ambos brazos delanteros para Voyager V, Freemont\" \/>\n<meta property=\"og:description\" content=\"Silentblocks para brazos de suspensi\u00f3n delanteros, trapecios de suspensi\u00f3n delanteros para Chrysler Voyager V, Fiat Freemont, Lancia Voyager\" \/>\n<meta property=\"og:url\" content=\"https:\/\/www.silentblocks.com\/es\/producto\/2-bloques-silenciosos-para-dos-brazos-frontal-2\/\" \/>\n<meta property=\"og:site_name\" content=\"SILENT BLOCKS\" \/>\n<meta property=\"article:modified_time\" content=\"2026-02-17T21:20:00+00:00\" \/>\n<meta property=\"og:image\" content=\"https:\/\/www.silentblocks.com\/wp-content\/uploads\/2026\/02\/silentbloc-bras-avant-voyager-V-2007-1-2.jpg\" \/>\n\t<meta property=\"og:image:width\" content=\"800\" \/>\n\t<meta property=\"og:image:height\" content=\"800\" \/>\n\t<meta property=\"og:image:type\" content=\"image\/jpeg\" \/>\n<meta name=\"twitter:card\" content=\"summary_large_image\" \/>\n<script type=\"application\/ld+json\" class=\"yoast-schema-graph\">{\"@context\":\"https:\\\/\\\/schema.org\",\"@graph\":[{\"@type\":\"WebPage\",\"@id\":\"https:\\\/\\\/www.silentblocks.com\\\/es\\\/producto\\\/2-bloques-silenciosos-para-dos-brazos-frontal-2\\\/\",\"url\":\"https:\\\/\\\/www.silentblocks.com\\\/es\\\/producto\\\/2-bloques-silenciosos-para-dos-brazos-frontal-2\\\/\",\"name\":\"Silentblocks en ambos brazos delanteros para Voyager V, Freemont - SILENT BLOCKS\",\"isPartOf\":{\"@id\":\"https:\\\/\\\/www.silentblocks.com\\\/es\\\/#website\"},\"primaryImageOfPage\":{\"@id\":\"https:\\\/\\\/www.silentblocks.com\\\/es\\\/producto\\\/2-bloques-silenciosos-para-dos-brazos-frontal-2\\\/#primaryimage\"},\"image\":{\"@id\":\"https:\\\/\\\/www.silentblocks.com\\\/es\\\/producto\\\/2-bloques-silenciosos-para-dos-brazos-frontal-2\\\/#primaryimage\"},\"thumbnailUrl\":\"https:\\\/\\\/www.silentblocks.com\\\/wp-content\\\/uploads\\\/2026\\\/02\\\/silentbloc-bras-avant-voyager-V-2007-1-2.jpg\",\"datePublished\":\"2023-04-26T22:56:25+00:00\",\"dateModified\":\"2026-02-17T21:20:00+00:00\",\"description\":\"Silentblocks para brazos de suspensi\u00f3n delanteros, trapecios de suspensi\u00f3n delanteros para Chrysler Voyager V, Fiat Freemont, Lancia Voyager\",\"breadcrumb\":{\"@id\":\"https:\\\/\\\/www.silentblocks.com\\\/es\\\/producto\\\/2-bloques-silenciosos-para-dos-brazos-frontal-2\\\/#breadcrumb\"},\"inLanguage\":\"es\",\"potentialAction\":[{\"@type\":\"ReadAction\",\"target\":[\"https:\\\/\\\/www.silentblocks.com\\\/es\\\/producto\\\/2-bloques-silenciosos-para-dos-brazos-frontal-2\\\/\"]}]},{\"@type\":\"ImageObject\",\"inLanguage\":\"es\",\"@id\":\"https:\\\/\\\/www.silentblocks.com\\\/es\\\/producto\\\/2-bloques-silenciosos-para-dos-brazos-frontal-2\\\/#primaryimage\",\"url\":\"https:\\\/\\\/www.silentblocks.com\\\/wp-content\\\/uploads\\\/2026\\\/02\\\/silentbloc-bras-avant-voyager-V-2007-1-2.jpg\",\"contentUrl\":\"https:\\\/\\\/www.silentblocks.com\\\/wp-content\\\/uploads\\\/2026\\\/02\\\/silentbloc-bras-avant-voyager-V-2007-1-2.jpg\",\"width\":800,\"height\":800},{\"@type\":\"BreadcrumbList\",\"@id\":\"https:\\\/\\\/www.silentblocks.com\\\/es\\\/producto\\\/2-bloques-silenciosos-para-dos-brazos-frontal-2\\\/#breadcrumb\",\"itemListElement\":[{\"@type\":\"ListItem\",\"position\":1,\"name\":\"In\u00edcio\",\"item\":\"https:\\\/\\\/www.silentblocks.com\\\/es\\\/\"},{\"@type\":\"ListItem\",\"position\":2,\"name\":\"Page boutique\",\"item\":\"https:\\\/\\\/www.silentblocks.com\\\/es\\\/shop-2\\\/\"},{\"@type\":\"ListItem\",\"position\":3,\"name\":\"Silentblocks en ambos brazos delanteros para Voyager V, Freemont\"}]},{\"@type\":\"WebSite\",\"@id\":\"https:\\\/\\\/www.silentblocks.com\\\/es\\\/#website\",\"url\":\"https:\\\/\\\/www.silentblocks.com\\\/es\\\/\",\"name\":\"SILENTBLOCKS\",\"description\":\"Secure on the road\",\"publisher\":{\"@id\":\"https:\\\/\\\/www.silentblocks.com\\\/es\\\/#organization\"},\"potentialAction\":[{\"@type\":\"SearchAction\",\"target\":{\"@type\":\"EntryPoint\",\"urlTemplate\":\"https:\\\/\\\/www.silentblocks.com\\\/es\\\/?s={search_term_string}\"},\"query-input\":{\"@type\":\"PropertyValueSpecification\",\"valueRequired\":true,\"valueName\":\"search_term_string\"}}],\"inLanguage\":\"es\"},{\"@type\":\"Organization\",\"@id\":\"https:\\\/\\\/www.silentblocks.com\\\/es\\\/#organization\",\"name\":\"SILENTBLOCKS\",\"url\":\"https:\\\/\\\/www.silentblocks.com\\\/es\\\/\",\"logo\":{\"@type\":\"ImageObject\",\"inLanguage\":\"es\",\"@id\":\"https:\\\/\\\/www.silentblocks.com\\\/es\\\/#\\\/schema\\\/logo\\\/image\\\/\",\"url\":\"https:\\\/\\\/www.silentblocks.com\\\/wp-content\\\/uploads\\\/2023\\\/07\\\/logo211-sem-fundo_2012-PARA-BOUTIQUE-EBAY.png\",\"contentUrl\":\"https:\\\/\\\/www.silentblocks.com\\\/wp-content\\\/uploads\\\/2023\\\/07\\\/logo211-sem-fundo_2012-PARA-BOUTIQUE-EBAY.png\",\"width\":300,\"height\":190,\"caption\":\"SILENTBLOCKS\"},\"image\":{\"@id\":\"https:\\\/\\\/www.silentblocks.com\\\/es\\\/#\\\/schema\\\/logo\\\/image\\\/\"}}]}<\/script>\n<!-- \/ Yoast SEO Premium plugin. -->","yoast_head_json":{"title":"Silentblocks en ambos brazos delanteros para Voyager V, Freemont - SILENT BLOCKS","description":"Silentblocks para brazos de suspensi\u00f3n delanteros, trapecios de suspensi\u00f3n delanteros para Chrysler Voyager V, Fiat Freemont, Lancia Voyager","robots":{"index":"index","follow":"follow","max-snippet":"max-snippet:-1","max-image-preview":"max-image-preview:large","max-video-preview":"max-video-preview:-1"},"canonical":"https:\/\/www.silentblocks.com\/es\/producto\/2-bloques-silenciosos-para-dos-brazos-frontal-2\/","og_locale":"es_ES","og_type":"article","og_title":"Silentblocks en ambos brazos delanteros para Voyager V, Freemont","og_description":"Silentblocks para brazos de suspensi\u00f3n delanteros, trapecios de suspensi\u00f3n delanteros para Chrysler Voyager V, Fiat Freemont, Lancia Voyager","og_url":"https:\/\/www.silentblocks.com\/es\/producto\/2-bloques-silenciosos-para-dos-brazos-frontal-2\/","og_site_name":"SILENT BLOCKS","article_modified_time":"2026-02-17T21:20:00+00:00","og_image":[{"width":800,"height":800,"url":"https:\/\/www.silentblocks.com\/wp-content\/uploads\/2026\/02\/silentbloc-bras-avant-voyager-V-2007-1-2.jpg","type":"image\/jpeg"}],"twitter_card":"summary_large_image","schema":{"@context":"https:\/\/schema.org","@graph":[{"@type":"WebPage","@id":"https:\/\/www.silentblocks.com\/es\/producto\/2-bloques-silenciosos-para-dos-brazos-frontal-2\/","url":"https:\/\/www.silentblocks.com\/es\/producto\/2-bloques-silenciosos-para-dos-brazos-frontal-2\/","name":"Silentblocks en ambos brazos delanteros para Voyager V, Freemont - SILENT BLOCKS","isPartOf":{"@id":"https:\/\/www.silentblocks.com\/es\/#website"},"primaryImageOfPage":{"@id":"https:\/\/www.silentblocks.com\/es\/producto\/2-bloques-silenciosos-para-dos-brazos-frontal-2\/#primaryimage"},"image":{"@id":"https:\/\/www.silentblocks.com\/es\/producto\/2-bloques-silenciosos-para-dos-brazos-frontal-2\/#primaryimage"},"thumbnailUrl":"https:\/\/www.silentblocks.com\/wp-content\/uploads\/2026\/02\/silentbloc-bras-avant-voyager-V-2007-1-2.jpg","datePublished":"2023-04-26T22:56:25+00:00","dateModified":"2026-02-17T21:20:00+00:00","description":"Silentblocks para brazos de suspensi\u00f3n delanteros, trapecios de suspensi\u00f3n delanteros para Chrysler Voyager V, Fiat Freemont, Lancia Voyager","breadcrumb":{"@id":"https:\/\/www.silentblocks.com\/es\/producto\/2-bloques-silenciosos-para-dos-brazos-frontal-2\/#breadcrumb"},"inLanguage":"es","potentialAction":[{"@type":"ReadAction","target":["https:\/\/www.silentblocks.com\/es\/producto\/2-bloques-silenciosos-para-dos-brazos-frontal-2\/"]}]},{"@type":"ImageObject","inLanguage":"es","@id":"https:\/\/www.silentblocks.com\/es\/producto\/2-bloques-silenciosos-para-dos-brazos-frontal-2\/#primaryimage","url":"https:\/\/www.silentblocks.com\/wp-content\/uploads\/2026\/02\/silentbloc-bras-avant-voyager-V-2007-1-2.jpg","contentUrl":"https:\/\/www.silentblocks.com\/wp-content\/uploads\/2026\/02\/silentbloc-bras-avant-voyager-V-2007-1-2.jpg","width":800,"height":800},{"@type":"BreadcrumbList","@id":"https:\/\/www.silentblocks.com\/es\/producto\/2-bloques-silenciosos-para-dos-brazos-frontal-2\/#breadcrumb","itemListElement":[{"@type":"ListItem","position":1,"name":"In\u00edcio","item":"https:\/\/www.silentblocks.com\/es\/"},{"@type":"ListItem","position":2,"name":"Page boutique","item":"https:\/\/www.silentblocks.com\/es\/shop-2\/"},{"@type":"ListItem","position":3,"name":"Silentblocks en ambos brazos delanteros para Voyager V, Freemont"}]},{"@type":"WebSite","@id":"https:\/\/www.silentblocks.com\/es\/#website","url":"https:\/\/www.silentblocks.com\/es\/","name":"SILENTBLOCKS","description":"Secure on the road","publisher":{"@id":"https:\/\/www.silentblocks.com\/es\/#organization"},"potentialAction":[{"@type":"SearchAction","target":{"@type":"EntryPoint","urlTemplate":"https:\/\/www.silentblocks.com\/es\/?s={search_term_string}"},"query-input":{"@type":"PropertyValueSpecification","valueRequired":true,"valueName":"search_term_string"}}],"inLanguage":"es"},{"@type":"Organization","@id":"https:\/\/www.silentblocks.com\/es\/#organization","name":"SILENTBLOCKS","url":"https:\/\/www.silentblocks.com\/es\/","logo":{"@type":"ImageObject","inLanguage":"es","@id":"https:\/\/www.silentblocks.com\/es\/#\/schema\/logo\/image\/","url":"https:\/\/www.silentblocks.com\/wp-content\/uploads\/2023\/07\/logo211-sem-fundo_2012-PARA-BOUTIQUE-EBAY.png","contentUrl":"https:\/\/www.silentblocks.com\/wp-content\/uploads\/2023\/07\/logo211-sem-fundo_2012-PARA-BOUTIQUE-EBAY.png","width":300,"height":190,"caption":"SILENTBLOCKS"},"image":{"@id":"https:\/\/www.silentblocks.com\/es\/#\/schema\/logo\/image\/"}}]}},"_links":{"self":[{"href":"https:\/\/www.silentblocks.com\/es\/wp-json\/wp\/v2\/product\/81935","targetHints":{"allow":["GET"]}}],"collection":[{"href":"https:\/\/www.silentblocks.com\/es\/wp-json\/wp\/v2\/product"}],"about":[{"href":"https:\/\/www.silentblocks.com\/es\/wp-json\/wp\/v2\/types\/product"}],"version-history":[{"count":0,"href":"https:\/\/www.silentblocks.com\/es\/wp-json\/wp\/v2\/product\/81935\/revisions"}],"wp:featuredmedia":[{"embeddable":true,"href":"https:\/\/www.silentblocks.com\/es\/wp-json\/wp\/v2\/media\/121305"}],"wp:attachment":[{"href":"https:\/\/www.silentblocks.com\/es\/wp-json\/wp\/v2\/media?parent=81935"}],"wp:term":[{"taxonomy":"product_brand","embeddable":true,"href":"https:\/\/www.silentblocks.com\/es\/wp-json\/wp\/v2\/product_brand?post=81935"},{"taxonomy":"product_cat","embeddable":true,"href":"https:\/\/www.silentblocks.com\/es\/wp-json\/wp\/v2\/product_cat?post=81935"},{"taxonomy":"product_tag","embeddable":true,"href":"https:\/\/www.silentblocks.com\/es\/wp-json\/wp\/v2\/product_tag?post=81935"}],"curies":[{"name":"wp","href":"https:\/\/api.w.org\/{rel}","templated":true}]}}