{"id":81997,"date":"2023-04-26T22:56:17","date_gmt":"2023-04-26T22:56:17","guid":{"rendered":"https:\/\/www.silentblocks.com\/product\/support-box-audi-a4-a6-vw-passat\/"},"modified":"2026-02-17T21:20:09","modified_gmt":"2026-02-17T21:20:09","slug":"support-box-audi-a4-a6-vw-passat","status":"publish","type":"product","link":"https:\/\/www.silentblocks.com\/es\/producto\/support-box-audi-a4-a6-vw-passat\/","title":{"rendered":"Soporte caja de cambios, Audi A4\/A6, VW Passat"},"content":{"rendered":"<p>Soporte para caja de cambios, compatible con los siguientes veh\u00edculos:<\/p>\n<p>Audi A4 (1994-)<br \/>\nMotores: 1.6, 1.8, 1.9TDI, 2.5TDI<\/p>\n<p>Audi A6 (1997-)<br \/>\nMotores: 1.8, 1.8T, 1.9TDI, 2.5TDI<\/p>\n<p>VW Passat 3<br \/>\nMotores:<br \/>\n1.6 102CV (bt. auto)<br \/>\n1.8 20V (bt..auto) (07.2000-)<br \/>\n1.8 20V 4motion (1998-)<br \/>\n1.8T 150CV (bt.aut) SW<br \/>\n1.9TDI 110CV (bt.aut) (07.2000-)<br \/>\n1.9TTDI 110CV 4motion (1998-)<br \/>\n1.9TDI 115CV (08.1998-)<br \/>\n1.9TDI 90CV (bt.aut) SW<\/p>\n<p>Referencias del fabricante (c\u00f3digo OEM) s\u00f3lo a t\u00edtulo informativo :<br \/>\n8D0399151J &#8211; 8D0399151P<\/p>\n<p>Piezas nuevas, se vende con factura. Todos nuestros productos tienen 2 a\u00f1os de garant\u00eda.<\/p>\n","protected":false},"excerpt":{"rendered":"<p>Soporte caja de cambios Audi A4\/A6, VW Passat<\/p>\n","protected":false},"featured_media":121179,"template":"","meta":[],"product_brand":[],"product_cat":[2130,2333,2343,2256,3813],"product_tag":[],"class_list":{"0":"post-81997","1":"product","2":"type-product","3":"status-publish","4":"has-post-thumbnail","6":"product_cat-audi-es","7":"product_cat-a4-1995-2001-es","8":"product_cat-a6-c5-es","9":"product_cat-vw-es","10":"product_cat-passat-es","12":"first","13":"instock","14":"shipping-taxable","15":"purchasable","16":"product-type-simple"},"yoast_head":"<!-- This site is optimized with the Yoast SEO Premium plugin v23.0 (Yoast SEO v27.4) - https:\/\/yoast.com\/product\/yoast-seo-premium-wordpress\/ -->\n<title>Soporte caja de cambios, Audi A4\/A6, VW Passat - SILENT BLOCKS<\/title>\n<meta name=\"description\" content=\"Soporte de caja de cambios para Audi A4, Audi A6, VW Passat, compatible oem 8D0399151J - 8D0399151P\" \/>\n<meta name=\"robots\" content=\"index, follow, max-snippet:-1, max-image-preview:large, max-video-preview:-1\" \/>\n<link rel=\"canonical\" href=\"https:\/\/www.silentblocks.com\/es\/producto\/support-box-audi-a4-a6-vw-passat\/\" \/>\n<meta property=\"og:locale\" content=\"es_ES\" \/>\n<meta property=\"og:type\" content=\"article\" \/>\n<meta property=\"og:title\" content=\"Soporte caja de cambios, Audi A4\/A6, VW Passat\" \/>\n<meta property=\"og:description\" content=\"Soporte de caja de cambios para Audi A4, Audi A6, VW Passat, compatible oem 8D0399151J - 8D0399151P\" \/>\n<meta property=\"og:url\" content=\"https:\/\/www.silentblocks.com\/es\/producto\/support-box-audi-a4-a6-vw-passat\/\" \/>\n<meta property=\"og:site_name\" content=\"SILENT BLOCKS\" \/>\n<meta property=\"article:modified_time\" content=\"2026-02-17T21:20:09+00:00\" \/>\n<meta property=\"og:image\" content=\"https:\/\/www.silentblocks.com\/wp-content\/uploads\/2026\/02\/8D0399151J-2.jpg\" \/>\n\t<meta property=\"og:image:width\" content=\"800\" \/>\n\t<meta property=\"og:image:height\" content=\"800\" \/>\n\t<meta property=\"og:image:type\" content=\"image\/jpeg\" \/>\n<meta name=\"twitter:card\" content=\"summary_large_image\" \/>\n<script type=\"application\/ld+json\" class=\"yoast-schema-graph\">{\"@context\":\"https:\\\/\\\/schema.org\",\"@graph\":[{\"@type\":\"WebPage\",\"@id\":\"https:\\\/\\\/www.silentblocks.com\\\/es\\\/producto\\\/support-box-audi-a4-a6-vw-passat\\\/\",\"url\":\"https:\\\/\\\/www.silentblocks.com\\\/es\\\/producto\\\/support-box-audi-a4-a6-vw-passat\\\/\",\"name\":\"Soporte caja de cambios, Audi A4\\\/A6, VW Passat - SILENT BLOCKS\",\"isPartOf\":{\"@id\":\"https:\\\/\\\/www.silentblocks.com\\\/es\\\/#website\"},\"primaryImageOfPage\":{\"@id\":\"https:\\\/\\\/www.silentblocks.com\\\/es\\\/producto\\\/support-box-audi-a4-a6-vw-passat\\\/#primaryimage\"},\"image\":{\"@id\":\"https:\\\/\\\/www.silentblocks.com\\\/es\\\/producto\\\/support-box-audi-a4-a6-vw-passat\\\/#primaryimage\"},\"thumbnailUrl\":\"https:\\\/\\\/www.silentblocks.com\\\/wp-content\\\/uploads\\\/2026\\\/02\\\/8D0399151J-2.jpg\",\"datePublished\":\"2023-04-26T22:56:17+00:00\",\"dateModified\":\"2026-02-17T21:20:09+00:00\",\"description\":\"Soporte de caja de cambios para Audi A4, Audi A6, VW Passat, compatible oem 8D0399151J - 8D0399151P\",\"breadcrumb\":{\"@id\":\"https:\\\/\\\/www.silentblocks.com\\\/es\\\/producto\\\/support-box-audi-a4-a6-vw-passat\\\/#breadcrumb\"},\"inLanguage\":\"es\",\"potentialAction\":[{\"@type\":\"ReadAction\",\"target\":[\"https:\\\/\\\/www.silentblocks.com\\\/es\\\/producto\\\/support-box-audi-a4-a6-vw-passat\\\/\"]}]},{\"@type\":\"ImageObject\",\"inLanguage\":\"es\",\"@id\":\"https:\\\/\\\/www.silentblocks.com\\\/es\\\/producto\\\/support-box-audi-a4-a6-vw-passat\\\/#primaryimage\",\"url\":\"https:\\\/\\\/www.silentblocks.com\\\/wp-content\\\/uploads\\\/2026\\\/02\\\/8D0399151J-2.jpg\",\"contentUrl\":\"https:\\\/\\\/www.silentblocks.com\\\/wp-content\\\/uploads\\\/2026\\\/02\\\/8D0399151J-2.jpg\",\"width\":800,\"height\":800},{\"@type\":\"BreadcrumbList\",\"@id\":\"https:\\\/\\\/www.silentblocks.com\\\/es\\\/producto\\\/support-box-audi-a4-a6-vw-passat\\\/#breadcrumb\",\"itemListElement\":[{\"@type\":\"ListItem\",\"position\":1,\"name\":\"In\u00edcio\",\"item\":\"https:\\\/\\\/www.silentblocks.com\\\/es\\\/\"},{\"@type\":\"ListItem\",\"position\":2,\"name\":\"Page boutique\",\"item\":\"https:\\\/\\\/www.silentblocks.com\\\/es\\\/shop-2\\\/\"},{\"@type\":\"ListItem\",\"position\":3,\"name\":\"Soporte caja de cambios, Audi A4\\\/A6, VW Passat\"}]},{\"@type\":\"WebSite\",\"@id\":\"https:\\\/\\\/www.silentblocks.com\\\/es\\\/#website\",\"url\":\"https:\\\/\\\/www.silentblocks.com\\\/es\\\/\",\"name\":\"SILENTBLOCKS\",\"description\":\"Secure on the road\",\"publisher\":{\"@id\":\"https:\\\/\\\/www.silentblocks.com\\\/es\\\/#organization\"},\"potentialAction\":[{\"@type\":\"SearchAction\",\"target\":{\"@type\":\"EntryPoint\",\"urlTemplate\":\"https:\\\/\\\/www.silentblocks.com\\\/es\\\/?s={search_term_string}\"},\"query-input\":{\"@type\":\"PropertyValueSpecification\",\"valueRequired\":true,\"valueName\":\"search_term_string\"}}],\"inLanguage\":\"es\"},{\"@type\":\"Organization\",\"@id\":\"https:\\\/\\\/www.silentblocks.com\\\/es\\\/#organization\",\"name\":\"SILENTBLOCKS\",\"url\":\"https:\\\/\\\/www.silentblocks.com\\\/es\\\/\",\"logo\":{\"@type\":\"ImageObject\",\"inLanguage\":\"es\",\"@id\":\"https:\\\/\\\/www.silentblocks.com\\\/es\\\/#\\\/schema\\\/logo\\\/image\\\/\",\"url\":\"https:\\\/\\\/www.silentblocks.com\\\/wp-content\\\/uploads\\\/2023\\\/07\\\/logo211-sem-fundo_2012-PARA-BOUTIQUE-EBAY.png\",\"contentUrl\":\"https:\\\/\\\/www.silentblocks.com\\\/wp-content\\\/uploads\\\/2023\\\/07\\\/logo211-sem-fundo_2012-PARA-BOUTIQUE-EBAY.png\",\"width\":300,\"height\":190,\"caption\":\"SILENTBLOCKS\"},\"image\":{\"@id\":\"https:\\\/\\\/www.silentblocks.com\\\/es\\\/#\\\/schema\\\/logo\\\/image\\\/\"}}]}<\/script>\n<!-- \/ Yoast SEO Premium plugin. -->","yoast_head_json":{"title":"Soporte caja de cambios, Audi A4\/A6, VW Passat - SILENT BLOCKS","description":"Soporte de caja de cambios para Audi A4, Audi A6, VW Passat, compatible oem 8D0399151J - 8D0399151P","robots":{"index":"index","follow":"follow","max-snippet":"max-snippet:-1","max-image-preview":"max-image-preview:large","max-video-preview":"max-video-preview:-1"},"canonical":"https:\/\/www.silentblocks.com\/es\/producto\/support-box-audi-a4-a6-vw-passat\/","og_locale":"es_ES","og_type":"article","og_title":"Soporte caja de cambios, Audi A4\/A6, VW Passat","og_description":"Soporte de caja de cambios para Audi A4, Audi A6, VW Passat, compatible oem 8D0399151J - 8D0399151P","og_url":"https:\/\/www.silentblocks.com\/es\/producto\/support-box-audi-a4-a6-vw-passat\/","og_site_name":"SILENT BLOCKS","article_modified_time":"2026-02-17T21:20:09+00:00","og_image":[{"width":800,"height":800,"url":"https:\/\/www.silentblocks.com\/wp-content\/uploads\/2026\/02\/8D0399151J-2.jpg","type":"image\/jpeg"}],"twitter_card":"summary_large_image","schema":{"@context":"https:\/\/schema.org","@graph":[{"@type":"WebPage","@id":"https:\/\/www.silentblocks.com\/es\/producto\/support-box-audi-a4-a6-vw-passat\/","url":"https:\/\/www.silentblocks.com\/es\/producto\/support-box-audi-a4-a6-vw-passat\/","name":"Soporte caja de cambios, Audi A4\/A6, VW Passat - SILENT BLOCKS","isPartOf":{"@id":"https:\/\/www.silentblocks.com\/es\/#website"},"primaryImageOfPage":{"@id":"https:\/\/www.silentblocks.com\/es\/producto\/support-box-audi-a4-a6-vw-passat\/#primaryimage"},"image":{"@id":"https:\/\/www.silentblocks.com\/es\/producto\/support-box-audi-a4-a6-vw-passat\/#primaryimage"},"thumbnailUrl":"https:\/\/www.silentblocks.com\/wp-content\/uploads\/2026\/02\/8D0399151J-2.jpg","datePublished":"2023-04-26T22:56:17+00:00","dateModified":"2026-02-17T21:20:09+00:00","description":"Soporte de caja de cambios para Audi A4, Audi A6, VW Passat, compatible oem 8D0399151J - 8D0399151P","breadcrumb":{"@id":"https:\/\/www.silentblocks.com\/es\/producto\/support-box-audi-a4-a6-vw-passat\/#breadcrumb"},"inLanguage":"es","potentialAction":[{"@type":"ReadAction","target":["https:\/\/www.silentblocks.com\/es\/producto\/support-box-audi-a4-a6-vw-passat\/"]}]},{"@type":"ImageObject","inLanguage":"es","@id":"https:\/\/www.silentblocks.com\/es\/producto\/support-box-audi-a4-a6-vw-passat\/#primaryimage","url":"https:\/\/www.silentblocks.com\/wp-content\/uploads\/2026\/02\/8D0399151J-2.jpg","contentUrl":"https:\/\/www.silentblocks.com\/wp-content\/uploads\/2026\/02\/8D0399151J-2.jpg","width":800,"height":800},{"@type":"BreadcrumbList","@id":"https:\/\/www.silentblocks.com\/es\/producto\/support-box-audi-a4-a6-vw-passat\/#breadcrumb","itemListElement":[{"@type":"ListItem","position":1,"name":"In\u00edcio","item":"https:\/\/www.silentblocks.com\/es\/"},{"@type":"ListItem","position":2,"name":"Page boutique","item":"https:\/\/www.silentblocks.com\/es\/shop-2\/"},{"@type":"ListItem","position":3,"name":"Soporte caja de cambios, Audi A4\/A6, VW Passat"}]},{"@type":"WebSite","@id":"https:\/\/www.silentblocks.com\/es\/#website","url":"https:\/\/www.silentblocks.com\/es\/","name":"SILENTBLOCKS","description":"Secure on the road","publisher":{"@id":"https:\/\/www.silentblocks.com\/es\/#organization"},"potentialAction":[{"@type":"SearchAction","target":{"@type":"EntryPoint","urlTemplate":"https:\/\/www.silentblocks.com\/es\/?s={search_term_string}"},"query-input":{"@type":"PropertyValueSpecification","valueRequired":true,"valueName":"search_term_string"}}],"inLanguage":"es"},{"@type":"Organization","@id":"https:\/\/www.silentblocks.com\/es\/#organization","name":"SILENTBLOCKS","url":"https:\/\/www.silentblocks.com\/es\/","logo":{"@type":"ImageObject","inLanguage":"es","@id":"https:\/\/www.silentblocks.com\/es\/#\/schema\/logo\/image\/","url":"https:\/\/www.silentblocks.com\/wp-content\/uploads\/2023\/07\/logo211-sem-fundo_2012-PARA-BOUTIQUE-EBAY.png","contentUrl":"https:\/\/www.silentblocks.com\/wp-content\/uploads\/2023\/07\/logo211-sem-fundo_2012-PARA-BOUTIQUE-EBAY.png","width":300,"height":190,"caption":"SILENTBLOCKS"},"image":{"@id":"https:\/\/www.silentblocks.com\/es\/#\/schema\/logo\/image\/"}}]}},"_links":{"self":[{"href":"https:\/\/www.silentblocks.com\/es\/wp-json\/wp\/v2\/product\/81997","targetHints":{"allow":["GET"]}}],"collection":[{"href":"https:\/\/www.silentblocks.com\/es\/wp-json\/wp\/v2\/product"}],"about":[{"href":"https:\/\/www.silentblocks.com\/es\/wp-json\/wp\/v2\/types\/product"}],"version-history":[{"count":0,"href":"https:\/\/www.silentblocks.com\/es\/wp-json\/wp\/v2\/product\/81997\/revisions"}],"wp:featuredmedia":[{"embeddable":true,"href":"https:\/\/www.silentblocks.com\/es\/wp-json\/wp\/v2\/media\/121179"}],"wp:attachment":[{"href":"https:\/\/www.silentblocks.com\/es\/wp-json\/wp\/v2\/media?parent=81997"}],"wp:term":[{"taxonomy":"product_brand","embeddable":true,"href":"https:\/\/www.silentblocks.com\/es\/wp-json\/wp\/v2\/product_brand?post=81997"},{"taxonomy":"product_cat","embeddable":true,"href":"https:\/\/www.silentblocks.com\/es\/wp-json\/wp\/v2\/product_cat?post=81997"},{"taxonomy":"product_tag","embeddable":true,"href":"https:\/\/www.silentblocks.com\/es\/wp-json\/wp\/v2\/product_tag?post=81997"}],"curies":[{"name":"wp","href":"https:\/\/api.w.org\/{rel}","templated":true}]}}