{"id":82434,"date":"2023-04-26T22:56:02","date_gmt":"2023-04-26T22:56:02","guid":{"rendered":"https:\/\/www.silentblocks.com\/product\/2-bloques-silenciosos-para-dos-brazos-antes-del-recogido-y-de-la-cabina-elevada\/"},"modified":"2026-02-17T21:21:09","modified_gmt":"2026-02-17T21:21:09","slug":"2-bloques-silenciosos-para-dos-brazos-antes-del-recogido-y-de-la-cabina-elevada","status":"publish","type":"product","link":"https:\/\/www.silentblocks.com\/es\/producto\/2-bloques-silenciosos-para-dos-brazos-antes-del-recogido-y-de-la-cabina-elevada\/","title":{"rendered":"Silentblocks en ambos brazos de suspensi\u00f3n delanteros, Nissan Pick-Up y King Cab"},"content":{"rendered":"<p>2 Bujes para dos brazos delanteros, compatibles con los siguientes veh\u00edculos:<br \/>\nNissan Pick-Up (01.09.1997&gt;)<br \/>\nNissan King Cab D22 (01.02.1998-01.10.2003)<\/p>\n<p>Referencias del fabricante (c\u00f3digo OEM) s\u00f3lo a t\u00edtulo informativo :<br \/>\n54560-2S600, 55045-EB71B<\/p>\n<p>Piezas nuevas, se vende con factura. Todos nuestros productos tienen 2 a\u00f1os de garant\u00eda.<\/p>\n","protected":false},"excerpt":{"rendered":"<p>2 Silentblocs para dos brazos delanteros, Pick-up y King Cab<\/p>\n","protected":false},"featured_media":120765,"template":"","meta":[],"product_brand":[],"product_cat":[2214,3222],"product_tag":[],"class_list":{"0":"post-82434","1":"product","2":"type-product","3":"status-publish","4":"has-post-thumbnail","6":"product_cat-nissan-es","7":"product_cat-pickup-king-cab-d22-es","9":"first","10":"instock","11":"shipping-taxable","12":"purchasable","13":"product-type-simple"},"yoast_head":"<!-- This site is optimized with the Yoast SEO Premium plugin v23.0 (Yoast SEO v27.4) - https:\/\/yoast.com\/product\/yoast-seo-premium-wordpress\/ -->\n<title>Silentblocks en ambos brazos de suspensi\u00f3n delanteros, Nissan Pick-Up y King Cab - SILENT BLOCKS<\/title>\n<meta name=\"description\" content=\"Silentblocks para brazos de suspensi\u00f3n delanteros para Nissan Pick-Up, Nissan King Cab, compatible oem 54560-2S600, 55045-EB71B\" \/>\n<meta name=\"robots\" content=\"index, follow, max-snippet:-1, max-image-preview:large, max-video-preview:-1\" \/>\n<link rel=\"canonical\" href=\"https:\/\/www.silentblocks.com\/es\/producto\/2-bloques-silenciosos-para-dos-brazos-antes-del-recogido-y-de-la-cabina-elevada\/\" \/>\n<meta property=\"og:locale\" content=\"es_ES\" \/>\n<meta property=\"og:type\" content=\"article\" \/>\n<meta property=\"og:title\" content=\"Silentblocks en ambos brazos de suspensi\u00f3n delanteros, Nissan Pick-Up y King Cab\" \/>\n<meta property=\"og:description\" content=\"Silentblocks para brazos de suspensi\u00f3n delanteros para Nissan Pick-Up, Nissan King Cab, compatible oem 54560-2S600, 55045-EB71B\" \/>\n<meta property=\"og:url\" content=\"https:\/\/www.silentblocks.com\/es\/producto\/2-bloques-silenciosos-para-dos-brazos-antes-del-recogido-y-de-la-cabina-elevada\/\" \/>\n<meta property=\"og:site_name\" content=\"SILENT BLOCKS\" \/>\n<meta property=\"article:modified_time\" content=\"2026-02-17T21:21:09+00:00\" \/>\n<meta property=\"og:image\" content=\"https:\/\/www.silentblocks.com\/wp-content\/uploads\/2026\/02\/silentbloc-bras-avant-nissan-pickup-D22-2.jpg\" \/>\n\t<meta property=\"og:image:width\" content=\"800\" \/>\n\t<meta property=\"og:image:height\" content=\"800\" \/>\n\t<meta property=\"og:image:type\" content=\"image\/jpeg\" \/>\n<meta name=\"twitter:card\" content=\"summary_large_image\" \/>\n<script type=\"application\/ld+json\" class=\"yoast-schema-graph\">{\"@context\":\"https:\\\/\\\/schema.org\",\"@graph\":[{\"@type\":\"WebPage\",\"@id\":\"https:\\\/\\\/www.silentblocks.com\\\/es\\\/producto\\\/2-bloques-silenciosos-para-dos-brazos-antes-del-recogido-y-de-la-cabina-elevada\\\/\",\"url\":\"https:\\\/\\\/www.silentblocks.com\\\/es\\\/producto\\\/2-bloques-silenciosos-para-dos-brazos-antes-del-recogido-y-de-la-cabina-elevada\\\/\",\"name\":\"Silentblocks en ambos brazos de suspensi\u00f3n delanteros, Nissan Pick-Up y King Cab - SILENT BLOCKS\",\"isPartOf\":{\"@id\":\"https:\\\/\\\/www.silentblocks.com\\\/es\\\/#website\"},\"primaryImageOfPage\":{\"@id\":\"https:\\\/\\\/www.silentblocks.com\\\/es\\\/producto\\\/2-bloques-silenciosos-para-dos-brazos-antes-del-recogido-y-de-la-cabina-elevada\\\/#primaryimage\"},\"image\":{\"@id\":\"https:\\\/\\\/www.silentblocks.com\\\/es\\\/producto\\\/2-bloques-silenciosos-para-dos-brazos-antes-del-recogido-y-de-la-cabina-elevada\\\/#primaryimage\"},\"thumbnailUrl\":\"https:\\\/\\\/www.silentblocks.com\\\/wp-content\\\/uploads\\\/2026\\\/02\\\/silentbloc-bras-avant-nissan-pickup-D22-2.jpg\",\"datePublished\":\"2023-04-26T22:56:02+00:00\",\"dateModified\":\"2026-02-17T21:21:09+00:00\",\"description\":\"Silentblocks para brazos de suspensi\u00f3n delanteros para Nissan Pick-Up, Nissan King Cab, compatible oem 54560-2S600, 55045-EB71B\",\"breadcrumb\":{\"@id\":\"https:\\\/\\\/www.silentblocks.com\\\/es\\\/producto\\\/2-bloques-silenciosos-para-dos-brazos-antes-del-recogido-y-de-la-cabina-elevada\\\/#breadcrumb\"},\"inLanguage\":\"es\",\"potentialAction\":[{\"@type\":\"ReadAction\",\"target\":[\"https:\\\/\\\/www.silentblocks.com\\\/es\\\/producto\\\/2-bloques-silenciosos-para-dos-brazos-antes-del-recogido-y-de-la-cabina-elevada\\\/\"]}]},{\"@type\":\"ImageObject\",\"inLanguage\":\"es\",\"@id\":\"https:\\\/\\\/www.silentblocks.com\\\/es\\\/producto\\\/2-bloques-silenciosos-para-dos-brazos-antes-del-recogido-y-de-la-cabina-elevada\\\/#primaryimage\",\"url\":\"https:\\\/\\\/www.silentblocks.com\\\/wp-content\\\/uploads\\\/2026\\\/02\\\/silentbloc-bras-avant-nissan-pickup-D22-2.jpg\",\"contentUrl\":\"https:\\\/\\\/www.silentblocks.com\\\/wp-content\\\/uploads\\\/2026\\\/02\\\/silentbloc-bras-avant-nissan-pickup-D22-2.jpg\",\"width\":800,\"height\":800},{\"@type\":\"BreadcrumbList\",\"@id\":\"https:\\\/\\\/www.silentblocks.com\\\/es\\\/producto\\\/2-bloques-silenciosos-para-dos-brazos-antes-del-recogido-y-de-la-cabina-elevada\\\/#breadcrumb\",\"itemListElement\":[{\"@type\":\"ListItem\",\"position\":1,\"name\":\"In\u00edcio\",\"item\":\"https:\\\/\\\/www.silentblocks.com\\\/es\\\/\"},{\"@type\":\"ListItem\",\"position\":2,\"name\":\"Page boutique\",\"item\":\"https:\\\/\\\/www.silentblocks.com\\\/es\\\/shop-2\\\/\"},{\"@type\":\"ListItem\",\"position\":3,\"name\":\"Silentblocks en ambos brazos de suspensi\u00f3n delanteros, Nissan Pick-Up y King Cab\"}]},{\"@type\":\"WebSite\",\"@id\":\"https:\\\/\\\/www.silentblocks.com\\\/es\\\/#website\",\"url\":\"https:\\\/\\\/www.silentblocks.com\\\/es\\\/\",\"name\":\"SILENTBLOCKS\",\"description\":\"Secure on the road\",\"publisher\":{\"@id\":\"https:\\\/\\\/www.silentblocks.com\\\/es\\\/#organization\"},\"potentialAction\":[{\"@type\":\"SearchAction\",\"target\":{\"@type\":\"EntryPoint\",\"urlTemplate\":\"https:\\\/\\\/www.silentblocks.com\\\/es\\\/?s={search_term_string}\"},\"query-input\":{\"@type\":\"PropertyValueSpecification\",\"valueRequired\":true,\"valueName\":\"search_term_string\"}}],\"inLanguage\":\"es\"},{\"@type\":\"Organization\",\"@id\":\"https:\\\/\\\/www.silentblocks.com\\\/es\\\/#organization\",\"name\":\"SILENTBLOCKS\",\"url\":\"https:\\\/\\\/www.silentblocks.com\\\/es\\\/\",\"logo\":{\"@type\":\"ImageObject\",\"inLanguage\":\"es\",\"@id\":\"https:\\\/\\\/www.silentblocks.com\\\/es\\\/#\\\/schema\\\/logo\\\/image\\\/\",\"url\":\"https:\\\/\\\/www.silentblocks.com\\\/wp-content\\\/uploads\\\/2023\\\/07\\\/logo211-sem-fundo_2012-PARA-BOUTIQUE-EBAY.png\",\"contentUrl\":\"https:\\\/\\\/www.silentblocks.com\\\/wp-content\\\/uploads\\\/2023\\\/07\\\/logo211-sem-fundo_2012-PARA-BOUTIQUE-EBAY.png\",\"width\":300,\"height\":190,\"caption\":\"SILENTBLOCKS\"},\"image\":{\"@id\":\"https:\\\/\\\/www.silentblocks.com\\\/es\\\/#\\\/schema\\\/logo\\\/image\\\/\"}}]}<\/script>\n<!-- \/ Yoast SEO Premium plugin. -->","yoast_head_json":{"title":"Silentblocks en ambos brazos de suspensi\u00f3n delanteros, Nissan Pick-Up y King Cab - SILENT BLOCKS","description":"Silentblocks para brazos de suspensi\u00f3n delanteros para Nissan Pick-Up, Nissan King Cab, compatible oem 54560-2S600, 55045-EB71B","robots":{"index":"index","follow":"follow","max-snippet":"max-snippet:-1","max-image-preview":"max-image-preview:large","max-video-preview":"max-video-preview:-1"},"canonical":"https:\/\/www.silentblocks.com\/es\/producto\/2-bloques-silenciosos-para-dos-brazos-antes-del-recogido-y-de-la-cabina-elevada\/","og_locale":"es_ES","og_type":"article","og_title":"Silentblocks en ambos brazos de suspensi\u00f3n delanteros, Nissan Pick-Up y King Cab","og_description":"Silentblocks para brazos de suspensi\u00f3n delanteros para Nissan Pick-Up, Nissan King Cab, compatible oem 54560-2S600, 55045-EB71B","og_url":"https:\/\/www.silentblocks.com\/es\/producto\/2-bloques-silenciosos-para-dos-brazos-antes-del-recogido-y-de-la-cabina-elevada\/","og_site_name":"SILENT BLOCKS","article_modified_time":"2026-02-17T21:21:09+00:00","og_image":[{"width":800,"height":800,"url":"https:\/\/www.silentblocks.com\/wp-content\/uploads\/2026\/02\/silentbloc-bras-avant-nissan-pickup-D22-2.jpg","type":"image\/jpeg"}],"twitter_card":"summary_large_image","schema":{"@context":"https:\/\/schema.org","@graph":[{"@type":"WebPage","@id":"https:\/\/www.silentblocks.com\/es\/producto\/2-bloques-silenciosos-para-dos-brazos-antes-del-recogido-y-de-la-cabina-elevada\/","url":"https:\/\/www.silentblocks.com\/es\/producto\/2-bloques-silenciosos-para-dos-brazos-antes-del-recogido-y-de-la-cabina-elevada\/","name":"Silentblocks en ambos brazos de suspensi\u00f3n delanteros, Nissan Pick-Up y King Cab - SILENT BLOCKS","isPartOf":{"@id":"https:\/\/www.silentblocks.com\/es\/#website"},"primaryImageOfPage":{"@id":"https:\/\/www.silentblocks.com\/es\/producto\/2-bloques-silenciosos-para-dos-brazos-antes-del-recogido-y-de-la-cabina-elevada\/#primaryimage"},"image":{"@id":"https:\/\/www.silentblocks.com\/es\/producto\/2-bloques-silenciosos-para-dos-brazos-antes-del-recogido-y-de-la-cabina-elevada\/#primaryimage"},"thumbnailUrl":"https:\/\/www.silentblocks.com\/wp-content\/uploads\/2026\/02\/silentbloc-bras-avant-nissan-pickup-D22-2.jpg","datePublished":"2023-04-26T22:56:02+00:00","dateModified":"2026-02-17T21:21:09+00:00","description":"Silentblocks para brazos de suspensi\u00f3n delanteros para Nissan Pick-Up, Nissan King Cab, compatible oem 54560-2S600, 55045-EB71B","breadcrumb":{"@id":"https:\/\/www.silentblocks.com\/es\/producto\/2-bloques-silenciosos-para-dos-brazos-antes-del-recogido-y-de-la-cabina-elevada\/#breadcrumb"},"inLanguage":"es","potentialAction":[{"@type":"ReadAction","target":["https:\/\/www.silentblocks.com\/es\/producto\/2-bloques-silenciosos-para-dos-brazos-antes-del-recogido-y-de-la-cabina-elevada\/"]}]},{"@type":"ImageObject","inLanguage":"es","@id":"https:\/\/www.silentblocks.com\/es\/producto\/2-bloques-silenciosos-para-dos-brazos-antes-del-recogido-y-de-la-cabina-elevada\/#primaryimage","url":"https:\/\/www.silentblocks.com\/wp-content\/uploads\/2026\/02\/silentbloc-bras-avant-nissan-pickup-D22-2.jpg","contentUrl":"https:\/\/www.silentblocks.com\/wp-content\/uploads\/2026\/02\/silentbloc-bras-avant-nissan-pickup-D22-2.jpg","width":800,"height":800},{"@type":"BreadcrumbList","@id":"https:\/\/www.silentblocks.com\/es\/producto\/2-bloques-silenciosos-para-dos-brazos-antes-del-recogido-y-de-la-cabina-elevada\/#breadcrumb","itemListElement":[{"@type":"ListItem","position":1,"name":"In\u00edcio","item":"https:\/\/www.silentblocks.com\/es\/"},{"@type":"ListItem","position":2,"name":"Page boutique","item":"https:\/\/www.silentblocks.com\/es\/shop-2\/"},{"@type":"ListItem","position":3,"name":"Silentblocks en ambos brazos de suspensi\u00f3n delanteros, Nissan Pick-Up y King Cab"}]},{"@type":"WebSite","@id":"https:\/\/www.silentblocks.com\/es\/#website","url":"https:\/\/www.silentblocks.com\/es\/","name":"SILENTBLOCKS","description":"Secure on the road","publisher":{"@id":"https:\/\/www.silentblocks.com\/es\/#organization"},"potentialAction":[{"@type":"SearchAction","target":{"@type":"EntryPoint","urlTemplate":"https:\/\/www.silentblocks.com\/es\/?s={search_term_string}"},"query-input":{"@type":"PropertyValueSpecification","valueRequired":true,"valueName":"search_term_string"}}],"inLanguage":"es"},{"@type":"Organization","@id":"https:\/\/www.silentblocks.com\/es\/#organization","name":"SILENTBLOCKS","url":"https:\/\/www.silentblocks.com\/es\/","logo":{"@type":"ImageObject","inLanguage":"es","@id":"https:\/\/www.silentblocks.com\/es\/#\/schema\/logo\/image\/","url":"https:\/\/www.silentblocks.com\/wp-content\/uploads\/2023\/07\/logo211-sem-fundo_2012-PARA-BOUTIQUE-EBAY.png","contentUrl":"https:\/\/www.silentblocks.com\/wp-content\/uploads\/2023\/07\/logo211-sem-fundo_2012-PARA-BOUTIQUE-EBAY.png","width":300,"height":190,"caption":"SILENTBLOCKS"},"image":{"@id":"https:\/\/www.silentblocks.com\/es\/#\/schema\/logo\/image\/"}}]}},"_links":{"self":[{"href":"https:\/\/www.silentblocks.com\/es\/wp-json\/wp\/v2\/product\/82434","targetHints":{"allow":["GET"]}}],"collection":[{"href":"https:\/\/www.silentblocks.com\/es\/wp-json\/wp\/v2\/product"}],"about":[{"href":"https:\/\/www.silentblocks.com\/es\/wp-json\/wp\/v2\/types\/product"}],"version-history":[{"count":0,"href":"https:\/\/www.silentblocks.com\/es\/wp-json\/wp\/v2\/product\/82434\/revisions"}],"wp:featuredmedia":[{"embeddable":true,"href":"https:\/\/www.silentblocks.com\/es\/wp-json\/wp\/v2\/media\/120765"}],"wp:attachment":[{"href":"https:\/\/www.silentblocks.com\/es\/wp-json\/wp\/v2\/media?parent=82434"}],"wp:term":[{"taxonomy":"product_brand","embeddable":true,"href":"https:\/\/www.silentblocks.com\/es\/wp-json\/wp\/v2\/product_brand?post=82434"},{"taxonomy":"product_cat","embeddable":true,"href":"https:\/\/www.silentblocks.com\/es\/wp-json\/wp\/v2\/product_cat?post=82434"},{"taxonomy":"product_tag","embeddable":true,"href":"https:\/\/www.silentblocks.com\/es\/wp-json\/wp\/v2\/product_tag?post=82434"}],"curies":[{"name":"wp","href":"https:\/\/api.w.org\/{rel}","templated":true}]}}