{"id":82813,"date":"2023-04-26T22:55:24","date_gmt":"2023-04-26T22:55:24","guid":{"rendered":"https:\/\/www.silentblocks.com\/product\/silentbloc-arm-arriere-hyundai-santa-fe\/"},"modified":"2026-02-17T21:22:13","modified_gmt":"2026-02-17T21:22:13","slug":"silentbloc-arm-arriere-hyundai-santa-fe","status":"publish","type":"product","link":"https:\/\/www.silentblocks.com\/es\/producto\/silentbloc-arm-arriere-hyundai-santa-fe\/","title":{"rendered":"Silentblocks en brazos traseros, Hyundai Santa Fe"},"content":{"rendered":"<p>2 Silentblocks para dos brazos de suspensi\u00f3n traseros, compatibles con los siguientes veh\u00edculos:<br \/>\nHyundai Santa Fe (01.11.2000-31.03.2006)<br \/>\nModelo: SM<\/p>\n<p>DI:16mm, DE:70mm, L:40,5\/64mm<\/p>\n<p>Referencias del fabricante (c\u00f3digo OEM) s\u00f3lo a t\u00edtulo informativo :<br \/>\n55118-26000, 5511826000, 5510026000, 55100-26000<\/p>\n<p>Piezas nuevas, se vende con factura. Todos nuestros productos tienen 2 a\u00f1os de garant\u00eda.<\/p>\n","protected":false},"excerpt":{"rendered":"<p>2 Silentblocks brazo trasero para Hyundai Santa Fe<\/p>\n","protected":false},"featured_media":120165,"template":"","meta":[],"product_brand":[],"product_cat":[2175,2806],"product_tag":[],"class_list":{"0":"post-82813","1":"product","2":"type-product","3":"status-publish","4":"has-post-thumbnail","6":"product_cat-hyundai-es","7":"product_cat-santa-fe-es","9":"first","10":"instock","11":"shipping-taxable","12":"purchasable","13":"product-type-simple"},"yoast_head":"<!-- This site is optimized with the Yoast SEO Premium plugin v23.0 (Yoast SEO v27.4) - https:\/\/yoast.com\/product\/yoast-seo-premium-wordpress\/ -->\n<title>Silentblocks en brazos traseros, Hyundai Santa Fe - SILENT BLOCKS<\/title>\n<meta name=\"description\" content=\"Silentblocks para brazos oscilantes traseros para Hyundai Santa Fe, compatible oem 55118-26000, 5511826000, 5510026000, 55100-26000\" \/>\n<meta name=\"robots\" content=\"index, follow, max-snippet:-1, max-image-preview:large, max-video-preview:-1\" \/>\n<link rel=\"canonical\" href=\"https:\/\/www.silentblocks.com\/es\/producto\/silentbloc-arm-arriere-hyundai-santa-fe\/\" \/>\n<meta property=\"og:locale\" content=\"es_ES\" \/>\n<meta property=\"og:type\" content=\"article\" \/>\n<meta property=\"og:title\" content=\"Silentblocks en brazos traseros, Hyundai Santa Fe\" \/>\n<meta property=\"og:description\" content=\"Silentblocks para brazos oscilantes traseros para Hyundai Santa Fe, compatible oem 55118-26000, 5511826000, 5510026000, 55100-26000\" \/>\n<meta property=\"og:url\" content=\"https:\/\/www.silentblocks.com\/es\/producto\/silentbloc-arm-arriere-hyundai-santa-fe\/\" \/>\n<meta property=\"og:site_name\" content=\"SILENT BLOCKS\" \/>\n<meta property=\"article:modified_time\" content=\"2026-02-17T21:22:13+00:00\" \/>\n<meta property=\"og:image\" content=\"https:\/\/www.silentblocks.com\/wp-content\/uploads\/2026\/02\/silentblocs-bras-arriere-hyundai-santa-fe-55225\u00ad26500-2.jpg\" \/>\n\t<meta property=\"og:image:width\" content=\"800\" \/>\n\t<meta property=\"og:image:height\" content=\"800\" \/>\n\t<meta property=\"og:image:type\" content=\"image\/jpeg\" \/>\n<meta name=\"twitter:card\" content=\"summary_large_image\" \/>\n<script type=\"application\/ld+json\" class=\"yoast-schema-graph\">{\"@context\":\"https:\\\/\\\/schema.org\",\"@graph\":[{\"@type\":\"WebPage\",\"@id\":\"https:\\\/\\\/www.silentblocks.com\\\/es\\\/producto\\\/silentbloc-arm-arriere-hyundai-santa-fe\\\/\",\"url\":\"https:\\\/\\\/www.silentblocks.com\\\/es\\\/producto\\\/silentbloc-arm-arriere-hyundai-santa-fe\\\/\",\"name\":\"Silentblocks en brazos traseros, Hyundai Santa Fe - SILENT BLOCKS\",\"isPartOf\":{\"@id\":\"https:\\\/\\\/www.silentblocks.com\\\/es\\\/#website\"},\"primaryImageOfPage\":{\"@id\":\"https:\\\/\\\/www.silentblocks.com\\\/es\\\/producto\\\/silentbloc-arm-arriere-hyundai-santa-fe\\\/#primaryimage\"},\"image\":{\"@id\":\"https:\\\/\\\/www.silentblocks.com\\\/es\\\/producto\\\/silentbloc-arm-arriere-hyundai-santa-fe\\\/#primaryimage\"},\"thumbnailUrl\":\"https:\\\/\\\/www.silentblocks.com\\\/wp-content\\\/uploads\\\/2026\\\/02\\\/silentblocs-bras-arriere-hyundai-santa-fe-55225\u00ad26500-2.jpg\",\"datePublished\":\"2023-04-26T22:55:24+00:00\",\"dateModified\":\"2026-02-17T21:22:13+00:00\",\"description\":\"Silentblocks para brazos oscilantes traseros para Hyundai Santa Fe, compatible oem 55118-26000, 5511826000, 5510026000, 55100-26000\",\"breadcrumb\":{\"@id\":\"https:\\\/\\\/www.silentblocks.com\\\/es\\\/producto\\\/silentbloc-arm-arriere-hyundai-santa-fe\\\/#breadcrumb\"},\"inLanguage\":\"es\",\"potentialAction\":[{\"@type\":\"ReadAction\",\"target\":[\"https:\\\/\\\/www.silentblocks.com\\\/es\\\/producto\\\/silentbloc-arm-arriere-hyundai-santa-fe\\\/\"]}]},{\"@type\":\"ImageObject\",\"inLanguage\":\"es\",\"@id\":\"https:\\\/\\\/www.silentblocks.com\\\/es\\\/producto\\\/silentbloc-arm-arriere-hyundai-santa-fe\\\/#primaryimage\",\"url\":\"https:\\\/\\\/www.silentblocks.com\\\/wp-content\\\/uploads\\\/2026\\\/02\\\/silentblocs-bras-arriere-hyundai-santa-fe-55225\u00ad26500-2.jpg\",\"contentUrl\":\"https:\\\/\\\/www.silentblocks.com\\\/wp-content\\\/uploads\\\/2026\\\/02\\\/silentblocs-bras-arriere-hyundai-santa-fe-55225\u00ad26500-2.jpg\",\"width\":800,\"height\":800},{\"@type\":\"BreadcrumbList\",\"@id\":\"https:\\\/\\\/www.silentblocks.com\\\/es\\\/producto\\\/silentbloc-arm-arriere-hyundai-santa-fe\\\/#breadcrumb\",\"itemListElement\":[{\"@type\":\"ListItem\",\"position\":1,\"name\":\"In\u00edcio\",\"item\":\"https:\\\/\\\/www.silentblocks.com\\\/es\\\/\"},{\"@type\":\"ListItem\",\"position\":2,\"name\":\"Page boutique\",\"item\":\"https:\\\/\\\/www.silentblocks.com\\\/es\\\/shop-2\\\/\"},{\"@type\":\"ListItem\",\"position\":3,\"name\":\"Silentblocks en brazos traseros, Hyundai Santa Fe\"}]},{\"@type\":\"WebSite\",\"@id\":\"https:\\\/\\\/www.silentblocks.com\\\/es\\\/#website\",\"url\":\"https:\\\/\\\/www.silentblocks.com\\\/es\\\/\",\"name\":\"SILENTBLOCKS\",\"description\":\"Secure on the road\",\"publisher\":{\"@id\":\"https:\\\/\\\/www.silentblocks.com\\\/es\\\/#organization\"},\"potentialAction\":[{\"@type\":\"SearchAction\",\"target\":{\"@type\":\"EntryPoint\",\"urlTemplate\":\"https:\\\/\\\/www.silentblocks.com\\\/es\\\/?s={search_term_string}\"},\"query-input\":{\"@type\":\"PropertyValueSpecification\",\"valueRequired\":true,\"valueName\":\"search_term_string\"}}],\"inLanguage\":\"es\"},{\"@type\":\"Organization\",\"@id\":\"https:\\\/\\\/www.silentblocks.com\\\/es\\\/#organization\",\"name\":\"SILENTBLOCKS\",\"url\":\"https:\\\/\\\/www.silentblocks.com\\\/es\\\/\",\"logo\":{\"@type\":\"ImageObject\",\"inLanguage\":\"es\",\"@id\":\"https:\\\/\\\/www.silentblocks.com\\\/es\\\/#\\\/schema\\\/logo\\\/image\\\/\",\"url\":\"https:\\\/\\\/www.silentblocks.com\\\/wp-content\\\/uploads\\\/2023\\\/07\\\/logo211-sem-fundo_2012-PARA-BOUTIQUE-EBAY.png\",\"contentUrl\":\"https:\\\/\\\/www.silentblocks.com\\\/wp-content\\\/uploads\\\/2023\\\/07\\\/logo211-sem-fundo_2012-PARA-BOUTIQUE-EBAY.png\",\"width\":300,\"height\":190,\"caption\":\"SILENTBLOCKS\"},\"image\":{\"@id\":\"https:\\\/\\\/www.silentblocks.com\\\/es\\\/#\\\/schema\\\/logo\\\/image\\\/\"}}]}<\/script>\n<!-- \/ Yoast SEO Premium plugin. -->","yoast_head_json":{"title":"Silentblocks en brazos traseros, Hyundai Santa Fe - SILENT BLOCKS","description":"Silentblocks para brazos oscilantes traseros para Hyundai Santa Fe, compatible oem 55118-26000, 5511826000, 5510026000, 55100-26000","robots":{"index":"index","follow":"follow","max-snippet":"max-snippet:-1","max-image-preview":"max-image-preview:large","max-video-preview":"max-video-preview:-1"},"canonical":"https:\/\/www.silentblocks.com\/es\/producto\/silentbloc-arm-arriere-hyundai-santa-fe\/","og_locale":"es_ES","og_type":"article","og_title":"Silentblocks en brazos traseros, Hyundai Santa Fe","og_description":"Silentblocks para brazos oscilantes traseros para Hyundai Santa Fe, compatible oem 55118-26000, 5511826000, 5510026000, 55100-26000","og_url":"https:\/\/www.silentblocks.com\/es\/producto\/silentbloc-arm-arriere-hyundai-santa-fe\/","og_site_name":"SILENT BLOCKS","article_modified_time":"2026-02-17T21:22:13+00:00","og_image":[{"width":800,"height":800,"url":"https:\/\/www.silentblocks.com\/wp-content\/uploads\/2026\/02\/silentblocs-bras-arriere-hyundai-santa-fe-55225\u00ad26500-2.jpg","type":"image\/jpeg"}],"twitter_card":"summary_large_image","schema":{"@context":"https:\/\/schema.org","@graph":[{"@type":"WebPage","@id":"https:\/\/www.silentblocks.com\/es\/producto\/silentbloc-arm-arriere-hyundai-santa-fe\/","url":"https:\/\/www.silentblocks.com\/es\/producto\/silentbloc-arm-arriere-hyundai-santa-fe\/","name":"Silentblocks en brazos traseros, Hyundai Santa Fe - SILENT BLOCKS","isPartOf":{"@id":"https:\/\/www.silentblocks.com\/es\/#website"},"primaryImageOfPage":{"@id":"https:\/\/www.silentblocks.com\/es\/producto\/silentbloc-arm-arriere-hyundai-santa-fe\/#primaryimage"},"image":{"@id":"https:\/\/www.silentblocks.com\/es\/producto\/silentbloc-arm-arriere-hyundai-santa-fe\/#primaryimage"},"thumbnailUrl":"https:\/\/www.silentblocks.com\/wp-content\/uploads\/2026\/02\/silentblocs-bras-arriere-hyundai-santa-fe-55225\u00ad26500-2.jpg","datePublished":"2023-04-26T22:55:24+00:00","dateModified":"2026-02-17T21:22:13+00:00","description":"Silentblocks para brazos oscilantes traseros para Hyundai Santa Fe, compatible oem 55118-26000, 5511826000, 5510026000, 55100-26000","breadcrumb":{"@id":"https:\/\/www.silentblocks.com\/es\/producto\/silentbloc-arm-arriere-hyundai-santa-fe\/#breadcrumb"},"inLanguage":"es","potentialAction":[{"@type":"ReadAction","target":["https:\/\/www.silentblocks.com\/es\/producto\/silentbloc-arm-arriere-hyundai-santa-fe\/"]}]},{"@type":"ImageObject","inLanguage":"es","@id":"https:\/\/www.silentblocks.com\/es\/producto\/silentbloc-arm-arriere-hyundai-santa-fe\/#primaryimage","url":"https:\/\/www.silentblocks.com\/wp-content\/uploads\/2026\/02\/silentblocs-bras-arriere-hyundai-santa-fe-55225\u00ad26500-2.jpg","contentUrl":"https:\/\/www.silentblocks.com\/wp-content\/uploads\/2026\/02\/silentblocs-bras-arriere-hyundai-santa-fe-55225\u00ad26500-2.jpg","width":800,"height":800},{"@type":"BreadcrumbList","@id":"https:\/\/www.silentblocks.com\/es\/producto\/silentbloc-arm-arriere-hyundai-santa-fe\/#breadcrumb","itemListElement":[{"@type":"ListItem","position":1,"name":"In\u00edcio","item":"https:\/\/www.silentblocks.com\/es\/"},{"@type":"ListItem","position":2,"name":"Page boutique","item":"https:\/\/www.silentblocks.com\/es\/shop-2\/"},{"@type":"ListItem","position":3,"name":"Silentblocks en brazos traseros, Hyundai Santa Fe"}]},{"@type":"WebSite","@id":"https:\/\/www.silentblocks.com\/es\/#website","url":"https:\/\/www.silentblocks.com\/es\/","name":"SILENTBLOCKS","description":"Secure on the road","publisher":{"@id":"https:\/\/www.silentblocks.com\/es\/#organization"},"potentialAction":[{"@type":"SearchAction","target":{"@type":"EntryPoint","urlTemplate":"https:\/\/www.silentblocks.com\/es\/?s={search_term_string}"},"query-input":{"@type":"PropertyValueSpecification","valueRequired":true,"valueName":"search_term_string"}}],"inLanguage":"es"},{"@type":"Organization","@id":"https:\/\/www.silentblocks.com\/es\/#organization","name":"SILENTBLOCKS","url":"https:\/\/www.silentblocks.com\/es\/","logo":{"@type":"ImageObject","inLanguage":"es","@id":"https:\/\/www.silentblocks.com\/es\/#\/schema\/logo\/image\/","url":"https:\/\/www.silentblocks.com\/wp-content\/uploads\/2023\/07\/logo211-sem-fundo_2012-PARA-BOUTIQUE-EBAY.png","contentUrl":"https:\/\/www.silentblocks.com\/wp-content\/uploads\/2023\/07\/logo211-sem-fundo_2012-PARA-BOUTIQUE-EBAY.png","width":300,"height":190,"caption":"SILENTBLOCKS"},"image":{"@id":"https:\/\/www.silentblocks.com\/es\/#\/schema\/logo\/image\/"}}]}},"_links":{"self":[{"href":"https:\/\/www.silentblocks.com\/es\/wp-json\/wp\/v2\/product\/82813","targetHints":{"allow":["GET"]}}],"collection":[{"href":"https:\/\/www.silentblocks.com\/es\/wp-json\/wp\/v2\/product"}],"about":[{"href":"https:\/\/www.silentblocks.com\/es\/wp-json\/wp\/v2\/types\/product"}],"version-history":[{"count":0,"href":"https:\/\/www.silentblocks.com\/es\/wp-json\/wp\/v2\/product\/82813\/revisions"}],"wp:featuredmedia":[{"embeddable":true,"href":"https:\/\/www.silentblocks.com\/es\/wp-json\/wp\/v2\/media\/120165"}],"wp:attachment":[{"href":"https:\/\/www.silentblocks.com\/es\/wp-json\/wp\/v2\/media?parent=82813"}],"wp:term":[{"taxonomy":"product_brand","embeddable":true,"href":"https:\/\/www.silentblocks.com\/es\/wp-json\/wp\/v2\/product_brand?post=82813"},{"taxonomy":"product_cat","embeddable":true,"href":"https:\/\/www.silentblocks.com\/es\/wp-json\/wp\/v2\/product_cat?post=82813"},{"taxonomy":"product_tag","embeddable":true,"href":"https:\/\/www.silentblocks.com\/es\/wp-json\/wp\/v2\/product_tag?post=82813"}],"curies":[{"name":"wp","href":"https:\/\/api.w.org\/{rel}","templated":true}]}}