{"id":83085,"date":"2023-04-26T22:54:59","date_gmt":"2023-04-26T22:54:59","guid":{"rendered":"https:\/\/www.silentblocks.com\/product\/silentbloc-soporte-motor-derecho-mazda\/"},"modified":"2026-02-17T21:22:51","modified_gmt":"2026-02-17T21:22:51","slug":"silentbloc-soporte-motor-derecho-mazda","status":"publish","type":"product","link":"https:\/\/www.silentblocks.com\/es\/producto\/silentbloc-soporte-motor-derecho-mazda\/","title":{"rendered":"Soporte motor derecho silentblock, Mazda 5, 323, 626, Premacy"},"content":{"rendered":"<p>Silentbloc para el soporte derecho del motor, compatible con los siguientes veh\u00edculos:<br \/>\nMazda 5 (01.02.2005&gt;) 2.0 Diesel<br \/>\nMazda 323 (01.05.1998&gt;) 2.0 Diesel<br \/>\nMazda 626 (01.09.1997&gt;) 2.0 Diesel<br \/>\nMazda Premacy (01.03.1999-01.02.2005) 2.0 Diesel<\/p>\n<p>Di\u00e1metro exterior: 90 mm, Di\u00e1metro interior: 20 mm, L: 55\/50 mm<\/p>\n<p>Referencias del fabricante (c\u00f3digo OEM) s\u00f3lo a t\u00edtulo informativo :<br \/>\nBJ3A-39-06Y, CC31-39-060B, BJ0N3906YE<\/p>\n<p>Piezas nuevas, se vende con factura. Todos nuestros productos tienen 2 a\u00f1os de garant\u00eda.<\/p>\n","protected":false},"excerpt":{"rendered":"<p>Soporte de motor Silentbloc para Mazda 5, 323, 626, Premacy<\/p>\n","protected":false},"featured_media":119693,"template":"","meta":[],"product_brand":[],"product_cat":[2202,3008,2996,3011,3045],"product_tag":[],"class_list":{"0":"post-83085","1":"product","2":"type-product","3":"status-publish","4":"has-post-thumbnail","6":"product_cat-mazda-es","7":"product_cat-323-es","8":"product_cat-5-es","9":"product_cat-626-es","10":"product_cat-premacy-es","12":"first","13":"instock","14":"shipping-taxable","15":"purchasable","16":"product-type-simple"},"yoast_head":"<!-- This site is optimized with the Yoast SEO Premium plugin v23.0 (Yoast SEO v27.4) - https:\/\/yoast.com\/product\/yoast-seo-premium-wordpress\/ -->\n<title>Soporte motor derecho silentblock, Mazda 5, 323, 626, Premacy - SILENT BLOCKS<\/title>\n<meta name=\"description\" content=\"Soporte motor silentblock derecho para Mazda 5, Mazda 323, Mazda 626, Mazda Premacy, oem compatible BJ3A-39-06Y, CC31-39-060B, BJ0N3906YE\" \/>\n<meta name=\"robots\" content=\"index, follow, max-snippet:-1, max-image-preview:large, max-video-preview:-1\" \/>\n<link rel=\"canonical\" href=\"https:\/\/www.silentblocks.com\/es\/producto\/silentbloc-soporte-motor-derecho-mazda\/\" \/>\n<meta property=\"og:locale\" content=\"es_ES\" \/>\n<meta property=\"og:type\" content=\"article\" \/>\n<meta property=\"og:title\" content=\"Soporte motor derecho silentblock, Mazda 5, 323, 626, Premacy\" \/>\n<meta property=\"og:description\" content=\"Soporte motor silentblock derecho para Mazda 5, Mazda 323, Mazda 626, Mazda Premacy, oem compatible BJ3A-39-06Y, CC31-39-060B, BJ0N3906YE\" \/>\n<meta property=\"og:url\" content=\"https:\/\/www.silentblocks.com\/es\/producto\/silentbloc-soporte-motor-derecho-mazda\/\" \/>\n<meta property=\"og:site_name\" content=\"SILENT BLOCKS\" \/>\n<meta property=\"article:modified_time\" content=\"2026-02-17T21:22:51+00:00\" \/>\n<meta property=\"og:image\" content=\"https:\/\/www.silentblocks.com\/wp-content\/uploads\/2026\/02\/BJ0N3906YE-MAZDA-5-626-SUPPORT-MOTEUR-2.jpg\" \/>\n\t<meta property=\"og:image:width\" content=\"800\" \/>\n\t<meta property=\"og:image:height\" content=\"800\" \/>\n\t<meta property=\"og:image:type\" content=\"image\/jpeg\" \/>\n<meta name=\"twitter:card\" content=\"summary_large_image\" \/>\n<script type=\"application\/ld+json\" class=\"yoast-schema-graph\">{\"@context\":\"https:\\\/\\\/schema.org\",\"@graph\":[{\"@type\":\"WebPage\",\"@id\":\"https:\\\/\\\/www.silentblocks.com\\\/es\\\/producto\\\/silentbloc-soporte-motor-derecho-mazda\\\/\",\"url\":\"https:\\\/\\\/www.silentblocks.com\\\/es\\\/producto\\\/silentbloc-soporte-motor-derecho-mazda\\\/\",\"name\":\"Soporte motor derecho silentblock, Mazda 5, 323, 626, Premacy - SILENT BLOCKS\",\"isPartOf\":{\"@id\":\"https:\\\/\\\/www.silentblocks.com\\\/es\\\/#website\"},\"primaryImageOfPage\":{\"@id\":\"https:\\\/\\\/www.silentblocks.com\\\/es\\\/producto\\\/silentbloc-soporte-motor-derecho-mazda\\\/#primaryimage\"},\"image\":{\"@id\":\"https:\\\/\\\/www.silentblocks.com\\\/es\\\/producto\\\/silentbloc-soporte-motor-derecho-mazda\\\/#primaryimage\"},\"thumbnailUrl\":\"https:\\\/\\\/www.silentblocks.com\\\/wp-content\\\/uploads\\\/2026\\\/02\\\/BJ0N3906YE-MAZDA-5-626-SUPPORT-MOTEUR-2.jpg\",\"datePublished\":\"2023-04-26T22:54:59+00:00\",\"dateModified\":\"2026-02-17T21:22:51+00:00\",\"description\":\"Soporte motor silentblock derecho para Mazda 5, Mazda 323, Mazda 626, Mazda Premacy, oem compatible BJ3A-39-06Y, CC31-39-060B, BJ0N3906YE\",\"breadcrumb\":{\"@id\":\"https:\\\/\\\/www.silentblocks.com\\\/es\\\/producto\\\/silentbloc-soporte-motor-derecho-mazda\\\/#breadcrumb\"},\"inLanguage\":\"es\",\"potentialAction\":[{\"@type\":\"ReadAction\",\"target\":[\"https:\\\/\\\/www.silentblocks.com\\\/es\\\/producto\\\/silentbloc-soporte-motor-derecho-mazda\\\/\"]}]},{\"@type\":\"ImageObject\",\"inLanguage\":\"es\",\"@id\":\"https:\\\/\\\/www.silentblocks.com\\\/es\\\/producto\\\/silentbloc-soporte-motor-derecho-mazda\\\/#primaryimage\",\"url\":\"https:\\\/\\\/www.silentblocks.com\\\/wp-content\\\/uploads\\\/2026\\\/02\\\/BJ0N3906YE-MAZDA-5-626-SUPPORT-MOTEUR-2.jpg\",\"contentUrl\":\"https:\\\/\\\/www.silentblocks.com\\\/wp-content\\\/uploads\\\/2026\\\/02\\\/BJ0N3906YE-MAZDA-5-626-SUPPORT-MOTEUR-2.jpg\",\"width\":800,\"height\":800},{\"@type\":\"BreadcrumbList\",\"@id\":\"https:\\\/\\\/www.silentblocks.com\\\/es\\\/producto\\\/silentbloc-soporte-motor-derecho-mazda\\\/#breadcrumb\",\"itemListElement\":[{\"@type\":\"ListItem\",\"position\":1,\"name\":\"In\u00edcio\",\"item\":\"https:\\\/\\\/www.silentblocks.com\\\/es\\\/\"},{\"@type\":\"ListItem\",\"position\":2,\"name\":\"Page boutique\",\"item\":\"https:\\\/\\\/www.silentblocks.com\\\/es\\\/shop-2\\\/\"},{\"@type\":\"ListItem\",\"position\":3,\"name\":\"Soporte motor derecho silentblock, Mazda 5, 323, 626, Premacy\"}]},{\"@type\":\"WebSite\",\"@id\":\"https:\\\/\\\/www.silentblocks.com\\\/es\\\/#website\",\"url\":\"https:\\\/\\\/www.silentblocks.com\\\/es\\\/\",\"name\":\"SILENTBLOCKS\",\"description\":\"Secure on the road\",\"publisher\":{\"@id\":\"https:\\\/\\\/www.silentblocks.com\\\/es\\\/#organization\"},\"potentialAction\":[{\"@type\":\"SearchAction\",\"target\":{\"@type\":\"EntryPoint\",\"urlTemplate\":\"https:\\\/\\\/www.silentblocks.com\\\/es\\\/?s={search_term_string}\"},\"query-input\":{\"@type\":\"PropertyValueSpecification\",\"valueRequired\":true,\"valueName\":\"search_term_string\"}}],\"inLanguage\":\"es\"},{\"@type\":\"Organization\",\"@id\":\"https:\\\/\\\/www.silentblocks.com\\\/es\\\/#organization\",\"name\":\"SILENTBLOCKS\",\"url\":\"https:\\\/\\\/www.silentblocks.com\\\/es\\\/\",\"logo\":{\"@type\":\"ImageObject\",\"inLanguage\":\"es\",\"@id\":\"https:\\\/\\\/www.silentblocks.com\\\/es\\\/#\\\/schema\\\/logo\\\/image\\\/\",\"url\":\"https:\\\/\\\/www.silentblocks.com\\\/wp-content\\\/uploads\\\/2023\\\/07\\\/logo211-sem-fundo_2012-PARA-BOUTIQUE-EBAY.png\",\"contentUrl\":\"https:\\\/\\\/www.silentblocks.com\\\/wp-content\\\/uploads\\\/2023\\\/07\\\/logo211-sem-fundo_2012-PARA-BOUTIQUE-EBAY.png\",\"width\":300,\"height\":190,\"caption\":\"SILENTBLOCKS\"},\"image\":{\"@id\":\"https:\\\/\\\/www.silentblocks.com\\\/es\\\/#\\\/schema\\\/logo\\\/image\\\/\"}}]}<\/script>\n<!-- \/ Yoast SEO Premium plugin. -->","yoast_head_json":{"title":"Soporte motor derecho silentblock, Mazda 5, 323, 626, Premacy - SILENT BLOCKS","description":"Soporte motor silentblock derecho para Mazda 5, Mazda 323, Mazda 626, Mazda Premacy, oem compatible BJ3A-39-06Y, CC31-39-060B, BJ0N3906YE","robots":{"index":"index","follow":"follow","max-snippet":"max-snippet:-1","max-image-preview":"max-image-preview:large","max-video-preview":"max-video-preview:-1"},"canonical":"https:\/\/www.silentblocks.com\/es\/producto\/silentbloc-soporte-motor-derecho-mazda\/","og_locale":"es_ES","og_type":"article","og_title":"Soporte motor derecho silentblock, Mazda 5, 323, 626, Premacy","og_description":"Soporte motor silentblock derecho para Mazda 5, Mazda 323, Mazda 626, Mazda Premacy, oem compatible BJ3A-39-06Y, CC31-39-060B, BJ0N3906YE","og_url":"https:\/\/www.silentblocks.com\/es\/producto\/silentbloc-soporte-motor-derecho-mazda\/","og_site_name":"SILENT BLOCKS","article_modified_time":"2026-02-17T21:22:51+00:00","og_image":[{"width":800,"height":800,"url":"https:\/\/www.silentblocks.com\/wp-content\/uploads\/2026\/02\/BJ0N3906YE-MAZDA-5-626-SUPPORT-MOTEUR-2.jpg","type":"image\/jpeg"}],"twitter_card":"summary_large_image","schema":{"@context":"https:\/\/schema.org","@graph":[{"@type":"WebPage","@id":"https:\/\/www.silentblocks.com\/es\/producto\/silentbloc-soporte-motor-derecho-mazda\/","url":"https:\/\/www.silentblocks.com\/es\/producto\/silentbloc-soporte-motor-derecho-mazda\/","name":"Soporte motor derecho silentblock, Mazda 5, 323, 626, Premacy - SILENT BLOCKS","isPartOf":{"@id":"https:\/\/www.silentblocks.com\/es\/#website"},"primaryImageOfPage":{"@id":"https:\/\/www.silentblocks.com\/es\/producto\/silentbloc-soporte-motor-derecho-mazda\/#primaryimage"},"image":{"@id":"https:\/\/www.silentblocks.com\/es\/producto\/silentbloc-soporte-motor-derecho-mazda\/#primaryimage"},"thumbnailUrl":"https:\/\/www.silentblocks.com\/wp-content\/uploads\/2026\/02\/BJ0N3906YE-MAZDA-5-626-SUPPORT-MOTEUR-2.jpg","datePublished":"2023-04-26T22:54:59+00:00","dateModified":"2026-02-17T21:22:51+00:00","description":"Soporte motor silentblock derecho para Mazda 5, Mazda 323, Mazda 626, Mazda Premacy, oem compatible BJ3A-39-06Y, CC31-39-060B, BJ0N3906YE","breadcrumb":{"@id":"https:\/\/www.silentblocks.com\/es\/producto\/silentbloc-soporte-motor-derecho-mazda\/#breadcrumb"},"inLanguage":"es","potentialAction":[{"@type":"ReadAction","target":["https:\/\/www.silentblocks.com\/es\/producto\/silentbloc-soporte-motor-derecho-mazda\/"]}]},{"@type":"ImageObject","inLanguage":"es","@id":"https:\/\/www.silentblocks.com\/es\/producto\/silentbloc-soporte-motor-derecho-mazda\/#primaryimage","url":"https:\/\/www.silentblocks.com\/wp-content\/uploads\/2026\/02\/BJ0N3906YE-MAZDA-5-626-SUPPORT-MOTEUR-2.jpg","contentUrl":"https:\/\/www.silentblocks.com\/wp-content\/uploads\/2026\/02\/BJ0N3906YE-MAZDA-5-626-SUPPORT-MOTEUR-2.jpg","width":800,"height":800},{"@type":"BreadcrumbList","@id":"https:\/\/www.silentblocks.com\/es\/producto\/silentbloc-soporte-motor-derecho-mazda\/#breadcrumb","itemListElement":[{"@type":"ListItem","position":1,"name":"In\u00edcio","item":"https:\/\/www.silentblocks.com\/es\/"},{"@type":"ListItem","position":2,"name":"Page boutique","item":"https:\/\/www.silentblocks.com\/es\/shop-2\/"},{"@type":"ListItem","position":3,"name":"Soporte motor derecho silentblock, Mazda 5, 323, 626, Premacy"}]},{"@type":"WebSite","@id":"https:\/\/www.silentblocks.com\/es\/#website","url":"https:\/\/www.silentblocks.com\/es\/","name":"SILENTBLOCKS","description":"Secure on the road","publisher":{"@id":"https:\/\/www.silentblocks.com\/es\/#organization"},"potentialAction":[{"@type":"SearchAction","target":{"@type":"EntryPoint","urlTemplate":"https:\/\/www.silentblocks.com\/es\/?s={search_term_string}"},"query-input":{"@type":"PropertyValueSpecification","valueRequired":true,"valueName":"search_term_string"}}],"inLanguage":"es"},{"@type":"Organization","@id":"https:\/\/www.silentblocks.com\/es\/#organization","name":"SILENTBLOCKS","url":"https:\/\/www.silentblocks.com\/es\/","logo":{"@type":"ImageObject","inLanguage":"es","@id":"https:\/\/www.silentblocks.com\/es\/#\/schema\/logo\/image\/","url":"https:\/\/www.silentblocks.com\/wp-content\/uploads\/2023\/07\/logo211-sem-fundo_2012-PARA-BOUTIQUE-EBAY.png","contentUrl":"https:\/\/www.silentblocks.com\/wp-content\/uploads\/2023\/07\/logo211-sem-fundo_2012-PARA-BOUTIQUE-EBAY.png","width":300,"height":190,"caption":"SILENTBLOCKS"},"image":{"@id":"https:\/\/www.silentblocks.com\/es\/#\/schema\/logo\/image\/"}}]}},"_links":{"self":[{"href":"https:\/\/www.silentblocks.com\/es\/wp-json\/wp\/v2\/product\/83085","targetHints":{"allow":["GET"]}}],"collection":[{"href":"https:\/\/www.silentblocks.com\/es\/wp-json\/wp\/v2\/product"}],"about":[{"href":"https:\/\/www.silentblocks.com\/es\/wp-json\/wp\/v2\/types\/product"}],"version-history":[{"count":0,"href":"https:\/\/www.silentblocks.com\/es\/wp-json\/wp\/v2\/product\/83085\/revisions"}],"wp:featuredmedia":[{"embeddable":true,"href":"https:\/\/www.silentblocks.com\/es\/wp-json\/wp\/v2\/media\/119693"}],"wp:attachment":[{"href":"https:\/\/www.silentblocks.com\/es\/wp-json\/wp\/v2\/media?parent=83085"}],"wp:term":[{"taxonomy":"product_brand","embeddable":true,"href":"https:\/\/www.silentblocks.com\/es\/wp-json\/wp\/v2\/product_brand?post=83085"},{"taxonomy":"product_cat","embeddable":true,"href":"https:\/\/www.silentblocks.com\/es\/wp-json\/wp\/v2\/product_cat?post=83085"},{"taxonomy":"product_tag","embeddable":true,"href":"https:\/\/www.silentblocks.com\/es\/wp-json\/wp\/v2\/product_tag?post=83085"}],"curies":[{"name":"wp","href":"https:\/\/api.w.org\/{rel}","templated":true}]}}