{"id":83110,"date":"2023-04-26T22:55:00","date_gmt":"2023-04-26T22:55:00","guid":{"rendered":"https:\/\/www.silentblocks.com\/product\/silentbloc-apoyo-motor-antes-de-la-linterna-taza\/"},"modified":"2026-02-17T21:22:57","modified_gmt":"2026-02-17T21:22:57","slug":"silentbloc-apoyo-motor-antes-de-la-linterna-taza","status":"publish","type":"product","link":"https:\/\/www.silentblocks.com\/es\/producto\/silentbloc-apoyo-motor-antes-de-la-linterna-taza\/","title":{"rendered":"Soporte motor delantero silentblock, Hyundai Coupe, Lantra"},"content":{"rendered":"<p>Soporte de motor delantero Silentbloc, compatible con los siguientes veh\u00edculos:<br \/>\nHyundai Coupe (01.06.1996-30.04.2002)<br \/>\nModelo: RD<br \/>\nMotores: 1.6&gt;2.0<br \/>\nHyundai Lantra (01.06.1995-31.10.2000)<br \/>\nModelos: J-2\/J2<br \/>\nMotores: 1.6&gt;2.0<\/p>\n<p>Referencias del fabricante (c\u00f3digo OEM) s\u00f3lo a t\u00edtulo informativo :<br \/>\n21911-28000, 21911-M2110, 21910-M2110<\/p>\n<p>Piezas nuevas, se vende con factura. Todos nuestros productos tienen 2 a\u00f1os de garant\u00eda.<\/p>\n","protected":false},"excerpt":{"rendered":"<p>Silentbloc soporte motor delantero Hyundai Coupe, Lantra<\/p>\n","protected":false},"featured_media":119753,"template":"","meta":[],"product_brand":[],"product_cat":[2175,2774,2801],"product_tag":[],"class_list":{"0":"post-83110","1":"product","2":"type-product","3":"status-publish","4":"has-post-thumbnail","6":"product_cat-hyundai-es","7":"product_cat-coupe-hyundai-es","8":"product_cat-lantra-es","10":"first","11":"instock","12":"shipping-taxable","13":"purchasable","14":"product-type-simple"},"yoast_head":"<!-- This site is optimized with the Yoast SEO Premium plugin v23.0 (Yoast SEO v27.4) - https:\/\/yoast.com\/product\/yoast-seo-premium-wordpress\/ -->\n<title>Soporte motor delantero silentblock, Hyundai Coupe, Lantra - SILENT BLOCKS<\/title>\n<meta name=\"description\" content=\"Soporte motor delantero silentblock para Hyundai Coupe, Hyundai Lantra, oem compatible 21911-28000, 21911-M2110, 21910-M2110\" \/>\n<meta name=\"robots\" content=\"index, follow, max-snippet:-1, max-image-preview:large, max-video-preview:-1\" \/>\n<link rel=\"canonical\" href=\"https:\/\/www.silentblocks.com\/es\/producto\/silentbloc-apoyo-motor-antes-de-la-linterna-taza\/\" \/>\n<meta property=\"og:locale\" content=\"es_ES\" \/>\n<meta property=\"og:type\" content=\"article\" \/>\n<meta property=\"og:title\" content=\"Soporte motor delantero silentblock, Hyundai Coupe, Lantra\" \/>\n<meta property=\"og:description\" content=\"Soporte motor delantero silentblock para Hyundai Coupe, Hyundai Lantra, oem compatible 21911-28000, 21911-M2110, 21910-M2110\" \/>\n<meta property=\"og:url\" content=\"https:\/\/www.silentblocks.com\/es\/producto\/silentbloc-apoyo-motor-antes-de-la-linterna-taza\/\" \/>\n<meta property=\"og:site_name\" content=\"SILENT BLOCKS\" \/>\n<meta property=\"article:modified_time\" content=\"2026-02-17T21:22:57+00:00\" \/>\n<meta property=\"og:image\" content=\"https:\/\/www.silentblocks.com\/wp-content\/uploads\/2026\/02\/silentbloc-support-moteur-avant-hyundai-coupe-lantra-2.jpg\" \/>\n\t<meta property=\"og:image:width\" content=\"800\" \/>\n\t<meta property=\"og:image:height\" content=\"800\" \/>\n\t<meta property=\"og:image:type\" content=\"image\/jpeg\" \/>\n<meta name=\"twitter:card\" content=\"summary_large_image\" \/>\n<script type=\"application\/ld+json\" class=\"yoast-schema-graph\">{\"@context\":\"https:\\\/\\\/schema.org\",\"@graph\":[{\"@type\":\"WebPage\",\"@id\":\"https:\\\/\\\/www.silentblocks.com\\\/es\\\/producto\\\/silentbloc-apoyo-motor-antes-de-la-linterna-taza\\\/\",\"url\":\"https:\\\/\\\/www.silentblocks.com\\\/es\\\/producto\\\/silentbloc-apoyo-motor-antes-de-la-linterna-taza\\\/\",\"name\":\"Soporte motor delantero silentblock, Hyundai Coupe, Lantra - SILENT BLOCKS\",\"isPartOf\":{\"@id\":\"https:\\\/\\\/www.silentblocks.com\\\/es\\\/#website\"},\"primaryImageOfPage\":{\"@id\":\"https:\\\/\\\/www.silentblocks.com\\\/es\\\/producto\\\/silentbloc-apoyo-motor-antes-de-la-linterna-taza\\\/#primaryimage\"},\"image\":{\"@id\":\"https:\\\/\\\/www.silentblocks.com\\\/es\\\/producto\\\/silentbloc-apoyo-motor-antes-de-la-linterna-taza\\\/#primaryimage\"},\"thumbnailUrl\":\"https:\\\/\\\/www.silentblocks.com\\\/wp-content\\\/uploads\\\/2026\\\/02\\\/silentbloc-support-moteur-avant-hyundai-coupe-lantra-2.jpg\",\"datePublished\":\"2023-04-26T22:55:00+00:00\",\"dateModified\":\"2026-02-17T21:22:57+00:00\",\"description\":\"Soporte motor delantero silentblock para Hyundai Coupe, Hyundai Lantra, oem compatible 21911-28000, 21911-M2110, 21910-M2110\",\"breadcrumb\":{\"@id\":\"https:\\\/\\\/www.silentblocks.com\\\/es\\\/producto\\\/silentbloc-apoyo-motor-antes-de-la-linterna-taza\\\/#breadcrumb\"},\"inLanguage\":\"es\",\"potentialAction\":[{\"@type\":\"ReadAction\",\"target\":[\"https:\\\/\\\/www.silentblocks.com\\\/es\\\/producto\\\/silentbloc-apoyo-motor-antes-de-la-linterna-taza\\\/\"]}]},{\"@type\":\"ImageObject\",\"inLanguage\":\"es\",\"@id\":\"https:\\\/\\\/www.silentblocks.com\\\/es\\\/producto\\\/silentbloc-apoyo-motor-antes-de-la-linterna-taza\\\/#primaryimage\",\"url\":\"https:\\\/\\\/www.silentblocks.com\\\/wp-content\\\/uploads\\\/2026\\\/02\\\/silentbloc-support-moteur-avant-hyundai-coupe-lantra-2.jpg\",\"contentUrl\":\"https:\\\/\\\/www.silentblocks.com\\\/wp-content\\\/uploads\\\/2026\\\/02\\\/silentbloc-support-moteur-avant-hyundai-coupe-lantra-2.jpg\",\"width\":800,\"height\":800},{\"@type\":\"BreadcrumbList\",\"@id\":\"https:\\\/\\\/www.silentblocks.com\\\/es\\\/producto\\\/silentbloc-apoyo-motor-antes-de-la-linterna-taza\\\/#breadcrumb\",\"itemListElement\":[{\"@type\":\"ListItem\",\"position\":1,\"name\":\"In\u00edcio\",\"item\":\"https:\\\/\\\/www.silentblocks.com\\\/es\\\/\"},{\"@type\":\"ListItem\",\"position\":2,\"name\":\"Page boutique\",\"item\":\"https:\\\/\\\/www.silentblocks.com\\\/es\\\/shop-2\\\/\"},{\"@type\":\"ListItem\",\"position\":3,\"name\":\"Soporte motor delantero silentblock, Hyundai Coupe, Lantra\"}]},{\"@type\":\"WebSite\",\"@id\":\"https:\\\/\\\/www.silentblocks.com\\\/es\\\/#website\",\"url\":\"https:\\\/\\\/www.silentblocks.com\\\/es\\\/\",\"name\":\"SILENTBLOCKS\",\"description\":\"Secure on the road\",\"publisher\":{\"@id\":\"https:\\\/\\\/www.silentblocks.com\\\/es\\\/#organization\"},\"potentialAction\":[{\"@type\":\"SearchAction\",\"target\":{\"@type\":\"EntryPoint\",\"urlTemplate\":\"https:\\\/\\\/www.silentblocks.com\\\/es\\\/?s={search_term_string}\"},\"query-input\":{\"@type\":\"PropertyValueSpecification\",\"valueRequired\":true,\"valueName\":\"search_term_string\"}}],\"inLanguage\":\"es\"},{\"@type\":\"Organization\",\"@id\":\"https:\\\/\\\/www.silentblocks.com\\\/es\\\/#organization\",\"name\":\"SILENTBLOCKS\",\"url\":\"https:\\\/\\\/www.silentblocks.com\\\/es\\\/\",\"logo\":{\"@type\":\"ImageObject\",\"inLanguage\":\"es\",\"@id\":\"https:\\\/\\\/www.silentblocks.com\\\/es\\\/#\\\/schema\\\/logo\\\/image\\\/\",\"url\":\"https:\\\/\\\/www.silentblocks.com\\\/wp-content\\\/uploads\\\/2023\\\/07\\\/logo211-sem-fundo_2012-PARA-BOUTIQUE-EBAY.png\",\"contentUrl\":\"https:\\\/\\\/www.silentblocks.com\\\/wp-content\\\/uploads\\\/2023\\\/07\\\/logo211-sem-fundo_2012-PARA-BOUTIQUE-EBAY.png\",\"width\":300,\"height\":190,\"caption\":\"SILENTBLOCKS\"},\"image\":{\"@id\":\"https:\\\/\\\/www.silentblocks.com\\\/es\\\/#\\\/schema\\\/logo\\\/image\\\/\"}}]}<\/script>\n<!-- \/ Yoast SEO Premium plugin. -->","yoast_head_json":{"title":"Soporte motor delantero silentblock, Hyundai Coupe, Lantra - SILENT BLOCKS","description":"Soporte motor delantero silentblock para Hyundai Coupe, Hyundai Lantra, oem compatible 21911-28000, 21911-M2110, 21910-M2110","robots":{"index":"index","follow":"follow","max-snippet":"max-snippet:-1","max-image-preview":"max-image-preview:large","max-video-preview":"max-video-preview:-1"},"canonical":"https:\/\/www.silentblocks.com\/es\/producto\/silentbloc-apoyo-motor-antes-de-la-linterna-taza\/","og_locale":"es_ES","og_type":"article","og_title":"Soporte motor delantero silentblock, Hyundai Coupe, Lantra","og_description":"Soporte motor delantero silentblock para Hyundai Coupe, Hyundai Lantra, oem compatible 21911-28000, 21911-M2110, 21910-M2110","og_url":"https:\/\/www.silentblocks.com\/es\/producto\/silentbloc-apoyo-motor-antes-de-la-linterna-taza\/","og_site_name":"SILENT BLOCKS","article_modified_time":"2026-02-17T21:22:57+00:00","og_image":[{"width":800,"height":800,"url":"https:\/\/www.silentblocks.com\/wp-content\/uploads\/2026\/02\/silentbloc-support-moteur-avant-hyundai-coupe-lantra-2.jpg","type":"image\/jpeg"}],"twitter_card":"summary_large_image","schema":{"@context":"https:\/\/schema.org","@graph":[{"@type":"WebPage","@id":"https:\/\/www.silentblocks.com\/es\/producto\/silentbloc-apoyo-motor-antes-de-la-linterna-taza\/","url":"https:\/\/www.silentblocks.com\/es\/producto\/silentbloc-apoyo-motor-antes-de-la-linterna-taza\/","name":"Soporte motor delantero silentblock, Hyundai Coupe, Lantra - SILENT BLOCKS","isPartOf":{"@id":"https:\/\/www.silentblocks.com\/es\/#website"},"primaryImageOfPage":{"@id":"https:\/\/www.silentblocks.com\/es\/producto\/silentbloc-apoyo-motor-antes-de-la-linterna-taza\/#primaryimage"},"image":{"@id":"https:\/\/www.silentblocks.com\/es\/producto\/silentbloc-apoyo-motor-antes-de-la-linterna-taza\/#primaryimage"},"thumbnailUrl":"https:\/\/www.silentblocks.com\/wp-content\/uploads\/2026\/02\/silentbloc-support-moteur-avant-hyundai-coupe-lantra-2.jpg","datePublished":"2023-04-26T22:55:00+00:00","dateModified":"2026-02-17T21:22:57+00:00","description":"Soporte motor delantero silentblock para Hyundai Coupe, Hyundai Lantra, oem compatible 21911-28000, 21911-M2110, 21910-M2110","breadcrumb":{"@id":"https:\/\/www.silentblocks.com\/es\/producto\/silentbloc-apoyo-motor-antes-de-la-linterna-taza\/#breadcrumb"},"inLanguage":"es","potentialAction":[{"@type":"ReadAction","target":["https:\/\/www.silentblocks.com\/es\/producto\/silentbloc-apoyo-motor-antes-de-la-linterna-taza\/"]}]},{"@type":"ImageObject","inLanguage":"es","@id":"https:\/\/www.silentblocks.com\/es\/producto\/silentbloc-apoyo-motor-antes-de-la-linterna-taza\/#primaryimage","url":"https:\/\/www.silentblocks.com\/wp-content\/uploads\/2026\/02\/silentbloc-support-moteur-avant-hyundai-coupe-lantra-2.jpg","contentUrl":"https:\/\/www.silentblocks.com\/wp-content\/uploads\/2026\/02\/silentbloc-support-moteur-avant-hyundai-coupe-lantra-2.jpg","width":800,"height":800},{"@type":"BreadcrumbList","@id":"https:\/\/www.silentblocks.com\/es\/producto\/silentbloc-apoyo-motor-antes-de-la-linterna-taza\/#breadcrumb","itemListElement":[{"@type":"ListItem","position":1,"name":"In\u00edcio","item":"https:\/\/www.silentblocks.com\/es\/"},{"@type":"ListItem","position":2,"name":"Page boutique","item":"https:\/\/www.silentblocks.com\/es\/shop-2\/"},{"@type":"ListItem","position":3,"name":"Soporte motor delantero silentblock, Hyundai Coupe, Lantra"}]},{"@type":"WebSite","@id":"https:\/\/www.silentblocks.com\/es\/#website","url":"https:\/\/www.silentblocks.com\/es\/","name":"SILENTBLOCKS","description":"Secure on the road","publisher":{"@id":"https:\/\/www.silentblocks.com\/es\/#organization"},"potentialAction":[{"@type":"SearchAction","target":{"@type":"EntryPoint","urlTemplate":"https:\/\/www.silentblocks.com\/es\/?s={search_term_string}"},"query-input":{"@type":"PropertyValueSpecification","valueRequired":true,"valueName":"search_term_string"}}],"inLanguage":"es"},{"@type":"Organization","@id":"https:\/\/www.silentblocks.com\/es\/#organization","name":"SILENTBLOCKS","url":"https:\/\/www.silentblocks.com\/es\/","logo":{"@type":"ImageObject","inLanguage":"es","@id":"https:\/\/www.silentblocks.com\/es\/#\/schema\/logo\/image\/","url":"https:\/\/www.silentblocks.com\/wp-content\/uploads\/2023\/07\/logo211-sem-fundo_2012-PARA-BOUTIQUE-EBAY.png","contentUrl":"https:\/\/www.silentblocks.com\/wp-content\/uploads\/2023\/07\/logo211-sem-fundo_2012-PARA-BOUTIQUE-EBAY.png","width":300,"height":190,"caption":"SILENTBLOCKS"},"image":{"@id":"https:\/\/www.silentblocks.com\/es\/#\/schema\/logo\/image\/"}}]}},"_links":{"self":[{"href":"https:\/\/www.silentblocks.com\/es\/wp-json\/wp\/v2\/product\/83110","targetHints":{"allow":["GET"]}}],"collection":[{"href":"https:\/\/www.silentblocks.com\/es\/wp-json\/wp\/v2\/product"}],"about":[{"href":"https:\/\/www.silentblocks.com\/es\/wp-json\/wp\/v2\/types\/product"}],"version-history":[{"count":0,"href":"https:\/\/www.silentblocks.com\/es\/wp-json\/wp\/v2\/product\/83110\/revisions"}],"wp:featuredmedia":[{"embeddable":true,"href":"https:\/\/www.silentblocks.com\/es\/wp-json\/wp\/v2\/media\/119753"}],"wp:attachment":[{"href":"https:\/\/www.silentblocks.com\/es\/wp-json\/wp\/v2\/media?parent=83110"}],"wp:term":[{"taxonomy":"product_brand","embeddable":true,"href":"https:\/\/www.silentblocks.com\/es\/wp-json\/wp\/v2\/product_brand?post=83110"},{"taxonomy":"product_cat","embeddable":true,"href":"https:\/\/www.silentblocks.com\/es\/wp-json\/wp\/v2\/product_cat?post=83110"},{"taxonomy":"product_tag","embeddable":true,"href":"https:\/\/www.silentblocks.com\/es\/wp-json\/wp\/v2\/product_tag?post=83110"}],"curies":[{"name":"wp","href":"https:\/\/api.w.org\/{rel}","templated":true}]}}