{"id":83327,"date":"2023-04-26T22:54:43","date_gmt":"2023-04-26T22:54:43","guid":{"rendered":"https:\/\/www.silentblocks.com\/product\/silentbloc-soporte-motor-trasero\/"},"modified":"2026-02-17T21:23:29","modified_gmt":"2026-02-17T21:23:29","slug":"silentbloc-soporte-motor-trasero","status":"publish","type":"product","link":"https:\/\/www.silentblocks.com\/es\/producto\/silentbloc-soporte-motor-trasero\/","title":{"rendered":"Soporte motor trasero Silentbloc para Fiat, Peugeot, Citroen"},"content":{"rendered":"<p>Soporte de motor trasero Silentbloc, compatible con los siguientes veh\u00edculos:<\/p>\n<p><strong>CITROEN<\/strong><\/p>\n<p>Berlingo\/ Berlingo Box (11.1996-10.2005)<br \/>\nMotores: 1.6, 1.8D. 1.8i, 1.9D, 2.0HDI<br \/>\nC8 (07.2002&gt;)<br \/>\nMotores: 2.0 16V, 2.0 HDI<br \/>\nEscape (11.1994-07.2002)<br \/>\nMotores: 1.4TSI, 1.9TD, 2.0, 2.0 16V, 2.0HDI, 2.0 Turbo, 2.1TD<br \/>\nJumpy (01.2007&gt;)<br \/>\nMotores: 2.0HDI<br \/>\nJumpy (U6U) (10.1995&gt;)<br \/>\nMotores: 1.6, 1.9D, 1.9D, 1.9TD<br \/>\nXsara (04.1997-03.2005)<br \/>\nMotores: 1.4HDI, 1.5D, 1.8D, 1.8i, 1.8TD, 1.9D, 1.9TD, 2.0 16V, 2.0 HDI<br \/>\nXantia (06.1995-04.1997)<br \/>\nMotores: 1.8I, 1.9SD, 1.9 Turbo D, 2.0 Turbo<br \/>\nC5 (03.2001-08.2004)<br \/>\nMotores: 2.2HDI<br \/>\nC5 II (09.2004&gt;)<br \/>\nMotores: 2.2HDI<br \/>\nC5 III (02.2008&gt;)<br \/>\nMotores: 2.2HDI<\/p>\n<p><strong>FIAT<\/strong><br \/>\nScudo \/ Scudo Box (02.1996-12.2006)<br \/>\nMotores (1.6, 1.9D, 1.9 TD, 2.0 JTD)<br \/>\nUlysse (06.1994-06.2011)<br \/>\nMotores: 1.9TD, 2.0, 2.0 16V, 2.0 JTD, 2.0 Turbo, 2.1 TD<\/p>\n<p><strong>PEUGEOT<\/strong><\/p>\n<p>205 (02.1983-09.1998)<br \/>\nMotores: 1.0 &gt; 1.9<br \/>\n206 (09.1998-11.2001)<br \/>\nMotores: 1.9D, 2.0 HDI, 2.0 S16<br \/>\n206 (07.2002&gt;)<br \/>\nMotores: 2.0 16V, 2.0 HDI<br \/>\n206 CC (09.2000&gt;)<br \/>\nMotores: 2.0 S16<br \/>\n305 (10.1982-07.1990)<br \/>\nMotores: 1.6 &gt; 1.9<br \/>\n306 (04.1993-04.2002)<br \/>\nMotores: 1.9D, 1.9TD<br \/>\n405 (01.1987-10.1996)<br \/>\nMotores: 1.6 &gt; 2.0<br \/>\n406 (11.1995-10.2004)<br \/>\nMotores: 1.6, 1.8, 2.0 16V, 2.0 16V HPi, 2.1 TD 12V<br \/>\n407 (05.2004&gt;)<br \/>\nMotores: 1.8 &gt; 2.0<br \/>\n605 (06.1989-09.1999)<br \/>\nMotores: 1.6, 1.8, 2.0 16V, 2.0 16V HPi, 2.1 TD 12V<br \/>\nEXPERTO (10.1995-10.2006)<br \/>\nMotores: 1.6, 1.9D, 1.9TD, 2.0 HDI, 4.6, 5.7 4&#215;4<br \/>\nSOCIO (05.1997&gt;)<br \/>\nMotores: 1.8, 1.9D, 2.0 HDI<br \/>\nSOCIO (04.2004&gt;)<br \/>\nMotores: 1.9D, 2.0 HDI<\/p>\n<p>Referencias del fabricante (c\u00f3digo OEM) s\u00f3lo a t\u00edtulo informativo :<br \/>\n1807 47, 1809 16, 9606121080<\/p>\n<p>Piezas nuevas, se vende con factura. Todos nuestros productos tienen 2 a\u00f1os de garant\u00eda.<\/p>\n","protected":false},"excerpt":{"rendered":"<p>Soporte de motor trasero Silentbloc para Citroen, Fiat y Peugeot<\/p>\n","protected":false},"featured_media":119501,"template":"","meta":[],"product_brand":[],"product_cat":[2148,1851,2026,1865,1866,1867,2468,2478,2483,2166,1868,1869,2220,3860,3866,3311,1852,3326,2027,3328,2013,1853,3359],"product_tag":[],"class_list":{"0":"post-83327","1":"product","2":"type-product","3":"status-publish","4":"has-post-thumbnail","6":"product_cat-citroen-es","7":"product_cat-berlingo-es","8":"product_cat-c5-es","9":"product_cat-c8-es","10":"product_cat-evasion-es-2","11":"product_cat-jumpy-es","12":"product_cat-jumpy-2007-es","13":"product_cat-xantia-es","14":"product_cat-xsara-es","15":"product_cat-fiat-es","16":"product_cat-scudo-es","17":"product_cat-ulysse-es","18":"product_cat-peugeot-es","19":"product_cat-205-es","20":"product_cat-206-es","21":"product_cat-306-es","22":"product_cat-405-es","23":"product_cat-406-es","24":"product_cat-407-es","25":"product_cat-605-es","26":"product_cat-expert-224","27":"product_cat-partner-es","28":"product_cat-partner-ii-es","30":"first","31":"instock","32":"shipping-taxable","33":"purchasable","34":"product-type-simple"},"yoast_head":"<!-- This site is optimized with the Yoast SEO Premium plugin v23.0 (Yoast SEO v27.4) - https:\/\/yoast.com\/product\/yoast-seo-premium-wordpress\/ -->\n<title>Soporte motor trasero Silentbloc para Fiat, Peugeot, Citroen - SILENT BLOCKS<\/title>\n<meta name=\"description\" content=\"Soporte motor trasero silentblock para Fiat Ulysse, Peugeot Partner, Citroen Jumpy, compatible con OEM 1807 47, 1809 16, 9606121080\" \/>\n<meta name=\"robots\" content=\"index, follow, max-snippet:-1, max-image-preview:large, max-video-preview:-1\" \/>\n<link rel=\"canonical\" href=\"https:\/\/www.silentblocks.com\/es\/producto\/silentbloc-soporte-motor-trasero\/\" \/>\n<meta property=\"og:locale\" content=\"es_ES\" \/>\n<meta property=\"og:type\" content=\"article\" \/>\n<meta property=\"og:title\" content=\"Soporte motor trasero Silentbloc para Fiat, Peugeot, Citroen\" \/>\n<meta property=\"og:description\" content=\"Soporte motor trasero silentblock para Fiat Ulysse, Peugeot Partner, Citroen Jumpy, compatible con OEM 1807 47, 1809 16, 9606121080\" \/>\n<meta property=\"og:url\" content=\"https:\/\/www.silentblocks.com\/es\/producto\/silentbloc-soporte-motor-trasero\/\" \/>\n<meta property=\"og:site_name\" content=\"SILENT BLOCKS\" \/>\n<meta property=\"article:modified_time\" content=\"2026-02-17T21:23:29+00:00\" \/>\n<meta property=\"og:image\" content=\"https:\/\/www.silentblocks.com\/wp-content\/uploads\/2026\/02\/SUPPORT-MOTEUR-ARRIERE-CITROEN-BERLINGO-1809.21-2.jpg\" \/>\n\t<meta property=\"og:image:width\" content=\"800\" \/>\n\t<meta property=\"og:image:height\" content=\"800\" \/>\n\t<meta property=\"og:image:type\" content=\"image\/jpeg\" \/>\n<meta name=\"twitter:card\" content=\"summary_large_image\" \/>\n<meta name=\"twitter:label1\" content=\"Tiempo de lectura\" \/>\n\t<meta name=\"twitter:data1\" content=\"1 minuto\" \/>\n<script type=\"application\/ld+json\" class=\"yoast-schema-graph\">{\"@context\":\"https:\\\/\\\/schema.org\",\"@graph\":[{\"@type\":\"WebPage\",\"@id\":\"https:\\\/\\\/www.silentblocks.com\\\/es\\\/producto\\\/silentbloc-soporte-motor-trasero\\\/\",\"url\":\"https:\\\/\\\/www.silentblocks.com\\\/es\\\/producto\\\/silentbloc-soporte-motor-trasero\\\/\",\"name\":\"Soporte motor trasero Silentbloc para Fiat, Peugeot, Citroen - SILENT BLOCKS\",\"isPartOf\":{\"@id\":\"https:\\\/\\\/www.silentblocks.com\\\/es\\\/#website\"},\"primaryImageOfPage\":{\"@id\":\"https:\\\/\\\/www.silentblocks.com\\\/es\\\/producto\\\/silentbloc-soporte-motor-trasero\\\/#primaryimage\"},\"image\":{\"@id\":\"https:\\\/\\\/www.silentblocks.com\\\/es\\\/producto\\\/silentbloc-soporte-motor-trasero\\\/#primaryimage\"},\"thumbnailUrl\":\"https:\\\/\\\/www.silentblocks.com\\\/wp-content\\\/uploads\\\/2026\\\/02\\\/SUPPORT-MOTEUR-ARRIERE-CITROEN-BERLINGO-1809.21-2.jpg\",\"datePublished\":\"2023-04-26T22:54:43+00:00\",\"dateModified\":\"2026-02-17T21:23:29+00:00\",\"description\":\"Soporte motor trasero silentblock para Fiat Ulysse, Peugeot Partner, Citroen Jumpy, compatible con OEM 1807 47, 1809 16, 9606121080\",\"breadcrumb\":{\"@id\":\"https:\\\/\\\/www.silentblocks.com\\\/es\\\/producto\\\/silentbloc-soporte-motor-trasero\\\/#breadcrumb\"},\"inLanguage\":\"es\",\"potentialAction\":[{\"@type\":\"ReadAction\",\"target\":[\"https:\\\/\\\/www.silentblocks.com\\\/es\\\/producto\\\/silentbloc-soporte-motor-trasero\\\/\"]}]},{\"@type\":\"ImageObject\",\"inLanguage\":\"es\",\"@id\":\"https:\\\/\\\/www.silentblocks.com\\\/es\\\/producto\\\/silentbloc-soporte-motor-trasero\\\/#primaryimage\",\"url\":\"https:\\\/\\\/www.silentblocks.com\\\/wp-content\\\/uploads\\\/2026\\\/02\\\/SUPPORT-MOTEUR-ARRIERE-CITROEN-BERLINGO-1809.21-2.jpg\",\"contentUrl\":\"https:\\\/\\\/www.silentblocks.com\\\/wp-content\\\/uploads\\\/2026\\\/02\\\/SUPPORT-MOTEUR-ARRIERE-CITROEN-BERLINGO-1809.21-2.jpg\",\"width\":800,\"height\":800},{\"@type\":\"BreadcrumbList\",\"@id\":\"https:\\\/\\\/www.silentblocks.com\\\/es\\\/producto\\\/silentbloc-soporte-motor-trasero\\\/#breadcrumb\",\"itemListElement\":[{\"@type\":\"ListItem\",\"position\":1,\"name\":\"In\u00edcio\",\"item\":\"https:\\\/\\\/www.silentblocks.com\\\/es\\\/\"},{\"@type\":\"ListItem\",\"position\":2,\"name\":\"Page boutique\",\"item\":\"https:\\\/\\\/www.silentblocks.com\\\/es\\\/shop-2\\\/\"},{\"@type\":\"ListItem\",\"position\":3,\"name\":\"Soporte motor trasero Silentbloc para Fiat, Peugeot, Citroen\"}]},{\"@type\":\"WebSite\",\"@id\":\"https:\\\/\\\/www.silentblocks.com\\\/es\\\/#website\",\"url\":\"https:\\\/\\\/www.silentblocks.com\\\/es\\\/\",\"name\":\"SILENTBLOCKS\",\"description\":\"Secure on the road\",\"publisher\":{\"@id\":\"https:\\\/\\\/www.silentblocks.com\\\/es\\\/#organization\"},\"potentialAction\":[{\"@type\":\"SearchAction\",\"target\":{\"@type\":\"EntryPoint\",\"urlTemplate\":\"https:\\\/\\\/www.silentblocks.com\\\/es\\\/?s={search_term_string}\"},\"query-input\":{\"@type\":\"PropertyValueSpecification\",\"valueRequired\":true,\"valueName\":\"search_term_string\"}}],\"inLanguage\":\"es\"},{\"@type\":\"Organization\",\"@id\":\"https:\\\/\\\/www.silentblocks.com\\\/es\\\/#organization\",\"name\":\"SILENTBLOCKS\",\"url\":\"https:\\\/\\\/www.silentblocks.com\\\/es\\\/\",\"logo\":{\"@type\":\"ImageObject\",\"inLanguage\":\"es\",\"@id\":\"https:\\\/\\\/www.silentblocks.com\\\/es\\\/#\\\/schema\\\/logo\\\/image\\\/\",\"url\":\"https:\\\/\\\/www.silentblocks.com\\\/wp-content\\\/uploads\\\/2023\\\/07\\\/logo211-sem-fundo_2012-PARA-BOUTIQUE-EBAY.png\",\"contentUrl\":\"https:\\\/\\\/www.silentblocks.com\\\/wp-content\\\/uploads\\\/2023\\\/07\\\/logo211-sem-fundo_2012-PARA-BOUTIQUE-EBAY.png\",\"width\":300,\"height\":190,\"caption\":\"SILENTBLOCKS\"},\"image\":{\"@id\":\"https:\\\/\\\/www.silentblocks.com\\\/es\\\/#\\\/schema\\\/logo\\\/image\\\/\"}}]}<\/script>\n<!-- \/ Yoast SEO Premium plugin. -->","yoast_head_json":{"title":"Soporte motor trasero Silentbloc para Fiat, Peugeot, Citroen - SILENT BLOCKS","description":"Soporte motor trasero silentblock para Fiat Ulysse, Peugeot Partner, Citroen Jumpy, compatible con OEM 1807 47, 1809 16, 9606121080","robots":{"index":"index","follow":"follow","max-snippet":"max-snippet:-1","max-image-preview":"max-image-preview:large","max-video-preview":"max-video-preview:-1"},"canonical":"https:\/\/www.silentblocks.com\/es\/producto\/silentbloc-soporte-motor-trasero\/","og_locale":"es_ES","og_type":"article","og_title":"Soporte motor trasero Silentbloc para Fiat, Peugeot, Citroen","og_description":"Soporte motor trasero silentblock para Fiat Ulysse, Peugeot Partner, Citroen Jumpy, compatible con OEM 1807 47, 1809 16, 9606121080","og_url":"https:\/\/www.silentblocks.com\/es\/producto\/silentbloc-soporte-motor-trasero\/","og_site_name":"SILENT BLOCKS","article_modified_time":"2026-02-17T21:23:29+00:00","og_image":[{"width":800,"height":800,"url":"https:\/\/www.silentblocks.com\/wp-content\/uploads\/2026\/02\/SUPPORT-MOTEUR-ARRIERE-CITROEN-BERLINGO-1809.21-2.jpg","type":"image\/jpeg"}],"twitter_card":"summary_large_image","twitter_misc":{"Tiempo de lectura":"1 minuto"},"schema":{"@context":"https:\/\/schema.org","@graph":[{"@type":"WebPage","@id":"https:\/\/www.silentblocks.com\/es\/producto\/silentbloc-soporte-motor-trasero\/","url":"https:\/\/www.silentblocks.com\/es\/producto\/silentbloc-soporte-motor-trasero\/","name":"Soporte motor trasero Silentbloc para Fiat, Peugeot, Citroen - SILENT BLOCKS","isPartOf":{"@id":"https:\/\/www.silentblocks.com\/es\/#website"},"primaryImageOfPage":{"@id":"https:\/\/www.silentblocks.com\/es\/producto\/silentbloc-soporte-motor-trasero\/#primaryimage"},"image":{"@id":"https:\/\/www.silentblocks.com\/es\/producto\/silentbloc-soporte-motor-trasero\/#primaryimage"},"thumbnailUrl":"https:\/\/www.silentblocks.com\/wp-content\/uploads\/2026\/02\/SUPPORT-MOTEUR-ARRIERE-CITROEN-BERLINGO-1809.21-2.jpg","datePublished":"2023-04-26T22:54:43+00:00","dateModified":"2026-02-17T21:23:29+00:00","description":"Soporte motor trasero silentblock para Fiat Ulysse, Peugeot Partner, Citroen Jumpy, compatible con OEM 1807 47, 1809 16, 9606121080","breadcrumb":{"@id":"https:\/\/www.silentblocks.com\/es\/producto\/silentbloc-soporte-motor-trasero\/#breadcrumb"},"inLanguage":"es","potentialAction":[{"@type":"ReadAction","target":["https:\/\/www.silentblocks.com\/es\/producto\/silentbloc-soporte-motor-trasero\/"]}]},{"@type":"ImageObject","inLanguage":"es","@id":"https:\/\/www.silentblocks.com\/es\/producto\/silentbloc-soporte-motor-trasero\/#primaryimage","url":"https:\/\/www.silentblocks.com\/wp-content\/uploads\/2026\/02\/SUPPORT-MOTEUR-ARRIERE-CITROEN-BERLINGO-1809.21-2.jpg","contentUrl":"https:\/\/www.silentblocks.com\/wp-content\/uploads\/2026\/02\/SUPPORT-MOTEUR-ARRIERE-CITROEN-BERLINGO-1809.21-2.jpg","width":800,"height":800},{"@type":"BreadcrumbList","@id":"https:\/\/www.silentblocks.com\/es\/producto\/silentbloc-soporte-motor-trasero\/#breadcrumb","itemListElement":[{"@type":"ListItem","position":1,"name":"In\u00edcio","item":"https:\/\/www.silentblocks.com\/es\/"},{"@type":"ListItem","position":2,"name":"Page boutique","item":"https:\/\/www.silentblocks.com\/es\/shop-2\/"},{"@type":"ListItem","position":3,"name":"Soporte motor trasero Silentbloc para Fiat, Peugeot, Citroen"}]},{"@type":"WebSite","@id":"https:\/\/www.silentblocks.com\/es\/#website","url":"https:\/\/www.silentblocks.com\/es\/","name":"SILENTBLOCKS","description":"Secure on the road","publisher":{"@id":"https:\/\/www.silentblocks.com\/es\/#organization"},"potentialAction":[{"@type":"SearchAction","target":{"@type":"EntryPoint","urlTemplate":"https:\/\/www.silentblocks.com\/es\/?s={search_term_string}"},"query-input":{"@type":"PropertyValueSpecification","valueRequired":true,"valueName":"search_term_string"}}],"inLanguage":"es"},{"@type":"Organization","@id":"https:\/\/www.silentblocks.com\/es\/#organization","name":"SILENTBLOCKS","url":"https:\/\/www.silentblocks.com\/es\/","logo":{"@type":"ImageObject","inLanguage":"es","@id":"https:\/\/www.silentblocks.com\/es\/#\/schema\/logo\/image\/","url":"https:\/\/www.silentblocks.com\/wp-content\/uploads\/2023\/07\/logo211-sem-fundo_2012-PARA-BOUTIQUE-EBAY.png","contentUrl":"https:\/\/www.silentblocks.com\/wp-content\/uploads\/2023\/07\/logo211-sem-fundo_2012-PARA-BOUTIQUE-EBAY.png","width":300,"height":190,"caption":"SILENTBLOCKS"},"image":{"@id":"https:\/\/www.silentblocks.com\/es\/#\/schema\/logo\/image\/"}}]}},"_links":{"self":[{"href":"https:\/\/www.silentblocks.com\/es\/wp-json\/wp\/v2\/product\/83327","targetHints":{"allow":["GET"]}}],"collection":[{"href":"https:\/\/www.silentblocks.com\/es\/wp-json\/wp\/v2\/product"}],"about":[{"href":"https:\/\/www.silentblocks.com\/es\/wp-json\/wp\/v2\/types\/product"}],"version-history":[{"count":0,"href":"https:\/\/www.silentblocks.com\/es\/wp-json\/wp\/v2\/product\/83327\/revisions"}],"wp:featuredmedia":[{"embeddable":true,"href":"https:\/\/www.silentblocks.com\/es\/wp-json\/wp\/v2\/media\/119501"}],"wp:attachment":[{"href":"https:\/\/www.silentblocks.com\/es\/wp-json\/wp\/v2\/media?parent=83327"}],"wp:term":[{"taxonomy":"product_brand","embeddable":true,"href":"https:\/\/www.silentblocks.com\/es\/wp-json\/wp\/v2\/product_brand?post=83327"},{"taxonomy":"product_cat","embeddable":true,"href":"https:\/\/www.silentblocks.com\/es\/wp-json\/wp\/v2\/product_cat?post=83327"},{"taxonomy":"product_tag","embeddable":true,"href":"https:\/\/www.silentblocks.com\/es\/wp-json\/wp\/v2\/product_tag?post=83327"}],"curies":[{"name":"wp","href":"https:\/\/api.w.org\/{rel}","templated":true}]}}