{"id":83528,"date":"2023-04-26T22:54:29","date_gmt":"2023-04-26T22:54:29","guid":{"rendered":"https:\/\/www.silentblocks.com\/product\/silentblocs-berceau-avant-renault-21-4\/"},"modified":"2026-02-17T21:24:01","modified_gmt":"2026-02-17T21:24:01","slug":"silentblocs-berceau-avant-renault-21-4","status":"publish","type":"product","link":"https:\/\/www.silentblocks.com\/es\/producto\/silentblocs-berceau-avant-renault-21-4\/","title":{"rendered":"Bujes puente motor, Renault 21"},"content":{"rendered":"<p>4 silentblocks de cuna de motor, compatibles con los siguientes veh\u00edculos:<br \/>\nRenault 21<\/p>\n<table style=\"width: 463px;\" border=\"0\" cellspacing=\"0\" cellpadding=\"0\">\n<tbody>\n<tr>\n<td width=\"191\"><strong>RENAULT<\/strong><\/td>\n<td width=\"80\">\n<p align=\"center\"><strong>C\u00f3digo del motor<\/strong><\/p>\n<\/td>\n<td width=\"64\">\n<p align=\"center\"><strong>Combustible<\/strong><\/p>\n<\/td>\n<td width=\"64\">\n<p align=\"center\"><strong>En<\/strong><\/p>\n<\/td>\n<td width=\"64\">\n<p align=\"center\"><strong>Hasta<\/strong><\/p>\n<\/td>\n<\/tr>\n<tr>\n<td nowrap width=\"191\">11 (B\/C37_) 1,1 (B\/C371)<\/td>\n<td nowrap width=\"80\">\n<p align=\"center\">C1E 720<\/p>\n<\/td>\n<td nowrap width=\"64\">\n<p align=\"center\">Gasolina<\/p>\n<\/td>\n<td nowrap width=\"64\">\n<p align=\"center\">03 1983<\/p>\n<\/td>\n<td nowrap width=\"64\">\n<p align=\"center\">06 1986<\/p>\n<\/td>\n<\/tr>\n<tr>\n<td nowrap width=\"191\">11 (B\/C37_) 1,1 (B\/C371)<\/td>\n<td nowrap width=\"80\">\n<p align=\"center\">C1E 715<\/p>\n<\/td>\n<td nowrap width=\"64\">\n<p align=\"center\">Gasolina<\/p>\n<\/td>\n<td nowrap width=\"64\">\n<p align=\"center\">03 1983<\/p>\n<\/td>\n<td nowrap width=\"64\">\n<p align=\"center\">06 1986<\/p>\n<\/td>\n<\/tr>\n<tr>\n<td nowrap width=\"191\">11 Furg\u00f3n (S37_) 1.1 (S371)<\/td>\n<td nowrap width=\"80\">\n<p align=\"center\">C1E 720<\/p>\n<\/td>\n<td nowrap width=\"64\">\n<p align=\"center\">Gasolina<\/p>\n<\/td>\n<td nowrap width=\"64\">\n<p align=\"center\">03 1983<\/p>\n<\/td>\n<td nowrap width=\"64\">\n<p align=\"center\">06 1986<\/p>\n<\/td>\n<\/tr>\n<tr>\n<td nowrap width=\"191\">11 Furg\u00f3n (S37_) 1.1 (S371)<\/td>\n<td nowrap width=\"80\">\n<p align=\"center\">C1E 715<\/p>\n<\/td>\n<td nowrap width=\"64\">\n<p align=\"center\">Gasolina<\/p>\n<\/td>\n<td nowrap width=\"64\">\n<p align=\"center\">03 1983<\/p>\n<\/td>\n<td nowrap width=\"64\">\n<p align=\"center\">06 1986<\/p>\n<\/td>\n<\/tr>\n<tr>\n<td nowrap width=\"191\">21 (B48_) 1,4 (B48D)<\/td>\n<td nowrap width=\"80\">\n<p align=\"center\">C2J 770<\/p>\n<\/td>\n<td nowrap width=\"64\">\n<p align=\"center\">Gasolina<\/p>\n<\/td>\n<td nowrap width=\"64\">\n<p align=\"center\">09 1989<\/p>\n<\/td>\n<td nowrap width=\"64\">\n<p align=\"center\">05 1993<\/p>\n<\/td>\n<\/tr>\n<tr>\n<td nowrap width=\"191\">21 Tres vol\u00famenes (L48_) 1,4 (L48D)<\/td>\n<td nowrap width=\"80\">\n<p align=\"center\">C2J 770<\/p>\n<\/td>\n<td nowrap width=\"64\">\n<p align=\"center\">Gasolina<\/p>\n<\/td>\n<td nowrap width=\"64\">\n<p align=\"center\">06 1988<\/p>\n<\/td>\n<td nowrap width=\"64\">\n<p align=\"center\">10 1993<\/p>\n<\/td>\n<\/tr>\n<tr>\n<td nowrap width=\"191\">9 (L42_) 1,1 (L421)<\/td>\n<td nowrap width=\"80\">\n<p align=\"center\">C1E 715<\/p>\n<\/td>\n<td nowrap width=\"64\">\n<p align=\"center\">Gasolina<\/p>\n<\/td>\n<td nowrap width=\"64\">\n<p align=\"center\">09 1981<\/p>\n<\/td>\n<td nowrap width=\"64\">\n<p align=\"center\">05 1987<\/p>\n<\/td>\n<\/tr>\n<tr>\n<td nowrap width=\"191\">9 (L42_) 1,1 (L421)<\/td>\n<td nowrap width=\"80\">\n<p align=\"center\">C1E 720<\/p>\n<\/td>\n<td nowrap width=\"64\">\n<p align=\"center\">Gasolina<\/p>\n<\/td>\n<td nowrap width=\"64\">\n<p align=\"center\">09 1981<\/p>\n<\/td>\n<td nowrap width=\"64\">\n<p align=\"center\">05 1987<\/p>\n<\/td>\n<\/tr>\n<\/tbody>\n<\/table>\n<p><span style=\"font-size: 10pt;\"><span style=\"font-family: Times New Roman; font-size: 12pt;\">Piezas nuevas, se vende con factura. Todos nuestros productos tienen 2 a\u00f1os de garant\u00eda. <\/span><\/span><\/p>\n<p>Referencias del fabricante (c\u00f3digo OEM) s\u00f3lo a t\u00edtulo informativo :<br \/>\n<span style=\"font-size: 10pt;\">  770767684, 7700767686<\/span><\/p>\n","protected":false},"excerpt":{"rendered":"<p>4 Silentblocks cuna delantera Renault 21<\/p>\n","protected":false},"featured_media":119285,"template":"","meta":[],"product_brand":[],"product_cat":[2226,3456],"product_tag":[],"class_list":{"0":"post-83528","1":"product","2":"type-product","3":"status-publish","4":"has-post-thumbnail","6":"product_cat-renault-es","7":"product_cat-r21-es","9":"first","10":"instock","11":"shipping-taxable","12":"purchasable","13":"product-type-simple"},"yoast_head":"<!-- This site is optimized with the Yoast SEO Premium plugin v23.0 (Yoast SEO v27.4) - https:\/\/yoast.com\/product\/yoast-seo-premium-wordpress\/ -->\n<title>Bujes puente motor, Renault 21 - SILENT BLOCKS<\/title>\n<meta name=\"description\" content=\"bujes puente delantero para Renault 21, oem compatible 770767684, 7700767686\" \/>\n<meta name=\"robots\" content=\"index, follow, max-snippet:-1, max-image-preview:large, max-video-preview:-1\" \/>\n<link rel=\"canonical\" href=\"https:\/\/www.silentblocks.com\/es\/producto\/silentblocs-berceau-avant-renault-21-4\/\" \/>\n<meta property=\"og:locale\" content=\"es_ES\" \/>\n<meta property=\"og:type\" content=\"article\" \/>\n<meta property=\"og:title\" content=\"Bujes puente motor, Renault 21\" \/>\n<meta property=\"og:description\" content=\"bujes puente delantero para Renault 21, oem compatible 770767684, 7700767686\" \/>\n<meta property=\"og:url\" content=\"https:\/\/www.silentblocks.com\/es\/producto\/silentblocs-berceau-avant-renault-21-4\/\" \/>\n<meta property=\"og:site_name\" content=\"SILENT BLOCKS\" \/>\n<meta property=\"article:modified_time\" content=\"2026-02-17T21:24:01+00:00\" \/>\n<meta property=\"og:image\" content=\"https:\/\/www.silentblocks.com\/wp-content\/uploads\/2026\/02\/silentblocs-berceau-moteur-R21-2.jpg\" \/>\n\t<meta property=\"og:image:width\" content=\"800\" \/>\n\t<meta property=\"og:image:height\" content=\"800\" \/>\n\t<meta property=\"og:image:type\" content=\"image\/jpeg\" \/>\n<meta name=\"twitter:card\" content=\"summary_large_image\" \/>\n<meta name=\"twitter:label1\" content=\"Tiempo de lectura\" \/>\n\t<meta name=\"twitter:data1\" content=\"1 minuto\" \/>\n<script type=\"application\/ld+json\" class=\"yoast-schema-graph\">{\"@context\":\"https:\\\/\\\/schema.org\",\"@graph\":[{\"@type\":\"WebPage\",\"@id\":\"https:\\\/\\\/www.silentblocks.com\\\/es\\\/producto\\\/silentblocs-berceau-avant-renault-21-4\\\/\",\"url\":\"https:\\\/\\\/www.silentblocks.com\\\/es\\\/producto\\\/silentblocs-berceau-avant-renault-21-4\\\/\",\"name\":\"Bujes puente motor, Renault 21 - SILENT BLOCKS\",\"isPartOf\":{\"@id\":\"https:\\\/\\\/www.silentblocks.com\\\/es\\\/#website\"},\"primaryImageOfPage\":{\"@id\":\"https:\\\/\\\/www.silentblocks.com\\\/es\\\/producto\\\/silentblocs-berceau-avant-renault-21-4\\\/#primaryimage\"},\"image\":{\"@id\":\"https:\\\/\\\/www.silentblocks.com\\\/es\\\/producto\\\/silentblocs-berceau-avant-renault-21-4\\\/#primaryimage\"},\"thumbnailUrl\":\"https:\\\/\\\/www.silentblocks.com\\\/wp-content\\\/uploads\\\/2026\\\/02\\\/silentblocs-berceau-moteur-R21-2.jpg\",\"datePublished\":\"2023-04-26T22:54:29+00:00\",\"dateModified\":\"2026-02-17T21:24:01+00:00\",\"description\":\"bujes puente delantero para Renault 21, oem compatible 770767684, 7700767686\",\"breadcrumb\":{\"@id\":\"https:\\\/\\\/www.silentblocks.com\\\/es\\\/producto\\\/silentblocs-berceau-avant-renault-21-4\\\/#breadcrumb\"},\"inLanguage\":\"es\",\"potentialAction\":[{\"@type\":\"ReadAction\",\"target\":[\"https:\\\/\\\/www.silentblocks.com\\\/es\\\/producto\\\/silentblocs-berceau-avant-renault-21-4\\\/\"]}]},{\"@type\":\"ImageObject\",\"inLanguage\":\"es\",\"@id\":\"https:\\\/\\\/www.silentblocks.com\\\/es\\\/producto\\\/silentblocs-berceau-avant-renault-21-4\\\/#primaryimage\",\"url\":\"https:\\\/\\\/www.silentblocks.com\\\/wp-content\\\/uploads\\\/2026\\\/02\\\/silentblocs-berceau-moteur-R21-2.jpg\",\"contentUrl\":\"https:\\\/\\\/www.silentblocks.com\\\/wp-content\\\/uploads\\\/2026\\\/02\\\/silentblocs-berceau-moteur-R21-2.jpg\",\"width\":800,\"height\":800},{\"@type\":\"BreadcrumbList\",\"@id\":\"https:\\\/\\\/www.silentblocks.com\\\/es\\\/producto\\\/silentblocs-berceau-avant-renault-21-4\\\/#breadcrumb\",\"itemListElement\":[{\"@type\":\"ListItem\",\"position\":1,\"name\":\"In\u00edcio\",\"item\":\"https:\\\/\\\/www.silentblocks.com\\\/es\\\/\"},{\"@type\":\"ListItem\",\"position\":2,\"name\":\"Page boutique\",\"item\":\"https:\\\/\\\/www.silentblocks.com\\\/es\\\/shop-2\\\/\"},{\"@type\":\"ListItem\",\"position\":3,\"name\":\"Bujes puente motor, Renault 21\"}]},{\"@type\":\"WebSite\",\"@id\":\"https:\\\/\\\/www.silentblocks.com\\\/es\\\/#website\",\"url\":\"https:\\\/\\\/www.silentblocks.com\\\/es\\\/\",\"name\":\"SILENTBLOCKS\",\"description\":\"Secure on the road\",\"publisher\":{\"@id\":\"https:\\\/\\\/www.silentblocks.com\\\/es\\\/#organization\"},\"potentialAction\":[{\"@type\":\"SearchAction\",\"target\":{\"@type\":\"EntryPoint\",\"urlTemplate\":\"https:\\\/\\\/www.silentblocks.com\\\/es\\\/?s={search_term_string}\"},\"query-input\":{\"@type\":\"PropertyValueSpecification\",\"valueRequired\":true,\"valueName\":\"search_term_string\"}}],\"inLanguage\":\"es\"},{\"@type\":\"Organization\",\"@id\":\"https:\\\/\\\/www.silentblocks.com\\\/es\\\/#organization\",\"name\":\"SILENTBLOCKS\",\"url\":\"https:\\\/\\\/www.silentblocks.com\\\/es\\\/\",\"logo\":{\"@type\":\"ImageObject\",\"inLanguage\":\"es\",\"@id\":\"https:\\\/\\\/www.silentblocks.com\\\/es\\\/#\\\/schema\\\/logo\\\/image\\\/\",\"url\":\"https:\\\/\\\/www.silentblocks.com\\\/wp-content\\\/uploads\\\/2023\\\/07\\\/logo211-sem-fundo_2012-PARA-BOUTIQUE-EBAY.png\",\"contentUrl\":\"https:\\\/\\\/www.silentblocks.com\\\/wp-content\\\/uploads\\\/2023\\\/07\\\/logo211-sem-fundo_2012-PARA-BOUTIQUE-EBAY.png\",\"width\":300,\"height\":190,\"caption\":\"SILENTBLOCKS\"},\"image\":{\"@id\":\"https:\\\/\\\/www.silentblocks.com\\\/es\\\/#\\\/schema\\\/logo\\\/image\\\/\"}}]}<\/script>\n<!-- \/ Yoast SEO Premium plugin. -->","yoast_head_json":{"title":"Bujes puente motor, Renault 21 - SILENT BLOCKS","description":"bujes puente delantero para Renault 21, oem compatible 770767684, 7700767686","robots":{"index":"index","follow":"follow","max-snippet":"max-snippet:-1","max-image-preview":"max-image-preview:large","max-video-preview":"max-video-preview:-1"},"canonical":"https:\/\/www.silentblocks.com\/es\/producto\/silentblocs-berceau-avant-renault-21-4\/","og_locale":"es_ES","og_type":"article","og_title":"Bujes puente motor, Renault 21","og_description":"bujes puente delantero para Renault 21, oem compatible 770767684, 7700767686","og_url":"https:\/\/www.silentblocks.com\/es\/producto\/silentblocs-berceau-avant-renault-21-4\/","og_site_name":"SILENT BLOCKS","article_modified_time":"2026-02-17T21:24:01+00:00","og_image":[{"width":800,"height":800,"url":"https:\/\/www.silentblocks.com\/wp-content\/uploads\/2026\/02\/silentblocs-berceau-moteur-R21-2.jpg","type":"image\/jpeg"}],"twitter_card":"summary_large_image","twitter_misc":{"Tiempo de lectura":"1 minuto"},"schema":{"@context":"https:\/\/schema.org","@graph":[{"@type":"WebPage","@id":"https:\/\/www.silentblocks.com\/es\/producto\/silentblocs-berceau-avant-renault-21-4\/","url":"https:\/\/www.silentblocks.com\/es\/producto\/silentblocs-berceau-avant-renault-21-4\/","name":"Bujes puente motor, Renault 21 - SILENT BLOCKS","isPartOf":{"@id":"https:\/\/www.silentblocks.com\/es\/#website"},"primaryImageOfPage":{"@id":"https:\/\/www.silentblocks.com\/es\/producto\/silentblocs-berceau-avant-renault-21-4\/#primaryimage"},"image":{"@id":"https:\/\/www.silentblocks.com\/es\/producto\/silentblocs-berceau-avant-renault-21-4\/#primaryimage"},"thumbnailUrl":"https:\/\/www.silentblocks.com\/wp-content\/uploads\/2026\/02\/silentblocs-berceau-moteur-R21-2.jpg","datePublished":"2023-04-26T22:54:29+00:00","dateModified":"2026-02-17T21:24:01+00:00","description":"bujes puente delantero para Renault 21, oem compatible 770767684, 7700767686","breadcrumb":{"@id":"https:\/\/www.silentblocks.com\/es\/producto\/silentblocs-berceau-avant-renault-21-4\/#breadcrumb"},"inLanguage":"es","potentialAction":[{"@type":"ReadAction","target":["https:\/\/www.silentblocks.com\/es\/producto\/silentblocs-berceau-avant-renault-21-4\/"]}]},{"@type":"ImageObject","inLanguage":"es","@id":"https:\/\/www.silentblocks.com\/es\/producto\/silentblocs-berceau-avant-renault-21-4\/#primaryimage","url":"https:\/\/www.silentblocks.com\/wp-content\/uploads\/2026\/02\/silentblocs-berceau-moteur-R21-2.jpg","contentUrl":"https:\/\/www.silentblocks.com\/wp-content\/uploads\/2026\/02\/silentblocs-berceau-moteur-R21-2.jpg","width":800,"height":800},{"@type":"BreadcrumbList","@id":"https:\/\/www.silentblocks.com\/es\/producto\/silentblocs-berceau-avant-renault-21-4\/#breadcrumb","itemListElement":[{"@type":"ListItem","position":1,"name":"In\u00edcio","item":"https:\/\/www.silentblocks.com\/es\/"},{"@type":"ListItem","position":2,"name":"Page boutique","item":"https:\/\/www.silentblocks.com\/es\/shop-2\/"},{"@type":"ListItem","position":3,"name":"Bujes puente motor, Renault 21"}]},{"@type":"WebSite","@id":"https:\/\/www.silentblocks.com\/es\/#website","url":"https:\/\/www.silentblocks.com\/es\/","name":"SILENTBLOCKS","description":"Secure on the road","publisher":{"@id":"https:\/\/www.silentblocks.com\/es\/#organization"},"potentialAction":[{"@type":"SearchAction","target":{"@type":"EntryPoint","urlTemplate":"https:\/\/www.silentblocks.com\/es\/?s={search_term_string}"},"query-input":{"@type":"PropertyValueSpecification","valueRequired":true,"valueName":"search_term_string"}}],"inLanguage":"es"},{"@type":"Organization","@id":"https:\/\/www.silentblocks.com\/es\/#organization","name":"SILENTBLOCKS","url":"https:\/\/www.silentblocks.com\/es\/","logo":{"@type":"ImageObject","inLanguage":"es","@id":"https:\/\/www.silentblocks.com\/es\/#\/schema\/logo\/image\/","url":"https:\/\/www.silentblocks.com\/wp-content\/uploads\/2023\/07\/logo211-sem-fundo_2012-PARA-BOUTIQUE-EBAY.png","contentUrl":"https:\/\/www.silentblocks.com\/wp-content\/uploads\/2023\/07\/logo211-sem-fundo_2012-PARA-BOUTIQUE-EBAY.png","width":300,"height":190,"caption":"SILENTBLOCKS"},"image":{"@id":"https:\/\/www.silentblocks.com\/es\/#\/schema\/logo\/image\/"}}]}},"_links":{"self":[{"href":"https:\/\/www.silentblocks.com\/es\/wp-json\/wp\/v2\/product\/83528","targetHints":{"allow":["GET"]}}],"collection":[{"href":"https:\/\/www.silentblocks.com\/es\/wp-json\/wp\/v2\/product"}],"about":[{"href":"https:\/\/www.silentblocks.com\/es\/wp-json\/wp\/v2\/types\/product"}],"version-history":[{"count":0,"href":"https:\/\/www.silentblocks.com\/es\/wp-json\/wp\/v2\/product\/83528\/revisions"}],"wp:featuredmedia":[{"embeddable":true,"href":"https:\/\/www.silentblocks.com\/es\/wp-json\/wp\/v2\/media\/119285"}],"wp:attachment":[{"href":"https:\/\/www.silentblocks.com\/es\/wp-json\/wp\/v2\/media?parent=83528"}],"wp:term":[{"taxonomy":"product_brand","embeddable":true,"href":"https:\/\/www.silentblocks.com\/es\/wp-json\/wp\/v2\/product_brand?post=83528"},{"taxonomy":"product_cat","embeddable":true,"href":"https:\/\/www.silentblocks.com\/es\/wp-json\/wp\/v2\/product_cat?post=83528"},{"taxonomy":"product_tag","embeddable":true,"href":"https:\/\/www.silentblocks.com\/es\/wp-json\/wp\/v2\/product_tag?post=83528"}],"curies":[{"name":"wp","href":"https:\/\/api.w.org\/{rel}","templated":true}]}}