{"id":83729,"date":"2023-04-26T22:54:06","date_gmt":"2023-04-26T22:54:06","guid":{"rendered":"https:\/\/www.silentblocks.com\/product\/kit-silentblocs-suspension-arriere-2\/"},"modified":"2026-02-17T21:24:36","modified_gmt":"2026-02-17T21:24:36","slug":"kit-silentblocs-suspension-arriere-2","status":"publish","type":"product","link":"https:\/\/www.silentblocks.com\/es\/producto\/kit-silentblocs-suspension-arriere-2\/","title":{"rendered":"Kit silentblock suspensi\u00f3n trasera, C-Max, Focus, Kuga, Mazda 3, S40, V50"},"content":{"rendered":"<p>14 Silentblocks para la suspensi\u00f3n trasera, compatible con los siguientes veh\u00edculos:<br \/>\nFord C-Max (01.10.2003-31.03.2007)<br \/>\nFord Focus (01.10.1998&gt;12.2007)<br \/>\nFord Focus (11.2004&gt;)<br \/>\nFord Kuga I<\/p>\n<p>Mazda 3 (01.10.2003&gt;06.2009)<br \/>\nMazda 5 (01.02.2005&gt;12.2010)<\/p>\n<p>Volvo C30 (10.2006-12.2012)<br \/>\nVolvo S40 (01.01.2004&gt;12.2012)<br \/>\nVolvo V50 (01.04.2004&gt;12.2012)<\/p>\n<p>Referencias del fabricante (c\u00f3digo OEM) s\u00f3lo a t\u00edtulo informativo :<br \/>\n6M515500BA, 3M51-5K652-GB<\/p>\n<p>Piezas nuevas, se vende con factura. Todos nuestros productos tienen 2 a\u00f1os de garant\u00eda.<\/p>\n<p>&nbsp;<\/p>\n<p>&nbsp;<\/p>\n","protected":false},"excerpt":{"rendered":"<p>14 Silentblocks para suspensi\u00f3n trasera, Ford C-Max, Focus, Mazda 3, 5 y Volvo S40, V50<\/p>\n","protected":false},"featured_media":119041,"template":"","meta":[],"product_brand":[],"product_cat":[2169,2636,2660,2663,2665,2685,2202,2994,2996,2253,3709,3720,3717,3735],"product_tag":[],"class_list":{"0":"post-83729","1":"product","2":"type-product","3":"status-publish","4":"has-post-thumbnail","6":"product_cat-ford-es","7":"product_cat-c-max-2003-2007-es","8":"product_cat-focus-es","9":"product_cat-focus-i-98-10-es","10":"product_cat-focus-ii-04-15-es","11":"product_cat-kuga-es","12":"product_cat-mazda-es","13":"product_cat-3-es","14":"product_cat-5-es","15":"product_cat-volvo-es","16":"product_cat-c30-es","17":"product_cat-s40-v40-es","18":"product_cat-s40-2004-es","19":"product_cat-v50-es","21":"first","22":"instock","23":"shipping-taxable","24":"purchasable","25":"product-type-simple"},"yoast_head":"<!-- This site is optimized with the Yoast SEO Premium plugin v23.0 (Yoast SEO v27.4) - https:\/\/yoast.com\/product\/yoast-seo-premium-wordpress\/ -->\n<title>Kit silentblock suspensi\u00f3n trasera, C-Max, Focus, Kuga, Mazda 3, S40, V50 - SILENT BLOCKS<\/title>\n<meta name=\"description\" content=\"Kit silentblocks para brazos de suspensi\u00f3n trasera para Ford C-Max, Ford Focus, Mazda 3, Volvo S40, Volvo V50\" \/>\n<meta name=\"robots\" content=\"index, follow, max-snippet:-1, max-image-preview:large, max-video-preview:-1\" \/>\n<link rel=\"canonical\" href=\"https:\/\/www.silentblocks.com\/es\/producto\/kit-silentblocs-suspension-arriere-2\/\" \/>\n<meta property=\"og:locale\" content=\"es_ES\" \/>\n<meta property=\"og:type\" content=\"article\" \/>\n<meta property=\"og:title\" content=\"Kit silentblock suspensi\u00f3n trasera, C-Max, Focus, Kuga, Mazda 3, S40, V50\" \/>\n<meta property=\"og:description\" content=\"Kit silentblocks para brazos de suspensi\u00f3n trasera para Ford C-Max, Ford Focus, Mazda 3, Volvo S40, Volvo V50\" \/>\n<meta property=\"og:url\" content=\"https:\/\/www.silentblocks.com\/es\/producto\/kit-silentblocs-suspension-arriere-2\/\" \/>\n<meta property=\"og:site_name\" content=\"SILENT BLOCKS\" \/>\n<meta property=\"article:modified_time\" content=\"2026-02-17T21:24:36+00:00\" \/>\n<meta property=\"og:image\" content=\"https:\/\/www.silentblocks.com\/wp-content\/uploads\/2026\/02\/kit-suspension-arriere-Ford-Focus-C-max-KIT0136-1-2.jpg\" \/>\n\t<meta property=\"og:image:width\" content=\"1024\" \/>\n\t<meta property=\"og:image:height\" content=\"1024\" \/>\n\t<meta property=\"og:image:type\" content=\"image\/jpeg\" \/>\n<meta name=\"twitter:card\" content=\"summary_large_image\" \/>\n<script type=\"application\/ld+json\" class=\"yoast-schema-graph\">{\"@context\":\"https:\\\/\\\/schema.org\",\"@graph\":[{\"@type\":\"WebPage\",\"@id\":\"https:\\\/\\\/www.silentblocks.com\\\/es\\\/producto\\\/kit-silentblocs-suspension-arriere-2\\\/\",\"url\":\"https:\\\/\\\/www.silentblocks.com\\\/es\\\/producto\\\/kit-silentblocs-suspension-arriere-2\\\/\",\"name\":\"Kit silentblock suspensi\u00f3n trasera, C-Max, Focus, Kuga, Mazda 3, S40, V50 - SILENT BLOCKS\",\"isPartOf\":{\"@id\":\"https:\\\/\\\/www.silentblocks.com\\\/es\\\/#website\"},\"primaryImageOfPage\":{\"@id\":\"https:\\\/\\\/www.silentblocks.com\\\/es\\\/producto\\\/kit-silentblocs-suspension-arriere-2\\\/#primaryimage\"},\"image\":{\"@id\":\"https:\\\/\\\/www.silentblocks.com\\\/es\\\/producto\\\/kit-silentblocs-suspension-arriere-2\\\/#primaryimage\"},\"thumbnailUrl\":\"https:\\\/\\\/www.silentblocks.com\\\/wp-content\\\/uploads\\\/2026\\\/02\\\/kit-suspension-arriere-Ford-Focus-C-max-KIT0136-1-2.jpg\",\"datePublished\":\"2023-04-26T22:54:06+00:00\",\"dateModified\":\"2026-02-17T21:24:36+00:00\",\"description\":\"Kit silentblocks para brazos de suspensi\u00f3n trasera para Ford C-Max, Ford Focus, Mazda 3, Volvo S40, Volvo V50\",\"breadcrumb\":{\"@id\":\"https:\\\/\\\/www.silentblocks.com\\\/es\\\/producto\\\/kit-silentblocs-suspension-arriere-2\\\/#breadcrumb\"},\"inLanguage\":\"es\",\"potentialAction\":[{\"@type\":\"ReadAction\",\"target\":[\"https:\\\/\\\/www.silentblocks.com\\\/es\\\/producto\\\/kit-silentblocs-suspension-arriere-2\\\/\"]}]},{\"@type\":\"ImageObject\",\"inLanguage\":\"es\",\"@id\":\"https:\\\/\\\/www.silentblocks.com\\\/es\\\/producto\\\/kit-silentblocs-suspension-arriere-2\\\/#primaryimage\",\"url\":\"https:\\\/\\\/www.silentblocks.com\\\/wp-content\\\/uploads\\\/2026\\\/02\\\/kit-suspension-arriere-Ford-Focus-C-max-KIT0136-1-2.jpg\",\"contentUrl\":\"https:\\\/\\\/www.silentblocks.com\\\/wp-content\\\/uploads\\\/2026\\\/02\\\/kit-suspension-arriere-Ford-Focus-C-max-KIT0136-1-2.jpg\",\"width\":1024,\"height\":1024},{\"@type\":\"BreadcrumbList\",\"@id\":\"https:\\\/\\\/www.silentblocks.com\\\/es\\\/producto\\\/kit-silentblocs-suspension-arriere-2\\\/#breadcrumb\",\"itemListElement\":[{\"@type\":\"ListItem\",\"position\":1,\"name\":\"In\u00edcio\",\"item\":\"https:\\\/\\\/www.silentblocks.com\\\/es\\\/\"},{\"@type\":\"ListItem\",\"position\":2,\"name\":\"Page boutique\",\"item\":\"https:\\\/\\\/www.silentblocks.com\\\/es\\\/shop-2\\\/\"},{\"@type\":\"ListItem\",\"position\":3,\"name\":\"Kit silentblock suspensi\u00f3n trasera, C-Max, Focus, Kuga, Mazda 3, S40, V50\"}]},{\"@type\":\"WebSite\",\"@id\":\"https:\\\/\\\/www.silentblocks.com\\\/es\\\/#website\",\"url\":\"https:\\\/\\\/www.silentblocks.com\\\/es\\\/\",\"name\":\"SILENTBLOCKS\",\"description\":\"Secure on the road\",\"publisher\":{\"@id\":\"https:\\\/\\\/www.silentblocks.com\\\/es\\\/#organization\"},\"potentialAction\":[{\"@type\":\"SearchAction\",\"target\":{\"@type\":\"EntryPoint\",\"urlTemplate\":\"https:\\\/\\\/www.silentblocks.com\\\/es\\\/?s={search_term_string}\"},\"query-input\":{\"@type\":\"PropertyValueSpecification\",\"valueRequired\":true,\"valueName\":\"search_term_string\"}}],\"inLanguage\":\"es\"},{\"@type\":\"Organization\",\"@id\":\"https:\\\/\\\/www.silentblocks.com\\\/es\\\/#organization\",\"name\":\"SILENTBLOCKS\",\"url\":\"https:\\\/\\\/www.silentblocks.com\\\/es\\\/\",\"logo\":{\"@type\":\"ImageObject\",\"inLanguage\":\"es\",\"@id\":\"https:\\\/\\\/www.silentblocks.com\\\/es\\\/#\\\/schema\\\/logo\\\/image\\\/\",\"url\":\"https:\\\/\\\/www.silentblocks.com\\\/wp-content\\\/uploads\\\/2023\\\/07\\\/logo211-sem-fundo_2012-PARA-BOUTIQUE-EBAY.png\",\"contentUrl\":\"https:\\\/\\\/www.silentblocks.com\\\/wp-content\\\/uploads\\\/2023\\\/07\\\/logo211-sem-fundo_2012-PARA-BOUTIQUE-EBAY.png\",\"width\":300,\"height\":190,\"caption\":\"SILENTBLOCKS\"},\"image\":{\"@id\":\"https:\\\/\\\/www.silentblocks.com\\\/es\\\/#\\\/schema\\\/logo\\\/image\\\/\"}}]}<\/script>\n<!-- \/ Yoast SEO Premium plugin. -->","yoast_head_json":{"title":"Kit silentblock suspensi\u00f3n trasera, C-Max, Focus, Kuga, Mazda 3, S40, V50 - SILENT BLOCKS","description":"Kit silentblocks para brazos de suspensi\u00f3n trasera para Ford C-Max, Ford Focus, Mazda 3, Volvo S40, Volvo V50","robots":{"index":"index","follow":"follow","max-snippet":"max-snippet:-1","max-image-preview":"max-image-preview:large","max-video-preview":"max-video-preview:-1"},"canonical":"https:\/\/www.silentblocks.com\/es\/producto\/kit-silentblocs-suspension-arriere-2\/","og_locale":"es_ES","og_type":"article","og_title":"Kit silentblock suspensi\u00f3n trasera, C-Max, Focus, Kuga, Mazda 3, S40, V50","og_description":"Kit silentblocks para brazos de suspensi\u00f3n trasera para Ford C-Max, Ford Focus, Mazda 3, Volvo S40, Volvo V50","og_url":"https:\/\/www.silentblocks.com\/es\/producto\/kit-silentblocs-suspension-arriere-2\/","og_site_name":"SILENT BLOCKS","article_modified_time":"2026-02-17T21:24:36+00:00","og_image":[{"width":1024,"height":1024,"url":"https:\/\/www.silentblocks.com\/wp-content\/uploads\/2026\/02\/kit-suspension-arriere-Ford-Focus-C-max-KIT0136-1-2.jpg","type":"image\/jpeg"}],"twitter_card":"summary_large_image","schema":{"@context":"https:\/\/schema.org","@graph":[{"@type":"WebPage","@id":"https:\/\/www.silentblocks.com\/es\/producto\/kit-silentblocs-suspension-arriere-2\/","url":"https:\/\/www.silentblocks.com\/es\/producto\/kit-silentblocs-suspension-arriere-2\/","name":"Kit silentblock suspensi\u00f3n trasera, C-Max, Focus, Kuga, Mazda 3, S40, V50 - SILENT BLOCKS","isPartOf":{"@id":"https:\/\/www.silentblocks.com\/es\/#website"},"primaryImageOfPage":{"@id":"https:\/\/www.silentblocks.com\/es\/producto\/kit-silentblocs-suspension-arriere-2\/#primaryimage"},"image":{"@id":"https:\/\/www.silentblocks.com\/es\/producto\/kit-silentblocs-suspension-arriere-2\/#primaryimage"},"thumbnailUrl":"https:\/\/www.silentblocks.com\/wp-content\/uploads\/2026\/02\/kit-suspension-arriere-Ford-Focus-C-max-KIT0136-1-2.jpg","datePublished":"2023-04-26T22:54:06+00:00","dateModified":"2026-02-17T21:24:36+00:00","description":"Kit silentblocks para brazos de suspensi\u00f3n trasera para Ford C-Max, Ford Focus, Mazda 3, Volvo S40, Volvo V50","breadcrumb":{"@id":"https:\/\/www.silentblocks.com\/es\/producto\/kit-silentblocs-suspension-arriere-2\/#breadcrumb"},"inLanguage":"es","potentialAction":[{"@type":"ReadAction","target":["https:\/\/www.silentblocks.com\/es\/producto\/kit-silentblocs-suspension-arriere-2\/"]}]},{"@type":"ImageObject","inLanguage":"es","@id":"https:\/\/www.silentblocks.com\/es\/producto\/kit-silentblocs-suspension-arriere-2\/#primaryimage","url":"https:\/\/www.silentblocks.com\/wp-content\/uploads\/2026\/02\/kit-suspension-arriere-Ford-Focus-C-max-KIT0136-1-2.jpg","contentUrl":"https:\/\/www.silentblocks.com\/wp-content\/uploads\/2026\/02\/kit-suspension-arriere-Ford-Focus-C-max-KIT0136-1-2.jpg","width":1024,"height":1024},{"@type":"BreadcrumbList","@id":"https:\/\/www.silentblocks.com\/es\/producto\/kit-silentblocs-suspension-arriere-2\/#breadcrumb","itemListElement":[{"@type":"ListItem","position":1,"name":"In\u00edcio","item":"https:\/\/www.silentblocks.com\/es\/"},{"@type":"ListItem","position":2,"name":"Page boutique","item":"https:\/\/www.silentblocks.com\/es\/shop-2\/"},{"@type":"ListItem","position":3,"name":"Kit silentblock suspensi\u00f3n trasera, C-Max, Focus, Kuga, Mazda 3, S40, V50"}]},{"@type":"WebSite","@id":"https:\/\/www.silentblocks.com\/es\/#website","url":"https:\/\/www.silentblocks.com\/es\/","name":"SILENTBLOCKS","description":"Secure on the road","publisher":{"@id":"https:\/\/www.silentblocks.com\/es\/#organization"},"potentialAction":[{"@type":"SearchAction","target":{"@type":"EntryPoint","urlTemplate":"https:\/\/www.silentblocks.com\/es\/?s={search_term_string}"},"query-input":{"@type":"PropertyValueSpecification","valueRequired":true,"valueName":"search_term_string"}}],"inLanguage":"es"},{"@type":"Organization","@id":"https:\/\/www.silentblocks.com\/es\/#organization","name":"SILENTBLOCKS","url":"https:\/\/www.silentblocks.com\/es\/","logo":{"@type":"ImageObject","inLanguage":"es","@id":"https:\/\/www.silentblocks.com\/es\/#\/schema\/logo\/image\/","url":"https:\/\/www.silentblocks.com\/wp-content\/uploads\/2023\/07\/logo211-sem-fundo_2012-PARA-BOUTIQUE-EBAY.png","contentUrl":"https:\/\/www.silentblocks.com\/wp-content\/uploads\/2023\/07\/logo211-sem-fundo_2012-PARA-BOUTIQUE-EBAY.png","width":300,"height":190,"caption":"SILENTBLOCKS"},"image":{"@id":"https:\/\/www.silentblocks.com\/es\/#\/schema\/logo\/image\/"}}]}},"_links":{"self":[{"href":"https:\/\/www.silentblocks.com\/es\/wp-json\/wp\/v2\/product\/83729","targetHints":{"allow":["GET"]}}],"collection":[{"href":"https:\/\/www.silentblocks.com\/es\/wp-json\/wp\/v2\/product"}],"about":[{"href":"https:\/\/www.silentblocks.com\/es\/wp-json\/wp\/v2\/types\/product"}],"version-history":[{"count":0,"href":"https:\/\/www.silentblocks.com\/es\/wp-json\/wp\/v2\/product\/83729\/revisions"}],"wp:featuredmedia":[{"embeddable":true,"href":"https:\/\/www.silentblocks.com\/es\/wp-json\/wp\/v2\/media\/119041"}],"wp:attachment":[{"href":"https:\/\/www.silentblocks.com\/es\/wp-json\/wp\/v2\/media?parent=83729"}],"wp:term":[{"taxonomy":"product_brand","embeddable":true,"href":"https:\/\/www.silentblocks.com\/es\/wp-json\/wp\/v2\/product_brand?post=83729"},{"taxonomy":"product_cat","embeddable":true,"href":"https:\/\/www.silentblocks.com\/es\/wp-json\/wp\/v2\/product_cat?post=83729"},{"taxonomy":"product_tag","embeddable":true,"href":"https:\/\/www.silentblocks.com\/es\/wp-json\/wp\/v2\/product_tag?post=83729"}],"curies":[{"name":"wp","href":"https:\/\/api.w.org\/{rel}","templated":true}]}}