{"id":84442,"date":"2023-04-26T22:53:24","date_gmt":"2023-04-26T22:53:24","guid":{"rendered":"https:\/\/www.silentblocks.com\/product\/2-silentblocs-dampers-front-pajero-ii-2\/"},"modified":"2026-02-17T21:26:33","modified_gmt":"2026-02-17T21:26:33","slug":"2-silentblocs-dampers-front-pajero-ii-2","status":"publish","type":"product","link":"https:\/\/www.silentblocks.com\/es\/producto\/2-silentblocs-dampers-front-pajero-ii-2\/","title":{"rendered":"Silentblocks para amortiguadores delanteros L200 KA4T\/ KB4T\/ KB9T, Pajero II"},"content":{"rendered":"<p>2 Silentblocks amortiguadores delanteros, compatible con los siguientes veh\u00edculos:<br \/>\nMitsubishi L200 SPORTERO KB9T 4WD 2005-2015<br \/>\nMitsubishi L200 KB4T 4WD 2005-2015<br \/>\nMitsubishi L200 KA4T 2005-2015<br \/>\nMitsubishi L200 KA,KB# 2005.12-2013.01  [EUR\/MMTH]<br \/>\nMitsubishi Pajero\/ Montero SPORT CHALLENGER KH# 2008-<br \/>\nMitsubishi Pajero\/ Montero SPORT KH0# 2008.07-2013.01  [EUR\/MMTH]<\/p>\n<p>Referencias del fabricante (c\u00f3digo OEM) s\u00f3lo a t\u00edtulo informativo :<br \/>\n4062A031, MR267960, MB892585<\/p>\n<p>Piezas nuevas, se vende con factura. Todos nuestros productos tienen 2 a\u00f1os de garant\u00eda.<\/p>\n","protected":false},"excerpt":{"rendered":"<p>2 Silentblocs amortiguadores delanteros L200 KA4T\/KB4T\/KB9T, Pajero II<\/p>\n","protected":false},"featured_media":132742,"template":"","meta":[],"product_brand":[],"product_cat":[2211,3112,3120,3130,3143],"product_tag":[],"class_list":{"0":"post-84442","1":"product","2":"type-product","3":"status-publish","4":"has-post-thumbnail","6":"product_cat-mitsubishi-es","7":"product_cat-l200-2005-es","8":"product_cat-l400-es","9":"product_cat-pajero-ii-es","10":"product_cat-pajero-sport-09-13-es","12":"first","13":"instock","14":"shipping-taxable","15":"purchasable","16":"product-type-simple"},"yoast_head":"<!-- This site is optimized with the Yoast SEO Premium plugin v23.0 (Yoast SEO v27.4) - https:\/\/yoast.com\/product\/yoast-seo-premium-wordpress\/ -->\n<title>Silentblocks para amortiguadores delanteros L200 KA4T\/ KB4T\/ KB9T, Pajero II - SILENT BLOCKS<\/title>\n<meta name=\"description\" content=\"Silent blocks para amortiguadores delanteros para Mitsubishi L200 KA4T\/ KB4T\/ KB9T, Mitsubishi Pajero II, compatible oem 4062A031, MR267960, MB892585\" \/>\n<meta name=\"robots\" content=\"index, follow, max-snippet:-1, max-image-preview:large, max-video-preview:-1\" \/>\n<link rel=\"canonical\" href=\"https:\/\/www.silentblocks.com\/es\/producto\/2-silentblocs-dampers-front-pajero-ii-2\/\" \/>\n<meta property=\"og:locale\" content=\"es_ES\" \/>\n<meta property=\"og:type\" content=\"article\" \/>\n<meta property=\"og:title\" content=\"Silentblocks para amortiguadores delanteros L200 KA4T\/ KB4T\/ KB9T, Pajero II\" \/>\n<meta property=\"og:description\" content=\"Silent blocks para amortiguadores delanteros para Mitsubishi L200 KA4T\/ KB4T\/ KB9T, Mitsubishi Pajero II, compatible oem 4062A031, MR267960, MB892585\" \/>\n<meta property=\"og:url\" content=\"https:\/\/www.silentblocks.com\/es\/producto\/2-silentblocs-dampers-front-pajero-ii-2\/\" \/>\n<meta property=\"og:site_name\" content=\"SILENT BLOCKS\" \/>\n<meta property=\"article:modified_time\" content=\"2026-02-17T21:26:33+00:00\" \/>\n<meta property=\"og:image\" content=\"https:\/\/www.silentblocks.com\/wp-content\/uploads\/2023\/04\/silentbloc-amortisseurs-avant-Pajero-II.jpg\" \/>\n\t<meta property=\"og:image:width\" content=\"1500\" \/>\n\t<meta property=\"og:image:height\" content=\"1500\" \/>\n\t<meta property=\"og:image:type\" content=\"image\/jpeg\" \/>\n<meta name=\"twitter:card\" content=\"summary_large_image\" \/>\n<script type=\"application\/ld+json\" class=\"yoast-schema-graph\">{\"@context\":\"https:\\\/\\\/schema.org\",\"@graph\":[{\"@type\":\"WebPage\",\"@id\":\"https:\\\/\\\/www.silentblocks.com\\\/es\\\/producto\\\/2-silentblocs-dampers-front-pajero-ii-2\\\/\",\"url\":\"https:\\\/\\\/www.silentblocks.com\\\/es\\\/producto\\\/2-silentblocs-dampers-front-pajero-ii-2\\\/\",\"name\":\"Silentblocks para amortiguadores delanteros L200 KA4T\\\/ KB4T\\\/ KB9T, Pajero II - SILENT BLOCKS\",\"isPartOf\":{\"@id\":\"https:\\\/\\\/www.silentblocks.com\\\/es\\\/#website\"},\"primaryImageOfPage\":{\"@id\":\"https:\\\/\\\/www.silentblocks.com\\\/es\\\/producto\\\/2-silentblocs-dampers-front-pajero-ii-2\\\/#primaryimage\"},\"image\":{\"@id\":\"https:\\\/\\\/www.silentblocks.com\\\/es\\\/producto\\\/2-silentblocs-dampers-front-pajero-ii-2\\\/#primaryimage\"},\"thumbnailUrl\":\"https:\\\/\\\/www.silentblocks.com\\\/wp-content\\\/uploads\\\/2023\\\/04\\\/silentbloc-amortisseurs-avant-Pajero-II.jpg\",\"datePublished\":\"2023-04-26T22:53:24+00:00\",\"dateModified\":\"2026-02-17T21:26:33+00:00\",\"description\":\"Silent blocks para amortiguadores delanteros para Mitsubishi L200 KA4T\\\/ KB4T\\\/ KB9T, Mitsubishi Pajero II, compatible oem 4062A031, MR267960, MB892585\",\"breadcrumb\":{\"@id\":\"https:\\\/\\\/www.silentblocks.com\\\/es\\\/producto\\\/2-silentblocs-dampers-front-pajero-ii-2\\\/#breadcrumb\"},\"inLanguage\":\"es\",\"potentialAction\":[{\"@type\":\"ReadAction\",\"target\":[\"https:\\\/\\\/www.silentblocks.com\\\/es\\\/producto\\\/2-silentblocs-dampers-front-pajero-ii-2\\\/\"]}]},{\"@type\":\"ImageObject\",\"inLanguage\":\"es\",\"@id\":\"https:\\\/\\\/www.silentblocks.com\\\/es\\\/producto\\\/2-silentblocs-dampers-front-pajero-ii-2\\\/#primaryimage\",\"url\":\"https:\\\/\\\/www.silentblocks.com\\\/wp-content\\\/uploads\\\/2023\\\/04\\\/silentbloc-amortisseurs-avant-Pajero-II.jpg\",\"contentUrl\":\"https:\\\/\\\/www.silentblocks.com\\\/wp-content\\\/uploads\\\/2023\\\/04\\\/silentbloc-amortisseurs-avant-Pajero-II.jpg\",\"width\":1500,\"height\":1500},{\"@type\":\"BreadcrumbList\",\"@id\":\"https:\\\/\\\/www.silentblocks.com\\\/es\\\/producto\\\/2-silentblocs-dampers-front-pajero-ii-2\\\/#breadcrumb\",\"itemListElement\":[{\"@type\":\"ListItem\",\"position\":1,\"name\":\"In\u00edcio\",\"item\":\"https:\\\/\\\/www.silentblocks.com\\\/es\\\/\"},{\"@type\":\"ListItem\",\"position\":2,\"name\":\"Page boutique\",\"item\":\"https:\\\/\\\/www.silentblocks.com\\\/es\\\/shop-2\\\/\"},{\"@type\":\"ListItem\",\"position\":3,\"name\":\"Silentblocks para amortiguadores delanteros L200 KA4T\\\/ KB4T\\\/ KB9T, Pajero II\"}]},{\"@type\":\"WebSite\",\"@id\":\"https:\\\/\\\/www.silentblocks.com\\\/es\\\/#website\",\"url\":\"https:\\\/\\\/www.silentblocks.com\\\/es\\\/\",\"name\":\"SILENTBLOCKS\",\"description\":\"Secure on the road\",\"publisher\":{\"@id\":\"https:\\\/\\\/www.silentblocks.com\\\/es\\\/#organization\"},\"potentialAction\":[{\"@type\":\"SearchAction\",\"target\":{\"@type\":\"EntryPoint\",\"urlTemplate\":\"https:\\\/\\\/www.silentblocks.com\\\/es\\\/?s={search_term_string}\"},\"query-input\":{\"@type\":\"PropertyValueSpecification\",\"valueRequired\":true,\"valueName\":\"search_term_string\"}}],\"inLanguage\":\"es\"},{\"@type\":\"Organization\",\"@id\":\"https:\\\/\\\/www.silentblocks.com\\\/es\\\/#organization\",\"name\":\"SILENTBLOCKS\",\"url\":\"https:\\\/\\\/www.silentblocks.com\\\/es\\\/\",\"logo\":{\"@type\":\"ImageObject\",\"inLanguage\":\"es\",\"@id\":\"https:\\\/\\\/www.silentblocks.com\\\/es\\\/#\\\/schema\\\/logo\\\/image\\\/\",\"url\":\"https:\\\/\\\/www.silentblocks.com\\\/wp-content\\\/uploads\\\/2023\\\/07\\\/logo211-sem-fundo_2012-PARA-BOUTIQUE-EBAY.png\",\"contentUrl\":\"https:\\\/\\\/www.silentblocks.com\\\/wp-content\\\/uploads\\\/2023\\\/07\\\/logo211-sem-fundo_2012-PARA-BOUTIQUE-EBAY.png\",\"width\":300,\"height\":190,\"caption\":\"SILENTBLOCKS\"},\"image\":{\"@id\":\"https:\\\/\\\/www.silentblocks.com\\\/es\\\/#\\\/schema\\\/logo\\\/image\\\/\"}}]}<\/script>\n<!-- \/ Yoast SEO Premium plugin. -->","yoast_head_json":{"title":"Silentblocks para amortiguadores delanteros L200 KA4T\/ KB4T\/ KB9T, Pajero II - SILENT BLOCKS","description":"Silent blocks para amortiguadores delanteros para Mitsubishi L200 KA4T\/ KB4T\/ KB9T, Mitsubishi Pajero II, compatible oem 4062A031, MR267960, MB892585","robots":{"index":"index","follow":"follow","max-snippet":"max-snippet:-1","max-image-preview":"max-image-preview:large","max-video-preview":"max-video-preview:-1"},"canonical":"https:\/\/www.silentblocks.com\/es\/producto\/2-silentblocs-dampers-front-pajero-ii-2\/","og_locale":"es_ES","og_type":"article","og_title":"Silentblocks para amortiguadores delanteros L200 KA4T\/ KB4T\/ KB9T, Pajero II","og_description":"Silent blocks para amortiguadores delanteros para Mitsubishi L200 KA4T\/ KB4T\/ KB9T, Mitsubishi Pajero II, compatible oem 4062A031, MR267960, MB892585","og_url":"https:\/\/www.silentblocks.com\/es\/producto\/2-silentblocs-dampers-front-pajero-ii-2\/","og_site_name":"SILENT BLOCKS","article_modified_time":"2026-02-17T21:26:33+00:00","og_image":[{"width":1500,"height":1500,"url":"https:\/\/www.silentblocks.com\/wp-content\/uploads\/2023\/04\/silentbloc-amortisseurs-avant-Pajero-II.jpg","type":"image\/jpeg"}],"twitter_card":"summary_large_image","schema":{"@context":"https:\/\/schema.org","@graph":[{"@type":"WebPage","@id":"https:\/\/www.silentblocks.com\/es\/producto\/2-silentblocs-dampers-front-pajero-ii-2\/","url":"https:\/\/www.silentblocks.com\/es\/producto\/2-silentblocs-dampers-front-pajero-ii-2\/","name":"Silentblocks para amortiguadores delanteros L200 KA4T\/ KB4T\/ KB9T, Pajero II - SILENT BLOCKS","isPartOf":{"@id":"https:\/\/www.silentblocks.com\/es\/#website"},"primaryImageOfPage":{"@id":"https:\/\/www.silentblocks.com\/es\/producto\/2-silentblocs-dampers-front-pajero-ii-2\/#primaryimage"},"image":{"@id":"https:\/\/www.silentblocks.com\/es\/producto\/2-silentblocs-dampers-front-pajero-ii-2\/#primaryimage"},"thumbnailUrl":"https:\/\/www.silentblocks.com\/wp-content\/uploads\/2023\/04\/silentbloc-amortisseurs-avant-Pajero-II.jpg","datePublished":"2023-04-26T22:53:24+00:00","dateModified":"2026-02-17T21:26:33+00:00","description":"Silent blocks para amortiguadores delanteros para Mitsubishi L200 KA4T\/ KB4T\/ KB9T, Mitsubishi Pajero II, compatible oem 4062A031, MR267960, MB892585","breadcrumb":{"@id":"https:\/\/www.silentblocks.com\/es\/producto\/2-silentblocs-dampers-front-pajero-ii-2\/#breadcrumb"},"inLanguage":"es","potentialAction":[{"@type":"ReadAction","target":["https:\/\/www.silentblocks.com\/es\/producto\/2-silentblocs-dampers-front-pajero-ii-2\/"]}]},{"@type":"ImageObject","inLanguage":"es","@id":"https:\/\/www.silentblocks.com\/es\/producto\/2-silentblocs-dampers-front-pajero-ii-2\/#primaryimage","url":"https:\/\/www.silentblocks.com\/wp-content\/uploads\/2023\/04\/silentbloc-amortisseurs-avant-Pajero-II.jpg","contentUrl":"https:\/\/www.silentblocks.com\/wp-content\/uploads\/2023\/04\/silentbloc-amortisseurs-avant-Pajero-II.jpg","width":1500,"height":1500},{"@type":"BreadcrumbList","@id":"https:\/\/www.silentblocks.com\/es\/producto\/2-silentblocs-dampers-front-pajero-ii-2\/#breadcrumb","itemListElement":[{"@type":"ListItem","position":1,"name":"In\u00edcio","item":"https:\/\/www.silentblocks.com\/es\/"},{"@type":"ListItem","position":2,"name":"Page boutique","item":"https:\/\/www.silentblocks.com\/es\/shop-2\/"},{"@type":"ListItem","position":3,"name":"Silentblocks para amortiguadores delanteros L200 KA4T\/ KB4T\/ KB9T, Pajero II"}]},{"@type":"WebSite","@id":"https:\/\/www.silentblocks.com\/es\/#website","url":"https:\/\/www.silentblocks.com\/es\/","name":"SILENTBLOCKS","description":"Secure on the road","publisher":{"@id":"https:\/\/www.silentblocks.com\/es\/#organization"},"potentialAction":[{"@type":"SearchAction","target":{"@type":"EntryPoint","urlTemplate":"https:\/\/www.silentblocks.com\/es\/?s={search_term_string}"},"query-input":{"@type":"PropertyValueSpecification","valueRequired":true,"valueName":"search_term_string"}}],"inLanguage":"es"},{"@type":"Organization","@id":"https:\/\/www.silentblocks.com\/es\/#organization","name":"SILENTBLOCKS","url":"https:\/\/www.silentblocks.com\/es\/","logo":{"@type":"ImageObject","inLanguage":"es","@id":"https:\/\/www.silentblocks.com\/es\/#\/schema\/logo\/image\/","url":"https:\/\/www.silentblocks.com\/wp-content\/uploads\/2023\/07\/logo211-sem-fundo_2012-PARA-BOUTIQUE-EBAY.png","contentUrl":"https:\/\/www.silentblocks.com\/wp-content\/uploads\/2023\/07\/logo211-sem-fundo_2012-PARA-BOUTIQUE-EBAY.png","width":300,"height":190,"caption":"SILENTBLOCKS"},"image":{"@id":"https:\/\/www.silentblocks.com\/es\/#\/schema\/logo\/image\/"}}]}},"_links":{"self":[{"href":"https:\/\/www.silentblocks.com\/es\/wp-json\/wp\/v2\/product\/84442","targetHints":{"allow":["GET"]}}],"collection":[{"href":"https:\/\/www.silentblocks.com\/es\/wp-json\/wp\/v2\/product"}],"about":[{"href":"https:\/\/www.silentblocks.com\/es\/wp-json\/wp\/v2\/types\/product"}],"version-history":[{"count":0,"href":"https:\/\/www.silentblocks.com\/es\/wp-json\/wp\/v2\/product\/84442\/revisions"}],"wp:featuredmedia":[{"embeddable":true,"href":"https:\/\/www.silentblocks.com\/es\/wp-json\/wp\/v2\/media\/132742"}],"wp:attachment":[{"href":"https:\/\/www.silentblocks.com\/es\/wp-json\/wp\/v2\/media?parent=84442"}],"wp:term":[{"taxonomy":"product_brand","embeddable":true,"href":"https:\/\/www.silentblocks.com\/es\/wp-json\/wp\/v2\/product_brand?post=84442"},{"taxonomy":"product_cat","embeddable":true,"href":"https:\/\/www.silentblocks.com\/es\/wp-json\/wp\/v2\/product_cat?post=84442"},{"taxonomy":"product_tag","embeddable":true,"href":"https:\/\/www.silentblocks.com\/es\/wp-json\/wp\/v2\/product_tag?post=84442"}],"curies":[{"name":"wp","href":"https:\/\/api.w.org\/{rel}","templated":true}]}}