{"id":84685,"date":"2023-04-26T22:52:54","date_gmt":"2023-04-26T22:52:54","guid":{"rendered":"https:\/\/www.silentblocks.com\/product\/silentblocs-barra-estabilizadora-frontal-daewoo\/"},"modified":"2026-02-17T21:27:13","modified_gmt":"2026-02-17T21:27:13","slug":"silentblocs-barra-estabilizadora-frontal-daewoo","status":"publish","type":"product","link":"https:\/\/www.silentblocks.com\/es\/producto\/silentblocs-barra-estabilizadora-frontal-daewoo\/","title":{"rendered":"Silentblocks para barras estabilizadoras delanteras Daewoo Lanos, Nubira, Leganza (\u00d824mm)"},"content":{"rendered":"<p>2 Casquillos para barra estabilizadora delantera, compatible con los siguientes veh\u00edculos:<br \/>\nDaewoo Lanos (01.01.1997&gt;)<br \/>\nModelos: TA08 \/ TA48 \/ TA69 \/ TF08 \/ TF48 \/ TF69<br \/>\nDaewoo Nubira (01.04.1997&gt;)<br \/>\nModelos: A15S \/ A16D \/ C18L \/ X20S<br \/>\nDaewoo Leganza (01.04.1997&gt;)<br \/>\nTodos los modelos<\/p>\n<p>Di\u00e1metro interior: \u00d824mm<\/p>\n<p>Referencias del fabricante (c\u00f3digo OEM) s\u00f3lo a t\u00edtulo informativo :<br \/>\n96227420, 96246674<\/p>\n<p>Piezas nuevas, se vende con factura. Todos nuestros productos tienen 2 a\u00f1os de garant\u00eda.<\/p>\n","protected":false},"excerpt":{"rendered":"<p>2 barras estabilizadoras delanteras Silentblocs Daewoo Lanos, Nubira, Leganza<\/p>\n","protected":false},"featured_media":117837,"template":"","meta":[],"product_brand":[],"product_cat":[2139,2406,2154,2503,2506,2513],"product_tag":[],"class_list":{"0":"post-84685","1":"product","2":"type-product","3":"status-publish","4":"has-post-thumbnail","6":"product_cat-chevrolet-es","7":"product_cat-lanos-es","8":"product_cat-daewoo-es","9":"product_cat-lanos-daewoo-es","10":"product_cat-leganza-es","11":"product_cat-nubira-es","13":"first","14":"instock","15":"shipping-taxable","16":"purchasable","17":"product-type-simple"},"yoast_head":"<!-- This site is optimized with the Yoast SEO Premium plugin v23.0 (Yoast SEO v27.4) - https:\/\/yoast.com\/product\/yoast-seo-premium-wordpress\/ -->\n<title>Silentblocks para barras estabilizadoras delanteras Daewoo Lanos, Nubira, Leganza (\u00d824mm) - SILENT BLOCKS<\/title>\n<meta name=\"description\" content=\"Bujes barra estabilizadora delantera Daewoo Lanos, Daewoo Nubira, Daewoo Leganza, oem compatible 96227420, 96246674\" \/>\n<meta name=\"robots\" content=\"index, follow, max-snippet:-1, max-image-preview:large, max-video-preview:-1\" \/>\n<link rel=\"canonical\" href=\"https:\/\/www.silentblocks.com\/es\/producto\/silentblocs-barra-estabilizadora-frontal-daewoo\/\" \/>\n<meta property=\"og:locale\" content=\"es_ES\" \/>\n<meta property=\"og:type\" content=\"article\" \/>\n<meta property=\"og:title\" content=\"Silentblocks para barras estabilizadoras delanteras Daewoo Lanos, Nubira, Leganza (\u00d824mm)\" \/>\n<meta property=\"og:description\" content=\"Bujes barra estabilizadora delantera Daewoo Lanos, Daewoo Nubira, Daewoo Leganza, oem compatible 96227420, 96246674\" \/>\n<meta property=\"og:url\" content=\"https:\/\/www.silentblocks.com\/es\/producto\/silentblocs-barra-estabilizadora-frontal-daewoo\/\" \/>\n<meta property=\"og:site_name\" content=\"SILENT BLOCKS\" \/>\n<meta property=\"article:modified_time\" content=\"2026-02-17T21:27:13+00:00\" \/>\n<meta property=\"og:image\" content=\"https:\/\/www.silentblocks.com\/wp-content\/uploads\/2026\/02\/IMG_6816-2.jpg\" \/>\n\t<meta property=\"og:image:width\" content=\"1000\" \/>\n\t<meta property=\"og:image:height\" content=\"1000\" \/>\n\t<meta property=\"og:image:type\" content=\"image\/jpeg\" \/>\n<meta name=\"twitter:card\" content=\"summary_large_image\" \/>\n<script type=\"application\/ld+json\" class=\"yoast-schema-graph\">{\"@context\":\"https:\\\/\\\/schema.org\",\"@graph\":[{\"@type\":\"WebPage\",\"@id\":\"https:\\\/\\\/www.silentblocks.com\\\/es\\\/producto\\\/silentblocs-barra-estabilizadora-frontal-daewoo\\\/\",\"url\":\"https:\\\/\\\/www.silentblocks.com\\\/es\\\/producto\\\/silentblocs-barra-estabilizadora-frontal-daewoo\\\/\",\"name\":\"Silentblocks para barras estabilizadoras delanteras Daewoo Lanos, Nubira, Leganza (\u00d824mm) - SILENT BLOCKS\",\"isPartOf\":{\"@id\":\"https:\\\/\\\/www.silentblocks.com\\\/es\\\/#website\"},\"primaryImageOfPage\":{\"@id\":\"https:\\\/\\\/www.silentblocks.com\\\/es\\\/producto\\\/silentblocs-barra-estabilizadora-frontal-daewoo\\\/#primaryimage\"},\"image\":{\"@id\":\"https:\\\/\\\/www.silentblocks.com\\\/es\\\/producto\\\/silentblocs-barra-estabilizadora-frontal-daewoo\\\/#primaryimage\"},\"thumbnailUrl\":\"https:\\\/\\\/www.silentblocks.com\\\/wp-content\\\/uploads\\\/2026\\\/02\\\/IMG_6816-2.jpg\",\"datePublished\":\"2023-04-26T22:52:54+00:00\",\"dateModified\":\"2026-02-17T21:27:13+00:00\",\"description\":\"Bujes barra estabilizadora delantera Daewoo Lanos, Daewoo Nubira, Daewoo Leganza, oem compatible 96227420, 96246674\",\"breadcrumb\":{\"@id\":\"https:\\\/\\\/www.silentblocks.com\\\/es\\\/producto\\\/silentblocs-barra-estabilizadora-frontal-daewoo\\\/#breadcrumb\"},\"inLanguage\":\"es\",\"potentialAction\":[{\"@type\":\"ReadAction\",\"target\":[\"https:\\\/\\\/www.silentblocks.com\\\/es\\\/producto\\\/silentblocs-barra-estabilizadora-frontal-daewoo\\\/\"]}]},{\"@type\":\"ImageObject\",\"inLanguage\":\"es\",\"@id\":\"https:\\\/\\\/www.silentblocks.com\\\/es\\\/producto\\\/silentblocs-barra-estabilizadora-frontal-daewoo\\\/#primaryimage\",\"url\":\"https:\\\/\\\/www.silentblocks.com\\\/wp-content\\\/uploads\\\/2026\\\/02\\\/IMG_6816-2.jpg\",\"contentUrl\":\"https:\\\/\\\/www.silentblocks.com\\\/wp-content\\\/uploads\\\/2026\\\/02\\\/IMG_6816-2.jpg\",\"width\":1000,\"height\":1000},{\"@type\":\"BreadcrumbList\",\"@id\":\"https:\\\/\\\/www.silentblocks.com\\\/es\\\/producto\\\/silentblocs-barra-estabilizadora-frontal-daewoo\\\/#breadcrumb\",\"itemListElement\":[{\"@type\":\"ListItem\",\"position\":1,\"name\":\"In\u00edcio\",\"item\":\"https:\\\/\\\/www.silentblocks.com\\\/es\\\/\"},{\"@type\":\"ListItem\",\"position\":2,\"name\":\"Page boutique\",\"item\":\"https:\\\/\\\/www.silentblocks.com\\\/es\\\/shop-2\\\/\"},{\"@type\":\"ListItem\",\"position\":3,\"name\":\"Silentblocks para barras estabilizadoras delanteras Daewoo Lanos, Nubira, Leganza (\u00d824mm)\"}]},{\"@type\":\"WebSite\",\"@id\":\"https:\\\/\\\/www.silentblocks.com\\\/es\\\/#website\",\"url\":\"https:\\\/\\\/www.silentblocks.com\\\/es\\\/\",\"name\":\"SILENTBLOCKS\",\"description\":\"Secure on the road\",\"publisher\":{\"@id\":\"https:\\\/\\\/www.silentblocks.com\\\/es\\\/#organization\"},\"potentialAction\":[{\"@type\":\"SearchAction\",\"target\":{\"@type\":\"EntryPoint\",\"urlTemplate\":\"https:\\\/\\\/www.silentblocks.com\\\/es\\\/?s={search_term_string}\"},\"query-input\":{\"@type\":\"PropertyValueSpecification\",\"valueRequired\":true,\"valueName\":\"search_term_string\"}}],\"inLanguage\":\"es\"},{\"@type\":\"Organization\",\"@id\":\"https:\\\/\\\/www.silentblocks.com\\\/es\\\/#organization\",\"name\":\"SILENTBLOCKS\",\"url\":\"https:\\\/\\\/www.silentblocks.com\\\/es\\\/\",\"logo\":{\"@type\":\"ImageObject\",\"inLanguage\":\"es\",\"@id\":\"https:\\\/\\\/www.silentblocks.com\\\/es\\\/#\\\/schema\\\/logo\\\/image\\\/\",\"url\":\"https:\\\/\\\/www.silentblocks.com\\\/wp-content\\\/uploads\\\/2023\\\/07\\\/logo211-sem-fundo_2012-PARA-BOUTIQUE-EBAY.png\",\"contentUrl\":\"https:\\\/\\\/www.silentblocks.com\\\/wp-content\\\/uploads\\\/2023\\\/07\\\/logo211-sem-fundo_2012-PARA-BOUTIQUE-EBAY.png\",\"width\":300,\"height\":190,\"caption\":\"SILENTBLOCKS\"},\"image\":{\"@id\":\"https:\\\/\\\/www.silentblocks.com\\\/es\\\/#\\\/schema\\\/logo\\\/image\\\/\"}}]}<\/script>\n<!-- \/ Yoast SEO Premium plugin. -->","yoast_head_json":{"title":"Silentblocks para barras estabilizadoras delanteras Daewoo Lanos, Nubira, Leganza (\u00d824mm) - SILENT BLOCKS","description":"Bujes barra estabilizadora delantera Daewoo Lanos, Daewoo Nubira, Daewoo Leganza, oem compatible 96227420, 96246674","robots":{"index":"index","follow":"follow","max-snippet":"max-snippet:-1","max-image-preview":"max-image-preview:large","max-video-preview":"max-video-preview:-1"},"canonical":"https:\/\/www.silentblocks.com\/es\/producto\/silentblocs-barra-estabilizadora-frontal-daewoo\/","og_locale":"es_ES","og_type":"article","og_title":"Silentblocks para barras estabilizadoras delanteras Daewoo Lanos, Nubira, Leganza (\u00d824mm)","og_description":"Bujes barra estabilizadora delantera Daewoo Lanos, Daewoo Nubira, Daewoo Leganza, oem compatible 96227420, 96246674","og_url":"https:\/\/www.silentblocks.com\/es\/producto\/silentblocs-barra-estabilizadora-frontal-daewoo\/","og_site_name":"SILENT BLOCKS","article_modified_time":"2026-02-17T21:27:13+00:00","og_image":[{"width":1000,"height":1000,"url":"https:\/\/www.silentblocks.com\/wp-content\/uploads\/2026\/02\/IMG_6816-2.jpg","type":"image\/jpeg"}],"twitter_card":"summary_large_image","schema":{"@context":"https:\/\/schema.org","@graph":[{"@type":"WebPage","@id":"https:\/\/www.silentblocks.com\/es\/producto\/silentblocs-barra-estabilizadora-frontal-daewoo\/","url":"https:\/\/www.silentblocks.com\/es\/producto\/silentblocs-barra-estabilizadora-frontal-daewoo\/","name":"Silentblocks para barras estabilizadoras delanteras Daewoo Lanos, Nubira, Leganza (\u00d824mm) - SILENT BLOCKS","isPartOf":{"@id":"https:\/\/www.silentblocks.com\/es\/#website"},"primaryImageOfPage":{"@id":"https:\/\/www.silentblocks.com\/es\/producto\/silentblocs-barra-estabilizadora-frontal-daewoo\/#primaryimage"},"image":{"@id":"https:\/\/www.silentblocks.com\/es\/producto\/silentblocs-barra-estabilizadora-frontal-daewoo\/#primaryimage"},"thumbnailUrl":"https:\/\/www.silentblocks.com\/wp-content\/uploads\/2026\/02\/IMG_6816-2.jpg","datePublished":"2023-04-26T22:52:54+00:00","dateModified":"2026-02-17T21:27:13+00:00","description":"Bujes barra estabilizadora delantera Daewoo Lanos, Daewoo Nubira, Daewoo Leganza, oem compatible 96227420, 96246674","breadcrumb":{"@id":"https:\/\/www.silentblocks.com\/es\/producto\/silentblocs-barra-estabilizadora-frontal-daewoo\/#breadcrumb"},"inLanguage":"es","potentialAction":[{"@type":"ReadAction","target":["https:\/\/www.silentblocks.com\/es\/producto\/silentblocs-barra-estabilizadora-frontal-daewoo\/"]}]},{"@type":"ImageObject","inLanguage":"es","@id":"https:\/\/www.silentblocks.com\/es\/producto\/silentblocs-barra-estabilizadora-frontal-daewoo\/#primaryimage","url":"https:\/\/www.silentblocks.com\/wp-content\/uploads\/2026\/02\/IMG_6816-2.jpg","contentUrl":"https:\/\/www.silentblocks.com\/wp-content\/uploads\/2026\/02\/IMG_6816-2.jpg","width":1000,"height":1000},{"@type":"BreadcrumbList","@id":"https:\/\/www.silentblocks.com\/es\/producto\/silentblocs-barra-estabilizadora-frontal-daewoo\/#breadcrumb","itemListElement":[{"@type":"ListItem","position":1,"name":"In\u00edcio","item":"https:\/\/www.silentblocks.com\/es\/"},{"@type":"ListItem","position":2,"name":"Page boutique","item":"https:\/\/www.silentblocks.com\/es\/shop-2\/"},{"@type":"ListItem","position":3,"name":"Silentblocks para barras estabilizadoras delanteras Daewoo Lanos, Nubira, Leganza (\u00d824mm)"}]},{"@type":"WebSite","@id":"https:\/\/www.silentblocks.com\/es\/#website","url":"https:\/\/www.silentblocks.com\/es\/","name":"SILENTBLOCKS","description":"Secure on the road","publisher":{"@id":"https:\/\/www.silentblocks.com\/es\/#organization"},"potentialAction":[{"@type":"SearchAction","target":{"@type":"EntryPoint","urlTemplate":"https:\/\/www.silentblocks.com\/es\/?s={search_term_string}"},"query-input":{"@type":"PropertyValueSpecification","valueRequired":true,"valueName":"search_term_string"}}],"inLanguage":"es"},{"@type":"Organization","@id":"https:\/\/www.silentblocks.com\/es\/#organization","name":"SILENTBLOCKS","url":"https:\/\/www.silentblocks.com\/es\/","logo":{"@type":"ImageObject","inLanguage":"es","@id":"https:\/\/www.silentblocks.com\/es\/#\/schema\/logo\/image\/","url":"https:\/\/www.silentblocks.com\/wp-content\/uploads\/2023\/07\/logo211-sem-fundo_2012-PARA-BOUTIQUE-EBAY.png","contentUrl":"https:\/\/www.silentblocks.com\/wp-content\/uploads\/2023\/07\/logo211-sem-fundo_2012-PARA-BOUTIQUE-EBAY.png","width":300,"height":190,"caption":"SILENTBLOCKS"},"image":{"@id":"https:\/\/www.silentblocks.com\/es\/#\/schema\/logo\/image\/"}}]}},"_links":{"self":[{"href":"https:\/\/www.silentblocks.com\/es\/wp-json\/wp\/v2\/product\/84685","targetHints":{"allow":["GET"]}}],"collection":[{"href":"https:\/\/www.silentblocks.com\/es\/wp-json\/wp\/v2\/product"}],"about":[{"href":"https:\/\/www.silentblocks.com\/es\/wp-json\/wp\/v2\/types\/product"}],"version-history":[{"count":0,"href":"https:\/\/www.silentblocks.com\/es\/wp-json\/wp\/v2\/product\/84685\/revisions"}],"wp:featuredmedia":[{"embeddable":true,"href":"https:\/\/www.silentblocks.com\/es\/wp-json\/wp\/v2\/media\/117837"}],"wp:attachment":[{"href":"https:\/\/www.silentblocks.com\/es\/wp-json\/wp\/v2\/media?parent=84685"}],"wp:term":[{"taxonomy":"product_brand","embeddable":true,"href":"https:\/\/www.silentblocks.com\/es\/wp-json\/wp\/v2\/product_brand?post=84685"},{"taxonomy":"product_cat","embeddable":true,"href":"https:\/\/www.silentblocks.com\/es\/wp-json\/wp\/v2\/product_cat?post=84685"},{"taxonomy":"product_tag","embeddable":true,"href":"https:\/\/www.silentblocks.com\/es\/wp-json\/wp\/v2\/product_tag?post=84685"}],"curies":[{"name":"wp","href":"https:\/\/api.w.org\/{rel}","templated":true}]}}