{"id":85058,"date":"2023-04-26T22:52:35","date_gmt":"2023-04-26T22:52:35","guid":{"rendered":"https:\/\/www.silentblocks.com\/product\/silentbloc-arriere-honda-2\/"},"modified":"2026-02-17T21:28:13","modified_gmt":"2026-02-17T21:28:13","slug":"silentbloc-arriere-honda-2","status":"publish","type":"product","link":"https:\/\/www.silentblocks.com\/es\/producto\/silentbloc-arriere-honda-2\/","title":{"rendered":"silentbloc de brazo trasero Honda CRV, Concerto, Civic CRX"},"content":{"rendered":"<p>1 Silentbloc para el brazo de suspensi\u00f3n trasero (Superieure), compatible con los siguientes veh\u00edculos:<br \/>\nDi\u00e1metro exterior: 80,3 mm<br \/>\n(Problema ordinario con Honda)<\/p>\n<p>Honda CRV I &#8211; C\u00d3DIGO: RD1<br \/>\nMotor 2.0 &#8211; C\u00f3digo B20 &#8211; 1995-10-01-&gt;<br \/>\nHonda Concerto &#8211; Cod.art\u00edculo: HW<br \/>\nMotor 1.5&gt;1.6- C\u00f3digo D15\/D16 &#8211; 1990-01-01-&gt;<br \/>\nHonda Civic CRX &#8211; CODE: ED\/EE\/EG\/EH<br \/>\nMotor 1.6 &#8211; C\u00f3digo D16\/B16 &#8211; 1987-12-01-&gt;1997-01-01<br \/>\nHonda Civic &#8211; CODE: EC\/ED\/EH\/EE\/MA\/MB\/EJ\/EK<br \/>\nMotor 1.3-&gt;1.6 &#8211; C\u00f3digo D13-&gt;D16\/B16<\/p>\n<p>Referencias del fabricante (c\u00f3digo OEM) s\u00f3lo a t\u00edtulo informativo :<br \/>\n52370-SR3-J00, 52385-SR3-003, 52385-SR3-000, 52385-ST3-G01, 52370-S04-000, 52370-S04-G00,52370-S04-G01<\/p>\n<p>Piezas nuevas, se vende con factura. Todos nuestros productos tienen 2 a\u00f1os de garant\u00eda.<\/p>\n","protected":false},"excerpt":{"rendered":"<p>1 Silentblock para brazo de suspensi\u00f3n trasero (Superieure) para HONDA Civic\/CRX\/Concerto\/CR-V<\/p>\n","protected":false},"featured_media":117383,"template":"","meta":[],"product_brand":[],"product_cat":[2172,2742,2744,2748],"product_tag":[],"class_list":{"0":"post-85058","1":"product","2":"type-product","3":"status-publish","4":"has-post-thumbnail","6":"product_cat-honda-es","7":"product_cat-concerto-es","8":"product_cat-cr-v-es","9":"product_cat-crx-es","11":"first","12":"instock","13":"shipping-taxable","14":"purchasable","15":"product-type-simple"},"yoast_head":"<!-- This site is optimized with the Yoast SEO Premium plugin v23.0 (Yoast SEO v27.4) - https:\/\/yoast.com\/product\/yoast-seo-premium-wordpress\/ -->\n<title>silentbloc de brazo trasero Honda CRV, Concerto, Civic CRX - SILENT BLOCKS<\/title>\n<meta name=\"description\" content=\"silentbloc del brazo de suspensi\u00f3n trasero para Honda CRV, Honda Concerto, Honda Civic CRX, compatible con oem 52370-SR3-J00\" \/>\n<meta name=\"robots\" content=\"index, follow, max-snippet:-1, max-image-preview:large, max-video-preview:-1\" \/>\n<link rel=\"canonical\" href=\"https:\/\/www.silentblocks.com\/es\/producto\/silentbloc-arriere-honda-2\/\" \/>\n<meta property=\"og:locale\" content=\"es_ES\" \/>\n<meta property=\"og:type\" content=\"article\" \/>\n<meta property=\"og:title\" content=\"silentbloc de brazo trasero Honda CRV, Concerto, Civic CRX\" \/>\n<meta property=\"og:description\" content=\"silentbloc del brazo de suspensi\u00f3n trasero para Honda CRV, Honda Concerto, Honda Civic CRX, compatible con oem 52370-SR3-J00\" \/>\n<meta property=\"og:url\" content=\"https:\/\/www.silentblocks.com\/es\/producto\/silentbloc-arriere-honda-2\/\" \/>\n<meta property=\"og:site_name\" content=\"SILENT BLOCKS\" \/>\n<meta property=\"article:modified_time\" content=\"2026-02-17T21:28:13+00:00\" \/>\n<meta property=\"og:image\" content=\"https:\/\/www.silentblocks.com\/wp-content\/uploads\/2026\/02\/silentbloc-bras-arriere-Honda-CR-V-Civic-2.jpg\" \/>\n\t<meta property=\"og:image:width\" content=\"800\" \/>\n\t<meta property=\"og:image:height\" content=\"800\" \/>\n\t<meta property=\"og:image:type\" content=\"image\/jpeg\" \/>\n<meta name=\"twitter:card\" content=\"summary_large_image\" \/>\n<meta name=\"twitter:label1\" content=\"Tiempo de lectura\" \/>\n\t<meta name=\"twitter:data1\" content=\"1 minuto\" \/>\n<script type=\"application\/ld+json\" class=\"yoast-schema-graph\">{\"@context\":\"https:\\\/\\\/schema.org\",\"@graph\":[{\"@type\":\"WebPage\",\"@id\":\"https:\\\/\\\/www.silentblocks.com\\\/es\\\/producto\\\/silentbloc-arriere-honda-2\\\/\",\"url\":\"https:\\\/\\\/www.silentblocks.com\\\/es\\\/producto\\\/silentbloc-arriere-honda-2\\\/\",\"name\":\"silentbloc de brazo trasero Honda CRV, Concerto, Civic CRX - SILENT BLOCKS\",\"isPartOf\":{\"@id\":\"https:\\\/\\\/www.silentblocks.com\\\/es\\\/#website\"},\"primaryImageOfPage\":{\"@id\":\"https:\\\/\\\/www.silentblocks.com\\\/es\\\/producto\\\/silentbloc-arriere-honda-2\\\/#primaryimage\"},\"image\":{\"@id\":\"https:\\\/\\\/www.silentblocks.com\\\/es\\\/producto\\\/silentbloc-arriere-honda-2\\\/#primaryimage\"},\"thumbnailUrl\":\"https:\\\/\\\/www.silentblocks.com\\\/wp-content\\\/uploads\\\/2026\\\/02\\\/silentbloc-bras-arriere-Honda-CR-V-Civic-2.jpg\",\"datePublished\":\"2023-04-26T22:52:35+00:00\",\"dateModified\":\"2026-02-17T21:28:13+00:00\",\"description\":\"silentbloc del brazo de suspensi\u00f3n trasero para Honda CRV, Honda Concerto, Honda Civic CRX, compatible con oem 52370-SR3-J00\",\"breadcrumb\":{\"@id\":\"https:\\\/\\\/www.silentblocks.com\\\/es\\\/producto\\\/silentbloc-arriere-honda-2\\\/#breadcrumb\"},\"inLanguage\":\"es\",\"potentialAction\":[{\"@type\":\"ReadAction\",\"target\":[\"https:\\\/\\\/www.silentblocks.com\\\/es\\\/producto\\\/silentbloc-arriere-honda-2\\\/\"]}]},{\"@type\":\"ImageObject\",\"inLanguage\":\"es\",\"@id\":\"https:\\\/\\\/www.silentblocks.com\\\/es\\\/producto\\\/silentbloc-arriere-honda-2\\\/#primaryimage\",\"url\":\"https:\\\/\\\/www.silentblocks.com\\\/wp-content\\\/uploads\\\/2026\\\/02\\\/silentbloc-bras-arriere-Honda-CR-V-Civic-2.jpg\",\"contentUrl\":\"https:\\\/\\\/www.silentblocks.com\\\/wp-content\\\/uploads\\\/2026\\\/02\\\/silentbloc-bras-arriere-Honda-CR-V-Civic-2.jpg\",\"width\":800,\"height\":800},{\"@type\":\"BreadcrumbList\",\"@id\":\"https:\\\/\\\/www.silentblocks.com\\\/es\\\/producto\\\/silentbloc-arriere-honda-2\\\/#breadcrumb\",\"itemListElement\":[{\"@type\":\"ListItem\",\"position\":1,\"name\":\"In\u00edcio\",\"item\":\"https:\\\/\\\/www.silentblocks.com\\\/es\\\/\"},{\"@type\":\"ListItem\",\"position\":2,\"name\":\"Page boutique\",\"item\":\"https:\\\/\\\/www.silentblocks.com\\\/es\\\/shop-2\\\/\"},{\"@type\":\"ListItem\",\"position\":3,\"name\":\"silentbloc de brazo trasero Honda CRV, Concerto, Civic CRX\"}]},{\"@type\":\"WebSite\",\"@id\":\"https:\\\/\\\/www.silentblocks.com\\\/es\\\/#website\",\"url\":\"https:\\\/\\\/www.silentblocks.com\\\/es\\\/\",\"name\":\"SILENTBLOCKS\",\"description\":\"Secure on the road\",\"publisher\":{\"@id\":\"https:\\\/\\\/www.silentblocks.com\\\/es\\\/#organization\"},\"potentialAction\":[{\"@type\":\"SearchAction\",\"target\":{\"@type\":\"EntryPoint\",\"urlTemplate\":\"https:\\\/\\\/www.silentblocks.com\\\/es\\\/?s={search_term_string}\"},\"query-input\":{\"@type\":\"PropertyValueSpecification\",\"valueRequired\":true,\"valueName\":\"search_term_string\"}}],\"inLanguage\":\"es\"},{\"@type\":\"Organization\",\"@id\":\"https:\\\/\\\/www.silentblocks.com\\\/es\\\/#organization\",\"name\":\"SILENTBLOCKS\",\"url\":\"https:\\\/\\\/www.silentblocks.com\\\/es\\\/\",\"logo\":{\"@type\":\"ImageObject\",\"inLanguage\":\"es\",\"@id\":\"https:\\\/\\\/www.silentblocks.com\\\/es\\\/#\\\/schema\\\/logo\\\/image\\\/\",\"url\":\"https:\\\/\\\/www.silentblocks.com\\\/wp-content\\\/uploads\\\/2023\\\/07\\\/logo211-sem-fundo_2012-PARA-BOUTIQUE-EBAY.png\",\"contentUrl\":\"https:\\\/\\\/www.silentblocks.com\\\/wp-content\\\/uploads\\\/2023\\\/07\\\/logo211-sem-fundo_2012-PARA-BOUTIQUE-EBAY.png\",\"width\":300,\"height\":190,\"caption\":\"SILENTBLOCKS\"},\"image\":{\"@id\":\"https:\\\/\\\/www.silentblocks.com\\\/es\\\/#\\\/schema\\\/logo\\\/image\\\/\"}}]}<\/script>\n<!-- \/ Yoast SEO Premium plugin. -->","yoast_head_json":{"title":"silentbloc de brazo trasero Honda CRV, Concerto, Civic CRX - SILENT BLOCKS","description":"silentbloc del brazo de suspensi\u00f3n trasero para Honda CRV, Honda Concerto, Honda Civic CRX, compatible con oem 52370-SR3-J00","robots":{"index":"index","follow":"follow","max-snippet":"max-snippet:-1","max-image-preview":"max-image-preview:large","max-video-preview":"max-video-preview:-1"},"canonical":"https:\/\/www.silentblocks.com\/es\/producto\/silentbloc-arriere-honda-2\/","og_locale":"es_ES","og_type":"article","og_title":"silentbloc de brazo trasero Honda CRV, Concerto, Civic CRX","og_description":"silentbloc del brazo de suspensi\u00f3n trasero para Honda CRV, Honda Concerto, Honda Civic CRX, compatible con oem 52370-SR3-J00","og_url":"https:\/\/www.silentblocks.com\/es\/producto\/silentbloc-arriere-honda-2\/","og_site_name":"SILENT BLOCKS","article_modified_time":"2026-02-17T21:28:13+00:00","og_image":[{"width":800,"height":800,"url":"https:\/\/www.silentblocks.com\/wp-content\/uploads\/2026\/02\/silentbloc-bras-arriere-Honda-CR-V-Civic-2.jpg","type":"image\/jpeg"}],"twitter_card":"summary_large_image","twitter_misc":{"Tiempo de lectura":"1 minuto"},"schema":{"@context":"https:\/\/schema.org","@graph":[{"@type":"WebPage","@id":"https:\/\/www.silentblocks.com\/es\/producto\/silentbloc-arriere-honda-2\/","url":"https:\/\/www.silentblocks.com\/es\/producto\/silentbloc-arriere-honda-2\/","name":"silentbloc de brazo trasero Honda CRV, Concerto, Civic CRX - SILENT BLOCKS","isPartOf":{"@id":"https:\/\/www.silentblocks.com\/es\/#website"},"primaryImageOfPage":{"@id":"https:\/\/www.silentblocks.com\/es\/producto\/silentbloc-arriere-honda-2\/#primaryimage"},"image":{"@id":"https:\/\/www.silentblocks.com\/es\/producto\/silentbloc-arriere-honda-2\/#primaryimage"},"thumbnailUrl":"https:\/\/www.silentblocks.com\/wp-content\/uploads\/2026\/02\/silentbloc-bras-arriere-Honda-CR-V-Civic-2.jpg","datePublished":"2023-04-26T22:52:35+00:00","dateModified":"2026-02-17T21:28:13+00:00","description":"silentbloc del brazo de suspensi\u00f3n trasero para Honda CRV, Honda Concerto, Honda Civic CRX, compatible con oem 52370-SR3-J00","breadcrumb":{"@id":"https:\/\/www.silentblocks.com\/es\/producto\/silentbloc-arriere-honda-2\/#breadcrumb"},"inLanguage":"es","potentialAction":[{"@type":"ReadAction","target":["https:\/\/www.silentblocks.com\/es\/producto\/silentbloc-arriere-honda-2\/"]}]},{"@type":"ImageObject","inLanguage":"es","@id":"https:\/\/www.silentblocks.com\/es\/producto\/silentbloc-arriere-honda-2\/#primaryimage","url":"https:\/\/www.silentblocks.com\/wp-content\/uploads\/2026\/02\/silentbloc-bras-arriere-Honda-CR-V-Civic-2.jpg","contentUrl":"https:\/\/www.silentblocks.com\/wp-content\/uploads\/2026\/02\/silentbloc-bras-arriere-Honda-CR-V-Civic-2.jpg","width":800,"height":800},{"@type":"BreadcrumbList","@id":"https:\/\/www.silentblocks.com\/es\/producto\/silentbloc-arriere-honda-2\/#breadcrumb","itemListElement":[{"@type":"ListItem","position":1,"name":"In\u00edcio","item":"https:\/\/www.silentblocks.com\/es\/"},{"@type":"ListItem","position":2,"name":"Page boutique","item":"https:\/\/www.silentblocks.com\/es\/shop-2\/"},{"@type":"ListItem","position":3,"name":"silentbloc de brazo trasero Honda CRV, Concerto, Civic CRX"}]},{"@type":"WebSite","@id":"https:\/\/www.silentblocks.com\/es\/#website","url":"https:\/\/www.silentblocks.com\/es\/","name":"SILENTBLOCKS","description":"Secure on the road","publisher":{"@id":"https:\/\/www.silentblocks.com\/es\/#organization"},"potentialAction":[{"@type":"SearchAction","target":{"@type":"EntryPoint","urlTemplate":"https:\/\/www.silentblocks.com\/es\/?s={search_term_string}"},"query-input":{"@type":"PropertyValueSpecification","valueRequired":true,"valueName":"search_term_string"}}],"inLanguage":"es"},{"@type":"Organization","@id":"https:\/\/www.silentblocks.com\/es\/#organization","name":"SILENTBLOCKS","url":"https:\/\/www.silentblocks.com\/es\/","logo":{"@type":"ImageObject","inLanguage":"es","@id":"https:\/\/www.silentblocks.com\/es\/#\/schema\/logo\/image\/","url":"https:\/\/www.silentblocks.com\/wp-content\/uploads\/2023\/07\/logo211-sem-fundo_2012-PARA-BOUTIQUE-EBAY.png","contentUrl":"https:\/\/www.silentblocks.com\/wp-content\/uploads\/2023\/07\/logo211-sem-fundo_2012-PARA-BOUTIQUE-EBAY.png","width":300,"height":190,"caption":"SILENTBLOCKS"},"image":{"@id":"https:\/\/www.silentblocks.com\/es\/#\/schema\/logo\/image\/"}}]}},"_links":{"self":[{"href":"https:\/\/www.silentblocks.com\/es\/wp-json\/wp\/v2\/product\/85058","targetHints":{"allow":["GET"]}}],"collection":[{"href":"https:\/\/www.silentblocks.com\/es\/wp-json\/wp\/v2\/product"}],"about":[{"href":"https:\/\/www.silentblocks.com\/es\/wp-json\/wp\/v2\/types\/product"}],"version-history":[{"count":0,"href":"https:\/\/www.silentblocks.com\/es\/wp-json\/wp\/v2\/product\/85058\/revisions"}],"wp:featuredmedia":[{"embeddable":true,"href":"https:\/\/www.silentblocks.com\/es\/wp-json\/wp\/v2\/media\/117383"}],"wp:attachment":[{"href":"https:\/\/www.silentblocks.com\/es\/wp-json\/wp\/v2\/media?parent=85058"}],"wp:term":[{"taxonomy":"product_brand","embeddable":true,"href":"https:\/\/www.silentblocks.com\/es\/wp-json\/wp\/v2\/product_brand?post=85058"},{"taxonomy":"product_cat","embeddable":true,"href":"https:\/\/www.silentblocks.com\/es\/wp-json\/wp\/v2\/product_cat?post=85058"},{"taxonomy":"product_tag","embeddable":true,"href":"https:\/\/www.silentblocks.com\/es\/wp-json\/wp\/v2\/product_tag?post=85058"}],"curies":[{"name":"wp","href":"https:\/\/api.w.org\/{rel}","templated":true}]}}