{"id":85322,"date":"2023-04-26T22:52:28","date_gmt":"2023-04-26T22:52:28","guid":{"rendered":"https:\/\/www.silentblocks.com\/product\/silentblocs-bras-inferieurs-avant-civic-crv-5\/"},"modified":"2026-02-17T21:29:00","modified_gmt":"2026-02-17T21:29:00","slug":"silentblocs-bras-inferieurs-avant-civic-crv-5","status":"publish","type":"product","link":"https:\/\/www.silentblocks.com\/es\/producto\/silentblocs-bras-inferieurs-avant-civic-crv-5\/","title":{"rendered":"silentblocks brazo inferior delantero, Civic, CRV"},"content":{"rendered":"<p>2 Silentblocks para los dos brazos inferiores delanteros, compatibles con los siguientes veh\u00edculos:<br \/>\nHonda Civic (EP\/EU\/EV) 3\/5-D HB (EU), 02.01-12.03<br \/>\nHonda Civic 4-D (ES) SDN (JP), 02.01-12.03<br \/>\nHonda Civic HB (EP\/EU\/EV), 01.04-09.05<br \/>\nHonda Civic SEDAN (ES), 01.04-09.05<br \/>\nHonda CRV (RD), 01.02-10.06<\/p>\n<p>Referencias del fabricante (c\u00f3digo OEM) s\u00f3lo a t\u00edtulo informativo :<br \/>\n51392-S5A-004, 51392-S5A-701, 51392-S5A-801, 51392-S5A-851<\/p>\n<p>Piezas nuevas, se vende con factura. Todos nuestros productos tienen 2 a\u00f1os de garant\u00eda.<\/p>\n","protected":false},"excerpt":{"rendered":"<p>2 Silentblocks para ambos brazos delanteros inferiores Honda Civic, CRV<\/p>\n","protected":false},"featured_media":117261,"template":"","meta":[],"product_brand":[],"product_cat":[2172,2724,6159],"product_tag":[],"class_list":{"0":"post-85322","1":"product","2":"type-product","3":"status-publish","4":"has-post-thumbnail","6":"product_cat-honda-es","7":"product_cat-civic-es","8":"product_cat-cr-v-ii-02-06","10":"first","11":"instock","12":"shipping-taxable","13":"purchasable","14":"product-type-simple"},"yoast_head":"<!-- This site is optimized with the Yoast SEO Premium plugin v23.0 (Yoast SEO v27.4) - https:\/\/yoast.com\/product\/yoast-seo-premium-wordpress\/ -->\n<title>silentblocks brazo inferior delantero, Civic, CRV - SILENT BLOCKS<\/title>\n<meta name=\"description\" content=\"Bujes de brazos inferior delanteros para Honda Civic, Honda CR-V, compatibles oem 51392-S5A-004, 51392-S5A-701, 51392-S5A-801, 51392-S5A-851\" \/>\n<meta name=\"robots\" content=\"index, follow, max-snippet:-1, max-image-preview:large, max-video-preview:-1\" \/>\n<link rel=\"canonical\" href=\"https:\/\/www.silentblocks.com\/es\/producto\/silentblocs-bras-inferieurs-avant-civic-crv-5\/\" \/>\n<meta property=\"og:locale\" content=\"es_ES\" \/>\n<meta property=\"og:type\" content=\"article\" \/>\n<meta property=\"og:title\" content=\"silentblocks brazo inferior delantero, Civic, CRV\" \/>\n<meta property=\"og:description\" content=\"Bujes de brazos inferior delanteros para Honda Civic, Honda CR-V, compatibles oem 51392-S5A-004, 51392-S5A-701, 51392-S5A-801, 51392-S5A-851\" \/>\n<meta property=\"og:url\" content=\"https:\/\/www.silentblocks.com\/es\/producto\/silentblocs-bras-inferieurs-avant-civic-crv-5\/\" \/>\n<meta property=\"og:site_name\" content=\"SILENT BLOCKS\" \/>\n<meta property=\"article:modified_time\" content=\"2026-02-17T21:29:00+00:00\" \/>\n<meta property=\"og:image\" content=\"https:\/\/www.silentblocks.com\/wp-content\/uploads\/2026\/02\/Civic-front-lower-arm-51360-S5A-030-2.jpg\" \/>\n\t<meta property=\"og:image:width\" content=\"800\" \/>\n\t<meta property=\"og:image:height\" content=\"800\" \/>\n\t<meta property=\"og:image:type\" content=\"image\/jpeg\" \/>\n<meta name=\"twitter:card\" content=\"summary_large_image\" \/>\n<script type=\"application\/ld+json\" class=\"yoast-schema-graph\">{\"@context\":\"https:\\\/\\\/schema.org\",\"@graph\":[{\"@type\":\"WebPage\",\"@id\":\"https:\\\/\\\/www.silentblocks.com\\\/es\\\/producto\\\/silentblocs-bras-inferieurs-avant-civic-crv-5\\\/\",\"url\":\"https:\\\/\\\/www.silentblocks.com\\\/es\\\/producto\\\/silentblocs-bras-inferieurs-avant-civic-crv-5\\\/\",\"name\":\"silentblocks brazo inferior delantero, Civic, CRV - SILENT BLOCKS\",\"isPartOf\":{\"@id\":\"https:\\\/\\\/www.silentblocks.com\\\/es\\\/#website\"},\"primaryImageOfPage\":{\"@id\":\"https:\\\/\\\/www.silentblocks.com\\\/es\\\/producto\\\/silentblocs-bras-inferieurs-avant-civic-crv-5\\\/#primaryimage\"},\"image\":{\"@id\":\"https:\\\/\\\/www.silentblocks.com\\\/es\\\/producto\\\/silentblocs-bras-inferieurs-avant-civic-crv-5\\\/#primaryimage\"},\"thumbnailUrl\":\"https:\\\/\\\/www.silentblocks.com\\\/wp-content\\\/uploads\\\/2026\\\/02\\\/Civic-front-lower-arm-51360-S5A-030-2.jpg\",\"datePublished\":\"2023-04-26T22:52:28+00:00\",\"dateModified\":\"2026-02-17T21:29:00+00:00\",\"description\":\"Bujes de brazos inferior delanteros para Honda Civic, Honda CR-V, compatibles oem 51392-S5A-004, 51392-S5A-701, 51392-S5A-801, 51392-S5A-851\",\"breadcrumb\":{\"@id\":\"https:\\\/\\\/www.silentblocks.com\\\/es\\\/producto\\\/silentblocs-bras-inferieurs-avant-civic-crv-5\\\/#breadcrumb\"},\"inLanguage\":\"es\",\"potentialAction\":[{\"@type\":\"ReadAction\",\"target\":[\"https:\\\/\\\/www.silentblocks.com\\\/es\\\/producto\\\/silentblocs-bras-inferieurs-avant-civic-crv-5\\\/\"]}]},{\"@type\":\"ImageObject\",\"inLanguage\":\"es\",\"@id\":\"https:\\\/\\\/www.silentblocks.com\\\/es\\\/producto\\\/silentblocs-bras-inferieurs-avant-civic-crv-5\\\/#primaryimage\",\"url\":\"https:\\\/\\\/www.silentblocks.com\\\/wp-content\\\/uploads\\\/2026\\\/02\\\/Civic-front-lower-arm-51360-S5A-030-2.jpg\",\"contentUrl\":\"https:\\\/\\\/www.silentblocks.com\\\/wp-content\\\/uploads\\\/2026\\\/02\\\/Civic-front-lower-arm-51360-S5A-030-2.jpg\",\"width\":800,\"height\":800},{\"@type\":\"BreadcrumbList\",\"@id\":\"https:\\\/\\\/www.silentblocks.com\\\/es\\\/producto\\\/silentblocs-bras-inferieurs-avant-civic-crv-5\\\/#breadcrumb\",\"itemListElement\":[{\"@type\":\"ListItem\",\"position\":1,\"name\":\"In\u00edcio\",\"item\":\"https:\\\/\\\/www.silentblocks.com\\\/es\\\/\"},{\"@type\":\"ListItem\",\"position\":2,\"name\":\"Page boutique\",\"item\":\"https:\\\/\\\/www.silentblocks.com\\\/es\\\/shop-2\\\/\"},{\"@type\":\"ListItem\",\"position\":3,\"name\":\"silentblocks brazo inferior delantero, Civic, CRV\"}]},{\"@type\":\"WebSite\",\"@id\":\"https:\\\/\\\/www.silentblocks.com\\\/es\\\/#website\",\"url\":\"https:\\\/\\\/www.silentblocks.com\\\/es\\\/\",\"name\":\"SILENTBLOCKS\",\"description\":\"Secure on the road\",\"publisher\":{\"@id\":\"https:\\\/\\\/www.silentblocks.com\\\/es\\\/#organization\"},\"potentialAction\":[{\"@type\":\"SearchAction\",\"target\":{\"@type\":\"EntryPoint\",\"urlTemplate\":\"https:\\\/\\\/www.silentblocks.com\\\/es\\\/?s={search_term_string}\"},\"query-input\":{\"@type\":\"PropertyValueSpecification\",\"valueRequired\":true,\"valueName\":\"search_term_string\"}}],\"inLanguage\":\"es\"},{\"@type\":\"Organization\",\"@id\":\"https:\\\/\\\/www.silentblocks.com\\\/es\\\/#organization\",\"name\":\"SILENTBLOCKS\",\"url\":\"https:\\\/\\\/www.silentblocks.com\\\/es\\\/\",\"logo\":{\"@type\":\"ImageObject\",\"inLanguage\":\"es\",\"@id\":\"https:\\\/\\\/www.silentblocks.com\\\/es\\\/#\\\/schema\\\/logo\\\/image\\\/\",\"url\":\"https:\\\/\\\/www.silentblocks.com\\\/wp-content\\\/uploads\\\/2023\\\/07\\\/logo211-sem-fundo_2012-PARA-BOUTIQUE-EBAY.png\",\"contentUrl\":\"https:\\\/\\\/www.silentblocks.com\\\/wp-content\\\/uploads\\\/2023\\\/07\\\/logo211-sem-fundo_2012-PARA-BOUTIQUE-EBAY.png\",\"width\":300,\"height\":190,\"caption\":\"SILENTBLOCKS\"},\"image\":{\"@id\":\"https:\\\/\\\/www.silentblocks.com\\\/es\\\/#\\\/schema\\\/logo\\\/image\\\/\"}}]}<\/script>\n<!-- \/ Yoast SEO Premium plugin. -->","yoast_head_json":{"title":"silentblocks brazo inferior delantero, Civic, CRV - SILENT BLOCKS","description":"Bujes de brazos inferior delanteros para Honda Civic, Honda CR-V, compatibles oem 51392-S5A-004, 51392-S5A-701, 51392-S5A-801, 51392-S5A-851","robots":{"index":"index","follow":"follow","max-snippet":"max-snippet:-1","max-image-preview":"max-image-preview:large","max-video-preview":"max-video-preview:-1"},"canonical":"https:\/\/www.silentblocks.com\/es\/producto\/silentblocs-bras-inferieurs-avant-civic-crv-5\/","og_locale":"es_ES","og_type":"article","og_title":"silentblocks brazo inferior delantero, Civic, CRV","og_description":"Bujes de brazos inferior delanteros para Honda Civic, Honda CR-V, compatibles oem 51392-S5A-004, 51392-S5A-701, 51392-S5A-801, 51392-S5A-851","og_url":"https:\/\/www.silentblocks.com\/es\/producto\/silentblocs-bras-inferieurs-avant-civic-crv-5\/","og_site_name":"SILENT BLOCKS","article_modified_time":"2026-02-17T21:29:00+00:00","og_image":[{"width":800,"height":800,"url":"https:\/\/www.silentblocks.com\/wp-content\/uploads\/2026\/02\/Civic-front-lower-arm-51360-S5A-030-2.jpg","type":"image\/jpeg"}],"twitter_card":"summary_large_image","schema":{"@context":"https:\/\/schema.org","@graph":[{"@type":"WebPage","@id":"https:\/\/www.silentblocks.com\/es\/producto\/silentblocs-bras-inferieurs-avant-civic-crv-5\/","url":"https:\/\/www.silentblocks.com\/es\/producto\/silentblocs-bras-inferieurs-avant-civic-crv-5\/","name":"silentblocks brazo inferior delantero, Civic, CRV - SILENT BLOCKS","isPartOf":{"@id":"https:\/\/www.silentblocks.com\/es\/#website"},"primaryImageOfPage":{"@id":"https:\/\/www.silentblocks.com\/es\/producto\/silentblocs-bras-inferieurs-avant-civic-crv-5\/#primaryimage"},"image":{"@id":"https:\/\/www.silentblocks.com\/es\/producto\/silentblocs-bras-inferieurs-avant-civic-crv-5\/#primaryimage"},"thumbnailUrl":"https:\/\/www.silentblocks.com\/wp-content\/uploads\/2026\/02\/Civic-front-lower-arm-51360-S5A-030-2.jpg","datePublished":"2023-04-26T22:52:28+00:00","dateModified":"2026-02-17T21:29:00+00:00","description":"Bujes de brazos inferior delanteros para Honda Civic, Honda CR-V, compatibles oem 51392-S5A-004, 51392-S5A-701, 51392-S5A-801, 51392-S5A-851","breadcrumb":{"@id":"https:\/\/www.silentblocks.com\/es\/producto\/silentblocs-bras-inferieurs-avant-civic-crv-5\/#breadcrumb"},"inLanguage":"es","potentialAction":[{"@type":"ReadAction","target":["https:\/\/www.silentblocks.com\/es\/producto\/silentblocs-bras-inferieurs-avant-civic-crv-5\/"]}]},{"@type":"ImageObject","inLanguage":"es","@id":"https:\/\/www.silentblocks.com\/es\/producto\/silentblocs-bras-inferieurs-avant-civic-crv-5\/#primaryimage","url":"https:\/\/www.silentblocks.com\/wp-content\/uploads\/2026\/02\/Civic-front-lower-arm-51360-S5A-030-2.jpg","contentUrl":"https:\/\/www.silentblocks.com\/wp-content\/uploads\/2026\/02\/Civic-front-lower-arm-51360-S5A-030-2.jpg","width":800,"height":800},{"@type":"BreadcrumbList","@id":"https:\/\/www.silentblocks.com\/es\/producto\/silentblocs-bras-inferieurs-avant-civic-crv-5\/#breadcrumb","itemListElement":[{"@type":"ListItem","position":1,"name":"In\u00edcio","item":"https:\/\/www.silentblocks.com\/es\/"},{"@type":"ListItem","position":2,"name":"Page boutique","item":"https:\/\/www.silentblocks.com\/es\/shop-2\/"},{"@type":"ListItem","position":3,"name":"silentblocks brazo inferior delantero, Civic, CRV"}]},{"@type":"WebSite","@id":"https:\/\/www.silentblocks.com\/es\/#website","url":"https:\/\/www.silentblocks.com\/es\/","name":"SILENTBLOCKS","description":"Secure on the road","publisher":{"@id":"https:\/\/www.silentblocks.com\/es\/#organization"},"potentialAction":[{"@type":"SearchAction","target":{"@type":"EntryPoint","urlTemplate":"https:\/\/www.silentblocks.com\/es\/?s={search_term_string}"},"query-input":{"@type":"PropertyValueSpecification","valueRequired":true,"valueName":"search_term_string"}}],"inLanguage":"es"},{"@type":"Organization","@id":"https:\/\/www.silentblocks.com\/es\/#organization","name":"SILENTBLOCKS","url":"https:\/\/www.silentblocks.com\/es\/","logo":{"@type":"ImageObject","inLanguage":"es","@id":"https:\/\/www.silentblocks.com\/es\/#\/schema\/logo\/image\/","url":"https:\/\/www.silentblocks.com\/wp-content\/uploads\/2023\/07\/logo211-sem-fundo_2012-PARA-BOUTIQUE-EBAY.png","contentUrl":"https:\/\/www.silentblocks.com\/wp-content\/uploads\/2023\/07\/logo211-sem-fundo_2012-PARA-BOUTIQUE-EBAY.png","width":300,"height":190,"caption":"SILENTBLOCKS"},"image":{"@id":"https:\/\/www.silentblocks.com\/es\/#\/schema\/logo\/image\/"}}]}},"_links":{"self":[{"href":"https:\/\/www.silentblocks.com\/es\/wp-json\/wp\/v2\/product\/85322","targetHints":{"allow":["GET"]}}],"collection":[{"href":"https:\/\/www.silentblocks.com\/es\/wp-json\/wp\/v2\/product"}],"about":[{"href":"https:\/\/www.silentblocks.com\/es\/wp-json\/wp\/v2\/types\/product"}],"version-history":[{"count":0,"href":"https:\/\/www.silentblocks.com\/es\/wp-json\/wp\/v2\/product\/85322\/revisions"}],"wp:featuredmedia":[{"embeddable":true,"href":"https:\/\/www.silentblocks.com\/es\/wp-json\/wp\/v2\/media\/117261"}],"wp:attachment":[{"href":"https:\/\/www.silentblocks.com\/es\/wp-json\/wp\/v2\/media?parent=85322"}],"wp:term":[{"taxonomy":"product_brand","embeddable":true,"href":"https:\/\/www.silentblocks.com\/es\/wp-json\/wp\/v2\/product_brand?post=85322"},{"taxonomy":"product_cat","embeddable":true,"href":"https:\/\/www.silentblocks.com\/es\/wp-json\/wp\/v2\/product_cat?post=85322"},{"taxonomy":"product_tag","embeddable":true,"href":"https:\/\/www.silentblocks.com\/es\/wp-json\/wp\/v2\/product_tag?post=85322"}],"curies":[{"name":"wp","href":"https:\/\/api.w.org\/{rel}","templated":true}]}}