{"id":85963,"date":"2023-04-26T22:51:38","date_gmt":"2023-04-26T22:51:38","guid":{"rendered":"https:\/\/www.silentblocks.com\/product\/soporte-motor-derecha-izquierda-mitsubishi-pajero\/"},"modified":"2026-02-17T21:30:50","modified_gmt":"2026-02-17T21:30:50","slug":"soporte-motor-derecha-izquierda-mitsubishi-pajero","status":"publish","type":"product","link":"https:\/\/www.silentblocks.com\/es\/producto\/soporte-motor-derecha-izquierda-mitsubishi-pajero\/","title":{"rendered":"Soporte de motor derecho o izquierdo para Mitsubishi Pajero II\/III\/IV"},"content":{"rendered":"<p>Soporte de motor, derecho o izquierdo, compatible con los siguientes veh\u00edculos:<br \/>\nMitsubishi Pajero II (09.1993-10.1999)<br \/>\nModelos: V3_W, V2_W, V4_W, V5_W<br \/>\nMotores: 2.8D, 2.8TD, 3.5, 3.5 V6<\/p>\n<p>Mitsubishi Pajero III (04.2000-08.2006)<br \/>\nModelos: V60\/V70<br \/>\nMotores: 2.8TD, 3.2 Di-D, 3.5, 3.5i, 3.8<\/p>\n<p>&gt;Mitsubishi Pajero IV (02.2007 )<br \/>\nModelos: V8_W\/V9_W<br \/>\nMotores: 3.2, 3.2 Di-D, 3.5, 3.8, 3.8i<\/p>\n<p>Referencias del fabricante (c\u00f3digo OEM) s\u00f3lo a t\u00edtulo informativo :<br \/>\nMR554176, MR374898, MR510056, MR510127, MR510128, 1093A105<\/p>\n<p>Piezas nuevas, se vende con factura. Todos nuestros productos tienen 2 a\u00f1os de garant\u00eda.<\/p>\n","protected":false},"excerpt":{"rendered":"<p>Soporte de motor, derecho o izquierdo, para Mitsubishi Pajero (V60\/V70)<\/p>\n","protected":false},"featured_media":136606,"template":"","meta":[],"product_brand":[],"product_cat":[2211,3130,3135,3138],"product_tag":[],"class_list":{"0":"post-85963","1":"product","2":"type-product","3":"status-publish","4":"has-post-thumbnail","6":"product_cat-mitsubishi-es","7":"product_cat-pajero-ii-es","8":"product_cat-pajero-iii-es","9":"product_cat-pajero-iv-es","11":"first","12":"instock","13":"shipping-taxable","14":"purchasable","15":"product-type-simple"},"yoast_head":"<!-- This site is optimized with the Yoast SEO Premium plugin v23.0 (Yoast SEO v27.4) - https:\/\/yoast.com\/product\/yoast-seo-premium-wordpress\/ -->\n<title>Soporte de motor derecho o izquierdo para Mitsubishi Pajero II\/III\/IV - SILENT BLOCKS<\/title>\n<meta name=\"description\" content=\"Soporte de motor derecho o izquierdo para Mitsubishi Pajero II, Pajero III, Pajero IV, compatible OEM MR554176, MR374898, MR510056\" \/>\n<meta name=\"robots\" content=\"index, follow, max-snippet:-1, max-image-preview:large, max-video-preview:-1\" \/>\n<link rel=\"canonical\" href=\"https:\/\/www.silentblocks.com\/es\/producto\/soporte-motor-derecha-izquierda-mitsubishi-pajero\/\" \/>\n<meta property=\"og:locale\" content=\"es_ES\" \/>\n<meta property=\"og:type\" content=\"article\" \/>\n<meta property=\"og:title\" content=\"Soporte de motor derecho o izquierdo para Mitsubishi Pajero II\/III\/IV\" \/>\n<meta property=\"og:description\" content=\"Soporte de motor derecho o izquierdo para Mitsubishi Pajero II, Pajero III, Pajero IV, compatible OEM MR554176, MR374898, MR510056\" \/>\n<meta property=\"og:url\" content=\"https:\/\/www.silentblocks.com\/es\/producto\/soporte-motor-derecha-izquierda-mitsubishi-pajero\/\" \/>\n<meta property=\"og:site_name\" content=\"SILENT BLOCKS\" \/>\n<meta property=\"article:modified_time\" content=\"2026-02-17T21:30:50+00:00\" \/>\n<meta property=\"og:image\" content=\"https:\/\/www.silentblocks.com\/wp-content\/uploads\/2026\/02\/mr554176-support-moteur-pajero-2.jpg\" \/>\n\t<meta property=\"og:image:width\" content=\"1000\" \/>\n\t<meta property=\"og:image:height\" content=\"1000\" \/>\n\t<meta property=\"og:image:type\" content=\"image\/jpeg\" \/>\n<meta name=\"twitter:card\" content=\"summary_large_image\" \/>\n<script type=\"application\/ld+json\" class=\"yoast-schema-graph\">{\"@context\":\"https:\\\/\\\/schema.org\",\"@graph\":[{\"@type\":\"WebPage\",\"@id\":\"https:\\\/\\\/www.silentblocks.com\\\/es\\\/producto\\\/soporte-motor-derecha-izquierda-mitsubishi-pajero\\\/\",\"url\":\"https:\\\/\\\/www.silentblocks.com\\\/es\\\/producto\\\/soporte-motor-derecha-izquierda-mitsubishi-pajero\\\/\",\"name\":\"Soporte de motor derecho o izquierdo para Mitsubishi Pajero II\\\/III\\\/IV - SILENT BLOCKS\",\"isPartOf\":{\"@id\":\"https:\\\/\\\/www.silentblocks.com\\\/es\\\/#website\"},\"primaryImageOfPage\":{\"@id\":\"https:\\\/\\\/www.silentblocks.com\\\/es\\\/producto\\\/soporte-motor-derecha-izquierda-mitsubishi-pajero\\\/#primaryimage\"},\"image\":{\"@id\":\"https:\\\/\\\/www.silentblocks.com\\\/es\\\/producto\\\/soporte-motor-derecha-izquierda-mitsubishi-pajero\\\/#primaryimage\"},\"thumbnailUrl\":\"https:\\\/\\\/www.silentblocks.com\\\/wp-content\\\/uploads\\\/2023\\\/04\\\/mr554176-support-moteur-pajero-1.jpg\",\"datePublished\":\"2023-04-26T22:51:38+00:00\",\"dateModified\":\"2026-02-17T21:30:50+00:00\",\"description\":\"Soporte de motor derecho o izquierdo para Mitsubishi Pajero II, Pajero III, Pajero IV, compatible OEM MR554176, MR374898, MR510056\",\"breadcrumb\":{\"@id\":\"https:\\\/\\\/www.silentblocks.com\\\/es\\\/producto\\\/soporte-motor-derecha-izquierda-mitsubishi-pajero\\\/#breadcrumb\"},\"inLanguage\":\"es\",\"potentialAction\":[{\"@type\":\"ReadAction\",\"target\":[\"https:\\\/\\\/www.silentblocks.com\\\/es\\\/producto\\\/soporte-motor-derecha-izquierda-mitsubishi-pajero\\\/\"]}]},{\"@type\":\"ImageObject\",\"inLanguage\":\"es\",\"@id\":\"https:\\\/\\\/www.silentblocks.com\\\/es\\\/producto\\\/soporte-motor-derecha-izquierda-mitsubishi-pajero\\\/#primaryimage\",\"url\":\"https:\\\/\\\/www.silentblocks.com\\\/wp-content\\\/uploads\\\/2023\\\/04\\\/mr554176-support-moteur-pajero-1.jpg\",\"contentUrl\":\"https:\\\/\\\/www.silentblocks.com\\\/wp-content\\\/uploads\\\/2023\\\/04\\\/mr554176-support-moteur-pajero-1.jpg\",\"width\":1024,\"height\":1024},{\"@type\":\"BreadcrumbList\",\"@id\":\"https:\\\/\\\/www.silentblocks.com\\\/es\\\/producto\\\/soporte-motor-derecha-izquierda-mitsubishi-pajero\\\/#breadcrumb\",\"itemListElement\":[{\"@type\":\"ListItem\",\"position\":1,\"name\":\"In\u00edcio\",\"item\":\"https:\\\/\\\/www.silentblocks.com\\\/es\\\/\"},{\"@type\":\"ListItem\",\"position\":2,\"name\":\"Page boutique\",\"item\":\"https:\\\/\\\/www.silentblocks.com\\\/es\\\/shop-2\\\/\"},{\"@type\":\"ListItem\",\"position\":3,\"name\":\"Soporte de motor derecho o izquierdo para Mitsubishi Pajero II\\\/III\\\/IV\"}]},{\"@type\":\"WebSite\",\"@id\":\"https:\\\/\\\/www.silentblocks.com\\\/es\\\/#website\",\"url\":\"https:\\\/\\\/www.silentblocks.com\\\/es\\\/\",\"name\":\"SILENTBLOCKS\",\"description\":\"Secure on the road\",\"publisher\":{\"@id\":\"https:\\\/\\\/www.silentblocks.com\\\/es\\\/#organization\"},\"potentialAction\":[{\"@type\":\"SearchAction\",\"target\":{\"@type\":\"EntryPoint\",\"urlTemplate\":\"https:\\\/\\\/www.silentblocks.com\\\/es\\\/?s={search_term_string}\"},\"query-input\":{\"@type\":\"PropertyValueSpecification\",\"valueRequired\":true,\"valueName\":\"search_term_string\"}}],\"inLanguage\":\"es\"},{\"@type\":\"Organization\",\"@id\":\"https:\\\/\\\/www.silentblocks.com\\\/es\\\/#organization\",\"name\":\"SILENTBLOCKS\",\"url\":\"https:\\\/\\\/www.silentblocks.com\\\/es\\\/\",\"logo\":{\"@type\":\"ImageObject\",\"inLanguage\":\"es\",\"@id\":\"https:\\\/\\\/www.silentblocks.com\\\/es\\\/#\\\/schema\\\/logo\\\/image\\\/\",\"url\":\"https:\\\/\\\/www.silentblocks.com\\\/wp-content\\\/uploads\\\/2023\\\/07\\\/logo211-sem-fundo_2012-PARA-BOUTIQUE-EBAY.png\",\"contentUrl\":\"https:\\\/\\\/www.silentblocks.com\\\/wp-content\\\/uploads\\\/2023\\\/07\\\/logo211-sem-fundo_2012-PARA-BOUTIQUE-EBAY.png\",\"width\":300,\"height\":190,\"caption\":\"SILENTBLOCKS\"},\"image\":{\"@id\":\"https:\\\/\\\/www.silentblocks.com\\\/es\\\/#\\\/schema\\\/logo\\\/image\\\/\"}}]}<\/script>\n<!-- \/ Yoast SEO Premium plugin. -->","yoast_head_json":{"title":"Soporte de motor derecho o izquierdo para Mitsubishi Pajero II\/III\/IV - SILENT BLOCKS","description":"Soporte de motor derecho o izquierdo para Mitsubishi Pajero II, Pajero III, Pajero IV, compatible OEM MR554176, MR374898, MR510056","robots":{"index":"index","follow":"follow","max-snippet":"max-snippet:-1","max-image-preview":"max-image-preview:large","max-video-preview":"max-video-preview:-1"},"canonical":"https:\/\/www.silentblocks.com\/es\/producto\/soporte-motor-derecha-izquierda-mitsubishi-pajero\/","og_locale":"es_ES","og_type":"article","og_title":"Soporte de motor derecho o izquierdo para Mitsubishi Pajero II\/III\/IV","og_description":"Soporte de motor derecho o izquierdo para Mitsubishi Pajero II, Pajero III, Pajero IV, compatible OEM MR554176, MR374898, MR510056","og_url":"https:\/\/www.silentblocks.com\/es\/producto\/soporte-motor-derecha-izquierda-mitsubishi-pajero\/","og_site_name":"SILENT BLOCKS","article_modified_time":"2026-02-17T21:30:50+00:00","og_image":[{"width":1000,"height":1000,"url":"https:\/\/www.silentblocks.com\/wp-content\/uploads\/2026\/02\/mr554176-support-moteur-pajero-2.jpg","type":"image\/jpeg"}],"twitter_card":"summary_large_image","schema":{"@context":"https:\/\/schema.org","@graph":[{"@type":"WebPage","@id":"https:\/\/www.silentblocks.com\/es\/producto\/soporte-motor-derecha-izquierda-mitsubishi-pajero\/","url":"https:\/\/www.silentblocks.com\/es\/producto\/soporte-motor-derecha-izquierda-mitsubishi-pajero\/","name":"Soporte de motor derecho o izquierdo para Mitsubishi Pajero II\/III\/IV - SILENT BLOCKS","isPartOf":{"@id":"https:\/\/www.silentblocks.com\/es\/#website"},"primaryImageOfPage":{"@id":"https:\/\/www.silentblocks.com\/es\/producto\/soporte-motor-derecha-izquierda-mitsubishi-pajero\/#primaryimage"},"image":{"@id":"https:\/\/www.silentblocks.com\/es\/producto\/soporte-motor-derecha-izquierda-mitsubishi-pajero\/#primaryimage"},"thumbnailUrl":"https:\/\/www.silentblocks.com\/wp-content\/uploads\/2023\/04\/mr554176-support-moteur-pajero-1.jpg","datePublished":"2023-04-26T22:51:38+00:00","dateModified":"2026-02-17T21:30:50+00:00","description":"Soporte de motor derecho o izquierdo para Mitsubishi Pajero II, Pajero III, Pajero IV, compatible OEM MR554176, MR374898, MR510056","breadcrumb":{"@id":"https:\/\/www.silentblocks.com\/es\/producto\/soporte-motor-derecha-izquierda-mitsubishi-pajero\/#breadcrumb"},"inLanguage":"es","potentialAction":[{"@type":"ReadAction","target":["https:\/\/www.silentblocks.com\/es\/producto\/soporte-motor-derecha-izquierda-mitsubishi-pajero\/"]}]},{"@type":"ImageObject","inLanguage":"es","@id":"https:\/\/www.silentblocks.com\/es\/producto\/soporte-motor-derecha-izquierda-mitsubishi-pajero\/#primaryimage","url":"https:\/\/www.silentblocks.com\/wp-content\/uploads\/2023\/04\/mr554176-support-moteur-pajero-1.jpg","contentUrl":"https:\/\/www.silentblocks.com\/wp-content\/uploads\/2023\/04\/mr554176-support-moteur-pajero-1.jpg","width":1024,"height":1024},{"@type":"BreadcrumbList","@id":"https:\/\/www.silentblocks.com\/es\/producto\/soporte-motor-derecha-izquierda-mitsubishi-pajero\/#breadcrumb","itemListElement":[{"@type":"ListItem","position":1,"name":"In\u00edcio","item":"https:\/\/www.silentblocks.com\/es\/"},{"@type":"ListItem","position":2,"name":"Page boutique","item":"https:\/\/www.silentblocks.com\/es\/shop-2\/"},{"@type":"ListItem","position":3,"name":"Soporte de motor derecho o izquierdo para Mitsubishi Pajero II\/III\/IV"}]},{"@type":"WebSite","@id":"https:\/\/www.silentblocks.com\/es\/#website","url":"https:\/\/www.silentblocks.com\/es\/","name":"SILENTBLOCKS","description":"Secure on the road","publisher":{"@id":"https:\/\/www.silentblocks.com\/es\/#organization"},"potentialAction":[{"@type":"SearchAction","target":{"@type":"EntryPoint","urlTemplate":"https:\/\/www.silentblocks.com\/es\/?s={search_term_string}"},"query-input":{"@type":"PropertyValueSpecification","valueRequired":true,"valueName":"search_term_string"}}],"inLanguage":"es"},{"@type":"Organization","@id":"https:\/\/www.silentblocks.com\/es\/#organization","name":"SILENTBLOCKS","url":"https:\/\/www.silentblocks.com\/es\/","logo":{"@type":"ImageObject","inLanguage":"es","@id":"https:\/\/www.silentblocks.com\/es\/#\/schema\/logo\/image\/","url":"https:\/\/www.silentblocks.com\/wp-content\/uploads\/2023\/07\/logo211-sem-fundo_2012-PARA-BOUTIQUE-EBAY.png","contentUrl":"https:\/\/www.silentblocks.com\/wp-content\/uploads\/2023\/07\/logo211-sem-fundo_2012-PARA-BOUTIQUE-EBAY.png","width":300,"height":190,"caption":"SILENTBLOCKS"},"image":{"@id":"https:\/\/www.silentblocks.com\/es\/#\/schema\/logo\/image\/"}}]}},"_links":{"self":[{"href":"https:\/\/www.silentblocks.com\/es\/wp-json\/wp\/v2\/product\/85963","targetHints":{"allow":["GET"]}}],"collection":[{"href":"https:\/\/www.silentblocks.com\/es\/wp-json\/wp\/v2\/product"}],"about":[{"href":"https:\/\/www.silentblocks.com\/es\/wp-json\/wp\/v2\/types\/product"}],"version-history":[{"count":0,"href":"https:\/\/www.silentblocks.com\/es\/wp-json\/wp\/v2\/product\/85963\/revisions"}],"wp:featuredmedia":[{"embeddable":true,"href":"https:\/\/www.silentblocks.com\/es\/wp-json\/wp\/v2\/media\/136606"}],"wp:attachment":[{"href":"https:\/\/www.silentblocks.com\/es\/wp-json\/wp\/v2\/media?parent=85963"}],"wp:term":[{"taxonomy":"product_brand","embeddable":true,"href":"https:\/\/www.silentblocks.com\/es\/wp-json\/wp\/v2\/product_brand?post=85963"},{"taxonomy":"product_cat","embeddable":true,"href":"https:\/\/www.silentblocks.com\/es\/wp-json\/wp\/v2\/product_cat?post=85963"},{"taxonomy":"product_tag","embeddable":true,"href":"https:\/\/www.silentblocks.com\/es\/wp-json\/wp\/v2\/product_tag?post=85963"}],"curies":[{"name":"wp","href":"https:\/\/api.w.org\/{rel}","templated":true}]}}