{"id":86215,"date":"2023-04-26T22:51:24","date_gmt":"2023-04-26T22:51:24","guid":{"rendered":"https:\/\/www.silentblocks.com\/product\/soporte-motor-arriere-talento-completo-70mm\/"},"modified":"2026-02-17T21:31:29","modified_gmt":"2026-02-17T21:31:29","slug":"soporte-motor-arriere-talento-completo-70mm","status":"publish","type":"product","link":"https:\/\/www.silentblocks.com\/es\/producto\/soporte-motor-arriere-talento-completo-70mm\/","title":{"rendered":"Soporte motor trasero Talento (70mm)"},"content":{"rendered":"<p>Soporte motor trasero para Fiat Talento (70mm silentbloc)<\/p>\n<table class=\"MsoNormalTable\" style=\"width: 649px; margin-left: 2.75pt; border-collapse: collapse;\" border=\"0\" cellspacing=\"0\" cellpadding=\"0\">\n<tbody>\n<tr style=\"mso-yfti-irow: 0; mso-yfti-firstrow: yes; height: 15.0pt;\">\n<td style=\"width: 240pt; border-right-style: none; border-bottom-style: none; border-left-style: none; border-top-color: windowtext; border-top-width: 1pt; background-color: #bfbfbf; padding: 0cm 3.5pt; height: 15pt;\" width=\"320\">\n<p class=\"MsoNormal\" align=\"center\"><span style=\"font-size: 9.0pt; font-family: 'Arial','sans-serif'; mso-fareast-font-family: 'Times New Roman'; color: red;\">FIAT<\/span><\/p>\n<\/td>\n<td style=\"width: 35pt; border-right-style: none; border-bottom-style: none; border-left-style: none; border-top-color: windowtext; border-top-width: 1pt; background-color: #bfbfbf; padding: 0cm 3.5pt; height: 15pt;\" width=\"47\">\n<p class=\"MsoNormal\" align=\"center\"><span style=\"font-size: 9.0pt; font-family: 'Arial','sans-serif'; mso-fareast-font-family: 'Times New Roman'; color: red;\">Motor<\/span><\/p>\n<\/td>\n<td style=\"width: 68pt; border-right-style: none; border-bottom-style: none; border-left-style: none; border-top-color: windowtext; border-top-width: 1pt; background-color: #bfbfbf; padding: 0cm 3.5pt; height: 15pt;\" width=\"91\">\n<p class=\"MsoNormal\" align=\"center\"><span style=\"font-size: 9.0pt; font-family: 'Arial','sans-serif'; mso-fareast-font-family: 'Times New Roman'; color: red;\">C\u00f3digo del motor<\/span><\/p>\n<\/td>\n<td style=\"width: 48pt; border-right-style: none; border-bottom-style: none; border-left-style: none; border-top-color: windowtext; border-top-width: 1pt; background-color: #bfbfbf; padding: 0cm 3.5pt; height: 15pt;\" width=\"64\">\n<p class=\"MsoNormal\" align=\"center\"><span style=\"color: #ff0000; font-family: Arial, sans-serif;\">Combustible<\/span><\/p>\n<\/td>\n<td style=\"width: 48pt; border-right-style: none; border-bottom-style: none; border-left-style: none; border-top-color: windowtext; border-top-width: 1pt; background-color: #bfbfbf; padding: 0cm 3.5pt; height: 15pt;\" width=\"64\">\n<p class=\"MsoNormal\" align=\"center\"><span style=\"color: #ff0000; font-family: Arial, sans-serif;\">En<\/span><\/p>\n<\/td>\n<td style=\"width: 48pt; border-right-style: none; border-bottom-style: none; border-left-style: none; border-top-color: windowtext; border-top-width: 1pt; background-color: #bfbfbf; padding: 0cm 3.5pt; height: 15pt;\" width=\"64\">\n<p class=\"MsoNormal\" align=\"center\"><span style=\"color: #ff0000; font-family: Arial, sans-serif;\">Hasta<\/span><\/p>\n<\/td>\n<\/tr>\n<tr style=\"mso-yfti-irow: 1; height: 15.75pt;\">\n<td style=\"width: 240pt; border-top-style: none; border-right-style: none; border-left-style: none; border-bottom-color: #333333; border-bottom-width: 1pt; padding: 0cm 3.5pt; height: 15.75pt;\" nowrap width=\"320\">\n<p class=\"MsoNormal\"><span style=\"font-size: 8pt; font-family: Arial, sans-serif;\">TALENTO Autob\u00fas\/Autocar (290) (290UEHK)<\/span><\/p>\n<\/td>\n<td style=\"width: 35pt; border-top-style: none; border-right-style: none; border-left-style: none; border-bottom-color: #333333; border-bottom-width: 1pt; padding: 0cm 3.5pt; height: 15.75pt;\" nowrap width=\"47\">\n<p class=\"MsoNormal\" align=\"center\"><span style=\"font-size: 8pt; font-family: Arial, sans-serif;\">1.9D<\/span><\/p>\n<\/td>\n<td style=\"width: 68pt; border-top-style: none; border-right-style: none; border-left-style: none; border-bottom-color: #333333; border-bottom-width: 1pt; padding: 0cm 3.5pt; height: 15.75pt;\" nowrap width=\"91\">\n<p class=\"MsoNormal\" align=\"center\"><span style=\"font-size: 8pt; font-family: Arial, sans-serif;\">149 B1.000<\/span><\/p>\n<\/td>\n<td style=\"width: 48pt; border-top-style: none; border-right-style: none; border-left-style: none; border-bottom-color: #333333; border-bottom-width: 1pt; padding: 0cm 3.5pt; height: 15.75pt;\" nowrap width=\"64\">\n<p class=\"MsoNormal\" align=\"center\"><span style=\"font-size: 8pt; font-family: Arial, sans-serif;\">Diesel<\/span><\/p>\n<\/td>\n<td style=\"width: 48pt; border-top-style: none; border-right-style: none; border-left-style: none; border-bottom-color: #333333; border-bottom-width: 1pt; padding: 0cm 3.5pt; height: 15.75pt;\" nowrap width=\"64\">\n<p class=\"MsoNormal\" align=\"center\"><span style=\"font-size: 8pt; font-family: Arial, sans-serif;\">03 1989<\/span><\/p>\n<\/td>\n<td style=\"width: 48pt; border-top-style: none; border-right-style: none; border-left-style: none; border-bottom-color: #333333; border-bottom-width: 1pt; padding: 0cm 3.5pt; height: 15.75pt;\" nowrap width=\"64\">\n<p class=\"MsoNormal\" align=\"center\"><span style=\"font-size: 8pt; font-family: Arial, sans-serif;\">03 1994<\/span><\/p>\n<\/td>\n<\/tr>\n<tr style=\"mso-yfti-irow: 2; height: 15.75pt;\">\n<td style=\"width: 240pt; border-top-style: none; border-right-style: none; border-left-style: none; border-bottom-color: #333333; border-bottom-width: 1pt; padding: 0cm 3.5pt; height: 15.75pt;\" nowrap width=\"320\">\n<p class=\"MsoNormal\"><span style=\"font-size: 8pt; font-family: Arial, sans-serif;\">TALENTO Autob\u00fas\/Autocar (290) (290UEH4)<\/span><\/p>\n<\/td>\n<td style=\"width: 35pt; border-top-style: none; border-right-style: none; border-left-style: none; border-bottom-color: #333333; border-bottom-width: 1pt; padding: 0cm 3.5pt; height: 15.75pt;\" nowrap width=\"47\">\n<p class=\"MsoNormal\" align=\"center\"><span style=\"font-size: 8pt; font-family: Arial, sans-serif;\">2.0<\/span><\/p>\n<\/td>\n<td style=\"width: 68pt; border-top-style: none; border-right-style: none; border-left-style: none; border-bottom-color: #333333; border-bottom-width: 1pt; padding: 0cm 3.5pt; height: 15.75pt;\" nowrap width=\"91\">\n<p class=\"MsoNormal\" align=\"center\"><span style=\"font-size: 8pt; font-family: Arial, sans-serif;\">170 B<\/span><\/p>\n<\/td>\n<td style=\"width: 48pt; border-top-style: none; border-right-style: none; border-left-style: none; border-bottom-color: #333333; border-bottom-width: 1pt; padding: 0cm 3.5pt; height: 15.75pt;\" nowrap width=\"64\">\n<p class=\"MsoNormal\" align=\"center\"><span style=\"font-family: Arial, sans-serif; font-size: 8pt;\">Gasolina<\/span><\/p>\n<\/td>\n<td style=\"width: 48pt; border-top-style: none; border-right-style: none; border-left-style: none; border-bottom-color: #333333; border-bottom-width: 1pt; padding: 0cm 3.5pt; height: 15.75pt;\" nowrap width=\"64\">\n<p class=\"MsoNormal\" align=\"center\"><span style=\"font-size: 8pt; font-family: Arial, sans-serif;\">03 1989<\/span><\/p>\n<\/td>\n<td style=\"width: 48pt; border-top-style: none; border-right-style: none; border-left-style: none; border-bottom-color: #333333; border-bottom-width: 1pt; padding: 0cm 3.5pt; height: 15.75pt;\" nowrap width=\"64\">\n<p class=\"MsoNormal\" align=\"center\"><span style=\"font-size: 8pt; font-family: Arial, sans-serif;\">03 1994<\/span><\/p>\n<\/td>\n<\/tr>\n<tr style=\"mso-yfti-irow: 3; height: 15.75pt;\">\n<td style=\"width: 240pt; border-top-style: none; border-right-style: none; border-left-style: none; border-bottom-color: #333333; border-bottom-width: 1pt; padding: 0cm 3.5pt; height: 15.75pt;\" nowrap width=\"320\">\n<p class=\"MsoNormal\"><span style=\"font-size: 8pt; font-family: Arial, sans-serif;\">Plataforma\/chasis TALENTO (290) (290UAK, 290UTK)<\/span><\/p>\n<\/td>\n<td style=\"width: 35pt; border-top-style: none; border-right-style: none; border-left-style: none; border-bottom-color: #333333; border-bottom-width: 1pt; padding: 0cm 3.5pt; height: 15.75pt;\" nowrap width=\"47\">\n<p class=\"MsoNormal\" align=\"center\"><span style=\"font-size: 8pt; font-family: Arial, sans-serif;\">1.9D<\/span><\/p>\n<\/td>\n<td style=\"width: 68pt; border-top-style: none; border-right-style: none; border-left-style: none; border-bottom-color: #333333; border-bottom-width: 1pt; padding: 0cm 3.5pt; height: 15.75pt;\" nowrap width=\"91\">\n<p class=\"MsoNormal\" align=\"center\"><span style=\"font-size: 8pt; font-family: Arial, sans-serif;\">149 B1.000<\/span><\/p>\n<\/td>\n<td style=\"width: 48pt; border-top-style: none; border-right-style: none; border-left-style: none; border-bottom-color: #333333; border-bottom-width: 1pt; padding: 0cm 3.5pt; height: 15.75pt;\" nowrap width=\"64\">\n<p class=\"MsoNormal\" align=\"center\"><span style=\"font-size: 8pt; font-family: Arial, sans-serif;\">Diesel<\/span><\/p>\n<\/td>\n<td style=\"width: 48pt; border-top-style: none; border-right-style: none; border-left-style: none; border-bottom-color: #333333; border-bottom-width: 1pt; padding: 0cm 3.5pt; height: 15.75pt;\" nowrap width=\"64\">\n<p class=\"MsoNormal\" align=\"center\"><span style=\"font-size: 8pt; font-family: Arial, sans-serif;\">03 1989<\/span><\/p>\n<\/td>\n<td style=\"width: 48pt; border-top-style: none; border-right-style: none; border-left-style: none; border-bottom-color: #333333; border-bottom-width: 1pt; padding: 0cm 3.5pt; height: 15.75pt;\" nowrap width=\"64\">\n<p class=\"MsoNormal\" align=\"center\"><span style=\"font-size: 8pt; font-family: Arial, sans-serif;\">03 1994<\/span><\/p>\n<\/td>\n<\/tr>\n<tr style=\"mso-yfti-irow: 4; height: 15.75pt;\">\n<td style=\"width: 240pt; border-top-style: none; border-right-style: none; border-left-style: none; border-bottom-color: #333333; border-bottom-width: 1pt; padding: 0cm 3.5pt; height: 15.75pt;\" nowrap width=\"320\">\n<p class=\"MsoNormal\"><span style=\"font-size: 8pt; font-family: Arial, sans-serif;\">Plataforma\/chasis TALENTO (290) (290UA4)<\/span><\/p>\n<\/td>\n<td style=\"width: 35pt; border-top-style: none; border-right-style: none; border-left-style: none; border-bottom-color: #333333; border-bottom-width: 1pt; padding: 0cm 3.5pt; height: 15.75pt;\" nowrap width=\"47\">\n<p class=\"MsoNormal\" align=\"center\"><span style=\"font-size: 8pt; font-family: Arial, sans-serif;\">2.0<\/span><\/p>\n<\/td>\n<td style=\"width: 68pt; border-top-style: none; border-right-style: none; border-left-style: none; border-bottom-color: #333333; border-bottom-width: 1pt; padding: 0cm 3.5pt; height: 15.75pt;\" nowrap width=\"91\">\n<p class=\"MsoNormal\" align=\"center\"><span style=\"font-size: 8pt; font-family: Arial, sans-serif;\">170 B<\/span><\/p>\n<\/td>\n<td style=\"width: 48pt; border-top-style: none; border-right-style: none; border-left-style: none; border-bottom-color: #333333; border-bottom-width: 1pt; padding: 0cm 3.5pt; height: 15.75pt;\" nowrap width=\"64\">\n<p class=\"MsoNormal\" align=\"center\"><span style=\"font-family: Arial, sans-serif; font-size: 8pt;\">Gasolina<\/span><\/p>\n<\/td>\n<td style=\"width: 48pt; border-top-style: none; border-right-style: none; border-left-style: none; border-bottom-color: #333333; border-bottom-width: 1pt; padding: 0cm 3.5pt; height: 15.75pt;\" nowrap width=\"64\">\n<p class=\"MsoNormal\" align=\"center\"><span style=\"font-size: 8pt; font-family: Arial, sans-serif;\">03 1989<\/span><\/p>\n<\/td>\n<td style=\"width: 48pt; border-top-style: none; border-right-style: none; border-left-style: none; border-bottom-color: #333333; border-bottom-width: 1pt; padding: 0cm 3.5pt; height: 15.75pt;\" nowrap width=\"64\">\n<p class=\"MsoNormal\" align=\"center\"><span style=\"font-size: 8pt; font-family: Arial, sans-serif;\">03 1994<\/span><\/p>\n<\/td>\n<\/tr>\n<tr style=\"mso-yfti-irow: 5; height: 15.75pt;\">\n<td style=\"width: 240pt; border-top-style: none; border-right-style: none; border-left-style: none; border-bottom-color: #333333; border-bottom-width: 1pt; padding: 0cm 3.5pt; height: 15.75pt;\" nowrap width=\"320\">\n<p class=\"MsoNormal\"><span style=\"font-size: 8pt; font-family: Arial, sans-serif;\">TALENTO Furgoneta (290) (290UK)<\/span><\/p>\n<\/td>\n<td style=\"width: 35pt; border-top-style: none; border-right-style: none; border-left-style: none; border-bottom-color: #333333; border-bottom-width: 1pt; padding: 0cm 3.5pt; height: 15.75pt;\" nowrap width=\"47\">\n<p class=\"MsoNormal\" align=\"center\"><span style=\"font-size: 8pt; font-family: Arial, sans-serif;\">1.9D<\/span><\/p>\n<\/td>\n<td style=\"width: 68pt; border-top-style: none; border-right-style: none; border-left-style: none; border-bottom-color: #333333; border-bottom-width: 1pt; padding: 0cm 3.5pt; height: 15.75pt;\" nowrap width=\"91\">\n<p class=\"MsoNormal\" align=\"center\"><span style=\"font-size: 8pt; font-family: Arial, sans-serif;\">149 B1.000<\/span><\/p>\n<\/td>\n<td style=\"width: 48pt; border-top-style: none; border-right-style: none; border-left-style: none; border-bottom-color: #333333; border-bottom-width: 1pt; padding: 0cm 3.5pt; height: 15.75pt;\" nowrap width=\"64\">\n<p class=\"MsoNormal\" align=\"center\"><span style=\"font-size: 8pt; font-family: Arial, sans-serif;\">Diesel<\/span><\/p>\n<\/td>\n<td style=\"width: 48pt; border-top-style: none; border-right-style: none; border-left-style: none; border-bottom-color: #333333; border-bottom-width: 1pt; padding: 0cm 3.5pt; height: 15.75pt;\" nowrap width=\"64\">\n<p class=\"MsoNormal\" align=\"center\"><span style=\"font-size: 8pt; font-family: Arial, sans-serif;\">03 1989<\/span><\/p>\n<\/td>\n<td style=\"width: 48pt; border-top-style: none; border-right-style: none; border-left-style: none; border-bottom-color: #333333; border-bottom-width: 1pt; padding: 0cm 3.5pt; height: 15.75pt;\" nowrap width=\"64\">\n<p class=\"MsoNormal\" align=\"center\"><span style=\"font-size: 8pt; font-family: Arial, sans-serif;\">03 1994<\/span><\/p>\n<\/td>\n<\/tr>\n<tr style=\"mso-yfti-irow: 6; mso-yfti-lastrow: yes; height: 15.75pt;\">\n<td style=\"width: 240pt; border-top-style: none; border-right-style: none; border-left-style: none; border-bottom-color: windowtext; border-bottom-width: 1pt; padding: 0cm 3.5pt; height: 15.75pt;\" nowrap width=\"320\">\n<p class=\"MsoNormal\"><span style=\"font-size: 8pt; font-family: Arial, sans-serif;\">TALENTO Furgoneta (290) (290U4)<\/span><\/p>\n<\/td>\n<td style=\"width: 35pt; border-top-style: none; border-right-style: none; border-left-style: none; border-bottom-color: windowtext; border-bottom-width: 1pt; padding: 0cm 3.5pt; height: 15.75pt;\" nowrap width=\"47\">\n<p class=\"MsoNormal\" align=\"center\"><span style=\"font-size: 8pt; font-family: Arial, sans-serif;\">2.0<\/span><\/p>\n<\/td>\n<td style=\"width: 68pt; border-top-style: none; border-right-style: none; border-left-style: none; border-bottom-color: windowtext; border-bottom-width: 1pt; padding: 0cm 3.5pt; height: 15.75pt;\" nowrap width=\"91\">\n<p class=\"MsoNormal\" align=\"center\"><span style=\"font-size: 8pt; font-family: Arial, sans-serif;\">170 B<\/span><\/p>\n<\/td>\n<td style=\"width: 48pt; border-top-style: none; border-right-style: none; border-left-style: none; border-bottom-color: windowtext; border-bottom-width: 1pt; padding: 0cm 3.5pt; height: 15.75pt;\" nowrap width=\"64\">\n<p class=\"MsoNormal\" align=\"center\"><span style=\"font-family: Arial, sans-serif; font-size: 8pt;\">Gasolina<\/span><\/p>\n<\/td>\n<td style=\"width: 48pt; border-top-style: none; border-right-style: none; border-left-style: none; border-bottom-color: windowtext; border-bottom-width: 1pt; padding: 0cm 3.5pt; height: 15.75pt;\" nowrap width=\"64\">\n<p class=\"MsoNormal\" align=\"center\"><span style=\"font-size: 8pt; font-family: Arial, sans-serif;\">03 1989<\/span><\/p>\n<\/td>\n<td style=\"width: 48pt; border-top-style: none; border-right-style: none; border-left-style: none; border-bottom-color: windowtext; border-bottom-width: 1pt; padding: 0cm 3.5pt; height: 15.75pt;\" nowrap width=\"64\">\n<p class=\"MsoNormal\" align=\"center\"><span style=\"font-size: 8pt; font-family: Arial, sans-serif;\">03 1994<\/span><\/p>\n<\/td>\n<\/tr>\n<\/tbody>\n<\/table>\n<p>Referencias del fabricante (c\u00f3digo OEM) s\u00f3lo a t\u00edtulo informativo :<br \/>\n184361, 194441,4456819<\/p>\n<p>Piezas nuevas, se vende con factura. Todos nuestros productos tienen 2 a\u00f1os de garant\u00eda.<\/p>\n","protected":false},"excerpt":{"rendered":"<p>Soporte motor trasero para Fiat Talento (70mm)<\/p>\n","protected":false},"featured_media":116169,"template":"","meta":[],"product_brand":[],"product_cat":[2166,2627],"product_tag":[],"class_list":{"0":"post-86215","1":"product","2":"type-product","3":"status-publish","4":"has-post-thumbnail","6":"product_cat-fiat-es","7":"product_cat-talento-es","9":"first","10":"instock","11":"shipping-taxable","12":"purchasable","13":"product-type-simple"},"yoast_head":"<!-- This site is optimized with the Yoast SEO Premium plugin v23.0 (Yoast SEO v27.4) - https:\/\/yoast.com\/product\/yoast-seo-premium-wordpress\/ -->\n<title>Soporte motor trasero Talento (70mm) - SILENT BLOCKS<\/title>\n<meta name=\"description\" content=\"Soporte motor trasero para Fiat Talento\" \/>\n<meta name=\"robots\" content=\"index, follow, max-snippet:-1, max-image-preview:large, max-video-preview:-1\" \/>\n<link rel=\"canonical\" href=\"https:\/\/www.silentblocks.com\/es\/producto\/soporte-motor-arriere-talento-completo-70mm\/\" \/>\n<meta property=\"og:locale\" content=\"es_ES\" \/>\n<meta property=\"og:type\" content=\"article\" \/>\n<meta property=\"og:title\" content=\"Soporte motor trasero Talento (70mm)\" \/>\n<meta property=\"og:description\" content=\"Soporte motor trasero para Fiat Talento\" \/>\n<meta property=\"og:url\" content=\"https:\/\/www.silentblocks.com\/es\/producto\/soporte-motor-arriere-talento-completo-70mm\/\" \/>\n<meta property=\"og:site_name\" content=\"SILENT BLOCKS\" \/>\n<meta property=\"article:modified_time\" content=\"2026-02-17T21:31:29+00:00\" \/>\n<meta property=\"og:image\" content=\"https:\/\/www.silentblocks.com\/wp-content\/uploads\/2026\/02\/4456819-70mm-support-moteur-2.jpg\" \/>\n\t<meta property=\"og:image:width\" content=\"800\" \/>\n\t<meta property=\"og:image:height\" content=\"800\" \/>\n\t<meta property=\"og:image:type\" content=\"image\/jpeg\" \/>\n<meta name=\"twitter:card\" content=\"summary_large_image\" \/>\n<script type=\"application\/ld+json\" class=\"yoast-schema-graph\">{\"@context\":\"https:\\\/\\\/schema.org\",\"@graph\":[{\"@type\":\"WebPage\",\"@id\":\"https:\\\/\\\/www.silentblocks.com\\\/es\\\/producto\\\/soporte-motor-arriere-talento-completo-70mm\\\/\",\"url\":\"https:\\\/\\\/www.silentblocks.com\\\/es\\\/producto\\\/soporte-motor-arriere-talento-completo-70mm\\\/\",\"name\":\"Soporte motor trasero Talento (70mm) - SILENT BLOCKS\",\"isPartOf\":{\"@id\":\"https:\\\/\\\/www.silentblocks.com\\\/es\\\/#website\"},\"primaryImageOfPage\":{\"@id\":\"https:\\\/\\\/www.silentblocks.com\\\/es\\\/producto\\\/soporte-motor-arriere-talento-completo-70mm\\\/#primaryimage\"},\"image\":{\"@id\":\"https:\\\/\\\/www.silentblocks.com\\\/es\\\/producto\\\/soporte-motor-arriere-talento-completo-70mm\\\/#primaryimage\"},\"thumbnailUrl\":\"https:\\\/\\\/www.silentblocks.com\\\/wp-content\\\/uploads\\\/2026\\\/02\\\/4456819-70mm-support-moteur-2.jpg\",\"datePublished\":\"2023-04-26T22:51:24+00:00\",\"dateModified\":\"2026-02-17T21:31:29+00:00\",\"description\":\"Soporte motor trasero para Fiat Talento\",\"breadcrumb\":{\"@id\":\"https:\\\/\\\/www.silentblocks.com\\\/es\\\/producto\\\/soporte-motor-arriere-talento-completo-70mm\\\/#breadcrumb\"},\"inLanguage\":\"es\",\"potentialAction\":[{\"@type\":\"ReadAction\",\"target\":[\"https:\\\/\\\/www.silentblocks.com\\\/es\\\/producto\\\/soporte-motor-arriere-talento-completo-70mm\\\/\"]}]},{\"@type\":\"ImageObject\",\"inLanguage\":\"es\",\"@id\":\"https:\\\/\\\/www.silentblocks.com\\\/es\\\/producto\\\/soporte-motor-arriere-talento-completo-70mm\\\/#primaryimage\",\"url\":\"https:\\\/\\\/www.silentblocks.com\\\/wp-content\\\/uploads\\\/2026\\\/02\\\/4456819-70mm-support-moteur-2.jpg\",\"contentUrl\":\"https:\\\/\\\/www.silentblocks.com\\\/wp-content\\\/uploads\\\/2026\\\/02\\\/4456819-70mm-support-moteur-2.jpg\",\"width\":800,\"height\":800},{\"@type\":\"BreadcrumbList\",\"@id\":\"https:\\\/\\\/www.silentblocks.com\\\/es\\\/producto\\\/soporte-motor-arriere-talento-completo-70mm\\\/#breadcrumb\",\"itemListElement\":[{\"@type\":\"ListItem\",\"position\":1,\"name\":\"In\u00edcio\",\"item\":\"https:\\\/\\\/www.silentblocks.com\\\/es\\\/\"},{\"@type\":\"ListItem\",\"position\":2,\"name\":\"Page boutique\",\"item\":\"https:\\\/\\\/www.silentblocks.com\\\/es\\\/shop-2\\\/\"},{\"@type\":\"ListItem\",\"position\":3,\"name\":\"Soporte motor trasero Talento (70mm)\"}]},{\"@type\":\"WebSite\",\"@id\":\"https:\\\/\\\/www.silentblocks.com\\\/es\\\/#website\",\"url\":\"https:\\\/\\\/www.silentblocks.com\\\/es\\\/\",\"name\":\"SILENTBLOCKS\",\"description\":\"Secure on the road\",\"publisher\":{\"@id\":\"https:\\\/\\\/www.silentblocks.com\\\/es\\\/#organization\"},\"potentialAction\":[{\"@type\":\"SearchAction\",\"target\":{\"@type\":\"EntryPoint\",\"urlTemplate\":\"https:\\\/\\\/www.silentblocks.com\\\/es\\\/?s={search_term_string}\"},\"query-input\":{\"@type\":\"PropertyValueSpecification\",\"valueRequired\":true,\"valueName\":\"search_term_string\"}}],\"inLanguage\":\"es\"},{\"@type\":\"Organization\",\"@id\":\"https:\\\/\\\/www.silentblocks.com\\\/es\\\/#organization\",\"name\":\"SILENTBLOCKS\",\"url\":\"https:\\\/\\\/www.silentblocks.com\\\/es\\\/\",\"logo\":{\"@type\":\"ImageObject\",\"inLanguage\":\"es\",\"@id\":\"https:\\\/\\\/www.silentblocks.com\\\/es\\\/#\\\/schema\\\/logo\\\/image\\\/\",\"url\":\"https:\\\/\\\/www.silentblocks.com\\\/wp-content\\\/uploads\\\/2023\\\/07\\\/logo211-sem-fundo_2012-PARA-BOUTIQUE-EBAY.png\",\"contentUrl\":\"https:\\\/\\\/www.silentblocks.com\\\/wp-content\\\/uploads\\\/2023\\\/07\\\/logo211-sem-fundo_2012-PARA-BOUTIQUE-EBAY.png\",\"width\":300,\"height\":190,\"caption\":\"SILENTBLOCKS\"},\"image\":{\"@id\":\"https:\\\/\\\/www.silentblocks.com\\\/es\\\/#\\\/schema\\\/logo\\\/image\\\/\"}}]}<\/script>\n<!-- \/ Yoast SEO Premium plugin. -->","yoast_head_json":{"title":"Soporte motor trasero Talento (70mm) - SILENT BLOCKS","description":"Soporte motor trasero para Fiat Talento","robots":{"index":"index","follow":"follow","max-snippet":"max-snippet:-1","max-image-preview":"max-image-preview:large","max-video-preview":"max-video-preview:-1"},"canonical":"https:\/\/www.silentblocks.com\/es\/producto\/soporte-motor-arriere-talento-completo-70mm\/","og_locale":"es_ES","og_type":"article","og_title":"Soporte motor trasero Talento (70mm)","og_description":"Soporte motor trasero para Fiat Talento","og_url":"https:\/\/www.silentblocks.com\/es\/producto\/soporte-motor-arriere-talento-completo-70mm\/","og_site_name":"SILENT BLOCKS","article_modified_time":"2026-02-17T21:31:29+00:00","og_image":[{"width":800,"height":800,"url":"https:\/\/www.silentblocks.com\/wp-content\/uploads\/2026\/02\/4456819-70mm-support-moteur-2.jpg","type":"image\/jpeg"}],"twitter_card":"summary_large_image","schema":{"@context":"https:\/\/schema.org","@graph":[{"@type":"WebPage","@id":"https:\/\/www.silentblocks.com\/es\/producto\/soporte-motor-arriere-talento-completo-70mm\/","url":"https:\/\/www.silentblocks.com\/es\/producto\/soporte-motor-arriere-talento-completo-70mm\/","name":"Soporte motor trasero Talento (70mm) - SILENT BLOCKS","isPartOf":{"@id":"https:\/\/www.silentblocks.com\/es\/#website"},"primaryImageOfPage":{"@id":"https:\/\/www.silentblocks.com\/es\/producto\/soporte-motor-arriere-talento-completo-70mm\/#primaryimage"},"image":{"@id":"https:\/\/www.silentblocks.com\/es\/producto\/soporte-motor-arriere-talento-completo-70mm\/#primaryimage"},"thumbnailUrl":"https:\/\/www.silentblocks.com\/wp-content\/uploads\/2026\/02\/4456819-70mm-support-moteur-2.jpg","datePublished":"2023-04-26T22:51:24+00:00","dateModified":"2026-02-17T21:31:29+00:00","description":"Soporte motor trasero para Fiat Talento","breadcrumb":{"@id":"https:\/\/www.silentblocks.com\/es\/producto\/soporte-motor-arriere-talento-completo-70mm\/#breadcrumb"},"inLanguage":"es","potentialAction":[{"@type":"ReadAction","target":["https:\/\/www.silentblocks.com\/es\/producto\/soporte-motor-arriere-talento-completo-70mm\/"]}]},{"@type":"ImageObject","inLanguage":"es","@id":"https:\/\/www.silentblocks.com\/es\/producto\/soporte-motor-arriere-talento-completo-70mm\/#primaryimage","url":"https:\/\/www.silentblocks.com\/wp-content\/uploads\/2026\/02\/4456819-70mm-support-moteur-2.jpg","contentUrl":"https:\/\/www.silentblocks.com\/wp-content\/uploads\/2026\/02\/4456819-70mm-support-moteur-2.jpg","width":800,"height":800},{"@type":"BreadcrumbList","@id":"https:\/\/www.silentblocks.com\/es\/producto\/soporte-motor-arriere-talento-completo-70mm\/#breadcrumb","itemListElement":[{"@type":"ListItem","position":1,"name":"In\u00edcio","item":"https:\/\/www.silentblocks.com\/es\/"},{"@type":"ListItem","position":2,"name":"Page boutique","item":"https:\/\/www.silentblocks.com\/es\/shop-2\/"},{"@type":"ListItem","position":3,"name":"Soporte motor trasero Talento (70mm)"}]},{"@type":"WebSite","@id":"https:\/\/www.silentblocks.com\/es\/#website","url":"https:\/\/www.silentblocks.com\/es\/","name":"SILENTBLOCKS","description":"Secure on the road","publisher":{"@id":"https:\/\/www.silentblocks.com\/es\/#organization"},"potentialAction":[{"@type":"SearchAction","target":{"@type":"EntryPoint","urlTemplate":"https:\/\/www.silentblocks.com\/es\/?s={search_term_string}"},"query-input":{"@type":"PropertyValueSpecification","valueRequired":true,"valueName":"search_term_string"}}],"inLanguage":"es"},{"@type":"Organization","@id":"https:\/\/www.silentblocks.com\/es\/#organization","name":"SILENTBLOCKS","url":"https:\/\/www.silentblocks.com\/es\/","logo":{"@type":"ImageObject","inLanguage":"es","@id":"https:\/\/www.silentblocks.com\/es\/#\/schema\/logo\/image\/","url":"https:\/\/www.silentblocks.com\/wp-content\/uploads\/2023\/07\/logo211-sem-fundo_2012-PARA-BOUTIQUE-EBAY.png","contentUrl":"https:\/\/www.silentblocks.com\/wp-content\/uploads\/2023\/07\/logo211-sem-fundo_2012-PARA-BOUTIQUE-EBAY.png","width":300,"height":190,"caption":"SILENTBLOCKS"},"image":{"@id":"https:\/\/www.silentblocks.com\/es\/#\/schema\/logo\/image\/"}}]}},"_links":{"self":[{"href":"https:\/\/www.silentblocks.com\/es\/wp-json\/wp\/v2\/product\/86215","targetHints":{"allow":["GET"]}}],"collection":[{"href":"https:\/\/www.silentblocks.com\/es\/wp-json\/wp\/v2\/product"}],"about":[{"href":"https:\/\/www.silentblocks.com\/es\/wp-json\/wp\/v2\/types\/product"}],"version-history":[{"count":0,"href":"https:\/\/www.silentblocks.com\/es\/wp-json\/wp\/v2\/product\/86215\/revisions"}],"wp:featuredmedia":[{"embeddable":true,"href":"https:\/\/www.silentblocks.com\/es\/wp-json\/wp\/v2\/media\/116169"}],"wp:attachment":[{"href":"https:\/\/www.silentblocks.com\/es\/wp-json\/wp\/v2\/media?parent=86215"}],"wp:term":[{"taxonomy":"product_brand","embeddable":true,"href":"https:\/\/www.silentblocks.com\/es\/wp-json\/wp\/v2\/product_brand?post=86215"},{"taxonomy":"product_cat","embeddable":true,"href":"https:\/\/www.silentblocks.com\/es\/wp-json\/wp\/v2\/product_cat?post=86215"},{"taxonomy":"product_tag","embeddable":true,"href":"https:\/\/www.silentblocks.com\/es\/wp-json\/wp\/v2\/product_tag?post=86215"}],"curies":[{"name":"wp","href":"https:\/\/api.w.org\/{rel}","templated":true}]}}