{"id":86993,"date":"2023-04-26T22:50:14","date_gmt":"2023-04-26T22:50:14","guid":{"rendered":"https:\/\/www.silentblocks.com\/product\/transmision-eje-rodamiento-nissan-2wd-d21-d22\/"},"modified":"2026-02-17T21:33:38","modified_gmt":"2026-02-17T21:33:38","slug":"transmision-eje-rodamiento-nissan-2wd-d21-d22","status":"publish","type":"product","link":"https:\/\/www.silentblocks.com\/es\/producto\/transmision-eje-rodamiento-nissan-2wd-d21-d22\/","title":{"rendered":"Cojinete del eje de transmisi\u00f3n Nissan 2WD Pickup\/Pathfinder\/200SX"},"content":{"rendered":"<p>Cojinete del eje de transmisi\u00f3n, compatible con los siguientes veh\u00edculos:<br \/>\nPara modelos 2WD:<br \/>\nNissan Pickup\/Pathfinder\/200SX<br \/>\nHARDBODY PICKUP (05-1986&gt;1994)<br \/>\nC\u00f3digos motor: Z24, KA24E, VG30E<br \/>\nNissan Pathfinder (07-1992&gt;07-1993)<br \/>\nC\u00f3digo motor: VG30E<br \/>\n200SX (10-1983&gt;07-1986)<br \/>\nC\u00f3digos motor: CA18ET, CA20E<br \/>\nDatsun 810 (07-1981&gt;)<br \/>\nC\u00f3digo motor: L24E<br \/>\nOEM: 37521-W1025<\/p>\n<p>Referencias del fabricante (c\u00f3digo OEM) s\u00f3lo a t\u00edtulo informativo :<br \/>\n37521-W1025_NS<\/p>\n<p>Piezas nuevas, se vende con factura. Todos nuestros productos tienen 2 a\u00f1os de garant\u00eda.<\/p>\n","protected":false},"excerpt":{"rendered":"<p>Cojinete del eje de transmisi\u00f3n para Nissan Pickup\/Pathfinder\/200SX<\/p>\n","protected":false},"featured_media":59870,"template":"","meta":[],"product_brand":[],"product_cat":[2214,3153],"product_tag":[],"class_list":{"0":"post-86993","1":"product","2":"type-product","3":"status-publish","4":"has-post-thumbnail","6":"product_cat-nissan-es","7":"product_cat-200-sx-es","9":"first","10":"instock","11":"shipping-taxable","12":"purchasable","13":"product-type-simple"},"yoast_head":"<!-- This site is optimized with the Yoast SEO Premium plugin v23.0 (Yoast SEO v27.4) - https:\/\/yoast.com\/product\/yoast-seo-premium-wordpress\/ -->\n<title>Cojinete del eje de transmisi\u00f3n Nissan 2WD Pickup\/Pathfinder\/200SX - SILENT BLOCKS<\/title>\n<meta name=\"description\" content=\"Cojinete del eje de transmisi\u00f3n Nissan 2WD Pickup, Pathfinder, 200SX, oem 37521-W1025_NS\" \/>\n<meta name=\"robots\" content=\"index, follow, max-snippet:-1, max-image-preview:large, max-video-preview:-1\" \/>\n<link rel=\"canonical\" href=\"https:\/\/www.silentblocks.com\/es\/producto\/transmision-eje-rodamiento-nissan-2wd-d21-d22\/\" \/>\n<meta property=\"og:locale\" content=\"es_ES\" \/>\n<meta property=\"og:type\" content=\"article\" \/>\n<meta property=\"og:title\" content=\"Cojinete del eje de transmisi\u00f3n Nissan 2WD Pickup\/Pathfinder\/200SX\" \/>\n<meta property=\"og:description\" content=\"Cojinete del eje de transmisi\u00f3n Nissan 2WD Pickup, Pathfinder, 200SX, oem 37521-W1025_NS\" \/>\n<meta property=\"og:url\" content=\"https:\/\/www.silentblocks.com\/es\/producto\/transmision-eje-rodamiento-nissan-2wd-d21-d22\/\" \/>\n<meta property=\"og:site_name\" content=\"SILENT BLOCKS\" \/>\n<meta property=\"article:modified_time\" content=\"2026-02-17T21:33:38+00:00\" \/>\n<meta property=\"og:image\" content=\"https:\/\/www.silentblocks.com\/wp-content\/uploads\/2026\/02\/37521-W1025_NISSAN.jpg\" \/>\n\t<meta property=\"og:image:width\" content=\"800\" \/>\n\t<meta property=\"og:image:height\" content=\"800\" \/>\n\t<meta property=\"og:image:type\" content=\"image\/jpeg\" \/>\n<meta name=\"twitter:card\" content=\"summary_large_image\" \/>\n<script type=\"application\/ld+json\" class=\"yoast-schema-graph\">{\"@context\":\"https:\\\/\\\/schema.org\",\"@graph\":[{\"@type\":\"WebPage\",\"@id\":\"https:\\\/\\\/www.silentblocks.com\\\/es\\\/producto\\\/transmision-eje-rodamiento-nissan-2wd-d21-d22\\\/\",\"url\":\"https:\\\/\\\/www.silentblocks.com\\\/es\\\/producto\\\/transmision-eje-rodamiento-nissan-2wd-d21-d22\\\/\",\"name\":\"Cojinete del eje de transmisi\u00f3n Nissan 2WD Pickup\\\/Pathfinder\\\/200SX - SILENT BLOCKS\",\"isPartOf\":{\"@id\":\"https:\\\/\\\/www.silentblocks.com\\\/es\\\/#website\"},\"primaryImageOfPage\":{\"@id\":\"https:\\\/\\\/www.silentblocks.com\\\/es\\\/producto\\\/transmision-eje-rodamiento-nissan-2wd-d21-d22\\\/#primaryimage\"},\"image\":{\"@id\":\"https:\\\/\\\/www.silentblocks.com\\\/es\\\/producto\\\/transmision-eje-rodamiento-nissan-2wd-d21-d22\\\/#primaryimage\"},\"thumbnailUrl\":\"https:\\\/\\\/www.silentblocks.com\\\/wp-content\\\/uploads\\\/2026\\\/02\\\/37521-W1025_NISSAN.jpg\",\"datePublished\":\"2023-04-26T22:50:14+00:00\",\"dateModified\":\"2026-02-17T21:33:38+00:00\",\"description\":\"Cojinete del eje de transmisi\u00f3n Nissan 2WD Pickup, Pathfinder, 200SX, oem 37521-W1025_NS\",\"breadcrumb\":{\"@id\":\"https:\\\/\\\/www.silentblocks.com\\\/es\\\/producto\\\/transmision-eje-rodamiento-nissan-2wd-d21-d22\\\/#breadcrumb\"},\"inLanguage\":\"es\",\"potentialAction\":[{\"@type\":\"ReadAction\",\"target\":[\"https:\\\/\\\/www.silentblocks.com\\\/es\\\/producto\\\/transmision-eje-rodamiento-nissan-2wd-d21-d22\\\/\"]}]},{\"@type\":\"ImageObject\",\"inLanguage\":\"es\",\"@id\":\"https:\\\/\\\/www.silentblocks.com\\\/es\\\/producto\\\/transmision-eje-rodamiento-nissan-2wd-d21-d22\\\/#primaryimage\",\"url\":\"https:\\\/\\\/www.silentblocks.com\\\/wp-content\\\/uploads\\\/2026\\\/02\\\/37521-W1025_NISSAN.jpg\",\"contentUrl\":\"https:\\\/\\\/www.silentblocks.com\\\/wp-content\\\/uploads\\\/2026\\\/02\\\/37521-W1025_NISSAN.jpg\",\"width\":800,\"height\":800},{\"@type\":\"BreadcrumbList\",\"@id\":\"https:\\\/\\\/www.silentblocks.com\\\/es\\\/producto\\\/transmision-eje-rodamiento-nissan-2wd-d21-d22\\\/#breadcrumb\",\"itemListElement\":[{\"@type\":\"ListItem\",\"position\":1,\"name\":\"In\u00edcio\",\"item\":\"https:\\\/\\\/www.silentblocks.com\\\/es\\\/\"},{\"@type\":\"ListItem\",\"position\":2,\"name\":\"Page boutique\",\"item\":\"https:\\\/\\\/www.silentblocks.com\\\/es\\\/shop-2\\\/\"},{\"@type\":\"ListItem\",\"position\":3,\"name\":\"Cojinete del eje de transmisi\u00f3n Nissan 2WD Pickup\\\/Pathfinder\\\/200SX\"}]},{\"@type\":\"WebSite\",\"@id\":\"https:\\\/\\\/www.silentblocks.com\\\/es\\\/#website\",\"url\":\"https:\\\/\\\/www.silentblocks.com\\\/es\\\/\",\"name\":\"SILENTBLOCKS\",\"description\":\"Secure on the road\",\"publisher\":{\"@id\":\"https:\\\/\\\/www.silentblocks.com\\\/es\\\/#organization\"},\"potentialAction\":[{\"@type\":\"SearchAction\",\"target\":{\"@type\":\"EntryPoint\",\"urlTemplate\":\"https:\\\/\\\/www.silentblocks.com\\\/es\\\/?s={search_term_string}\"},\"query-input\":{\"@type\":\"PropertyValueSpecification\",\"valueRequired\":true,\"valueName\":\"search_term_string\"}}],\"inLanguage\":\"es\"},{\"@type\":\"Organization\",\"@id\":\"https:\\\/\\\/www.silentblocks.com\\\/es\\\/#organization\",\"name\":\"SILENTBLOCKS\",\"url\":\"https:\\\/\\\/www.silentblocks.com\\\/es\\\/\",\"logo\":{\"@type\":\"ImageObject\",\"inLanguage\":\"es\",\"@id\":\"https:\\\/\\\/www.silentblocks.com\\\/es\\\/#\\\/schema\\\/logo\\\/image\\\/\",\"url\":\"https:\\\/\\\/www.silentblocks.com\\\/wp-content\\\/uploads\\\/2023\\\/07\\\/logo211-sem-fundo_2012-PARA-BOUTIQUE-EBAY.png\",\"contentUrl\":\"https:\\\/\\\/www.silentblocks.com\\\/wp-content\\\/uploads\\\/2023\\\/07\\\/logo211-sem-fundo_2012-PARA-BOUTIQUE-EBAY.png\",\"width\":300,\"height\":190,\"caption\":\"SILENTBLOCKS\"},\"image\":{\"@id\":\"https:\\\/\\\/www.silentblocks.com\\\/es\\\/#\\\/schema\\\/logo\\\/image\\\/\"}}]}<\/script>\n<!-- \/ Yoast SEO Premium plugin. -->","yoast_head_json":{"title":"Cojinete del eje de transmisi\u00f3n Nissan 2WD Pickup\/Pathfinder\/200SX - SILENT BLOCKS","description":"Cojinete del eje de transmisi\u00f3n Nissan 2WD Pickup, Pathfinder, 200SX, oem 37521-W1025_NS","robots":{"index":"index","follow":"follow","max-snippet":"max-snippet:-1","max-image-preview":"max-image-preview:large","max-video-preview":"max-video-preview:-1"},"canonical":"https:\/\/www.silentblocks.com\/es\/producto\/transmision-eje-rodamiento-nissan-2wd-d21-d22\/","og_locale":"es_ES","og_type":"article","og_title":"Cojinete del eje de transmisi\u00f3n Nissan 2WD Pickup\/Pathfinder\/200SX","og_description":"Cojinete del eje de transmisi\u00f3n Nissan 2WD Pickup, Pathfinder, 200SX, oem 37521-W1025_NS","og_url":"https:\/\/www.silentblocks.com\/es\/producto\/transmision-eje-rodamiento-nissan-2wd-d21-d22\/","og_site_name":"SILENT BLOCKS","article_modified_time":"2026-02-17T21:33:38+00:00","og_image":[{"width":800,"height":800,"url":"https:\/\/www.silentblocks.com\/wp-content\/uploads\/2026\/02\/37521-W1025_NISSAN.jpg","type":"image\/jpeg"}],"twitter_card":"summary_large_image","schema":{"@context":"https:\/\/schema.org","@graph":[{"@type":"WebPage","@id":"https:\/\/www.silentblocks.com\/es\/producto\/transmision-eje-rodamiento-nissan-2wd-d21-d22\/","url":"https:\/\/www.silentblocks.com\/es\/producto\/transmision-eje-rodamiento-nissan-2wd-d21-d22\/","name":"Cojinete del eje de transmisi\u00f3n Nissan 2WD Pickup\/Pathfinder\/200SX - SILENT BLOCKS","isPartOf":{"@id":"https:\/\/www.silentblocks.com\/es\/#website"},"primaryImageOfPage":{"@id":"https:\/\/www.silentblocks.com\/es\/producto\/transmision-eje-rodamiento-nissan-2wd-d21-d22\/#primaryimage"},"image":{"@id":"https:\/\/www.silentblocks.com\/es\/producto\/transmision-eje-rodamiento-nissan-2wd-d21-d22\/#primaryimage"},"thumbnailUrl":"https:\/\/www.silentblocks.com\/wp-content\/uploads\/2026\/02\/37521-W1025_NISSAN.jpg","datePublished":"2023-04-26T22:50:14+00:00","dateModified":"2026-02-17T21:33:38+00:00","description":"Cojinete del eje de transmisi\u00f3n Nissan 2WD Pickup, Pathfinder, 200SX, oem 37521-W1025_NS","breadcrumb":{"@id":"https:\/\/www.silentblocks.com\/es\/producto\/transmision-eje-rodamiento-nissan-2wd-d21-d22\/#breadcrumb"},"inLanguage":"es","potentialAction":[{"@type":"ReadAction","target":["https:\/\/www.silentblocks.com\/es\/producto\/transmision-eje-rodamiento-nissan-2wd-d21-d22\/"]}]},{"@type":"ImageObject","inLanguage":"es","@id":"https:\/\/www.silentblocks.com\/es\/producto\/transmision-eje-rodamiento-nissan-2wd-d21-d22\/#primaryimage","url":"https:\/\/www.silentblocks.com\/wp-content\/uploads\/2026\/02\/37521-W1025_NISSAN.jpg","contentUrl":"https:\/\/www.silentblocks.com\/wp-content\/uploads\/2026\/02\/37521-W1025_NISSAN.jpg","width":800,"height":800},{"@type":"BreadcrumbList","@id":"https:\/\/www.silentblocks.com\/es\/producto\/transmision-eje-rodamiento-nissan-2wd-d21-d22\/#breadcrumb","itemListElement":[{"@type":"ListItem","position":1,"name":"In\u00edcio","item":"https:\/\/www.silentblocks.com\/es\/"},{"@type":"ListItem","position":2,"name":"Page boutique","item":"https:\/\/www.silentblocks.com\/es\/shop-2\/"},{"@type":"ListItem","position":3,"name":"Cojinete del eje de transmisi\u00f3n Nissan 2WD Pickup\/Pathfinder\/200SX"}]},{"@type":"WebSite","@id":"https:\/\/www.silentblocks.com\/es\/#website","url":"https:\/\/www.silentblocks.com\/es\/","name":"SILENTBLOCKS","description":"Secure on the road","publisher":{"@id":"https:\/\/www.silentblocks.com\/es\/#organization"},"potentialAction":[{"@type":"SearchAction","target":{"@type":"EntryPoint","urlTemplate":"https:\/\/www.silentblocks.com\/es\/?s={search_term_string}"},"query-input":{"@type":"PropertyValueSpecification","valueRequired":true,"valueName":"search_term_string"}}],"inLanguage":"es"},{"@type":"Organization","@id":"https:\/\/www.silentblocks.com\/es\/#organization","name":"SILENTBLOCKS","url":"https:\/\/www.silentblocks.com\/es\/","logo":{"@type":"ImageObject","inLanguage":"es","@id":"https:\/\/www.silentblocks.com\/es\/#\/schema\/logo\/image\/","url":"https:\/\/www.silentblocks.com\/wp-content\/uploads\/2023\/07\/logo211-sem-fundo_2012-PARA-BOUTIQUE-EBAY.png","contentUrl":"https:\/\/www.silentblocks.com\/wp-content\/uploads\/2023\/07\/logo211-sem-fundo_2012-PARA-BOUTIQUE-EBAY.png","width":300,"height":190,"caption":"SILENTBLOCKS"},"image":{"@id":"https:\/\/www.silentblocks.com\/es\/#\/schema\/logo\/image\/"}}]}},"_links":{"self":[{"href":"https:\/\/www.silentblocks.com\/es\/wp-json\/wp\/v2\/product\/86993","targetHints":{"allow":["GET"]}}],"collection":[{"href":"https:\/\/www.silentblocks.com\/es\/wp-json\/wp\/v2\/product"}],"about":[{"href":"https:\/\/www.silentblocks.com\/es\/wp-json\/wp\/v2\/types\/product"}],"version-history":[{"count":0,"href":"https:\/\/www.silentblocks.com\/es\/wp-json\/wp\/v2\/product\/86993\/revisions"}],"wp:featuredmedia":[{"embeddable":true,"href":"https:\/\/www.silentblocks.com\/es\/wp-json\/wp\/v2\/media\/59870"}],"wp:attachment":[{"href":"https:\/\/www.silentblocks.com\/es\/wp-json\/wp\/v2\/media?parent=86993"}],"wp:term":[{"taxonomy":"product_brand","embeddable":true,"href":"https:\/\/www.silentblocks.com\/es\/wp-json\/wp\/v2\/product_brand?post=86993"},{"taxonomy":"product_cat","embeddable":true,"href":"https:\/\/www.silentblocks.com\/es\/wp-json\/wp\/v2\/product_cat?post=86993"},{"taxonomy":"product_tag","embeddable":true,"href":"https:\/\/www.silentblocks.com\/es\/wp-json\/wp\/v2\/product_tag?post=86993"}],"curies":[{"name":"wp","href":"https:\/\/api.w.org\/{rel}","templated":true}]}}