{"id":86999,"date":"2023-04-26T22:50:11","date_gmt":"2023-04-26T22:50:11","guid":{"rendered":"https:\/\/www.silentblocks.com\/product\/silentblocs-de-barre-stabilisatrice-arriere-pajero-galloper-2\/"},"modified":"2026-02-17T21:33:39","modified_gmt":"2026-02-17T21:33:39","slug":"silentblocs-de-barre-stabilisatrice-arriere-pajero-galloper-2","status":"publish","type":"product","link":"https:\/\/www.silentblocks.com\/es\/producto\/silentblocs-de-barre-stabilisatrice-arriere-pajero-galloper-2\/","title":{"rendered":"Silentblocks para barra estabilizadora trasera Pajero, Galloper"},"content":{"rendered":"<p>2 Bujes para barra estabilizadora trasera, compatible con los siguientes veh\u00edculos:<br \/>\nMitsubishi Pajero (04.1982-11.1999)<br \/>\nModelos: L146G,L149G,V43W,V44W,V44WG,V45W,V46W,V46WG,V47WG<br \/>\nMitsubishi Pajero Sport (06.1997-)<br \/>\nModelos: K86W,K96W,K99W)<br \/>\nMitsubishi Montero Sport (09.1996-07.2004)<br \/>\nMod\u00e8les: K85W,K86W,K89W,K96W,K99W<\/p>\n<p>Hyundai Galloper\/Innovation [ED] (19.05.2000-01.12.2003)<\/p>\n<p>Dimensiones: (Di\u00e1metro interior: 26 mm)<\/p>\n<p>Referencias del fabricante (c\u00f3digo OEM) s\u00f3lo a t\u00edtulo informativo :<br \/>\nMB338596<\/p>\n<p>Piezas nuevas, se vende con factura. Todos nuestros productos tienen 2 a\u00f1os de garant\u00eda.<\/p>\n","protected":false},"excerpt":{"rendered":"<p>2 Silentblocks de barra estabilizadora trasera para Mitsubishi Pajero II, Hyundai Galloper<\/p>\n","protected":false},"featured_media":115209,"template":"","meta":[],"product_brand":[],"product_cat":[2211,3129,1808],"product_tag":[],"class_list":{"0":"post-86999","1":"product","2":"type-product","3":"status-publish","4":"has-post-thumbnail","6":"product_cat-mitsubishi-es","7":"product_cat-pajero-i-es","8":"product_cat-pajero-sport-98-09-es","10":"first","11":"instock","12":"shipping-taxable","13":"purchasable","14":"product-type-simple"},"yoast_head":"<!-- This site is optimized with the Yoast SEO Premium plugin v23.0 (Yoast SEO v27.4) - https:\/\/yoast.com\/product\/yoast-seo-premium-wordpress\/ -->\n<title>Silentblocks para barra estabilizadora trasera Pajero, Galloper - SILENT BLOCKS<\/title>\n<meta name=\"description\" content=\"Silenciadores de barra estabilizadora trasera para Mitsubishi Pajero, Mitsubishi Galloper, oem MB338596\" \/>\n<meta name=\"robots\" content=\"index, follow, max-snippet:-1, max-image-preview:large, max-video-preview:-1\" \/>\n<link rel=\"canonical\" href=\"https:\/\/www.silentblocks.com\/es\/producto\/silentblocs-de-barre-stabilisatrice-arriere-pajero-galloper-2\/\" \/>\n<meta property=\"og:locale\" content=\"es_ES\" \/>\n<meta property=\"og:type\" content=\"article\" \/>\n<meta property=\"og:title\" content=\"Silentblocks para barra estabilizadora trasera Pajero, Galloper\" \/>\n<meta property=\"og:description\" content=\"Silenciadores de barra estabilizadora trasera para Mitsubishi Pajero, Mitsubishi Galloper, oem MB338596\" \/>\n<meta property=\"og:url\" content=\"https:\/\/www.silentblocks.com\/es\/producto\/silentblocs-de-barre-stabilisatrice-arriere-pajero-galloper-2\/\" \/>\n<meta property=\"og:site_name\" content=\"SILENT BLOCKS\" \/>\n<meta property=\"article:modified_time\" content=\"2026-02-17T21:33:39+00:00\" \/>\n<meta property=\"og:image\" content=\"https:\/\/www.silentblocks.com\/wp-content\/uploads\/2026\/02\/BBES-14500-PAJERO-GALLOPER-BT0054-MB338596.jpg\" \/>\n\t<meta property=\"og:image:width\" content=\"800\" \/>\n\t<meta property=\"og:image:height\" content=\"800\" \/>\n\t<meta property=\"og:image:type\" content=\"image\/jpeg\" \/>\n<meta name=\"twitter:card\" content=\"summary_large_image\" \/>\n<script type=\"application\/ld+json\" class=\"yoast-schema-graph\">{\"@context\":\"https:\\\/\\\/schema.org\",\"@graph\":[{\"@type\":\"WebPage\",\"@id\":\"https:\\\/\\\/www.silentblocks.com\\\/es\\\/producto\\\/silentblocs-de-barre-stabilisatrice-arriere-pajero-galloper-2\\\/\",\"url\":\"https:\\\/\\\/www.silentblocks.com\\\/es\\\/producto\\\/silentblocs-de-barre-stabilisatrice-arriere-pajero-galloper-2\\\/\",\"name\":\"Silentblocks para barra estabilizadora trasera Pajero, Galloper - SILENT BLOCKS\",\"isPartOf\":{\"@id\":\"https:\\\/\\\/www.silentblocks.com\\\/es\\\/#website\"},\"primaryImageOfPage\":{\"@id\":\"https:\\\/\\\/www.silentblocks.com\\\/es\\\/producto\\\/silentblocs-de-barre-stabilisatrice-arriere-pajero-galloper-2\\\/#primaryimage\"},\"image\":{\"@id\":\"https:\\\/\\\/www.silentblocks.com\\\/es\\\/producto\\\/silentblocs-de-barre-stabilisatrice-arriere-pajero-galloper-2\\\/#primaryimage\"},\"thumbnailUrl\":\"https:\\\/\\\/www.silentblocks.com\\\/wp-content\\\/uploads\\\/2026\\\/02\\\/BBES-14500-PAJERO-GALLOPER-BT0054-MB338596.jpg\",\"datePublished\":\"2023-04-26T22:50:11+00:00\",\"dateModified\":\"2026-02-17T21:33:39+00:00\",\"description\":\"Silenciadores de barra estabilizadora trasera para Mitsubishi Pajero, Mitsubishi Galloper, oem MB338596\",\"breadcrumb\":{\"@id\":\"https:\\\/\\\/www.silentblocks.com\\\/es\\\/producto\\\/silentblocs-de-barre-stabilisatrice-arriere-pajero-galloper-2\\\/#breadcrumb\"},\"inLanguage\":\"es\",\"potentialAction\":[{\"@type\":\"ReadAction\",\"target\":[\"https:\\\/\\\/www.silentblocks.com\\\/es\\\/producto\\\/silentblocs-de-barre-stabilisatrice-arriere-pajero-galloper-2\\\/\"]}]},{\"@type\":\"ImageObject\",\"inLanguage\":\"es\",\"@id\":\"https:\\\/\\\/www.silentblocks.com\\\/es\\\/producto\\\/silentblocs-de-barre-stabilisatrice-arriere-pajero-galloper-2\\\/#primaryimage\",\"url\":\"https:\\\/\\\/www.silentblocks.com\\\/wp-content\\\/uploads\\\/2026\\\/02\\\/BBES-14500-PAJERO-GALLOPER-BT0054-MB338596.jpg\",\"contentUrl\":\"https:\\\/\\\/www.silentblocks.com\\\/wp-content\\\/uploads\\\/2026\\\/02\\\/BBES-14500-PAJERO-GALLOPER-BT0054-MB338596.jpg\",\"width\":800,\"height\":800},{\"@type\":\"BreadcrumbList\",\"@id\":\"https:\\\/\\\/www.silentblocks.com\\\/es\\\/producto\\\/silentblocs-de-barre-stabilisatrice-arriere-pajero-galloper-2\\\/#breadcrumb\",\"itemListElement\":[{\"@type\":\"ListItem\",\"position\":1,\"name\":\"In\u00edcio\",\"item\":\"https:\\\/\\\/www.silentblocks.com\\\/es\\\/\"},{\"@type\":\"ListItem\",\"position\":2,\"name\":\"Page boutique\",\"item\":\"https:\\\/\\\/www.silentblocks.com\\\/es\\\/shop-2\\\/\"},{\"@type\":\"ListItem\",\"position\":3,\"name\":\"Silentblocks para barra estabilizadora trasera Pajero, Galloper\"}]},{\"@type\":\"WebSite\",\"@id\":\"https:\\\/\\\/www.silentblocks.com\\\/es\\\/#website\",\"url\":\"https:\\\/\\\/www.silentblocks.com\\\/es\\\/\",\"name\":\"SILENTBLOCKS\",\"description\":\"Secure on the road\",\"publisher\":{\"@id\":\"https:\\\/\\\/www.silentblocks.com\\\/es\\\/#organization\"},\"potentialAction\":[{\"@type\":\"SearchAction\",\"target\":{\"@type\":\"EntryPoint\",\"urlTemplate\":\"https:\\\/\\\/www.silentblocks.com\\\/es\\\/?s={search_term_string}\"},\"query-input\":{\"@type\":\"PropertyValueSpecification\",\"valueRequired\":true,\"valueName\":\"search_term_string\"}}],\"inLanguage\":\"es\"},{\"@type\":\"Organization\",\"@id\":\"https:\\\/\\\/www.silentblocks.com\\\/es\\\/#organization\",\"name\":\"SILENTBLOCKS\",\"url\":\"https:\\\/\\\/www.silentblocks.com\\\/es\\\/\",\"logo\":{\"@type\":\"ImageObject\",\"inLanguage\":\"es\",\"@id\":\"https:\\\/\\\/www.silentblocks.com\\\/es\\\/#\\\/schema\\\/logo\\\/image\\\/\",\"url\":\"https:\\\/\\\/www.silentblocks.com\\\/wp-content\\\/uploads\\\/2023\\\/07\\\/logo211-sem-fundo_2012-PARA-BOUTIQUE-EBAY.png\",\"contentUrl\":\"https:\\\/\\\/www.silentblocks.com\\\/wp-content\\\/uploads\\\/2023\\\/07\\\/logo211-sem-fundo_2012-PARA-BOUTIQUE-EBAY.png\",\"width\":300,\"height\":190,\"caption\":\"SILENTBLOCKS\"},\"image\":{\"@id\":\"https:\\\/\\\/www.silentblocks.com\\\/es\\\/#\\\/schema\\\/logo\\\/image\\\/\"}}]}<\/script>\n<!-- \/ Yoast SEO Premium plugin. -->","yoast_head_json":{"title":"Silentblocks para barra estabilizadora trasera Pajero, Galloper - SILENT BLOCKS","description":"Silenciadores de barra estabilizadora trasera para Mitsubishi Pajero, Mitsubishi Galloper, oem MB338596","robots":{"index":"index","follow":"follow","max-snippet":"max-snippet:-1","max-image-preview":"max-image-preview:large","max-video-preview":"max-video-preview:-1"},"canonical":"https:\/\/www.silentblocks.com\/es\/producto\/silentblocs-de-barre-stabilisatrice-arriere-pajero-galloper-2\/","og_locale":"es_ES","og_type":"article","og_title":"Silentblocks para barra estabilizadora trasera Pajero, Galloper","og_description":"Silenciadores de barra estabilizadora trasera para Mitsubishi Pajero, Mitsubishi Galloper, oem MB338596","og_url":"https:\/\/www.silentblocks.com\/es\/producto\/silentblocs-de-barre-stabilisatrice-arriere-pajero-galloper-2\/","og_site_name":"SILENT BLOCKS","article_modified_time":"2026-02-17T21:33:39+00:00","og_image":[{"width":800,"height":800,"url":"https:\/\/www.silentblocks.com\/wp-content\/uploads\/2026\/02\/BBES-14500-PAJERO-GALLOPER-BT0054-MB338596.jpg","type":"image\/jpeg"}],"twitter_card":"summary_large_image","schema":{"@context":"https:\/\/schema.org","@graph":[{"@type":"WebPage","@id":"https:\/\/www.silentblocks.com\/es\/producto\/silentblocs-de-barre-stabilisatrice-arriere-pajero-galloper-2\/","url":"https:\/\/www.silentblocks.com\/es\/producto\/silentblocs-de-barre-stabilisatrice-arriere-pajero-galloper-2\/","name":"Silentblocks para barra estabilizadora trasera Pajero, Galloper - SILENT BLOCKS","isPartOf":{"@id":"https:\/\/www.silentblocks.com\/es\/#website"},"primaryImageOfPage":{"@id":"https:\/\/www.silentblocks.com\/es\/producto\/silentblocs-de-barre-stabilisatrice-arriere-pajero-galloper-2\/#primaryimage"},"image":{"@id":"https:\/\/www.silentblocks.com\/es\/producto\/silentblocs-de-barre-stabilisatrice-arriere-pajero-galloper-2\/#primaryimage"},"thumbnailUrl":"https:\/\/www.silentblocks.com\/wp-content\/uploads\/2026\/02\/BBES-14500-PAJERO-GALLOPER-BT0054-MB338596.jpg","datePublished":"2023-04-26T22:50:11+00:00","dateModified":"2026-02-17T21:33:39+00:00","description":"Silenciadores de barra estabilizadora trasera para Mitsubishi Pajero, Mitsubishi Galloper, oem MB338596","breadcrumb":{"@id":"https:\/\/www.silentblocks.com\/es\/producto\/silentblocs-de-barre-stabilisatrice-arriere-pajero-galloper-2\/#breadcrumb"},"inLanguage":"es","potentialAction":[{"@type":"ReadAction","target":["https:\/\/www.silentblocks.com\/es\/producto\/silentblocs-de-barre-stabilisatrice-arriere-pajero-galloper-2\/"]}]},{"@type":"ImageObject","inLanguage":"es","@id":"https:\/\/www.silentblocks.com\/es\/producto\/silentblocs-de-barre-stabilisatrice-arriere-pajero-galloper-2\/#primaryimage","url":"https:\/\/www.silentblocks.com\/wp-content\/uploads\/2026\/02\/BBES-14500-PAJERO-GALLOPER-BT0054-MB338596.jpg","contentUrl":"https:\/\/www.silentblocks.com\/wp-content\/uploads\/2026\/02\/BBES-14500-PAJERO-GALLOPER-BT0054-MB338596.jpg","width":800,"height":800},{"@type":"BreadcrumbList","@id":"https:\/\/www.silentblocks.com\/es\/producto\/silentblocs-de-barre-stabilisatrice-arriere-pajero-galloper-2\/#breadcrumb","itemListElement":[{"@type":"ListItem","position":1,"name":"In\u00edcio","item":"https:\/\/www.silentblocks.com\/es\/"},{"@type":"ListItem","position":2,"name":"Page boutique","item":"https:\/\/www.silentblocks.com\/es\/shop-2\/"},{"@type":"ListItem","position":3,"name":"Silentblocks para barra estabilizadora trasera Pajero, Galloper"}]},{"@type":"WebSite","@id":"https:\/\/www.silentblocks.com\/es\/#website","url":"https:\/\/www.silentblocks.com\/es\/","name":"SILENTBLOCKS","description":"Secure on the road","publisher":{"@id":"https:\/\/www.silentblocks.com\/es\/#organization"},"potentialAction":[{"@type":"SearchAction","target":{"@type":"EntryPoint","urlTemplate":"https:\/\/www.silentblocks.com\/es\/?s={search_term_string}"},"query-input":{"@type":"PropertyValueSpecification","valueRequired":true,"valueName":"search_term_string"}}],"inLanguage":"es"},{"@type":"Organization","@id":"https:\/\/www.silentblocks.com\/es\/#organization","name":"SILENTBLOCKS","url":"https:\/\/www.silentblocks.com\/es\/","logo":{"@type":"ImageObject","inLanguage":"es","@id":"https:\/\/www.silentblocks.com\/es\/#\/schema\/logo\/image\/","url":"https:\/\/www.silentblocks.com\/wp-content\/uploads\/2023\/07\/logo211-sem-fundo_2012-PARA-BOUTIQUE-EBAY.png","contentUrl":"https:\/\/www.silentblocks.com\/wp-content\/uploads\/2023\/07\/logo211-sem-fundo_2012-PARA-BOUTIQUE-EBAY.png","width":300,"height":190,"caption":"SILENTBLOCKS"},"image":{"@id":"https:\/\/www.silentblocks.com\/es\/#\/schema\/logo\/image\/"}}]}},"_links":{"self":[{"href":"https:\/\/www.silentblocks.com\/es\/wp-json\/wp\/v2\/product\/86999","targetHints":{"allow":["GET"]}}],"collection":[{"href":"https:\/\/www.silentblocks.com\/es\/wp-json\/wp\/v2\/product"}],"about":[{"href":"https:\/\/www.silentblocks.com\/es\/wp-json\/wp\/v2\/types\/product"}],"version-history":[{"count":0,"href":"https:\/\/www.silentblocks.com\/es\/wp-json\/wp\/v2\/product\/86999\/revisions"}],"wp:featuredmedia":[{"embeddable":true,"href":"https:\/\/www.silentblocks.com\/es\/wp-json\/wp\/v2\/media\/115209"}],"wp:attachment":[{"href":"https:\/\/www.silentblocks.com\/es\/wp-json\/wp\/v2\/media?parent=86999"}],"wp:term":[{"taxonomy":"product_brand","embeddable":true,"href":"https:\/\/www.silentblocks.com\/es\/wp-json\/wp\/v2\/product_brand?post=86999"},{"taxonomy":"product_cat","embeddable":true,"href":"https:\/\/www.silentblocks.com\/es\/wp-json\/wp\/v2\/product_cat?post=86999"},{"taxonomy":"product_tag","embeddable":true,"href":"https:\/\/www.silentblocks.com\/es\/wp-json\/wp\/v2\/product_tag?post=86999"}],"curies":[{"name":"wp","href":"https:\/\/api.w.org\/{rel}","templated":true}]}}