{"id":87550,"date":"2023-04-26T22:49:32","date_gmt":"2023-04-26T22:49:32","guid":{"rendered":"https:\/\/www.silentblocks.com\/product\/silentblocs-bras-inferieure-avant-2-4\/"},"modified":"2026-02-17T21:35:08","modified_gmt":"2026-02-17T21:35:08","slug":"silentblocs-bras-inferieure-avant-2-4","status":"publish","type":"product","link":"https:\/\/www.silentblocks.com\/es\/producto\/silentblocs-bras-inferieure-avant-2-4\/","title":{"rendered":"Silenciadores de los brazos inferiores delanteros del L200"},"content":{"rendered":"<p>2 Silentblocks para reparar un brazo inferior delantero para Mitsubishi L200:<\/p>\n<table style=\"width: 428px; height: 282px;\" border=\"0\" cellspacing=\"0\" cellpadding=\"0\">\n<colgroup>\n<col width=\"71\">\n<col width=\"64\">\n<col width=\"84\">\n<col span=\"2\" width=\"64\"><\/colgroup>\n<tbody>\n<tr>\n<td colspan=\"2\" width=\"135\" height=\"20\">Modelos<\/td>\n<td width=\"84\">C\u00f3digo del motor<\/td>\n<td width=\"64\">En<\/td>\n<td width=\"64\">Hasta<\/td>\n<\/tr>\n<tr>\n<td height=\"20\">2.6 4WD<\/td>\n<td>K33T<\/td>\n<td>G54B<\/td>\n<td>11-1989<\/td>\n<td>05-1995<\/td>\n<\/tr>\n<tr>\n<td height=\"20\">2.5D<\/td>\n<td>K14T<\/td>\n<td>4D56<\/td>\n<td>11-1986<\/td>\n<td>08-1996<\/td>\n<\/tr>\n<tr>\n<td height=\"20\">2.5D 4WD<\/td>\n<td>K24T<\/td>\n<td>4D56<\/td>\n<td>12-1987<\/td>\n<td>05-1993<\/td>\n<\/tr>\n<tr>\n<td height=\"20\">2.5TD 4WD<\/td>\n<td>K34T<\/td>\n<td>4D56T<\/td>\n<td>11-1992<\/td>\n<td>08-1996<\/td>\n<\/tr>\n<tr>\n<td height=\"20\">2.0<\/td>\n<td>K62T<\/td>\n<td>4G63<\/td>\n<td>06-1996<\/td>\n<td>hoy<\/td>\n<\/tr>\n<tr>\n<td height=\"20\">2.4 4&#215;4<\/td>\n<td>K75T<\/td>\n<td>4G64<\/td>\n<td>06-1996<\/td>\n<td>hoy<\/td>\n<\/tr>\n<tr>\n<td height=\"20\">2.5D<\/td>\n<td>K64T<\/td>\n<td>4D56<\/td>\n<td>06-1996<\/td>\n<td>hoy<\/td>\n<\/tr>\n<tr>\n<td height=\"20\">2.5TD 4X4<\/td>\n<td>K74T<\/td>\n<td>4D56 TD<\/td>\n<td>06-1996<\/td>\n<td>hoy<\/td>\n<\/tr>\n<tr>\n<td height=\"20\">2.5TD 4X4<\/td>\n<td>K74T<\/td>\n<td>4D56T<\/td>\n<td>11-2001<\/td>\n<td>hoy<\/td>\n<\/tr>\n<tr>\n<td height=\"20\">2.5TD 4WD<\/td>\n<td>K74T<\/td>\n<td>4D56T<\/td>\n<td>09-2001<\/td>\n<td>hoy<\/td>\n<\/tr>\n<tr>\n<td height=\"20\">2.5TD 4WD<\/td>\n<td>K74T<\/td>\n<td>4D56T<\/td>\n<td>08-2003<\/td>\n<td>hoy<\/td>\n<\/tr>\n<\/tbody>\n<\/table>\n<p>&nbsp;<\/p>\n<p>Referencias del fabricante (c\u00f3digo OEM) s\u00f3lo a t\u00edtulo informativo :<br \/>\nMB-633870, MB-109684<\/p>\n<p>Piezas nuevas, se vende con factura. Todos nuestros productos tienen 2 a\u00f1os de garant\u00eda.<\/p>\n","protected":false},"excerpt":{"rendered":"<p>Silentblocks brazo inferior delantero para Mitsubishi L200<\/p>\n","protected":false},"featured_media":114797,"template":"","meta":[],"product_brand":[],"product_cat":[2211,3111],"product_tag":[],"class_list":{"0":"post-87550","1":"product","2":"type-product","3":"status-publish","4":"has-post-thumbnail","6":"product_cat-mitsubishi-es","7":"product_cat-l200-87-00-es","9":"first","10":"instock","11":"shipping-taxable","12":"purchasable","13":"product-type-simple"},"yoast_head":"<!-- This site is optimized with the Yoast SEO Premium plugin v23.0 (Yoast SEO v27.4) - https:\/\/yoast.com\/product\/yoast-seo-premium-wordpress\/ -->\n<title>Silenciadores de los brazos inferiores delanteros del L200 - SILENT BLOCKS<\/title>\n<meta name=\"description\" content=\"Silenciadores del brazo inferior delantero para Mitsubishi L200, oem MB-633870, MB-109684\" \/>\n<meta name=\"robots\" content=\"index, follow, max-snippet:-1, max-image-preview:large, max-video-preview:-1\" \/>\n<link rel=\"canonical\" href=\"https:\/\/www.silentblocks.com\/es\/producto\/silentblocs-bras-inferieure-avant-2-4\/\" \/>\n<meta property=\"og:locale\" content=\"es_ES\" \/>\n<meta property=\"og:type\" content=\"article\" \/>\n<meta property=\"og:title\" content=\"Silenciadores de los brazos inferiores delanteros del L200\" \/>\n<meta property=\"og:description\" content=\"Silenciadores del brazo inferior delantero para Mitsubishi L200, oem MB-633870, MB-109684\" \/>\n<meta property=\"og:url\" content=\"https:\/\/www.silentblocks.com\/es\/producto\/silentblocs-bras-inferieure-avant-2-4\/\" \/>\n<meta property=\"og:site_name\" content=\"SILENT BLOCKS\" \/>\n<meta property=\"article:modified_time\" content=\"2026-02-17T21:35:08+00:00\" \/>\n<meta property=\"og:image\" content=\"https:\/\/www.silentblocks.com\/wp-content\/uploads\/2026\/02\/silentblocs-bras-avant-l200.jpg\" \/>\n\t<meta property=\"og:image:width\" content=\"800\" \/>\n\t<meta property=\"og:image:height\" content=\"800\" \/>\n\t<meta property=\"og:image:type\" content=\"image\/jpeg\" \/>\n<meta name=\"twitter:card\" content=\"summary_large_image\" \/>\n<meta name=\"twitter:label1\" content=\"Tiempo de lectura\" \/>\n\t<meta name=\"twitter:data1\" content=\"1 minuto\" \/>\n<script type=\"application\/ld+json\" class=\"yoast-schema-graph\">{\"@context\":\"https:\\\/\\\/schema.org\",\"@graph\":[{\"@type\":\"WebPage\",\"@id\":\"https:\\\/\\\/www.silentblocks.com\\\/es\\\/producto\\\/silentblocs-bras-inferieure-avant-2-4\\\/\",\"url\":\"https:\\\/\\\/www.silentblocks.com\\\/es\\\/producto\\\/silentblocs-bras-inferieure-avant-2-4\\\/\",\"name\":\"Silenciadores de los brazos inferiores delanteros del L200 - SILENT BLOCKS\",\"isPartOf\":{\"@id\":\"https:\\\/\\\/www.silentblocks.com\\\/es\\\/#website\"},\"primaryImageOfPage\":{\"@id\":\"https:\\\/\\\/www.silentblocks.com\\\/es\\\/producto\\\/silentblocs-bras-inferieure-avant-2-4\\\/#primaryimage\"},\"image\":{\"@id\":\"https:\\\/\\\/www.silentblocks.com\\\/es\\\/producto\\\/silentblocs-bras-inferieure-avant-2-4\\\/#primaryimage\"},\"thumbnailUrl\":\"https:\\\/\\\/www.silentblocks.com\\\/wp-content\\\/uploads\\\/2026\\\/02\\\/silentblocs-bras-avant-l200.jpg\",\"datePublished\":\"2023-04-26T22:49:32+00:00\",\"dateModified\":\"2026-02-17T21:35:08+00:00\",\"description\":\"Silenciadores del brazo inferior delantero para Mitsubishi L200, oem MB-633870, MB-109684\",\"breadcrumb\":{\"@id\":\"https:\\\/\\\/www.silentblocks.com\\\/es\\\/producto\\\/silentblocs-bras-inferieure-avant-2-4\\\/#breadcrumb\"},\"inLanguage\":\"es\",\"potentialAction\":[{\"@type\":\"ReadAction\",\"target\":[\"https:\\\/\\\/www.silentblocks.com\\\/es\\\/producto\\\/silentblocs-bras-inferieure-avant-2-4\\\/\"]}]},{\"@type\":\"ImageObject\",\"inLanguage\":\"es\",\"@id\":\"https:\\\/\\\/www.silentblocks.com\\\/es\\\/producto\\\/silentblocs-bras-inferieure-avant-2-4\\\/#primaryimage\",\"url\":\"https:\\\/\\\/www.silentblocks.com\\\/wp-content\\\/uploads\\\/2026\\\/02\\\/silentblocs-bras-avant-l200.jpg\",\"contentUrl\":\"https:\\\/\\\/www.silentblocks.com\\\/wp-content\\\/uploads\\\/2026\\\/02\\\/silentblocs-bras-avant-l200.jpg\",\"width\":800,\"height\":800},{\"@type\":\"BreadcrumbList\",\"@id\":\"https:\\\/\\\/www.silentblocks.com\\\/es\\\/producto\\\/silentblocs-bras-inferieure-avant-2-4\\\/#breadcrumb\",\"itemListElement\":[{\"@type\":\"ListItem\",\"position\":1,\"name\":\"In\u00edcio\",\"item\":\"https:\\\/\\\/www.silentblocks.com\\\/es\\\/\"},{\"@type\":\"ListItem\",\"position\":2,\"name\":\"Page boutique\",\"item\":\"https:\\\/\\\/www.silentblocks.com\\\/es\\\/shop-2\\\/\"},{\"@type\":\"ListItem\",\"position\":3,\"name\":\"Silenciadores de los brazos inferiores delanteros del L200\"}]},{\"@type\":\"WebSite\",\"@id\":\"https:\\\/\\\/www.silentblocks.com\\\/es\\\/#website\",\"url\":\"https:\\\/\\\/www.silentblocks.com\\\/es\\\/\",\"name\":\"SILENTBLOCKS\",\"description\":\"Secure on the road\",\"publisher\":{\"@id\":\"https:\\\/\\\/www.silentblocks.com\\\/es\\\/#organization\"},\"potentialAction\":[{\"@type\":\"SearchAction\",\"target\":{\"@type\":\"EntryPoint\",\"urlTemplate\":\"https:\\\/\\\/www.silentblocks.com\\\/es\\\/?s={search_term_string}\"},\"query-input\":{\"@type\":\"PropertyValueSpecification\",\"valueRequired\":true,\"valueName\":\"search_term_string\"}}],\"inLanguage\":\"es\"},{\"@type\":\"Organization\",\"@id\":\"https:\\\/\\\/www.silentblocks.com\\\/es\\\/#organization\",\"name\":\"SILENTBLOCKS\",\"url\":\"https:\\\/\\\/www.silentblocks.com\\\/es\\\/\",\"logo\":{\"@type\":\"ImageObject\",\"inLanguage\":\"es\",\"@id\":\"https:\\\/\\\/www.silentblocks.com\\\/es\\\/#\\\/schema\\\/logo\\\/image\\\/\",\"url\":\"https:\\\/\\\/www.silentblocks.com\\\/wp-content\\\/uploads\\\/2023\\\/07\\\/logo211-sem-fundo_2012-PARA-BOUTIQUE-EBAY.png\",\"contentUrl\":\"https:\\\/\\\/www.silentblocks.com\\\/wp-content\\\/uploads\\\/2023\\\/07\\\/logo211-sem-fundo_2012-PARA-BOUTIQUE-EBAY.png\",\"width\":300,\"height\":190,\"caption\":\"SILENTBLOCKS\"},\"image\":{\"@id\":\"https:\\\/\\\/www.silentblocks.com\\\/es\\\/#\\\/schema\\\/logo\\\/image\\\/\"}}]}<\/script>\n<!-- \/ Yoast SEO Premium plugin. -->","yoast_head_json":{"title":"Silenciadores de los brazos inferiores delanteros del L200 - SILENT BLOCKS","description":"Silenciadores del brazo inferior delantero para Mitsubishi L200, oem MB-633870, MB-109684","robots":{"index":"index","follow":"follow","max-snippet":"max-snippet:-1","max-image-preview":"max-image-preview:large","max-video-preview":"max-video-preview:-1"},"canonical":"https:\/\/www.silentblocks.com\/es\/producto\/silentblocs-bras-inferieure-avant-2-4\/","og_locale":"es_ES","og_type":"article","og_title":"Silenciadores de los brazos inferiores delanteros del L200","og_description":"Silenciadores del brazo inferior delantero para Mitsubishi L200, oem MB-633870, MB-109684","og_url":"https:\/\/www.silentblocks.com\/es\/producto\/silentblocs-bras-inferieure-avant-2-4\/","og_site_name":"SILENT BLOCKS","article_modified_time":"2026-02-17T21:35:08+00:00","og_image":[{"width":800,"height":800,"url":"https:\/\/www.silentblocks.com\/wp-content\/uploads\/2026\/02\/silentblocs-bras-avant-l200.jpg","type":"image\/jpeg"}],"twitter_card":"summary_large_image","twitter_misc":{"Tiempo de lectura":"1 minuto"},"schema":{"@context":"https:\/\/schema.org","@graph":[{"@type":"WebPage","@id":"https:\/\/www.silentblocks.com\/es\/producto\/silentblocs-bras-inferieure-avant-2-4\/","url":"https:\/\/www.silentblocks.com\/es\/producto\/silentblocs-bras-inferieure-avant-2-4\/","name":"Silenciadores de los brazos inferiores delanteros del L200 - SILENT BLOCKS","isPartOf":{"@id":"https:\/\/www.silentblocks.com\/es\/#website"},"primaryImageOfPage":{"@id":"https:\/\/www.silentblocks.com\/es\/producto\/silentblocs-bras-inferieure-avant-2-4\/#primaryimage"},"image":{"@id":"https:\/\/www.silentblocks.com\/es\/producto\/silentblocs-bras-inferieure-avant-2-4\/#primaryimage"},"thumbnailUrl":"https:\/\/www.silentblocks.com\/wp-content\/uploads\/2026\/02\/silentblocs-bras-avant-l200.jpg","datePublished":"2023-04-26T22:49:32+00:00","dateModified":"2026-02-17T21:35:08+00:00","description":"Silenciadores del brazo inferior delantero para Mitsubishi L200, oem MB-633870, MB-109684","breadcrumb":{"@id":"https:\/\/www.silentblocks.com\/es\/producto\/silentblocs-bras-inferieure-avant-2-4\/#breadcrumb"},"inLanguage":"es","potentialAction":[{"@type":"ReadAction","target":["https:\/\/www.silentblocks.com\/es\/producto\/silentblocs-bras-inferieure-avant-2-4\/"]}]},{"@type":"ImageObject","inLanguage":"es","@id":"https:\/\/www.silentblocks.com\/es\/producto\/silentblocs-bras-inferieure-avant-2-4\/#primaryimage","url":"https:\/\/www.silentblocks.com\/wp-content\/uploads\/2026\/02\/silentblocs-bras-avant-l200.jpg","contentUrl":"https:\/\/www.silentblocks.com\/wp-content\/uploads\/2026\/02\/silentblocs-bras-avant-l200.jpg","width":800,"height":800},{"@type":"BreadcrumbList","@id":"https:\/\/www.silentblocks.com\/es\/producto\/silentblocs-bras-inferieure-avant-2-4\/#breadcrumb","itemListElement":[{"@type":"ListItem","position":1,"name":"In\u00edcio","item":"https:\/\/www.silentblocks.com\/es\/"},{"@type":"ListItem","position":2,"name":"Page boutique","item":"https:\/\/www.silentblocks.com\/es\/shop-2\/"},{"@type":"ListItem","position":3,"name":"Silenciadores de los brazos inferiores delanteros del L200"}]},{"@type":"WebSite","@id":"https:\/\/www.silentblocks.com\/es\/#website","url":"https:\/\/www.silentblocks.com\/es\/","name":"SILENTBLOCKS","description":"Secure on the road","publisher":{"@id":"https:\/\/www.silentblocks.com\/es\/#organization"},"potentialAction":[{"@type":"SearchAction","target":{"@type":"EntryPoint","urlTemplate":"https:\/\/www.silentblocks.com\/es\/?s={search_term_string}"},"query-input":{"@type":"PropertyValueSpecification","valueRequired":true,"valueName":"search_term_string"}}],"inLanguage":"es"},{"@type":"Organization","@id":"https:\/\/www.silentblocks.com\/es\/#organization","name":"SILENTBLOCKS","url":"https:\/\/www.silentblocks.com\/es\/","logo":{"@type":"ImageObject","inLanguage":"es","@id":"https:\/\/www.silentblocks.com\/es\/#\/schema\/logo\/image\/","url":"https:\/\/www.silentblocks.com\/wp-content\/uploads\/2023\/07\/logo211-sem-fundo_2012-PARA-BOUTIQUE-EBAY.png","contentUrl":"https:\/\/www.silentblocks.com\/wp-content\/uploads\/2023\/07\/logo211-sem-fundo_2012-PARA-BOUTIQUE-EBAY.png","width":300,"height":190,"caption":"SILENTBLOCKS"},"image":{"@id":"https:\/\/www.silentblocks.com\/es\/#\/schema\/logo\/image\/"}}]}},"_links":{"self":[{"href":"https:\/\/www.silentblocks.com\/es\/wp-json\/wp\/v2\/product\/87550","targetHints":{"allow":["GET"]}}],"collection":[{"href":"https:\/\/www.silentblocks.com\/es\/wp-json\/wp\/v2\/product"}],"about":[{"href":"https:\/\/www.silentblocks.com\/es\/wp-json\/wp\/v2\/types\/product"}],"version-history":[{"count":0,"href":"https:\/\/www.silentblocks.com\/es\/wp-json\/wp\/v2\/product\/87550\/revisions"}],"wp:featuredmedia":[{"embeddable":true,"href":"https:\/\/www.silentblocks.com\/es\/wp-json\/wp\/v2\/media\/114797"}],"wp:attachment":[{"href":"https:\/\/www.silentblocks.com\/es\/wp-json\/wp\/v2\/media?parent=87550"}],"wp:term":[{"taxonomy":"product_brand","embeddable":true,"href":"https:\/\/www.silentblocks.com\/es\/wp-json\/wp\/v2\/product_brand?post=87550"},{"taxonomy":"product_cat","embeddable":true,"href":"https:\/\/www.silentblocks.com\/es\/wp-json\/wp\/v2\/product_cat?post=87550"},{"taxonomy":"product_tag","embeddable":true,"href":"https:\/\/www.silentblocks.com\/es\/wp-json\/wp\/v2\/product_tag?post=87550"}],"curies":[{"name":"wp","href":"https:\/\/api.w.org\/{rel}","templated":true}]}}