{"id":87770,"date":"2023-04-26T22:49:15","date_gmt":"2023-04-26T22:49:15","guid":{"rendered":"https:\/\/www.silentblocks.com\/product\/soporte-trasero-del-motor\/"},"modified":"2026-02-17T21:35:40","modified_gmt":"2026-02-17T21:35:40","slug":"soporte-trasero-del-motor","status":"publish","type":"product","link":"https:\/\/www.silentblocks.com\/es\/producto\/soporte-trasero-del-motor\/","title":{"rendered":"Soporte motor trasero, Peugeot J5, Fiat Ducato, Talbot Express"},"content":{"rendered":"<p>Soporte de motor trasero, compatible con los siguientes veh\u00edculos:<br \/>\nCitroen C25 (07-1981&gt;03-1994)<br \/>\nPeujeot J5 (09-1981&gt;03-1994)<br \/>\nFiat Ducato (01-1982&gt;05-1994)<br \/>\nTalbot Express ((07-1981&gt;03-1994)<\/p>\n<p>Referencias del fabricante (c\u00f3digo OEM) s\u00f3lo a t\u00edtulo informativo :<br \/>\nCitro\u00ebn 1843.80\/7 599 694 &#8211; Fiat 5 934 176 &#8211; Peugeot 1843.80<\/p>\n<p>Piezas nuevas, se vende con factura. Todos nuestros productos tienen 2 a\u00f1os de garant\u00eda.<\/p>\n","protected":false},"excerpt":{"rendered":"<p>Soporte motor trasero para Peugeot J5, Citroen C25 y Fiat Ducato<\/p>\n","protected":false},"featured_media":114529,"template":"","meta":[],"product_brand":[],"product_cat":[2148,2104,2166,2105,2220,2106],"product_tag":[],"class_list":{"0":"post-87770","1":"product","2":"type-product","3":"status-publish","4":"has-post-thumbnail","6":"product_cat-citroen-es","7":"product_cat-c25-es","8":"product_cat-fiat-es","9":"product_cat-ducato-1981-1994-es","10":"product_cat-peugeot-es","11":"product_cat-j5-es","13":"first","14":"instock","15":"shipping-taxable","16":"purchasable","17":"product-type-simple"},"yoast_head":"<!-- This site is optimized with the Yoast SEO Premium plugin v23.0 (Yoast SEO v27.4) - https:\/\/yoast.com\/product\/yoast-seo-premium-wordpress\/ -->\n<title>Soporte motor trasero, Peugeot J5, Fiat Ducato, Talbot Express - SILENT BLOCKS<\/title>\n<meta name=\"description\" content=\"Soporte motor trasero, Peugeot J5, Fiat Ducato, Talbot Express, compatible oem Citro\u00ebn 1843.80\/7 599 694 - Fiat 5 934 176 - Peugeot 1843.80\" \/>\n<meta name=\"robots\" content=\"index, follow, max-snippet:-1, max-image-preview:large, max-video-preview:-1\" \/>\n<link rel=\"canonical\" href=\"https:\/\/www.silentblocks.com\/es\/producto\/soporte-trasero-del-motor\/\" \/>\n<meta property=\"og:locale\" content=\"es_ES\" \/>\n<meta property=\"og:type\" content=\"article\" \/>\n<meta property=\"og:title\" content=\"Soporte motor trasero, Peugeot J5, Fiat Ducato, Talbot Express\" \/>\n<meta property=\"og:description\" content=\"Soporte motor trasero, Peugeot J5, Fiat Ducato, Talbot Express, compatible oem Citro\u00ebn 1843.80\/7 599 694 - Fiat 5 934 176 - Peugeot 1843.80\" \/>\n<meta property=\"og:url\" content=\"https:\/\/www.silentblocks.com\/es\/producto\/soporte-trasero-del-motor\/\" \/>\n<meta property=\"og:site_name\" content=\"SILENT BLOCKS\" \/>\n<meta property=\"article:modified_time\" content=\"2026-02-17T21:35:40+00:00\" \/>\n<meta property=\"og:image\" content=\"https:\/\/www.silentblocks.com\/wp-content\/uploads\/2026\/02\/suporte-esquerdo-1.jpg\" \/>\n\t<meta property=\"og:image:width\" content=\"800\" \/>\n\t<meta property=\"og:image:height\" content=\"800\" \/>\n\t<meta property=\"og:image:type\" content=\"image\/jpeg\" \/>\n<meta name=\"twitter:card\" content=\"summary_large_image\" \/>\n<script type=\"application\/ld+json\" class=\"yoast-schema-graph\">{\"@context\":\"https:\\\/\\\/schema.org\",\"@graph\":[{\"@type\":\"WebPage\",\"@id\":\"https:\\\/\\\/www.silentblocks.com\\\/es\\\/producto\\\/soporte-trasero-del-motor\\\/\",\"url\":\"https:\\\/\\\/www.silentblocks.com\\\/es\\\/producto\\\/soporte-trasero-del-motor\\\/\",\"name\":\"Soporte motor trasero, Peugeot J5, Fiat Ducato, Talbot Express - SILENT BLOCKS\",\"isPartOf\":{\"@id\":\"https:\\\/\\\/www.silentblocks.com\\\/es\\\/#website\"},\"primaryImageOfPage\":{\"@id\":\"https:\\\/\\\/www.silentblocks.com\\\/es\\\/producto\\\/soporte-trasero-del-motor\\\/#primaryimage\"},\"image\":{\"@id\":\"https:\\\/\\\/www.silentblocks.com\\\/es\\\/producto\\\/soporte-trasero-del-motor\\\/#primaryimage\"},\"thumbnailUrl\":\"https:\\\/\\\/www.silentblocks.com\\\/wp-content\\\/uploads\\\/2026\\\/02\\\/suporte-esquerdo-1.jpg\",\"datePublished\":\"2023-04-26T22:49:15+00:00\",\"dateModified\":\"2026-02-17T21:35:40+00:00\",\"description\":\"Soporte motor trasero, Peugeot J5, Fiat Ducato, Talbot Express, compatible oem Citro\u00ebn 1843.80\\\/7 599 694 - Fiat 5 934 176 - Peugeot 1843.80\",\"breadcrumb\":{\"@id\":\"https:\\\/\\\/www.silentblocks.com\\\/es\\\/producto\\\/soporte-trasero-del-motor\\\/#breadcrumb\"},\"inLanguage\":\"es\",\"potentialAction\":[{\"@type\":\"ReadAction\",\"target\":[\"https:\\\/\\\/www.silentblocks.com\\\/es\\\/producto\\\/soporte-trasero-del-motor\\\/\"]}]},{\"@type\":\"ImageObject\",\"inLanguage\":\"es\",\"@id\":\"https:\\\/\\\/www.silentblocks.com\\\/es\\\/producto\\\/soporte-trasero-del-motor\\\/#primaryimage\",\"url\":\"https:\\\/\\\/www.silentblocks.com\\\/wp-content\\\/uploads\\\/2026\\\/02\\\/suporte-esquerdo-1.jpg\",\"contentUrl\":\"https:\\\/\\\/www.silentblocks.com\\\/wp-content\\\/uploads\\\/2026\\\/02\\\/suporte-esquerdo-1.jpg\",\"width\":800,\"height\":800},{\"@type\":\"BreadcrumbList\",\"@id\":\"https:\\\/\\\/www.silentblocks.com\\\/es\\\/producto\\\/soporte-trasero-del-motor\\\/#breadcrumb\",\"itemListElement\":[{\"@type\":\"ListItem\",\"position\":1,\"name\":\"In\u00edcio\",\"item\":\"https:\\\/\\\/www.silentblocks.com\\\/es\\\/\"},{\"@type\":\"ListItem\",\"position\":2,\"name\":\"Page boutique\",\"item\":\"https:\\\/\\\/www.silentblocks.com\\\/es\\\/shop-2\\\/\"},{\"@type\":\"ListItem\",\"position\":3,\"name\":\"Soporte motor trasero, Peugeot J5, Fiat Ducato, Talbot Express\"}]},{\"@type\":\"WebSite\",\"@id\":\"https:\\\/\\\/www.silentblocks.com\\\/es\\\/#website\",\"url\":\"https:\\\/\\\/www.silentblocks.com\\\/es\\\/\",\"name\":\"SILENTBLOCKS\",\"description\":\"Secure on the road\",\"publisher\":{\"@id\":\"https:\\\/\\\/www.silentblocks.com\\\/es\\\/#organization\"},\"potentialAction\":[{\"@type\":\"SearchAction\",\"target\":{\"@type\":\"EntryPoint\",\"urlTemplate\":\"https:\\\/\\\/www.silentblocks.com\\\/es\\\/?s={search_term_string}\"},\"query-input\":{\"@type\":\"PropertyValueSpecification\",\"valueRequired\":true,\"valueName\":\"search_term_string\"}}],\"inLanguage\":\"es\"},{\"@type\":\"Organization\",\"@id\":\"https:\\\/\\\/www.silentblocks.com\\\/es\\\/#organization\",\"name\":\"SILENTBLOCKS\",\"url\":\"https:\\\/\\\/www.silentblocks.com\\\/es\\\/\",\"logo\":{\"@type\":\"ImageObject\",\"inLanguage\":\"es\",\"@id\":\"https:\\\/\\\/www.silentblocks.com\\\/es\\\/#\\\/schema\\\/logo\\\/image\\\/\",\"url\":\"https:\\\/\\\/www.silentblocks.com\\\/wp-content\\\/uploads\\\/2023\\\/07\\\/logo211-sem-fundo_2012-PARA-BOUTIQUE-EBAY.png\",\"contentUrl\":\"https:\\\/\\\/www.silentblocks.com\\\/wp-content\\\/uploads\\\/2023\\\/07\\\/logo211-sem-fundo_2012-PARA-BOUTIQUE-EBAY.png\",\"width\":300,\"height\":190,\"caption\":\"SILENTBLOCKS\"},\"image\":{\"@id\":\"https:\\\/\\\/www.silentblocks.com\\\/es\\\/#\\\/schema\\\/logo\\\/image\\\/\"}}]}<\/script>\n<!-- \/ Yoast SEO Premium plugin. -->","yoast_head_json":{"title":"Soporte motor trasero, Peugeot J5, Fiat Ducato, Talbot Express - SILENT BLOCKS","description":"Soporte motor trasero, Peugeot J5, Fiat Ducato, Talbot Express, compatible oem Citro\u00ebn 1843.80\/7 599 694 - Fiat 5 934 176 - Peugeot 1843.80","robots":{"index":"index","follow":"follow","max-snippet":"max-snippet:-1","max-image-preview":"max-image-preview:large","max-video-preview":"max-video-preview:-1"},"canonical":"https:\/\/www.silentblocks.com\/es\/producto\/soporte-trasero-del-motor\/","og_locale":"es_ES","og_type":"article","og_title":"Soporte motor trasero, Peugeot J5, Fiat Ducato, Talbot Express","og_description":"Soporte motor trasero, Peugeot J5, Fiat Ducato, Talbot Express, compatible oem Citro\u00ebn 1843.80\/7 599 694 - Fiat 5 934 176 - Peugeot 1843.80","og_url":"https:\/\/www.silentblocks.com\/es\/producto\/soporte-trasero-del-motor\/","og_site_name":"SILENT BLOCKS","article_modified_time":"2026-02-17T21:35:40+00:00","og_image":[{"width":800,"height":800,"url":"https:\/\/www.silentblocks.com\/wp-content\/uploads\/2026\/02\/suporte-esquerdo-1.jpg","type":"image\/jpeg"}],"twitter_card":"summary_large_image","schema":{"@context":"https:\/\/schema.org","@graph":[{"@type":"WebPage","@id":"https:\/\/www.silentblocks.com\/es\/producto\/soporte-trasero-del-motor\/","url":"https:\/\/www.silentblocks.com\/es\/producto\/soporte-trasero-del-motor\/","name":"Soporte motor trasero, Peugeot J5, Fiat Ducato, Talbot Express - SILENT BLOCKS","isPartOf":{"@id":"https:\/\/www.silentblocks.com\/es\/#website"},"primaryImageOfPage":{"@id":"https:\/\/www.silentblocks.com\/es\/producto\/soporte-trasero-del-motor\/#primaryimage"},"image":{"@id":"https:\/\/www.silentblocks.com\/es\/producto\/soporte-trasero-del-motor\/#primaryimage"},"thumbnailUrl":"https:\/\/www.silentblocks.com\/wp-content\/uploads\/2026\/02\/suporte-esquerdo-1.jpg","datePublished":"2023-04-26T22:49:15+00:00","dateModified":"2026-02-17T21:35:40+00:00","description":"Soporte motor trasero, Peugeot J5, Fiat Ducato, Talbot Express, compatible oem Citro\u00ebn 1843.80\/7 599 694 - Fiat 5 934 176 - Peugeot 1843.80","breadcrumb":{"@id":"https:\/\/www.silentblocks.com\/es\/producto\/soporte-trasero-del-motor\/#breadcrumb"},"inLanguage":"es","potentialAction":[{"@type":"ReadAction","target":["https:\/\/www.silentblocks.com\/es\/producto\/soporte-trasero-del-motor\/"]}]},{"@type":"ImageObject","inLanguage":"es","@id":"https:\/\/www.silentblocks.com\/es\/producto\/soporte-trasero-del-motor\/#primaryimage","url":"https:\/\/www.silentblocks.com\/wp-content\/uploads\/2026\/02\/suporte-esquerdo-1.jpg","contentUrl":"https:\/\/www.silentblocks.com\/wp-content\/uploads\/2026\/02\/suporte-esquerdo-1.jpg","width":800,"height":800},{"@type":"BreadcrumbList","@id":"https:\/\/www.silentblocks.com\/es\/producto\/soporte-trasero-del-motor\/#breadcrumb","itemListElement":[{"@type":"ListItem","position":1,"name":"In\u00edcio","item":"https:\/\/www.silentblocks.com\/es\/"},{"@type":"ListItem","position":2,"name":"Page boutique","item":"https:\/\/www.silentblocks.com\/es\/shop-2\/"},{"@type":"ListItem","position":3,"name":"Soporte motor trasero, Peugeot J5, Fiat Ducato, Talbot Express"}]},{"@type":"WebSite","@id":"https:\/\/www.silentblocks.com\/es\/#website","url":"https:\/\/www.silentblocks.com\/es\/","name":"SILENTBLOCKS","description":"Secure on the road","publisher":{"@id":"https:\/\/www.silentblocks.com\/es\/#organization"},"potentialAction":[{"@type":"SearchAction","target":{"@type":"EntryPoint","urlTemplate":"https:\/\/www.silentblocks.com\/es\/?s={search_term_string}"},"query-input":{"@type":"PropertyValueSpecification","valueRequired":true,"valueName":"search_term_string"}}],"inLanguage":"es"},{"@type":"Organization","@id":"https:\/\/www.silentblocks.com\/es\/#organization","name":"SILENTBLOCKS","url":"https:\/\/www.silentblocks.com\/es\/","logo":{"@type":"ImageObject","inLanguage":"es","@id":"https:\/\/www.silentblocks.com\/es\/#\/schema\/logo\/image\/","url":"https:\/\/www.silentblocks.com\/wp-content\/uploads\/2023\/07\/logo211-sem-fundo_2012-PARA-BOUTIQUE-EBAY.png","contentUrl":"https:\/\/www.silentblocks.com\/wp-content\/uploads\/2023\/07\/logo211-sem-fundo_2012-PARA-BOUTIQUE-EBAY.png","width":300,"height":190,"caption":"SILENTBLOCKS"},"image":{"@id":"https:\/\/www.silentblocks.com\/es\/#\/schema\/logo\/image\/"}}]}},"_links":{"self":[{"href":"https:\/\/www.silentblocks.com\/es\/wp-json\/wp\/v2\/product\/87770","targetHints":{"allow":["GET"]}}],"collection":[{"href":"https:\/\/www.silentblocks.com\/es\/wp-json\/wp\/v2\/product"}],"about":[{"href":"https:\/\/www.silentblocks.com\/es\/wp-json\/wp\/v2\/types\/product"}],"version-history":[{"count":0,"href":"https:\/\/www.silentblocks.com\/es\/wp-json\/wp\/v2\/product\/87770\/revisions"}],"wp:featuredmedia":[{"embeddable":true,"href":"https:\/\/www.silentblocks.com\/es\/wp-json\/wp\/v2\/media\/114529"}],"wp:attachment":[{"href":"https:\/\/www.silentblocks.com\/es\/wp-json\/wp\/v2\/media?parent=87770"}],"wp:term":[{"taxonomy":"product_brand","embeddable":true,"href":"https:\/\/www.silentblocks.com\/es\/wp-json\/wp\/v2\/product_brand?post=87770"},{"taxonomy":"product_cat","embeddable":true,"href":"https:\/\/www.silentblocks.com\/es\/wp-json\/wp\/v2\/product_cat?post=87770"},{"taxonomy":"product_tag","embeddable":true,"href":"https:\/\/www.silentblocks.com\/es\/wp-json\/wp\/v2\/product_tag?post=87770"}],"curies":[{"name":"wp","href":"https:\/\/api.w.org\/{rel}","templated":true}]}}