{"id":88074,"date":"2023-04-26T22:38:19","date_gmt":"2023-04-26T22:38:19","guid":{"rendered":"https:\/\/www.silentblocks.com\/product\/barra-estabilizadora-silenciosa-delantera-l200\/"},"modified":"2026-02-17T21:36:29","modified_gmt":"2026-02-17T21:36:29","slug":"barra-estabilizadora-silenciosa-delantera-l200","status":"publish","type":"product","link":"https:\/\/www.silentblocks.com\/es\/producto\/barra-estabilizadora-silenciosa-delantera-l200\/","title":{"rendered":"Silent blocks barra estabilizadora delantera para Mitsubishi L200"},"content":{"rendered":"<p>2 Silentblocks para barra estabilizadora delantera, para Mitsubishi L200, compatible con los siguientes veh\u00edculos:<\/p>\n<table style=\"width: 549px;\" border=\"0\" cellspacing=\"0\" cellpadding=\"0\">\n<colgroup>\n<col width=\"143\">\n<col width=\"30\">\n<col width=\"44\">\n<col width=\"47\">\n<col width=\"121\">\n<col width=\"73\">\n<col width=\"18\">\n<col width=\"73\"><\/colgroup>\n<tbody>\n<tr>\n<td width=\"143\" height=\"20\">PickUp 2.5D<\/td>\n<td width=\"30\">K74<\/td>\n<td width=\"44\">4D56<\/td>\n<td width=\"47\">2477cc<\/td>\n<td width=\"121\">4 x 4 5 MTM<\/td>\n<td align=\"right\" width=\"73\">01-01-1996<\/td>\n<td width=\"18\">&gt;<\/td>\n<td align=\"right\" width=\"73\">31-12-2004<\/td>\n<\/tr>\n<tr>\n<td width=\"143\" height=\"20\">PickUp 2.5DT<\/td>\n<td width=\"30\">K74<\/td>\n<td width=\"44\">4D56T<\/td>\n<td width=\"47\">2477cc<\/td>\n<td width=\"121\">4 x 4 5 MTM<\/td>\n<td align=\"right\" width=\"73\">01-01-1996<\/td>\n<td width=\"18\">&gt;<\/td>\n<td align=\"right\" width=\"73\">31-12-2005<\/td>\n<\/tr>\n<tr>\n<td width=\"143\" height=\"20\">PickUp 2.5DT &#8211; Di-D<\/td>\n<td width=\"30\">KB4<\/td>\n<td width=\"44\">4D56T<\/td>\n<td width=\"47\">2477cc<\/td>\n<td width=\"121\">4 x 4 5 MTM + ATM<\/td>\n<td align=\"right\" width=\"73\">01-01-2006<\/td>\n<td width=\"18\">&gt;<\/td>\n<td width=\"73\"><\/td>\n<\/tr>\n<tr>\n<td width=\"143\" height=\"20\">PickUp 2.8D<\/td>\n<td width=\"30\">K77<\/td>\n<td width=\"44\">4M40<\/td>\n<td width=\"47\">2835cc<\/td>\n<td width=\"121\">4 x 4 5 MTM<\/td>\n<td align=\"right\" width=\"73\">01-06-1996<\/td>\n<td width=\"18\">&gt;<\/td>\n<td align=\"right\" width=\"73\">31-12-2005<\/td>\n<\/tr>\n<tr>\n<td width=\"143\" height=\"21\">3.0i PickUp &#8211; V6 Triton<\/td>\n<td width=\"30\">K76<\/td>\n<td width=\"44\">6G72<\/td>\n<td width=\"47\">2972 cc<\/td>\n<td width=\"121\">4 x 4 5 MTM + ATM<\/td>\n<td align=\"right\" width=\"73\">01-07-2001<\/td>\n<td width=\"18\">&gt;<\/td>\n<td align=\"right\" width=\"73\">30-04-2006<\/td>\n<\/tr>\n<\/tbody>\n<\/table>\n<p>Referencias del fabricante (c\u00f3digo OEM) s\u00f3lo a t\u00edtulo informativo :<br \/>\nMB150767<\/p>\n<p>Piezas nuevas, se vende con factura. Todos nuestros productos tienen 2 a\u00f1os de garant\u00eda.<\/p>\n<p>&nbsp;<\/p>\n","protected":false},"excerpt":{"rendered":"<p>2 Silentblocks de goma, barra estabilizadora delantera. Para Mitsubishi L200<\/p>\n","protected":false},"featured_media":114205,"template":"","meta":[],"product_brand":[],"product_cat":[2211,1813],"product_tag":[],"class_list":{"0":"post-88074","1":"product","2":"type-product","3":"status-publish","4":"has-post-thumbnail","6":"product_cat-mitsubishi-es","7":"product_cat-l200-96-06-es","9":"first","10":"instock","11":"shipping-taxable","12":"purchasable","13":"product-type-simple"},"yoast_head":"<!-- This site is optimized with the Yoast SEO Premium plugin v23.0 (Yoast SEO v27.4) - https:\/\/yoast.com\/product\/yoast-seo-premium-wordpress\/ -->\n<title>Silent blocks barra estabilizadora delantera para Mitsubishi L200 - SILENT BLOCKS<\/title>\n<meta name=\"description\" content=\"Silent bloques de barra estabilizadora delantera para Mitsubishi L200, oem MB150767\" \/>\n<meta name=\"robots\" content=\"index, follow, max-snippet:-1, max-image-preview:large, max-video-preview:-1\" \/>\n<link rel=\"canonical\" href=\"https:\/\/www.silentblocks.com\/es\/producto\/barra-estabilizadora-silenciosa-delantera-l200\/\" \/>\n<meta property=\"og:locale\" content=\"es_ES\" \/>\n<meta property=\"og:type\" content=\"article\" \/>\n<meta property=\"og:title\" content=\"Silent blocks barra estabilizadora delantera para Mitsubishi L200\" \/>\n<meta property=\"og:description\" content=\"Silent bloques de barra estabilizadora delantera para Mitsubishi L200, oem MB150767\" \/>\n<meta property=\"og:url\" content=\"https:\/\/www.silentblocks.com\/es\/producto\/barra-estabilizadora-silenciosa-delantera-l200\/\" \/>\n<meta property=\"og:site_name\" content=\"SILENT BLOCKS\" \/>\n<meta property=\"article:modified_time\" content=\"2026-02-17T21:36:29+00:00\" \/>\n<meta property=\"og:image\" content=\"https:\/\/www.silentblocks.com\/wp-content\/uploads\/2026\/02\/silentbloc-l200-barre-antiroulis-MR150767.jpg\" \/>\n\t<meta property=\"og:image:width\" content=\"800\" \/>\n\t<meta property=\"og:image:height\" content=\"800\" \/>\n\t<meta property=\"og:image:type\" content=\"image\/jpeg\" \/>\n<meta name=\"twitter:card\" content=\"summary_large_image\" \/>\n<meta name=\"twitter:label1\" content=\"Tiempo de lectura\" \/>\n\t<meta name=\"twitter:data1\" content=\"1 minuto\" \/>\n<script type=\"application\/ld+json\" class=\"yoast-schema-graph\">{\"@context\":\"https:\\\/\\\/schema.org\",\"@graph\":[{\"@type\":\"WebPage\",\"@id\":\"https:\\\/\\\/www.silentblocks.com\\\/es\\\/producto\\\/barra-estabilizadora-silenciosa-delantera-l200\\\/\",\"url\":\"https:\\\/\\\/www.silentblocks.com\\\/es\\\/producto\\\/barra-estabilizadora-silenciosa-delantera-l200\\\/\",\"name\":\"Silent blocks barra estabilizadora delantera para Mitsubishi L200 - SILENT BLOCKS\",\"isPartOf\":{\"@id\":\"https:\\\/\\\/www.silentblocks.com\\\/es\\\/#website\"},\"primaryImageOfPage\":{\"@id\":\"https:\\\/\\\/www.silentblocks.com\\\/es\\\/producto\\\/barra-estabilizadora-silenciosa-delantera-l200\\\/#primaryimage\"},\"image\":{\"@id\":\"https:\\\/\\\/www.silentblocks.com\\\/es\\\/producto\\\/barra-estabilizadora-silenciosa-delantera-l200\\\/#primaryimage\"},\"thumbnailUrl\":\"https:\\\/\\\/www.silentblocks.com\\\/wp-content\\\/uploads\\\/2026\\\/02\\\/silentbloc-l200-barre-antiroulis-MR150767.jpg\",\"datePublished\":\"2023-04-26T22:38:19+00:00\",\"dateModified\":\"2026-02-17T21:36:29+00:00\",\"description\":\"Silent bloques de barra estabilizadora delantera para Mitsubishi L200, oem MB150767\",\"breadcrumb\":{\"@id\":\"https:\\\/\\\/www.silentblocks.com\\\/es\\\/producto\\\/barra-estabilizadora-silenciosa-delantera-l200\\\/#breadcrumb\"},\"inLanguage\":\"es\",\"potentialAction\":[{\"@type\":\"ReadAction\",\"target\":[\"https:\\\/\\\/www.silentblocks.com\\\/es\\\/producto\\\/barra-estabilizadora-silenciosa-delantera-l200\\\/\"]}]},{\"@type\":\"ImageObject\",\"inLanguage\":\"es\",\"@id\":\"https:\\\/\\\/www.silentblocks.com\\\/es\\\/producto\\\/barra-estabilizadora-silenciosa-delantera-l200\\\/#primaryimage\",\"url\":\"https:\\\/\\\/www.silentblocks.com\\\/wp-content\\\/uploads\\\/2026\\\/02\\\/silentbloc-l200-barre-antiroulis-MR150767.jpg\",\"contentUrl\":\"https:\\\/\\\/www.silentblocks.com\\\/wp-content\\\/uploads\\\/2026\\\/02\\\/silentbloc-l200-barre-antiroulis-MR150767.jpg\",\"width\":800,\"height\":800},{\"@type\":\"BreadcrumbList\",\"@id\":\"https:\\\/\\\/www.silentblocks.com\\\/es\\\/producto\\\/barra-estabilizadora-silenciosa-delantera-l200\\\/#breadcrumb\",\"itemListElement\":[{\"@type\":\"ListItem\",\"position\":1,\"name\":\"In\u00edcio\",\"item\":\"https:\\\/\\\/www.silentblocks.com\\\/es\\\/\"},{\"@type\":\"ListItem\",\"position\":2,\"name\":\"Page boutique\",\"item\":\"https:\\\/\\\/www.silentblocks.com\\\/es\\\/shop-2\\\/\"},{\"@type\":\"ListItem\",\"position\":3,\"name\":\"Silent blocks barra estabilizadora delantera para Mitsubishi L200\"}]},{\"@type\":\"WebSite\",\"@id\":\"https:\\\/\\\/www.silentblocks.com\\\/es\\\/#website\",\"url\":\"https:\\\/\\\/www.silentblocks.com\\\/es\\\/\",\"name\":\"SILENTBLOCKS\",\"description\":\"Secure on the road\",\"publisher\":{\"@id\":\"https:\\\/\\\/www.silentblocks.com\\\/es\\\/#organization\"},\"potentialAction\":[{\"@type\":\"SearchAction\",\"target\":{\"@type\":\"EntryPoint\",\"urlTemplate\":\"https:\\\/\\\/www.silentblocks.com\\\/es\\\/?s={search_term_string}\"},\"query-input\":{\"@type\":\"PropertyValueSpecification\",\"valueRequired\":true,\"valueName\":\"search_term_string\"}}],\"inLanguage\":\"es\"},{\"@type\":\"Organization\",\"@id\":\"https:\\\/\\\/www.silentblocks.com\\\/es\\\/#organization\",\"name\":\"SILENTBLOCKS\",\"url\":\"https:\\\/\\\/www.silentblocks.com\\\/es\\\/\",\"logo\":{\"@type\":\"ImageObject\",\"inLanguage\":\"es\",\"@id\":\"https:\\\/\\\/www.silentblocks.com\\\/es\\\/#\\\/schema\\\/logo\\\/image\\\/\",\"url\":\"https:\\\/\\\/www.silentblocks.com\\\/wp-content\\\/uploads\\\/2023\\\/07\\\/logo211-sem-fundo_2012-PARA-BOUTIQUE-EBAY.png\",\"contentUrl\":\"https:\\\/\\\/www.silentblocks.com\\\/wp-content\\\/uploads\\\/2023\\\/07\\\/logo211-sem-fundo_2012-PARA-BOUTIQUE-EBAY.png\",\"width\":300,\"height\":190,\"caption\":\"SILENTBLOCKS\"},\"image\":{\"@id\":\"https:\\\/\\\/www.silentblocks.com\\\/es\\\/#\\\/schema\\\/logo\\\/image\\\/\"}}]}<\/script>\n<!-- \/ Yoast SEO Premium plugin. -->","yoast_head_json":{"title":"Silent blocks barra estabilizadora delantera para Mitsubishi L200 - SILENT BLOCKS","description":"Silent bloques de barra estabilizadora delantera para Mitsubishi L200, oem MB150767","robots":{"index":"index","follow":"follow","max-snippet":"max-snippet:-1","max-image-preview":"max-image-preview:large","max-video-preview":"max-video-preview:-1"},"canonical":"https:\/\/www.silentblocks.com\/es\/producto\/barra-estabilizadora-silenciosa-delantera-l200\/","og_locale":"es_ES","og_type":"article","og_title":"Silent blocks barra estabilizadora delantera para Mitsubishi L200","og_description":"Silent bloques de barra estabilizadora delantera para Mitsubishi L200, oem MB150767","og_url":"https:\/\/www.silentblocks.com\/es\/producto\/barra-estabilizadora-silenciosa-delantera-l200\/","og_site_name":"SILENT BLOCKS","article_modified_time":"2026-02-17T21:36:29+00:00","og_image":[{"width":800,"height":800,"url":"https:\/\/www.silentblocks.com\/wp-content\/uploads\/2026\/02\/silentbloc-l200-barre-antiroulis-MR150767.jpg","type":"image\/jpeg"}],"twitter_card":"summary_large_image","twitter_misc":{"Tiempo de lectura":"1 minuto"},"schema":{"@context":"https:\/\/schema.org","@graph":[{"@type":"WebPage","@id":"https:\/\/www.silentblocks.com\/es\/producto\/barra-estabilizadora-silenciosa-delantera-l200\/","url":"https:\/\/www.silentblocks.com\/es\/producto\/barra-estabilizadora-silenciosa-delantera-l200\/","name":"Silent blocks barra estabilizadora delantera para Mitsubishi L200 - SILENT BLOCKS","isPartOf":{"@id":"https:\/\/www.silentblocks.com\/es\/#website"},"primaryImageOfPage":{"@id":"https:\/\/www.silentblocks.com\/es\/producto\/barra-estabilizadora-silenciosa-delantera-l200\/#primaryimage"},"image":{"@id":"https:\/\/www.silentblocks.com\/es\/producto\/barra-estabilizadora-silenciosa-delantera-l200\/#primaryimage"},"thumbnailUrl":"https:\/\/www.silentblocks.com\/wp-content\/uploads\/2026\/02\/silentbloc-l200-barre-antiroulis-MR150767.jpg","datePublished":"2023-04-26T22:38:19+00:00","dateModified":"2026-02-17T21:36:29+00:00","description":"Silent bloques de barra estabilizadora delantera para Mitsubishi L200, oem MB150767","breadcrumb":{"@id":"https:\/\/www.silentblocks.com\/es\/producto\/barra-estabilizadora-silenciosa-delantera-l200\/#breadcrumb"},"inLanguage":"es","potentialAction":[{"@type":"ReadAction","target":["https:\/\/www.silentblocks.com\/es\/producto\/barra-estabilizadora-silenciosa-delantera-l200\/"]}]},{"@type":"ImageObject","inLanguage":"es","@id":"https:\/\/www.silentblocks.com\/es\/producto\/barra-estabilizadora-silenciosa-delantera-l200\/#primaryimage","url":"https:\/\/www.silentblocks.com\/wp-content\/uploads\/2026\/02\/silentbloc-l200-barre-antiroulis-MR150767.jpg","contentUrl":"https:\/\/www.silentblocks.com\/wp-content\/uploads\/2026\/02\/silentbloc-l200-barre-antiroulis-MR150767.jpg","width":800,"height":800},{"@type":"BreadcrumbList","@id":"https:\/\/www.silentblocks.com\/es\/producto\/barra-estabilizadora-silenciosa-delantera-l200\/#breadcrumb","itemListElement":[{"@type":"ListItem","position":1,"name":"In\u00edcio","item":"https:\/\/www.silentblocks.com\/es\/"},{"@type":"ListItem","position":2,"name":"Page boutique","item":"https:\/\/www.silentblocks.com\/es\/shop-2\/"},{"@type":"ListItem","position":3,"name":"Silent blocks barra estabilizadora delantera para Mitsubishi L200"}]},{"@type":"WebSite","@id":"https:\/\/www.silentblocks.com\/es\/#website","url":"https:\/\/www.silentblocks.com\/es\/","name":"SILENTBLOCKS","description":"Secure on the road","publisher":{"@id":"https:\/\/www.silentblocks.com\/es\/#organization"},"potentialAction":[{"@type":"SearchAction","target":{"@type":"EntryPoint","urlTemplate":"https:\/\/www.silentblocks.com\/es\/?s={search_term_string}"},"query-input":{"@type":"PropertyValueSpecification","valueRequired":true,"valueName":"search_term_string"}}],"inLanguage":"es"},{"@type":"Organization","@id":"https:\/\/www.silentblocks.com\/es\/#organization","name":"SILENTBLOCKS","url":"https:\/\/www.silentblocks.com\/es\/","logo":{"@type":"ImageObject","inLanguage":"es","@id":"https:\/\/www.silentblocks.com\/es\/#\/schema\/logo\/image\/","url":"https:\/\/www.silentblocks.com\/wp-content\/uploads\/2023\/07\/logo211-sem-fundo_2012-PARA-BOUTIQUE-EBAY.png","contentUrl":"https:\/\/www.silentblocks.com\/wp-content\/uploads\/2023\/07\/logo211-sem-fundo_2012-PARA-BOUTIQUE-EBAY.png","width":300,"height":190,"caption":"SILENTBLOCKS"},"image":{"@id":"https:\/\/www.silentblocks.com\/es\/#\/schema\/logo\/image\/"}}]}},"_links":{"self":[{"href":"https:\/\/www.silentblocks.com\/es\/wp-json\/wp\/v2\/product\/88074","targetHints":{"allow":["GET"]}}],"collection":[{"href":"https:\/\/www.silentblocks.com\/es\/wp-json\/wp\/v2\/product"}],"about":[{"href":"https:\/\/www.silentblocks.com\/es\/wp-json\/wp\/v2\/types\/product"}],"version-history":[{"count":0,"href":"https:\/\/www.silentblocks.com\/es\/wp-json\/wp\/v2\/product\/88074\/revisions"}],"wp:featuredmedia":[{"embeddable":true,"href":"https:\/\/www.silentblocks.com\/es\/wp-json\/wp\/v2\/media\/114205"}],"wp:attachment":[{"href":"https:\/\/www.silentblocks.com\/es\/wp-json\/wp\/v2\/media?parent=88074"}],"wp:term":[{"taxonomy":"product_brand","embeddable":true,"href":"https:\/\/www.silentblocks.com\/es\/wp-json\/wp\/v2\/product_brand?post=88074"},{"taxonomy":"product_cat","embeddable":true,"href":"https:\/\/www.silentblocks.com\/es\/wp-json\/wp\/v2\/product_cat?post=88074"},{"taxonomy":"product_tag","embeddable":true,"href":"https:\/\/www.silentblocks.com\/es\/wp-json\/wp\/v2\/product_tag?post=88074"}],"curies":[{"name":"wp","href":"https:\/\/api.w.org\/{rel}","templated":true}]}}