{"id":88787,"date":"2023-12-03T22:48:39","date_gmt":"2023-12-03T22:48:39","guid":{"rendered":"https:\/\/www.silentblocks.com\/product\/silentblocs-des-soportes-amortiguadores-hyundai-i20\/"},"modified":"2026-02-17T21:38:26","modified_gmt":"2026-02-17T21:38:26","slug":"silentblocs-des-soportes-amortiguadores-hyundai-i20","status":"publish","type":"product","link":"https:\/\/www.silentblocks.com\/es\/producto\/silentblocs-des-soportes-amortiguadores-hyundai-i20\/","title":{"rendered":"Bujes para soportes de amortiguador trasero Hyundai i20"},"content":{"rendered":"<p>Bujes para soportes de amortiguadores traseros, compatibles con los siguientes veh\u00edculos:<br \/>\nHyundai i20 II (GB, IB) 11.2014&gt;<br \/>\nHyundai i20 II Coup\u00e9 (GB) 05.2015&gt;<br \/>\nHyundai i20 II Hatchback Van (GB, IB) 05.2015&gt;<\/p>\n<p>Referencias del fabricante (c\u00f3digo OEM) s\u00f3lo a t\u00edtulo informativo :<br \/>\n55311-C8000, 55312-C8000, 55313-C8000<\/p>\n<p>Piezas nuevas, se vende con factura. Todos nuestros productos tienen 2 a\u00f1os de garant\u00eda.<\/p>\n","protected":false},"excerpt":{"rendered":"<p>Bujes para soportes de amortiguadores traseros, compatibles con los siguientes veh\u00edculos: Hyundai i20 II (GB, IB) 11.2014&gt; Hyundai i20 II Coup\u00e9 (GB) 05.2015&gt; Hyundai i20 II Hatchback Van (GB, IB) 05.2015&gt; Referencias del fabricante (c\u00f3digo OEM) s\u00f3lo a t\u00edtulo informativo : 55311-C8000, 55312-C8000, 55313-C8000 Piezas nuevas, se vende con factura. Todos nuestros productos tienen 2 [&hellip;]<\/p>\n","protected":false},"featured_media":88772,"template":"","meta":[],"product_brand":[],"product_cat":[3874],"product_tag":[],"class_list":{"0":"post-88787","1":"product","2":"type-product","3":"status-publish","4":"has-post-thumbnail","6":"product_cat-i20-es","8":"first","9":"instock","10":"shipping-taxable","11":"purchasable","12":"product-type-simple"},"yoast_head":"<!-- This site is optimized with the Yoast SEO Premium plugin v23.0 (Yoast SEO v27.4) - https:\/\/yoast.com\/product\/yoast-seo-premium-wordpress\/ -->\n<title>Bujes para soportes de amortiguador trasero Hyundai i20 - SILENT BLOCKS<\/title>\n<meta name=\"description\" content=\"Bujes para soportes de amortiguador trasero para Hyundai i20, oem compatible 55311-C8000, 55312-C8000, 55313-C8000\" \/>\n<meta name=\"robots\" content=\"index, follow, max-snippet:-1, max-image-preview:large, max-video-preview:-1\" \/>\n<link rel=\"canonical\" href=\"https:\/\/www.silentblocks.com\/es\/producto\/silentblocs-des-soportes-amortiguadores-hyundai-i20\/\" \/>\n<meta property=\"og:locale\" content=\"es_ES\" \/>\n<meta property=\"og:type\" content=\"article\" \/>\n<meta property=\"og:title\" content=\"Bujes para soportes de amortiguador trasero Hyundai i20\" \/>\n<meta property=\"og:description\" content=\"Bujes para soportes de amortiguador trasero para Hyundai i20, oem compatible 55311-C8000, 55312-C8000, 55313-C8000\" \/>\n<meta property=\"og:url\" content=\"https:\/\/www.silentblocks.com\/es\/producto\/silentblocs-des-soportes-amortiguadores-hyundai-i20\/\" \/>\n<meta property=\"og:site_name\" content=\"SILENT BLOCKS\" \/>\n<meta property=\"article:modified_time\" content=\"2026-02-17T21:38:26+00:00\" \/>\n<meta name=\"twitter:card\" content=\"summary_large_image\" \/>\n<script type=\"application\/ld+json\" class=\"yoast-schema-graph\">{\"@context\":\"https:\\\/\\\/schema.org\",\"@graph\":[{\"@type\":\"WebPage\",\"@id\":\"https:\\\/\\\/www.silentblocks.com\\\/es\\\/producto\\\/silentblocs-des-soportes-amortiguadores-hyundai-i20\\\/\",\"url\":\"https:\\\/\\\/www.silentblocks.com\\\/es\\\/producto\\\/silentblocs-des-soportes-amortiguadores-hyundai-i20\\\/\",\"name\":\"Bujes para soportes de amortiguador trasero Hyundai i20 - SILENT BLOCKS\",\"isPartOf\":{\"@id\":\"https:\\\/\\\/www.silentblocks.com\\\/es\\\/#website\"},\"primaryImageOfPage\":{\"@id\":\"https:\\\/\\\/www.silentblocks.com\\\/es\\\/producto\\\/silentblocs-des-soportes-amortiguadores-hyundai-i20\\\/#primaryimage\"},\"image\":{\"@id\":\"https:\\\/\\\/www.silentblocks.com\\\/es\\\/producto\\\/silentblocs-des-soportes-amortiguadores-hyundai-i20\\\/#primaryimage\"},\"thumbnailUrl\":\"https:\\\/\\\/www.silentblocks.com\\\/wp-content\\\/uploads\\\/2026\\\/02\\\/silentbloc-amortisseur-i20___-1.jpg\",\"datePublished\":\"2023-12-03T22:48:39+00:00\",\"dateModified\":\"2026-02-17T21:38:26+00:00\",\"description\":\"Bujes para soportes de amortiguador trasero para Hyundai i20, oem compatible 55311-C8000, 55312-C8000, 55313-C8000\",\"breadcrumb\":{\"@id\":\"https:\\\/\\\/www.silentblocks.com\\\/es\\\/producto\\\/silentblocs-des-soportes-amortiguadores-hyundai-i20\\\/#breadcrumb\"},\"inLanguage\":\"es\",\"potentialAction\":[{\"@type\":\"ReadAction\",\"target\":[\"https:\\\/\\\/www.silentblocks.com\\\/es\\\/producto\\\/silentblocs-des-soportes-amortiguadores-hyundai-i20\\\/\"]}]},{\"@type\":\"ImageObject\",\"inLanguage\":\"es\",\"@id\":\"https:\\\/\\\/www.silentblocks.com\\\/es\\\/producto\\\/silentblocs-des-soportes-amortiguadores-hyundai-i20\\\/#primaryimage\",\"url\":\"https:\\\/\\\/www.silentblocks.com\\\/wp-content\\\/uploads\\\/2026\\\/02\\\/silentbloc-amortisseur-i20___-1.jpg\",\"contentUrl\":\"https:\\\/\\\/www.silentblocks.com\\\/wp-content\\\/uploads\\\/2026\\\/02\\\/silentbloc-amortisseur-i20___-1.jpg\",\"width\":1024,\"height\":1024},{\"@type\":\"BreadcrumbList\",\"@id\":\"https:\\\/\\\/www.silentblocks.com\\\/es\\\/producto\\\/silentblocs-des-soportes-amortiguadores-hyundai-i20\\\/#breadcrumb\",\"itemListElement\":[{\"@type\":\"ListItem\",\"position\":1,\"name\":\"In\u00edcio\",\"item\":\"https:\\\/\\\/www.silentblocks.com\\\/es\\\/\"},{\"@type\":\"ListItem\",\"position\":2,\"name\":\"Page boutique\",\"item\":\"https:\\\/\\\/www.silentblocks.com\\\/es\\\/shop-2\\\/\"},{\"@type\":\"ListItem\",\"position\":3,\"name\":\"Bujes para soportes de amortiguador trasero Hyundai i20\"}]},{\"@type\":\"WebSite\",\"@id\":\"https:\\\/\\\/www.silentblocks.com\\\/es\\\/#website\",\"url\":\"https:\\\/\\\/www.silentblocks.com\\\/es\\\/\",\"name\":\"SILENTBLOCKS\",\"description\":\"Secure on the road\",\"publisher\":{\"@id\":\"https:\\\/\\\/www.silentblocks.com\\\/es\\\/#organization\"},\"potentialAction\":[{\"@type\":\"SearchAction\",\"target\":{\"@type\":\"EntryPoint\",\"urlTemplate\":\"https:\\\/\\\/www.silentblocks.com\\\/es\\\/?s={search_term_string}\"},\"query-input\":{\"@type\":\"PropertyValueSpecification\",\"valueRequired\":true,\"valueName\":\"search_term_string\"}}],\"inLanguage\":\"es\"},{\"@type\":\"Organization\",\"@id\":\"https:\\\/\\\/www.silentblocks.com\\\/es\\\/#organization\",\"name\":\"SILENTBLOCKS\",\"url\":\"https:\\\/\\\/www.silentblocks.com\\\/es\\\/\",\"logo\":{\"@type\":\"ImageObject\",\"inLanguage\":\"es\",\"@id\":\"https:\\\/\\\/www.silentblocks.com\\\/es\\\/#\\\/schema\\\/logo\\\/image\\\/\",\"url\":\"https:\\\/\\\/www.silentblocks.com\\\/wp-content\\\/uploads\\\/2023\\\/07\\\/logo211-sem-fundo_2012-PARA-BOUTIQUE-EBAY.png\",\"contentUrl\":\"https:\\\/\\\/www.silentblocks.com\\\/wp-content\\\/uploads\\\/2023\\\/07\\\/logo211-sem-fundo_2012-PARA-BOUTIQUE-EBAY.png\",\"width\":300,\"height\":190,\"caption\":\"SILENTBLOCKS\"},\"image\":{\"@id\":\"https:\\\/\\\/www.silentblocks.com\\\/es\\\/#\\\/schema\\\/logo\\\/image\\\/\"}}]}<\/script>\n<!-- \/ Yoast SEO Premium plugin. -->","yoast_head_json":{"title":"Bujes para soportes de amortiguador trasero Hyundai i20 - SILENT BLOCKS","description":"Bujes para soportes de amortiguador trasero para Hyundai i20, oem compatible 55311-C8000, 55312-C8000, 55313-C8000","robots":{"index":"index","follow":"follow","max-snippet":"max-snippet:-1","max-image-preview":"max-image-preview:large","max-video-preview":"max-video-preview:-1"},"canonical":"https:\/\/www.silentblocks.com\/es\/producto\/silentblocs-des-soportes-amortiguadores-hyundai-i20\/","og_locale":"es_ES","og_type":"article","og_title":"Bujes para soportes de amortiguador trasero Hyundai i20","og_description":"Bujes para soportes de amortiguador trasero para Hyundai i20, oem compatible 55311-C8000, 55312-C8000, 55313-C8000","og_url":"https:\/\/www.silentblocks.com\/es\/producto\/silentblocs-des-soportes-amortiguadores-hyundai-i20\/","og_site_name":"SILENT BLOCKS","article_modified_time":"2026-02-17T21:38:26+00:00","twitter_card":"summary_large_image","schema":{"@context":"https:\/\/schema.org","@graph":[{"@type":"WebPage","@id":"https:\/\/www.silentblocks.com\/es\/producto\/silentblocs-des-soportes-amortiguadores-hyundai-i20\/","url":"https:\/\/www.silentblocks.com\/es\/producto\/silentblocs-des-soportes-amortiguadores-hyundai-i20\/","name":"Bujes para soportes de amortiguador trasero Hyundai i20 - SILENT BLOCKS","isPartOf":{"@id":"https:\/\/www.silentblocks.com\/es\/#website"},"primaryImageOfPage":{"@id":"https:\/\/www.silentblocks.com\/es\/producto\/silentblocs-des-soportes-amortiguadores-hyundai-i20\/#primaryimage"},"image":{"@id":"https:\/\/www.silentblocks.com\/es\/producto\/silentblocs-des-soportes-amortiguadores-hyundai-i20\/#primaryimage"},"thumbnailUrl":"https:\/\/www.silentblocks.com\/wp-content\/uploads\/2026\/02\/silentbloc-amortisseur-i20___-1.jpg","datePublished":"2023-12-03T22:48:39+00:00","dateModified":"2026-02-17T21:38:26+00:00","description":"Bujes para soportes de amortiguador trasero para Hyundai i20, oem compatible 55311-C8000, 55312-C8000, 55313-C8000","breadcrumb":{"@id":"https:\/\/www.silentblocks.com\/es\/producto\/silentblocs-des-soportes-amortiguadores-hyundai-i20\/#breadcrumb"},"inLanguage":"es","potentialAction":[{"@type":"ReadAction","target":["https:\/\/www.silentblocks.com\/es\/producto\/silentblocs-des-soportes-amortiguadores-hyundai-i20\/"]}]},{"@type":"ImageObject","inLanguage":"es","@id":"https:\/\/www.silentblocks.com\/es\/producto\/silentblocs-des-soportes-amortiguadores-hyundai-i20\/#primaryimage","url":"https:\/\/www.silentblocks.com\/wp-content\/uploads\/2026\/02\/silentbloc-amortisseur-i20___-1.jpg","contentUrl":"https:\/\/www.silentblocks.com\/wp-content\/uploads\/2026\/02\/silentbloc-amortisseur-i20___-1.jpg","width":1024,"height":1024},{"@type":"BreadcrumbList","@id":"https:\/\/www.silentblocks.com\/es\/producto\/silentblocs-des-soportes-amortiguadores-hyundai-i20\/#breadcrumb","itemListElement":[{"@type":"ListItem","position":1,"name":"In\u00edcio","item":"https:\/\/www.silentblocks.com\/es\/"},{"@type":"ListItem","position":2,"name":"Page boutique","item":"https:\/\/www.silentblocks.com\/es\/shop-2\/"},{"@type":"ListItem","position":3,"name":"Bujes para soportes de amortiguador trasero Hyundai i20"}]},{"@type":"WebSite","@id":"https:\/\/www.silentblocks.com\/es\/#website","url":"https:\/\/www.silentblocks.com\/es\/","name":"SILENTBLOCKS","description":"Secure on the road","publisher":{"@id":"https:\/\/www.silentblocks.com\/es\/#organization"},"potentialAction":[{"@type":"SearchAction","target":{"@type":"EntryPoint","urlTemplate":"https:\/\/www.silentblocks.com\/es\/?s={search_term_string}"},"query-input":{"@type":"PropertyValueSpecification","valueRequired":true,"valueName":"search_term_string"}}],"inLanguage":"es"},{"@type":"Organization","@id":"https:\/\/www.silentblocks.com\/es\/#organization","name":"SILENTBLOCKS","url":"https:\/\/www.silentblocks.com\/es\/","logo":{"@type":"ImageObject","inLanguage":"es","@id":"https:\/\/www.silentblocks.com\/es\/#\/schema\/logo\/image\/","url":"https:\/\/www.silentblocks.com\/wp-content\/uploads\/2023\/07\/logo211-sem-fundo_2012-PARA-BOUTIQUE-EBAY.png","contentUrl":"https:\/\/www.silentblocks.com\/wp-content\/uploads\/2023\/07\/logo211-sem-fundo_2012-PARA-BOUTIQUE-EBAY.png","width":300,"height":190,"caption":"SILENTBLOCKS"},"image":{"@id":"https:\/\/www.silentblocks.com\/es\/#\/schema\/logo\/image\/"}}]}},"_links":{"self":[{"href":"https:\/\/www.silentblocks.com\/es\/wp-json\/wp\/v2\/product\/88787","targetHints":{"allow":["GET"]}}],"collection":[{"href":"https:\/\/www.silentblocks.com\/es\/wp-json\/wp\/v2\/product"}],"about":[{"href":"https:\/\/www.silentblocks.com\/es\/wp-json\/wp\/v2\/types\/product"}],"version-history":[{"count":0,"href":"https:\/\/www.silentblocks.com\/es\/wp-json\/wp\/v2\/product\/88787\/revisions"}],"wp:featuredmedia":[{"embeddable":true,"href":"https:\/\/www.silentblocks.com\/es\/wp-json\/wp\/v2\/media\/88772"}],"wp:attachment":[{"href":"https:\/\/www.silentblocks.com\/es\/wp-json\/wp\/v2\/media?parent=88787"}],"wp:term":[{"taxonomy":"product_brand","embeddable":true,"href":"https:\/\/www.silentblocks.com\/es\/wp-json\/wp\/v2\/product_brand?post=88787"},{"taxonomy":"product_cat","embeddable":true,"href":"https:\/\/www.silentblocks.com\/es\/wp-json\/wp\/v2\/product_cat?post=88787"},{"taxonomy":"product_tag","embeddable":true,"href":"https:\/\/www.silentblocks.com\/es\/wp-json\/wp\/v2\/product_tag?post=88787"}],"curies":[{"name":"wp","href":"https:\/\/api.w.org\/{rel}","templated":true}]}}