{"id":89481,"date":"2024-03-18T19:34:16","date_gmt":"2024-03-18T19:34:16","guid":{"rendered":"https:\/\/www.silentblocks.com\/product\/silentblocks-ballestas-para-toyota-land-cruiser-j40-j50\/"},"modified":"2026-02-17T21:40:00","modified_gmt":"2026-02-17T21:40:00","slug":"silentblocks-ballestas-para-toyota-land-cruiser-j40-j50","status":"publish","type":"product","link":"https:\/\/www.silentblocks.com\/es\/producto\/silentblocks-ballestas-para-toyota-land-cruiser-j40-j50\/","title":{"rendered":"Silentblocks ballestas para Toyota Land Cruiser J40 J50"},"content":{"rendered":"<p>24 casquillos de ballesta delanteros\/traseros, compatibles con los siguientes veh\u00edculos:<br \/>\nToyota Land Cruiser (_J4_, _J5_): 3.9 (FJ40_, FJ43_, FJ45_, FJ55_V) 03.1969\/01.1975 131CV 3878CC<br \/>\nToyota Land Cruiser (_J4_, _J5_): 4.2 (FJ40_V, FJ43_, FJ45_V, FJ55_) 01.1975\/04.1986 121CV 4230CC<br \/>\nToyota Land Cruiser (_J4_, _J5_): 3.0 D 4WD (BJ42_, FJ4_, FJ5_, BJ40RV) 03.1969\/10.1984 80CV 2977CC<br \/>\nToyota Land Cruiser (_J4_, _J5_): 3.4 D (BJ42_V, BJ45_V, BJ46_, BJ42RV) 08.1980\/10.1984 90CV 3432CC<br \/>\nToyota Land Cruiser (_J4_, _J5_): 3.6 D (HJ45_V) 04.1979\/07.1980 90CV 3576CC<br \/>\nToyota Land Cruiser (_J4_, _J5_): 4.0 D (HJ47_V) 08.1980\/10.1984 103CV 3980CC<br \/>\nToyota Land Cruiser Pick-up (_J4_): 3.9 (FJ45_P) 03.1969\/01.1975 131CV 3878CC<br \/>\nToyota Land Cruiser Pick-up (_J4_): 4.2 (FJ45_P) 01.1975\/04.1986 121CV 4230CC<br \/>\nToyota Land Cruiser Pick-up (_J4_): 3.6 D (HJ45_P) 01.1975\/07.1980 90CV 3576CC<br \/>\nToyota Land Cruiser Pick-up (_J4_): 3.4 D (BJ45_P) 08.1980\/10.1984 90CV 3432CC<br \/>\nToyota Land Cruiser Pick-up (_J4_): 4.0 D (HJ47_P) 08.1980\/10.1984 103CV 3980CC<\/p>\n<p>Dimensiones exteriores: d31x41mm<br \/>\nOtras dimensiones: d26mm, agujeros d15mm<\/p>\n<p>Referencias del fabricante (c\u00f3digo OEM) s\u00f3lo a t\u00edtulo informativo :<br \/>\n90385-15016, 90385-15002<\/p>\n<p>Piezas nuevas, se vende con factura. Todos nuestros productos tienen 2 a\u00f1os de garant\u00eda.<\/p>\n<p>&nbsp;<\/p>\n<p>&nbsp;<\/p>\n","protected":false},"excerpt":{"rendered":"<p>24 casquillos de ballesta delanteros\/traseros, compatibles con los siguientes veh\u00edculos: Toyota Land Cruiser (_J4_, _J5_): 3.9 (FJ40_, FJ43_, FJ45_, FJ55_V) 03.1969\/01.1975 131CV 3878CC Toyota Land Cruiser (_J4_, _J5_): 4.2 (FJ40_V, FJ43_, FJ45_V, FJ55_) 01.1975\/04.1986 121CV 4230CC Toyota Land Cruiser (_J4_, _J5_): 3.0 D 4WD (BJ42_, FJ4_, FJ5_, BJ40RV) 03.1969\/10.1984 80CV 2977CC Toyota Land Cruiser (_J4_, [&hellip;]<\/p>\n","protected":false},"featured_media":89473,"template":"","meta":[],"product_brand":[],"product_cat":[2250,6215],"product_tag":[],"class_list":{"0":"post-89481","1":"product","2":"type-product","3":"status-publish","4":"has-post-thumbnail","6":"product_cat-toyota-es","7":"product_cat-land-cruiser-j40","9":"first","10":"instock","11":"shipping-taxable","12":"purchasable","13":"product-type-simple"},"yoast_head":"<!-- This site is optimized with the Yoast SEO Premium plugin v23.0 (Yoast SEO v27.4) - https:\/\/yoast.com\/product\/yoast-seo-premium-wordpress\/ -->\n<title>Silentblocks ballestas para Toyota Land Cruiser J40 J50 - SILENT BLOCKS<\/title>\n<meta name=\"description\" content=\"Silentblocks para ballestas delanteras y traseras para Toyota Land Cruiser J40 J50, compatible oem 90385-15016, 90385-15002\" \/>\n<meta name=\"robots\" content=\"index, follow, max-snippet:-1, max-image-preview:large, max-video-preview:-1\" \/>\n<link rel=\"canonical\" href=\"https:\/\/www.silentblocks.com\/es\/producto\/silentblocks-ballestas-para-toyota-land-cruiser-j40-j50\/\" \/>\n<meta property=\"og:locale\" content=\"es_ES\" \/>\n<meta property=\"og:type\" content=\"article\" \/>\n<meta property=\"og:title\" content=\"Silentblocks ballestas para Toyota Land Cruiser J40 J50\" \/>\n<meta property=\"og:description\" content=\"Silentblocks para ballestas delanteras y traseras para Toyota Land Cruiser J40 J50, compatible oem 90385-15016, 90385-15002\" \/>\n<meta property=\"og:url\" content=\"https:\/\/www.silentblocks.com\/es\/producto\/silentblocks-ballestas-para-toyota-land-cruiser-j40-j50\/\" \/>\n<meta property=\"og:site_name\" content=\"SILENT BLOCKS\" \/>\n<meta property=\"article:modified_time\" content=\"2026-02-17T21:40:00+00:00\" \/>\n<meta property=\"og:image\" content=\"https:\/\/www.silentblocks.com\/wp-content\/uploads\/2026\/02\/bagues-lames-Land-Cruiser-J40.jpg\" \/>\n\t<meta property=\"og:image:width\" content=\"1000\" \/>\n\t<meta property=\"og:image:height\" content=\"1000\" \/>\n\t<meta property=\"og:image:type\" content=\"image\/jpeg\" \/>\n<meta name=\"twitter:card\" content=\"summary_large_image\" \/>\n<meta name=\"twitter:label1\" content=\"Tiempo de lectura\" \/>\n\t<meta name=\"twitter:data1\" content=\"1 minuto\" \/>\n<script type=\"application\/ld+json\" class=\"yoast-schema-graph\">{\"@context\":\"https:\\\/\\\/schema.org\",\"@graph\":[{\"@type\":\"WebPage\",\"@id\":\"https:\\\/\\\/www.silentblocks.com\\\/es\\\/producto\\\/silentblocks-ballestas-para-toyota-land-cruiser-j40-j50\\\/\",\"url\":\"https:\\\/\\\/www.silentblocks.com\\\/es\\\/producto\\\/silentblocks-ballestas-para-toyota-land-cruiser-j40-j50\\\/\",\"name\":\"Silentblocks ballestas para Toyota Land Cruiser J40 J50 - SILENT BLOCKS\",\"isPartOf\":{\"@id\":\"https:\\\/\\\/www.silentblocks.com\\\/es\\\/#website\"},\"primaryImageOfPage\":{\"@id\":\"https:\\\/\\\/www.silentblocks.com\\\/es\\\/producto\\\/silentblocks-ballestas-para-toyota-land-cruiser-j40-j50\\\/#primaryimage\"},\"image\":{\"@id\":\"https:\\\/\\\/www.silentblocks.com\\\/es\\\/producto\\\/silentblocks-ballestas-para-toyota-land-cruiser-j40-j50\\\/#primaryimage\"},\"thumbnailUrl\":\"https:\\\/\\\/www.silentblocks.com\\\/wp-content\\\/uploads\\\/2026\\\/02\\\/bagues-lames-Land-Cruiser-J40.jpg\",\"datePublished\":\"2024-03-18T19:34:16+00:00\",\"dateModified\":\"2026-02-17T21:40:00+00:00\",\"description\":\"Silentblocks para ballestas delanteras y traseras para Toyota Land Cruiser J40 J50, compatible oem 90385-15016, 90385-15002\",\"breadcrumb\":{\"@id\":\"https:\\\/\\\/www.silentblocks.com\\\/es\\\/producto\\\/silentblocks-ballestas-para-toyota-land-cruiser-j40-j50\\\/#breadcrumb\"},\"inLanguage\":\"es\",\"potentialAction\":[{\"@type\":\"ReadAction\",\"target\":[\"https:\\\/\\\/www.silentblocks.com\\\/es\\\/producto\\\/silentblocks-ballestas-para-toyota-land-cruiser-j40-j50\\\/\"]}]},{\"@type\":\"ImageObject\",\"inLanguage\":\"es\",\"@id\":\"https:\\\/\\\/www.silentblocks.com\\\/es\\\/producto\\\/silentblocks-ballestas-para-toyota-land-cruiser-j40-j50\\\/#primaryimage\",\"url\":\"https:\\\/\\\/www.silentblocks.com\\\/wp-content\\\/uploads\\\/2026\\\/02\\\/bagues-lames-Land-Cruiser-J40.jpg\",\"contentUrl\":\"https:\\\/\\\/www.silentblocks.com\\\/wp-content\\\/uploads\\\/2026\\\/02\\\/bagues-lames-Land-Cruiser-J40.jpg\",\"width\":1000,\"height\":1000},{\"@type\":\"BreadcrumbList\",\"@id\":\"https:\\\/\\\/www.silentblocks.com\\\/es\\\/producto\\\/silentblocks-ballestas-para-toyota-land-cruiser-j40-j50\\\/#breadcrumb\",\"itemListElement\":[{\"@type\":\"ListItem\",\"position\":1,\"name\":\"In\u00edcio\",\"item\":\"https:\\\/\\\/www.silentblocks.com\\\/es\\\/\"},{\"@type\":\"ListItem\",\"position\":2,\"name\":\"Page boutique\",\"item\":\"https:\\\/\\\/www.silentblocks.com\\\/es\\\/shop-2\\\/\"},{\"@type\":\"ListItem\",\"position\":3,\"name\":\"Silentblocks ballestas para Toyota Land Cruiser J40 J50\"}]},{\"@type\":\"WebSite\",\"@id\":\"https:\\\/\\\/www.silentblocks.com\\\/es\\\/#website\",\"url\":\"https:\\\/\\\/www.silentblocks.com\\\/es\\\/\",\"name\":\"SILENTBLOCKS\",\"description\":\"Secure on the road\",\"publisher\":{\"@id\":\"https:\\\/\\\/www.silentblocks.com\\\/es\\\/#organization\"},\"potentialAction\":[{\"@type\":\"SearchAction\",\"target\":{\"@type\":\"EntryPoint\",\"urlTemplate\":\"https:\\\/\\\/www.silentblocks.com\\\/es\\\/?s={search_term_string}\"},\"query-input\":{\"@type\":\"PropertyValueSpecification\",\"valueRequired\":true,\"valueName\":\"search_term_string\"}}],\"inLanguage\":\"es\"},{\"@type\":\"Organization\",\"@id\":\"https:\\\/\\\/www.silentblocks.com\\\/es\\\/#organization\",\"name\":\"SILENTBLOCKS\",\"url\":\"https:\\\/\\\/www.silentblocks.com\\\/es\\\/\",\"logo\":{\"@type\":\"ImageObject\",\"inLanguage\":\"es\",\"@id\":\"https:\\\/\\\/www.silentblocks.com\\\/es\\\/#\\\/schema\\\/logo\\\/image\\\/\",\"url\":\"https:\\\/\\\/www.silentblocks.com\\\/wp-content\\\/uploads\\\/2023\\\/07\\\/logo211-sem-fundo_2012-PARA-BOUTIQUE-EBAY.png\",\"contentUrl\":\"https:\\\/\\\/www.silentblocks.com\\\/wp-content\\\/uploads\\\/2023\\\/07\\\/logo211-sem-fundo_2012-PARA-BOUTIQUE-EBAY.png\",\"width\":300,\"height\":190,\"caption\":\"SILENTBLOCKS\"},\"image\":{\"@id\":\"https:\\\/\\\/www.silentblocks.com\\\/es\\\/#\\\/schema\\\/logo\\\/image\\\/\"}}]}<\/script>\n<!-- \/ Yoast SEO Premium plugin. -->","yoast_head_json":{"title":"Silentblocks ballestas para Toyota Land Cruiser J40 J50 - SILENT BLOCKS","description":"Silentblocks para ballestas delanteras y traseras para Toyota Land Cruiser J40 J50, compatible oem 90385-15016, 90385-15002","robots":{"index":"index","follow":"follow","max-snippet":"max-snippet:-1","max-image-preview":"max-image-preview:large","max-video-preview":"max-video-preview:-1"},"canonical":"https:\/\/www.silentblocks.com\/es\/producto\/silentblocks-ballestas-para-toyota-land-cruiser-j40-j50\/","og_locale":"es_ES","og_type":"article","og_title":"Silentblocks ballestas para Toyota Land Cruiser J40 J50","og_description":"Silentblocks para ballestas delanteras y traseras para Toyota Land Cruiser J40 J50, compatible oem 90385-15016, 90385-15002","og_url":"https:\/\/www.silentblocks.com\/es\/producto\/silentblocks-ballestas-para-toyota-land-cruiser-j40-j50\/","og_site_name":"SILENT BLOCKS","article_modified_time":"2026-02-17T21:40:00+00:00","og_image":[{"width":1000,"height":1000,"url":"https:\/\/www.silentblocks.com\/wp-content\/uploads\/2026\/02\/bagues-lames-Land-Cruiser-J40.jpg","type":"image\/jpeg"}],"twitter_card":"summary_large_image","twitter_misc":{"Tiempo de lectura":"1 minuto"},"schema":{"@context":"https:\/\/schema.org","@graph":[{"@type":"WebPage","@id":"https:\/\/www.silentblocks.com\/es\/producto\/silentblocks-ballestas-para-toyota-land-cruiser-j40-j50\/","url":"https:\/\/www.silentblocks.com\/es\/producto\/silentblocks-ballestas-para-toyota-land-cruiser-j40-j50\/","name":"Silentblocks ballestas para Toyota Land Cruiser J40 J50 - SILENT BLOCKS","isPartOf":{"@id":"https:\/\/www.silentblocks.com\/es\/#website"},"primaryImageOfPage":{"@id":"https:\/\/www.silentblocks.com\/es\/producto\/silentblocks-ballestas-para-toyota-land-cruiser-j40-j50\/#primaryimage"},"image":{"@id":"https:\/\/www.silentblocks.com\/es\/producto\/silentblocks-ballestas-para-toyota-land-cruiser-j40-j50\/#primaryimage"},"thumbnailUrl":"https:\/\/www.silentblocks.com\/wp-content\/uploads\/2026\/02\/bagues-lames-Land-Cruiser-J40.jpg","datePublished":"2024-03-18T19:34:16+00:00","dateModified":"2026-02-17T21:40:00+00:00","description":"Silentblocks para ballestas delanteras y traseras para Toyota Land Cruiser J40 J50, compatible oem 90385-15016, 90385-15002","breadcrumb":{"@id":"https:\/\/www.silentblocks.com\/es\/producto\/silentblocks-ballestas-para-toyota-land-cruiser-j40-j50\/#breadcrumb"},"inLanguage":"es","potentialAction":[{"@type":"ReadAction","target":["https:\/\/www.silentblocks.com\/es\/producto\/silentblocks-ballestas-para-toyota-land-cruiser-j40-j50\/"]}]},{"@type":"ImageObject","inLanguage":"es","@id":"https:\/\/www.silentblocks.com\/es\/producto\/silentblocks-ballestas-para-toyota-land-cruiser-j40-j50\/#primaryimage","url":"https:\/\/www.silentblocks.com\/wp-content\/uploads\/2026\/02\/bagues-lames-Land-Cruiser-J40.jpg","contentUrl":"https:\/\/www.silentblocks.com\/wp-content\/uploads\/2026\/02\/bagues-lames-Land-Cruiser-J40.jpg","width":1000,"height":1000},{"@type":"BreadcrumbList","@id":"https:\/\/www.silentblocks.com\/es\/producto\/silentblocks-ballestas-para-toyota-land-cruiser-j40-j50\/#breadcrumb","itemListElement":[{"@type":"ListItem","position":1,"name":"In\u00edcio","item":"https:\/\/www.silentblocks.com\/es\/"},{"@type":"ListItem","position":2,"name":"Page boutique","item":"https:\/\/www.silentblocks.com\/es\/shop-2\/"},{"@type":"ListItem","position":3,"name":"Silentblocks ballestas para Toyota Land Cruiser J40 J50"}]},{"@type":"WebSite","@id":"https:\/\/www.silentblocks.com\/es\/#website","url":"https:\/\/www.silentblocks.com\/es\/","name":"SILENTBLOCKS","description":"Secure on the road","publisher":{"@id":"https:\/\/www.silentblocks.com\/es\/#organization"},"potentialAction":[{"@type":"SearchAction","target":{"@type":"EntryPoint","urlTemplate":"https:\/\/www.silentblocks.com\/es\/?s={search_term_string}"},"query-input":{"@type":"PropertyValueSpecification","valueRequired":true,"valueName":"search_term_string"}}],"inLanguage":"es"},{"@type":"Organization","@id":"https:\/\/www.silentblocks.com\/es\/#organization","name":"SILENTBLOCKS","url":"https:\/\/www.silentblocks.com\/es\/","logo":{"@type":"ImageObject","inLanguage":"es","@id":"https:\/\/www.silentblocks.com\/es\/#\/schema\/logo\/image\/","url":"https:\/\/www.silentblocks.com\/wp-content\/uploads\/2023\/07\/logo211-sem-fundo_2012-PARA-BOUTIQUE-EBAY.png","contentUrl":"https:\/\/www.silentblocks.com\/wp-content\/uploads\/2023\/07\/logo211-sem-fundo_2012-PARA-BOUTIQUE-EBAY.png","width":300,"height":190,"caption":"SILENTBLOCKS"},"image":{"@id":"https:\/\/www.silentblocks.com\/es\/#\/schema\/logo\/image\/"}}]}},"_links":{"self":[{"href":"https:\/\/www.silentblocks.com\/es\/wp-json\/wp\/v2\/product\/89481","targetHints":{"allow":["GET"]}}],"collection":[{"href":"https:\/\/www.silentblocks.com\/es\/wp-json\/wp\/v2\/product"}],"about":[{"href":"https:\/\/www.silentblocks.com\/es\/wp-json\/wp\/v2\/types\/product"}],"version-history":[{"count":0,"href":"https:\/\/www.silentblocks.com\/es\/wp-json\/wp\/v2\/product\/89481\/revisions"}],"wp:featuredmedia":[{"embeddable":true,"href":"https:\/\/www.silentblocks.com\/es\/wp-json\/wp\/v2\/media\/89473"}],"wp:attachment":[{"href":"https:\/\/www.silentblocks.com\/es\/wp-json\/wp\/v2\/media?parent=89481"}],"wp:term":[{"taxonomy":"product_brand","embeddable":true,"href":"https:\/\/www.silentblocks.com\/es\/wp-json\/wp\/v2\/product_brand?post=89481"},{"taxonomy":"product_cat","embeddable":true,"href":"https:\/\/www.silentblocks.com\/es\/wp-json\/wp\/v2\/product_cat?post=89481"},{"taxonomy":"product_tag","embeddable":true,"href":"https:\/\/www.silentblocks.com\/es\/wp-json\/wp\/v2\/product_tag?post=89481"}],"curies":[{"name":"wp","href":"https:\/\/api.w.org\/{rel}","templated":true}]}}