{"id":89733,"date":"2024-03-28T18:59:53","date_gmt":"2024-03-28T18:59:53","guid":{"rendered":"https:\/\/www.silentblocks.com\/product\/silentblocks-para-brazos-traseros-y-manguetas-range-rover-sport-i-l320\/"},"modified":"2026-02-17T21:40:29","modified_gmt":"2026-02-17T21:40:29","slug":"silentblocks-para-brazos-traseros-y-manguetas-range-rover-sport-i-l320","status":"publish","type":"product","link":"https:\/\/www.silentblocks.com\/es\/producto\/silentblocks-para-brazos-traseros-y-manguetas-range-rover-sport-i-l320\/","title":{"rendered":"Silentblocks para brazos traseros y manguetas, Range Rover Sport I L320"},"content":{"rendered":"<p>Kit Silentblock para brazos traseros y manguetas, compatible con los siguientes veh\u00edculos:<br \/>\nRange Rover Sport I (2005-2009)<br \/>\nModelos: L320<\/p>\n<p>Referencias del fabricante (c\u00f3digo OEM) s\u00f3lo a t\u00edtulo informativo :<br \/>\nRGX 500110, LR054831, RGX 500290, LR051611, LR064022, RGX500100, RGX500101, RGX500102, RGX500211, LR049163, RBK500220, RLH500020, LR 032644, RBK 000042, RBK 500012, RBK500014, RLH000060, RLH500030, RBK000041, RBK000040, RGX500201, LR063744, RGX500200, RGG500281, LR010527, LR063719, LR010526, RGG500292, RGG500291, LR063718<\/p>\n<p>Piezas nuevas, se vende con factura. Todos nuestros productos tienen 2 a\u00f1os de garant\u00eda.<\/p>\n","protected":false},"excerpt":{"rendered":"<p>Kit Silentblock para brazos traseros y manguetas, compatible con los siguientes veh\u00edculos: Range Rover Sport I (2005-2009) Modelos: L320 Referencias del fabricante (c\u00f3digo OEM) s\u00f3lo a t\u00edtulo informativo : RGX 500110, LR054831, RGX 500290, LR051611, LR064022, RGX500100, RGX500101, RGX500102, RGX500211, LR049163, RBK500220, RLH500020, LR 032644, RBK 000042, RBK 500012, RBK500014, RLH000060, RLH500030, RBK000041, RBK000040, RGX500201, [&hellip;]<\/p>\n","protected":false},"featured_media":89724,"template":"","meta":[],"product_brand":[],"product_cat":[2193,3977],"product_tag":[],"class_list":{"0":"post-89733","1":"product","2":"type-product","3":"status-publish","4":"has-post-thumbnail","6":"product_cat-land-rover-es","7":"product_cat-range-rover-i-l320","9":"first","10":"instock","11":"shipping-taxable","12":"purchasable","13":"product-type-simple"},"yoast_head":"<!-- This site is optimized with the Yoast SEO Premium plugin v23.0 (Yoast SEO v27.4) - https:\/\/yoast.com\/product\/yoast-seo-premium-wordpress\/ -->\n<title>Silentblocks para brazos traseros y manguetas, Range Rover Sport I L320 - SILENT BLOCKS<\/title>\n<meta name=\"description\" content=\"Silentblocks para brazos de suspensi\u00f3n y manguetas traseras para Range Rover Sport I L320, oem RGX 500110, LR054831, RGX 500290, LR051611\" \/>\n<meta name=\"robots\" content=\"index, follow, max-snippet:-1, max-image-preview:large, max-video-preview:-1\" \/>\n<link rel=\"canonical\" href=\"https:\/\/www.silentblocks.com\/es\/producto\/silentblocks-para-brazos-traseros-y-manguetas-range-rover-sport-i-l320\/\" \/>\n<meta property=\"og:locale\" content=\"es_ES\" \/>\n<meta property=\"og:type\" content=\"article\" \/>\n<meta property=\"og:title\" content=\"Silentblocks para brazos traseros y manguetas, Range Rover Sport I L320\" \/>\n<meta property=\"og:description\" content=\"Silentblocks para brazos de suspensi\u00f3n y manguetas traseras para Range Rover Sport I L320, oem RGX 500110, LR054831, RGX 500290, LR051611\" \/>\n<meta property=\"og:url\" content=\"https:\/\/www.silentblocks.com\/es\/producto\/silentblocks-para-brazos-traseros-y-manguetas-range-rover-sport-i-l320\/\" \/>\n<meta property=\"og:site_name\" content=\"SILENT BLOCKS\" \/>\n<meta property=\"article:modified_time\" content=\"2026-02-17T21:40:29+00:00\" \/>\n<meta property=\"og:image\" content=\"https:\/\/www.silentblocks.com\/wp-content\/uploads\/2026\/02\/kit-silentbloc-suspension-arrier-range-rover-sport-L320.jpg\" \/>\n\t<meta property=\"og:image:width\" content=\"1000\" \/>\n\t<meta property=\"og:image:height\" content=\"1000\" \/>\n\t<meta property=\"og:image:type\" content=\"image\/jpeg\" \/>\n<meta name=\"twitter:card\" content=\"summary_large_image\" \/>\n<script type=\"application\/ld+json\" class=\"yoast-schema-graph\">{\"@context\":\"https:\\\/\\\/schema.org\",\"@graph\":[{\"@type\":\"WebPage\",\"@id\":\"https:\\\/\\\/www.silentblocks.com\\\/es\\\/producto\\\/silentblocks-para-brazos-traseros-y-manguetas-range-rover-sport-i-l320\\\/\",\"url\":\"https:\\\/\\\/www.silentblocks.com\\\/es\\\/producto\\\/silentblocks-para-brazos-traseros-y-manguetas-range-rover-sport-i-l320\\\/\",\"name\":\"Silentblocks para brazos traseros y manguetas, Range Rover Sport I L320 - SILENT BLOCKS\",\"isPartOf\":{\"@id\":\"https:\\\/\\\/www.silentblocks.com\\\/es\\\/#website\"},\"primaryImageOfPage\":{\"@id\":\"https:\\\/\\\/www.silentblocks.com\\\/es\\\/producto\\\/silentblocks-para-brazos-traseros-y-manguetas-range-rover-sport-i-l320\\\/#primaryimage\"},\"image\":{\"@id\":\"https:\\\/\\\/www.silentblocks.com\\\/es\\\/producto\\\/silentblocks-para-brazos-traseros-y-manguetas-range-rover-sport-i-l320\\\/#primaryimage\"},\"thumbnailUrl\":\"https:\\\/\\\/www.silentblocks.com\\\/wp-content\\\/uploads\\\/2026\\\/02\\\/kit-silentbloc-suspension-arrier-range-rover-sport-L320.jpg\",\"datePublished\":\"2024-03-28T18:59:53+00:00\",\"dateModified\":\"2026-02-17T21:40:29+00:00\",\"description\":\"Silentblocks para brazos de suspensi\u00f3n y manguetas traseras para Range Rover Sport I L320, oem RGX 500110, LR054831, RGX 500290, LR051611\",\"breadcrumb\":{\"@id\":\"https:\\\/\\\/www.silentblocks.com\\\/es\\\/producto\\\/silentblocks-para-brazos-traseros-y-manguetas-range-rover-sport-i-l320\\\/#breadcrumb\"},\"inLanguage\":\"es\",\"potentialAction\":[{\"@type\":\"ReadAction\",\"target\":[\"https:\\\/\\\/www.silentblocks.com\\\/es\\\/producto\\\/silentblocks-para-brazos-traseros-y-manguetas-range-rover-sport-i-l320\\\/\"]}]},{\"@type\":\"ImageObject\",\"inLanguage\":\"es\",\"@id\":\"https:\\\/\\\/www.silentblocks.com\\\/es\\\/producto\\\/silentblocks-para-brazos-traseros-y-manguetas-range-rover-sport-i-l320\\\/#primaryimage\",\"url\":\"https:\\\/\\\/www.silentblocks.com\\\/wp-content\\\/uploads\\\/2026\\\/02\\\/kit-silentbloc-suspension-arrier-range-rover-sport-L320.jpg\",\"contentUrl\":\"https:\\\/\\\/www.silentblocks.com\\\/wp-content\\\/uploads\\\/2026\\\/02\\\/kit-silentbloc-suspension-arrier-range-rover-sport-L320.jpg\",\"width\":1000,\"height\":1000},{\"@type\":\"BreadcrumbList\",\"@id\":\"https:\\\/\\\/www.silentblocks.com\\\/es\\\/producto\\\/silentblocks-para-brazos-traseros-y-manguetas-range-rover-sport-i-l320\\\/#breadcrumb\",\"itemListElement\":[{\"@type\":\"ListItem\",\"position\":1,\"name\":\"In\u00edcio\",\"item\":\"https:\\\/\\\/www.silentblocks.com\\\/es\\\/\"},{\"@type\":\"ListItem\",\"position\":2,\"name\":\"Page boutique\",\"item\":\"https:\\\/\\\/www.silentblocks.com\\\/es\\\/shop-2\\\/\"},{\"@type\":\"ListItem\",\"position\":3,\"name\":\"Silentblocks para brazos traseros y manguetas, Range Rover Sport I L320\"}]},{\"@type\":\"WebSite\",\"@id\":\"https:\\\/\\\/www.silentblocks.com\\\/es\\\/#website\",\"url\":\"https:\\\/\\\/www.silentblocks.com\\\/es\\\/\",\"name\":\"SILENTBLOCKS\",\"description\":\"Secure on the road\",\"publisher\":{\"@id\":\"https:\\\/\\\/www.silentblocks.com\\\/es\\\/#organization\"},\"potentialAction\":[{\"@type\":\"SearchAction\",\"target\":{\"@type\":\"EntryPoint\",\"urlTemplate\":\"https:\\\/\\\/www.silentblocks.com\\\/es\\\/?s={search_term_string}\"},\"query-input\":{\"@type\":\"PropertyValueSpecification\",\"valueRequired\":true,\"valueName\":\"search_term_string\"}}],\"inLanguage\":\"es\"},{\"@type\":\"Organization\",\"@id\":\"https:\\\/\\\/www.silentblocks.com\\\/es\\\/#organization\",\"name\":\"SILENTBLOCKS\",\"url\":\"https:\\\/\\\/www.silentblocks.com\\\/es\\\/\",\"logo\":{\"@type\":\"ImageObject\",\"inLanguage\":\"es\",\"@id\":\"https:\\\/\\\/www.silentblocks.com\\\/es\\\/#\\\/schema\\\/logo\\\/image\\\/\",\"url\":\"https:\\\/\\\/www.silentblocks.com\\\/wp-content\\\/uploads\\\/2023\\\/07\\\/logo211-sem-fundo_2012-PARA-BOUTIQUE-EBAY.png\",\"contentUrl\":\"https:\\\/\\\/www.silentblocks.com\\\/wp-content\\\/uploads\\\/2023\\\/07\\\/logo211-sem-fundo_2012-PARA-BOUTIQUE-EBAY.png\",\"width\":300,\"height\":190,\"caption\":\"SILENTBLOCKS\"},\"image\":{\"@id\":\"https:\\\/\\\/www.silentblocks.com\\\/es\\\/#\\\/schema\\\/logo\\\/image\\\/\"}}]}<\/script>\n<!-- \/ Yoast SEO Premium plugin. -->","yoast_head_json":{"title":"Silentblocks para brazos traseros y manguetas, Range Rover Sport I L320 - SILENT BLOCKS","description":"Silentblocks para brazos de suspensi\u00f3n y manguetas traseras para Range Rover Sport I L320, oem RGX 500110, LR054831, RGX 500290, LR051611","robots":{"index":"index","follow":"follow","max-snippet":"max-snippet:-1","max-image-preview":"max-image-preview:large","max-video-preview":"max-video-preview:-1"},"canonical":"https:\/\/www.silentblocks.com\/es\/producto\/silentblocks-para-brazos-traseros-y-manguetas-range-rover-sport-i-l320\/","og_locale":"es_ES","og_type":"article","og_title":"Silentblocks para brazos traseros y manguetas, Range Rover Sport I L320","og_description":"Silentblocks para brazos de suspensi\u00f3n y manguetas traseras para Range Rover Sport I L320, oem RGX 500110, LR054831, RGX 500290, LR051611","og_url":"https:\/\/www.silentblocks.com\/es\/producto\/silentblocks-para-brazos-traseros-y-manguetas-range-rover-sport-i-l320\/","og_site_name":"SILENT BLOCKS","article_modified_time":"2026-02-17T21:40:29+00:00","og_image":[{"width":1000,"height":1000,"url":"https:\/\/www.silentblocks.com\/wp-content\/uploads\/2026\/02\/kit-silentbloc-suspension-arrier-range-rover-sport-L320.jpg","type":"image\/jpeg"}],"twitter_card":"summary_large_image","schema":{"@context":"https:\/\/schema.org","@graph":[{"@type":"WebPage","@id":"https:\/\/www.silentblocks.com\/es\/producto\/silentblocks-para-brazos-traseros-y-manguetas-range-rover-sport-i-l320\/","url":"https:\/\/www.silentblocks.com\/es\/producto\/silentblocks-para-brazos-traseros-y-manguetas-range-rover-sport-i-l320\/","name":"Silentblocks para brazos traseros y manguetas, Range Rover Sport I L320 - SILENT BLOCKS","isPartOf":{"@id":"https:\/\/www.silentblocks.com\/es\/#website"},"primaryImageOfPage":{"@id":"https:\/\/www.silentblocks.com\/es\/producto\/silentblocks-para-brazos-traseros-y-manguetas-range-rover-sport-i-l320\/#primaryimage"},"image":{"@id":"https:\/\/www.silentblocks.com\/es\/producto\/silentblocks-para-brazos-traseros-y-manguetas-range-rover-sport-i-l320\/#primaryimage"},"thumbnailUrl":"https:\/\/www.silentblocks.com\/wp-content\/uploads\/2026\/02\/kit-silentbloc-suspension-arrier-range-rover-sport-L320.jpg","datePublished":"2024-03-28T18:59:53+00:00","dateModified":"2026-02-17T21:40:29+00:00","description":"Silentblocks para brazos de suspensi\u00f3n y manguetas traseras para Range Rover Sport I L320, oem RGX 500110, LR054831, RGX 500290, LR051611","breadcrumb":{"@id":"https:\/\/www.silentblocks.com\/es\/producto\/silentblocks-para-brazos-traseros-y-manguetas-range-rover-sport-i-l320\/#breadcrumb"},"inLanguage":"es","potentialAction":[{"@type":"ReadAction","target":["https:\/\/www.silentblocks.com\/es\/producto\/silentblocks-para-brazos-traseros-y-manguetas-range-rover-sport-i-l320\/"]}]},{"@type":"ImageObject","inLanguage":"es","@id":"https:\/\/www.silentblocks.com\/es\/producto\/silentblocks-para-brazos-traseros-y-manguetas-range-rover-sport-i-l320\/#primaryimage","url":"https:\/\/www.silentblocks.com\/wp-content\/uploads\/2026\/02\/kit-silentbloc-suspension-arrier-range-rover-sport-L320.jpg","contentUrl":"https:\/\/www.silentblocks.com\/wp-content\/uploads\/2026\/02\/kit-silentbloc-suspension-arrier-range-rover-sport-L320.jpg","width":1000,"height":1000},{"@type":"BreadcrumbList","@id":"https:\/\/www.silentblocks.com\/es\/producto\/silentblocks-para-brazos-traseros-y-manguetas-range-rover-sport-i-l320\/#breadcrumb","itemListElement":[{"@type":"ListItem","position":1,"name":"In\u00edcio","item":"https:\/\/www.silentblocks.com\/es\/"},{"@type":"ListItem","position":2,"name":"Page boutique","item":"https:\/\/www.silentblocks.com\/es\/shop-2\/"},{"@type":"ListItem","position":3,"name":"Silentblocks para brazos traseros y manguetas, Range Rover Sport I L320"}]},{"@type":"WebSite","@id":"https:\/\/www.silentblocks.com\/es\/#website","url":"https:\/\/www.silentblocks.com\/es\/","name":"SILENTBLOCKS","description":"Secure on the road","publisher":{"@id":"https:\/\/www.silentblocks.com\/es\/#organization"},"potentialAction":[{"@type":"SearchAction","target":{"@type":"EntryPoint","urlTemplate":"https:\/\/www.silentblocks.com\/es\/?s={search_term_string}"},"query-input":{"@type":"PropertyValueSpecification","valueRequired":true,"valueName":"search_term_string"}}],"inLanguage":"es"},{"@type":"Organization","@id":"https:\/\/www.silentblocks.com\/es\/#organization","name":"SILENTBLOCKS","url":"https:\/\/www.silentblocks.com\/es\/","logo":{"@type":"ImageObject","inLanguage":"es","@id":"https:\/\/www.silentblocks.com\/es\/#\/schema\/logo\/image\/","url":"https:\/\/www.silentblocks.com\/wp-content\/uploads\/2023\/07\/logo211-sem-fundo_2012-PARA-BOUTIQUE-EBAY.png","contentUrl":"https:\/\/www.silentblocks.com\/wp-content\/uploads\/2023\/07\/logo211-sem-fundo_2012-PARA-BOUTIQUE-EBAY.png","width":300,"height":190,"caption":"SILENTBLOCKS"},"image":{"@id":"https:\/\/www.silentblocks.com\/es\/#\/schema\/logo\/image\/"}}]}},"_links":{"self":[{"href":"https:\/\/www.silentblocks.com\/es\/wp-json\/wp\/v2\/product\/89733","targetHints":{"allow":["GET"]}}],"collection":[{"href":"https:\/\/www.silentblocks.com\/es\/wp-json\/wp\/v2\/product"}],"about":[{"href":"https:\/\/www.silentblocks.com\/es\/wp-json\/wp\/v2\/types\/product"}],"version-history":[{"count":0,"href":"https:\/\/www.silentblocks.com\/es\/wp-json\/wp\/v2\/product\/89733\/revisions"}],"wp:featuredmedia":[{"embeddable":true,"href":"https:\/\/www.silentblocks.com\/es\/wp-json\/wp\/v2\/media\/89724"}],"wp:attachment":[{"href":"https:\/\/www.silentblocks.com\/es\/wp-json\/wp\/v2\/media?parent=89733"}],"wp:term":[{"taxonomy":"product_brand","embeddable":true,"href":"https:\/\/www.silentblocks.com\/es\/wp-json\/wp\/v2\/product_brand?post=89733"},{"taxonomy":"product_cat","embeddable":true,"href":"https:\/\/www.silentblocks.com\/es\/wp-json\/wp\/v2\/product_cat?post=89733"},{"taxonomy":"product_tag","embeddable":true,"href":"https:\/\/www.silentblocks.com\/es\/wp-json\/wp\/v2\/product_tag?post=89733"}],"curies":[{"name":"wp","href":"https:\/\/api.w.org\/{rel}","templated":true}]}}