{"id":89772,"date":"2024-03-30T22:14:57","date_gmt":"2024-03-30T22:14:57","guid":{"rendered":"https:\/\/www.silentblocks.com\/product\/silentblocks-brazos-delanteros-maserati-granturismo-grancabrio-quattroporte-copie\/"},"modified":"2026-02-17T21:40:34","modified_gmt":"2026-02-17T21:40:34","slug":"silentblocks-brazos-delanteros-maserati-granturismo-grancabrio-quattroporte-copie","status":"publish","type":"product","link":"https:\/\/www.silentblocks.com\/es\/producto\/silentblocks-brazos-delanteros-maserati-granturismo-grancabrio-quattroporte-copie\/","title":{"rendered":"Silentblocks brazos delanteros, Maserati Granturismo, Grancabrio, Quattroporte"},"content":{"rendered":"<p>Silent blocks en ambos brazos inferiores delanteros de poliuretano, compatibles con Maseratis :<br \/>\nGranTurismo MC Stradale<br \/>\nCoche Quattroporte (2003-2007)<br \/>\nQuattroporte (2003-2007) DuoSelect<br \/>\nQuattroporte (2008-2012) 4.2<br \/>\nQuattroporte (2008-2012) S 4.7<br \/>\nQuattroporte (2009-2012) Sport GTS<br \/>\nGranTurismo (2007-2010) Coche<br \/>\nGranTurismo (2011-2013) Coche<br \/>\nCoche GranTurismo (2014+)<br \/>\nGranTurismo (2008-2010) S<br \/>\nGranTurismo (2011-2012) S<br \/>\nGranTurismo (2009-2012) S<br \/>\nAuto GranTurismo (2012-2016) Sport Auto<br \/>\nGranTurismo (2012-2016) Sport CC<br \/>\nGranTurismo (2017+) Sport Auto<br \/>\nGranCabrio (2010-2012)<br \/>\nGranCabrio (2013+)<br \/>\nGranCabrio (2013-2015) MC<br \/>\nGranCabrio (2016+) MC<br \/>\nGranTurismo (2017+) Coche de edici\u00f3n especial<br \/>\nGranTurismo (2017+) Edici\u00f3n Especial CC<br \/>\nGranCabrio (2017+) Edici\u00f3n Especial<br \/>\nGranCabrio (2016+) MC Centenario<br \/>\nGranCabrio (2011-2012) Sport<br \/>\nGranCabrio (2013+) Sport<\/p>\n<p>Referencias del fabricante (c\u00f3digo OEM) s\u00f3lo a t\u00edtulo informativo :<br \/>\n980139893, 980139894<\/p>\n<p>Piezas nuevas, se vende con factura. Todos nuestros productos tienen 2 a\u00f1os de garant\u00eda.<\/p>\n","protected":false},"excerpt":{"rendered":"<p>Silent blocks en ambos brazos inferiores delanteros de poliuretano, compatibles con Maseratis : GranTurismo MC Stradale Coche Quattroporte (2003-2007) Quattroporte (2003-2007) DuoSelect Quattroporte (2008-2012) 4.2 Quattroporte (2008-2012) S 4.7 Quattroporte (2009-2012) Sport GTS GranTurismo (2007-2010) Coche GranTurismo (2011-2013) Coche Coche GranTurismo (2014+) GranTurismo (2008-2010) S GranTurismo (2011-2012) S GranTurismo (2009-2012) S Auto GranTurismo (2012-2016) Sport [&hellip;]<\/p>\n","protected":false},"featured_media":89764,"template":"","meta":[],"product_brand":[],"product_cat":[3984,4008,4007,4005],"product_tag":[],"class_list":{"0":"post-89772","1":"product","2":"type-product","3":"status-publish","4":"has-post-thumbnail","6":"product_cat-maserati-es","7":"product_cat-grancabrio-es","8":"product_cat-granturismo-es","9":"product_cat-quattroporte-2-es","11":"first","12":"instock","13":"shipping-taxable","14":"purchasable","15":"product-type-simple"},"yoast_head":"<!-- This site is optimized with the Yoast SEO Premium plugin v23.0 (Yoast SEO v27.4) - https:\/\/yoast.com\/product\/yoast-seo-premium-wordpress\/ -->\n<title>Silentblocks brazos delanteros, Maserati Granturismo, Grancabrio, Quattroporte - SILENT BLOCKS<\/title>\n<meta name=\"description\" content=\"Silentblocks delanteros de poliuretano para Maserati Grandturismo, Maserati Grandcabrio, Quattroporte, oem 980139893, 980139894\" \/>\n<meta name=\"robots\" content=\"index, follow, max-snippet:-1, max-image-preview:large, max-video-preview:-1\" \/>\n<link rel=\"canonical\" href=\"https:\/\/www.silentblocks.com\/es\/producto\/silentblocks-brazos-delanteros-maserati-granturismo-grancabrio-quattroporte-copie\/\" \/>\n<meta property=\"og:locale\" content=\"es_ES\" \/>\n<meta property=\"og:type\" content=\"article\" \/>\n<meta property=\"og:title\" content=\"Silentblocks brazos delanteros, Maserati Granturismo, Grancabrio, Quattroporte\" \/>\n<meta property=\"og:description\" content=\"Silentblocks delanteros de poliuretano para Maserati Grandturismo, Maserati Grandcabrio, Quattroporte, oem 980139893, 980139894\" \/>\n<meta property=\"og:url\" content=\"https:\/\/www.silentblocks.com\/es\/producto\/silentblocks-brazos-delanteros-maserati-granturismo-grancabrio-quattroporte-copie\/\" \/>\n<meta property=\"og:site_name\" content=\"SILENT BLOCKS\" \/>\n<meta property=\"article:modified_time\" content=\"2026-02-17T21:40:34+00:00\" \/>\n<meta property=\"og:image\" content=\"https:\/\/www.silentblocks.com\/wp-content\/uploads\/2026\/02\/670004186-97276-silentblocs-bras-superieur-avant-maserati.jpg\" \/>\n\t<meta property=\"og:image:width\" content=\"900\" \/>\n\t<meta property=\"og:image:height\" content=\"900\" \/>\n\t<meta property=\"og:image:type\" content=\"image\/jpeg\" \/>\n<meta name=\"twitter:card\" content=\"summary_large_image\" \/>\n<meta name=\"twitter:label1\" content=\"Tiempo de lectura\" \/>\n\t<meta name=\"twitter:data1\" content=\"1 minuto\" \/>\n<script type=\"application\/ld+json\" class=\"yoast-schema-graph\">{\"@context\":\"https:\\\/\\\/schema.org\",\"@graph\":[{\"@type\":\"WebPage\",\"@id\":\"https:\\\/\\\/www.silentblocks.com\\\/es\\\/producto\\\/silentblocks-brazos-delanteros-maserati-granturismo-grancabrio-quattroporte-copie\\\/\",\"url\":\"https:\\\/\\\/www.silentblocks.com\\\/es\\\/producto\\\/silentblocks-brazos-delanteros-maserati-granturismo-grancabrio-quattroporte-copie\\\/\",\"name\":\"Silentblocks brazos delanteros, Maserati Granturismo, Grancabrio, Quattroporte - SILENT BLOCKS\",\"isPartOf\":{\"@id\":\"https:\\\/\\\/www.silentblocks.com\\\/es\\\/#website\"},\"primaryImageOfPage\":{\"@id\":\"https:\\\/\\\/www.silentblocks.com\\\/es\\\/producto\\\/silentblocks-brazos-delanteros-maserati-granturismo-grancabrio-quattroporte-copie\\\/#primaryimage\"},\"image\":{\"@id\":\"https:\\\/\\\/www.silentblocks.com\\\/es\\\/producto\\\/silentblocks-brazos-delanteros-maserati-granturismo-grancabrio-quattroporte-copie\\\/#primaryimage\"},\"thumbnailUrl\":\"https:\\\/\\\/www.silentblocks.com\\\/wp-content\\\/uploads\\\/2026\\\/02\\\/670004186-97276-silentblocs-bras-superieur-avant-maserati.jpg\",\"datePublished\":\"2024-03-30T22:14:57+00:00\",\"dateModified\":\"2026-02-17T21:40:34+00:00\",\"description\":\"Silentblocks delanteros de poliuretano para Maserati Grandturismo, Maserati Grandcabrio, Quattroporte, oem 980139893, 980139894\",\"breadcrumb\":{\"@id\":\"https:\\\/\\\/www.silentblocks.com\\\/es\\\/producto\\\/silentblocks-brazos-delanteros-maserati-granturismo-grancabrio-quattroporte-copie\\\/#breadcrumb\"},\"inLanguage\":\"es\",\"potentialAction\":[{\"@type\":\"ReadAction\",\"target\":[\"https:\\\/\\\/www.silentblocks.com\\\/es\\\/producto\\\/silentblocks-brazos-delanteros-maserati-granturismo-grancabrio-quattroporte-copie\\\/\"]}]},{\"@type\":\"ImageObject\",\"inLanguage\":\"es\",\"@id\":\"https:\\\/\\\/www.silentblocks.com\\\/es\\\/producto\\\/silentblocks-brazos-delanteros-maserati-granturismo-grancabrio-quattroporte-copie\\\/#primaryimage\",\"url\":\"https:\\\/\\\/www.silentblocks.com\\\/wp-content\\\/uploads\\\/2026\\\/02\\\/670004186-97276-silentblocs-bras-superieur-avant-maserati.jpg\",\"contentUrl\":\"https:\\\/\\\/www.silentblocks.com\\\/wp-content\\\/uploads\\\/2026\\\/02\\\/670004186-97276-silentblocs-bras-superieur-avant-maserati.jpg\",\"width\":900,\"height\":900},{\"@type\":\"BreadcrumbList\",\"@id\":\"https:\\\/\\\/www.silentblocks.com\\\/es\\\/producto\\\/silentblocks-brazos-delanteros-maserati-granturismo-grancabrio-quattroporte-copie\\\/#breadcrumb\",\"itemListElement\":[{\"@type\":\"ListItem\",\"position\":1,\"name\":\"In\u00edcio\",\"item\":\"https:\\\/\\\/www.silentblocks.com\\\/es\\\/\"},{\"@type\":\"ListItem\",\"position\":2,\"name\":\"Page boutique\",\"item\":\"https:\\\/\\\/www.silentblocks.com\\\/es\\\/shop-2\\\/\"},{\"@type\":\"ListItem\",\"position\":3,\"name\":\"Silentblocks brazos delanteros, Maserati Granturismo, Grancabrio, Quattroporte\"}]},{\"@type\":\"WebSite\",\"@id\":\"https:\\\/\\\/www.silentblocks.com\\\/es\\\/#website\",\"url\":\"https:\\\/\\\/www.silentblocks.com\\\/es\\\/\",\"name\":\"SILENTBLOCKS\",\"description\":\"Secure on the road\",\"publisher\":{\"@id\":\"https:\\\/\\\/www.silentblocks.com\\\/es\\\/#organization\"},\"potentialAction\":[{\"@type\":\"SearchAction\",\"target\":{\"@type\":\"EntryPoint\",\"urlTemplate\":\"https:\\\/\\\/www.silentblocks.com\\\/es\\\/?s={search_term_string}\"},\"query-input\":{\"@type\":\"PropertyValueSpecification\",\"valueRequired\":true,\"valueName\":\"search_term_string\"}}],\"inLanguage\":\"es\"},{\"@type\":\"Organization\",\"@id\":\"https:\\\/\\\/www.silentblocks.com\\\/es\\\/#organization\",\"name\":\"SILENTBLOCKS\",\"url\":\"https:\\\/\\\/www.silentblocks.com\\\/es\\\/\",\"logo\":{\"@type\":\"ImageObject\",\"inLanguage\":\"es\",\"@id\":\"https:\\\/\\\/www.silentblocks.com\\\/es\\\/#\\\/schema\\\/logo\\\/image\\\/\",\"url\":\"https:\\\/\\\/www.silentblocks.com\\\/wp-content\\\/uploads\\\/2023\\\/07\\\/logo211-sem-fundo_2012-PARA-BOUTIQUE-EBAY.png\",\"contentUrl\":\"https:\\\/\\\/www.silentblocks.com\\\/wp-content\\\/uploads\\\/2023\\\/07\\\/logo211-sem-fundo_2012-PARA-BOUTIQUE-EBAY.png\",\"width\":300,\"height\":190,\"caption\":\"SILENTBLOCKS\"},\"image\":{\"@id\":\"https:\\\/\\\/www.silentblocks.com\\\/es\\\/#\\\/schema\\\/logo\\\/image\\\/\"}}]}<\/script>\n<!-- \/ Yoast SEO Premium plugin. -->","yoast_head_json":{"title":"Silentblocks brazos delanteros, Maserati Granturismo, Grancabrio, Quattroporte - SILENT BLOCKS","description":"Silentblocks delanteros de poliuretano para Maserati Grandturismo, Maserati Grandcabrio, Quattroporte, oem 980139893, 980139894","robots":{"index":"index","follow":"follow","max-snippet":"max-snippet:-1","max-image-preview":"max-image-preview:large","max-video-preview":"max-video-preview:-1"},"canonical":"https:\/\/www.silentblocks.com\/es\/producto\/silentblocks-brazos-delanteros-maserati-granturismo-grancabrio-quattroporte-copie\/","og_locale":"es_ES","og_type":"article","og_title":"Silentblocks brazos delanteros, Maserati Granturismo, Grancabrio, Quattroporte","og_description":"Silentblocks delanteros de poliuretano para Maserati Grandturismo, Maserati Grandcabrio, Quattroporte, oem 980139893, 980139894","og_url":"https:\/\/www.silentblocks.com\/es\/producto\/silentblocks-brazos-delanteros-maserati-granturismo-grancabrio-quattroporte-copie\/","og_site_name":"SILENT BLOCKS","article_modified_time":"2026-02-17T21:40:34+00:00","og_image":[{"width":900,"height":900,"url":"https:\/\/www.silentblocks.com\/wp-content\/uploads\/2026\/02\/670004186-97276-silentblocs-bras-superieur-avant-maserati.jpg","type":"image\/jpeg"}],"twitter_card":"summary_large_image","twitter_misc":{"Tiempo de lectura":"1 minuto"},"schema":{"@context":"https:\/\/schema.org","@graph":[{"@type":"WebPage","@id":"https:\/\/www.silentblocks.com\/es\/producto\/silentblocks-brazos-delanteros-maserati-granturismo-grancabrio-quattroporte-copie\/","url":"https:\/\/www.silentblocks.com\/es\/producto\/silentblocks-brazos-delanteros-maserati-granturismo-grancabrio-quattroporte-copie\/","name":"Silentblocks brazos delanteros, Maserati Granturismo, Grancabrio, Quattroporte - SILENT BLOCKS","isPartOf":{"@id":"https:\/\/www.silentblocks.com\/es\/#website"},"primaryImageOfPage":{"@id":"https:\/\/www.silentblocks.com\/es\/producto\/silentblocks-brazos-delanteros-maserati-granturismo-grancabrio-quattroporte-copie\/#primaryimage"},"image":{"@id":"https:\/\/www.silentblocks.com\/es\/producto\/silentblocks-brazos-delanteros-maserati-granturismo-grancabrio-quattroporte-copie\/#primaryimage"},"thumbnailUrl":"https:\/\/www.silentblocks.com\/wp-content\/uploads\/2026\/02\/670004186-97276-silentblocs-bras-superieur-avant-maserati.jpg","datePublished":"2024-03-30T22:14:57+00:00","dateModified":"2026-02-17T21:40:34+00:00","description":"Silentblocks delanteros de poliuretano para Maserati Grandturismo, Maserati Grandcabrio, Quattroporte, oem 980139893, 980139894","breadcrumb":{"@id":"https:\/\/www.silentblocks.com\/es\/producto\/silentblocks-brazos-delanteros-maserati-granturismo-grancabrio-quattroporte-copie\/#breadcrumb"},"inLanguage":"es","potentialAction":[{"@type":"ReadAction","target":["https:\/\/www.silentblocks.com\/es\/producto\/silentblocks-brazos-delanteros-maserati-granturismo-grancabrio-quattroporte-copie\/"]}]},{"@type":"ImageObject","inLanguage":"es","@id":"https:\/\/www.silentblocks.com\/es\/producto\/silentblocks-brazos-delanteros-maserati-granturismo-grancabrio-quattroporte-copie\/#primaryimage","url":"https:\/\/www.silentblocks.com\/wp-content\/uploads\/2026\/02\/670004186-97276-silentblocs-bras-superieur-avant-maserati.jpg","contentUrl":"https:\/\/www.silentblocks.com\/wp-content\/uploads\/2026\/02\/670004186-97276-silentblocs-bras-superieur-avant-maserati.jpg","width":900,"height":900},{"@type":"BreadcrumbList","@id":"https:\/\/www.silentblocks.com\/es\/producto\/silentblocks-brazos-delanteros-maserati-granturismo-grancabrio-quattroporte-copie\/#breadcrumb","itemListElement":[{"@type":"ListItem","position":1,"name":"In\u00edcio","item":"https:\/\/www.silentblocks.com\/es\/"},{"@type":"ListItem","position":2,"name":"Page boutique","item":"https:\/\/www.silentblocks.com\/es\/shop-2\/"},{"@type":"ListItem","position":3,"name":"Silentblocks brazos delanteros, Maserati Granturismo, Grancabrio, Quattroporte"}]},{"@type":"WebSite","@id":"https:\/\/www.silentblocks.com\/es\/#website","url":"https:\/\/www.silentblocks.com\/es\/","name":"SILENTBLOCKS","description":"Secure on the road","publisher":{"@id":"https:\/\/www.silentblocks.com\/es\/#organization"},"potentialAction":[{"@type":"SearchAction","target":{"@type":"EntryPoint","urlTemplate":"https:\/\/www.silentblocks.com\/es\/?s={search_term_string}"},"query-input":{"@type":"PropertyValueSpecification","valueRequired":true,"valueName":"search_term_string"}}],"inLanguage":"es"},{"@type":"Organization","@id":"https:\/\/www.silentblocks.com\/es\/#organization","name":"SILENTBLOCKS","url":"https:\/\/www.silentblocks.com\/es\/","logo":{"@type":"ImageObject","inLanguage":"es","@id":"https:\/\/www.silentblocks.com\/es\/#\/schema\/logo\/image\/","url":"https:\/\/www.silentblocks.com\/wp-content\/uploads\/2023\/07\/logo211-sem-fundo_2012-PARA-BOUTIQUE-EBAY.png","contentUrl":"https:\/\/www.silentblocks.com\/wp-content\/uploads\/2023\/07\/logo211-sem-fundo_2012-PARA-BOUTIQUE-EBAY.png","width":300,"height":190,"caption":"SILENTBLOCKS"},"image":{"@id":"https:\/\/www.silentblocks.com\/es\/#\/schema\/logo\/image\/"}}]}},"_links":{"self":[{"href":"https:\/\/www.silentblocks.com\/es\/wp-json\/wp\/v2\/product\/89772","targetHints":{"allow":["GET"]}}],"collection":[{"href":"https:\/\/www.silentblocks.com\/es\/wp-json\/wp\/v2\/product"}],"about":[{"href":"https:\/\/www.silentblocks.com\/es\/wp-json\/wp\/v2\/types\/product"}],"version-history":[{"count":0,"href":"https:\/\/www.silentblocks.com\/es\/wp-json\/wp\/v2\/product\/89772\/revisions"}],"wp:featuredmedia":[{"embeddable":true,"href":"https:\/\/www.silentblocks.com\/es\/wp-json\/wp\/v2\/media\/89764"}],"wp:attachment":[{"href":"https:\/\/www.silentblocks.com\/es\/wp-json\/wp\/v2\/media?parent=89772"}],"wp:term":[{"taxonomy":"product_brand","embeddable":true,"href":"https:\/\/www.silentblocks.com\/es\/wp-json\/wp\/v2\/product_brand?post=89772"},{"taxonomy":"product_cat","embeddable":true,"href":"https:\/\/www.silentblocks.com\/es\/wp-json\/wp\/v2\/product_cat?post=89772"},{"taxonomy":"product_tag","embeddable":true,"href":"https:\/\/www.silentblocks.com\/es\/wp-json\/wp\/v2\/product_tag?post=89772"}],"curies":[{"name":"wp","href":"https:\/\/api.w.org\/{rel}","templated":true}]}}