{"id":90022,"date":"2024-04-10T21:52:02","date_gmt":"2024-04-10T21:52:02","guid":{"rendered":"https:\/\/www.silentblocks.com\/product\/silentblocks-para-brazos-traseros-audi-a4-s4-a5-s5-a6-s6-a7-a8-q5-macan\/"},"modified":"2026-02-17T21:41:07","modified_gmt":"2026-02-17T21:41:07","slug":"silentblocks-para-brazos-traseros-audi-a4-s4-a5-s5-a6-s6-a7-a8-q5-macan","status":"publish","type":"product","link":"https:\/\/www.silentblocks.com\/es\/producto\/silentblocks-para-brazos-traseros-audi-a4-s4-a5-s5-a6-s6-a7-a8-q5-macan\/","title":{"rendered":"Silentblocks para brazos traseros, Audi A4\/S4 A5\/S5 A6\/S6 A7 A8 Q5, Macan"},"content":{"rendered":"<p>Kit de 4 silentblocks de brazo trasero, compatible con los siguientes veh\u00edculos:<br \/>\nAudi A4 Allroad B8 (8KH)<br \/>\nAudi A4 B8 (8K2)<br \/>\nAudi A4 B8 Avant (8K5)<br \/>\nAudi A5 (8T3)<br \/>\nAudi A5 Descapotable (8F7)<br \/>\nAudi A5 Sportback (8TA)<br \/>\nAudi A6 Allroad C7 (4GH, 4GJ)<br \/>\nAudi A6 C7 (4G2, 4GC)<br \/>\nAudi A6 C7 Avant (4G5, 4GD)<br \/>\nAudi A7 Sportback 10.2010-05.2018 (4GA, 4GF)<br \/>\nAudi A8 D4 (4H2, 4H8, 4HC, 4HL)<br \/>\nAudi Q5 (8RB)<br \/>\nAudi Q5 Furgoneta (8RB)<\/p>\n<p>Porsche Macan 95B (02.2014-09.2018)<\/p>\n<p>Referencias del fabricante (c\u00f3digo OEM) s\u00f3lo a t\u00edtulo informativo :<br \/>\n8K0 505 185 E, 8K0 505 311 H, 8K0 505 311 J, 8K0 505 312 H, 8K0 505 312 J, 8R0 505 311 F, 8R0 505 312 E, 8R0 505 312 F<\/p>\n<p>Piezas nuevas, se vende con factura. Todos nuestros productos tienen 2 a\u00f1os de garant\u00eda.<\/p>\n","protected":false},"excerpt":{"rendered":"<p>Kit de 4 silentblocks de brazo trasero, compatible con los siguientes veh\u00edculos: Audi A4 Allroad B8 (8KH) Audi A4 B8 (8K2) Audi A4 B8 Avant (8K5) Audi A5 (8T3) Audi A5 Descapotable (8F7) Audi A5 Sportback (8TA) Audi A6 Allroad C7 (4GH, 4GJ) Audi A6 C7 (4G2, 4GC) Audi A6 C7 Avant (4G5, 4GD) Audi [&hellip;]<\/p>\n","protected":false},"featured_media":90013,"template":"","meta":[],"product_brand":[],"product_cat":[2130,4027,4025,4036,4031,2354,2223,2019],"product_tag":[],"class_list":{"0":"post-90022","1":"product","2":"type-product","3":"status-publish","4":"has-post-thumbnail","6":"product_cat-audi-es","7":"product_cat-a4-2007-2015-es","8":"product_cat-a6-c7-es-2","9":"product_cat-a7-sportback-4ga-4gf-es","10":"product_cat-a8-d4-es","11":"product_cat-q5-es","12":"product_cat-porsche-es","13":"product_cat-macan-2014-es","15":"first","16":"instock","17":"shipping-taxable","18":"purchasable","19":"product-type-simple"},"yoast_head":"<!-- This site is optimized with the Yoast SEO Premium plugin v23.0 (Yoast SEO v27.4) - https:\/\/yoast.com\/product\/yoast-seo-premium-wordpress\/ -->\n<title>Silentblocks para brazos traseros, Audi A4\/S4 A5\/S5 A6\/S6 A7 A8 Q5, Macan - SILENT BLOCKS<\/title>\n<meta name=\"description\" content=\"Bujes de brazo trasero para Audi A4\/S4 A5\/S5 A6\/S6 A7 A8 Q5, Porsche Macan, oem 8K0 505 185 E, 8K0 505 311 H, 8K0 505 311 J, 8K0 505 312 H\" \/>\n<meta name=\"robots\" content=\"index, follow, max-snippet:-1, max-image-preview:large, max-video-preview:-1\" \/>\n<link rel=\"canonical\" href=\"https:\/\/www.silentblocks.com\/es\/producto\/silentblocks-para-brazos-traseros-audi-a4-s4-a5-s5-a6-s6-a7-a8-q5-macan\/\" \/>\n<meta property=\"og:locale\" content=\"es_ES\" \/>\n<meta property=\"og:type\" content=\"article\" \/>\n<meta property=\"og:title\" content=\"Silentblocks para brazos traseros, Audi A4\/S4 A5\/S5 A6\/S6 A7 A8 Q5, Macan\" \/>\n<meta property=\"og:description\" content=\"Bujes de brazo trasero para Audi A4\/S4 A5\/S5 A6\/S6 A7 A8 Q5, Porsche Macan, oem 8K0 505 185 E, 8K0 505 311 H, 8K0 505 311 J, 8K0 505 312 H\" \/>\n<meta property=\"og:url\" content=\"https:\/\/www.silentblocks.com\/es\/producto\/silentblocks-para-brazos-traseros-audi-a4-s4-a5-s5-a6-s6-a7-a8-q5-macan\/\" \/>\n<meta property=\"og:site_name\" content=\"SILENT BLOCKS\" \/>\n<meta property=\"article:modified_time\" content=\"2026-02-17T21:41:07+00:00\" \/>\n<meta property=\"og:image\" content=\"https:\/\/www.silentblocks.com\/wp-content\/uploads\/2026\/02\/8K0505311J-silentblocs-bras-inferieure-arriere-audi.jpg\" \/>\n\t<meta property=\"og:image:width\" content=\"1000\" \/>\n\t<meta property=\"og:image:height\" content=\"1000\" \/>\n\t<meta property=\"og:image:type\" content=\"image\/jpeg\" \/>\n<meta name=\"twitter:card\" content=\"summary_large_image\" \/>\n<meta name=\"twitter:label1\" content=\"Tiempo de lectura\" \/>\n\t<meta name=\"twitter:data1\" content=\"1 minuto\" \/>\n<script type=\"application\/ld+json\" class=\"yoast-schema-graph\">{\"@context\":\"https:\\\/\\\/schema.org\",\"@graph\":[{\"@type\":\"WebPage\",\"@id\":\"https:\\\/\\\/www.silentblocks.com\\\/es\\\/producto\\\/silentblocks-para-brazos-traseros-audi-a4-s4-a5-s5-a6-s6-a7-a8-q5-macan\\\/\",\"url\":\"https:\\\/\\\/www.silentblocks.com\\\/es\\\/producto\\\/silentblocks-para-brazos-traseros-audi-a4-s4-a5-s5-a6-s6-a7-a8-q5-macan\\\/\",\"name\":\"Silentblocks para brazos traseros, Audi A4\\\/S4 A5\\\/S5 A6\\\/S6 A7 A8 Q5, Macan - SILENT BLOCKS\",\"isPartOf\":{\"@id\":\"https:\\\/\\\/www.silentblocks.com\\\/es\\\/#website\"},\"primaryImageOfPage\":{\"@id\":\"https:\\\/\\\/www.silentblocks.com\\\/es\\\/producto\\\/silentblocks-para-brazos-traseros-audi-a4-s4-a5-s5-a6-s6-a7-a8-q5-macan\\\/#primaryimage\"},\"image\":{\"@id\":\"https:\\\/\\\/www.silentblocks.com\\\/es\\\/producto\\\/silentblocks-para-brazos-traseros-audi-a4-s4-a5-s5-a6-s6-a7-a8-q5-macan\\\/#primaryimage\"},\"thumbnailUrl\":\"https:\\\/\\\/www.silentblocks.com\\\/wp-content\\\/uploads\\\/2026\\\/02\\\/8K0505311J-silentblocs-bras-inferieure-arriere-audi.jpg\",\"datePublished\":\"2024-04-10T21:52:02+00:00\",\"dateModified\":\"2026-02-17T21:41:07+00:00\",\"description\":\"Bujes de brazo trasero para Audi A4\\\/S4 A5\\\/S5 A6\\\/S6 A7 A8 Q5, Porsche Macan, oem 8K0 505 185 E, 8K0 505 311 H, 8K0 505 311 J, 8K0 505 312 H\",\"breadcrumb\":{\"@id\":\"https:\\\/\\\/www.silentblocks.com\\\/es\\\/producto\\\/silentblocks-para-brazos-traseros-audi-a4-s4-a5-s5-a6-s6-a7-a8-q5-macan\\\/#breadcrumb\"},\"inLanguage\":\"es\",\"potentialAction\":[{\"@type\":\"ReadAction\",\"target\":[\"https:\\\/\\\/www.silentblocks.com\\\/es\\\/producto\\\/silentblocks-para-brazos-traseros-audi-a4-s4-a5-s5-a6-s6-a7-a8-q5-macan\\\/\"]}]},{\"@type\":\"ImageObject\",\"inLanguage\":\"es\",\"@id\":\"https:\\\/\\\/www.silentblocks.com\\\/es\\\/producto\\\/silentblocks-para-brazos-traseros-audi-a4-s4-a5-s5-a6-s6-a7-a8-q5-macan\\\/#primaryimage\",\"url\":\"https:\\\/\\\/www.silentblocks.com\\\/wp-content\\\/uploads\\\/2026\\\/02\\\/8K0505311J-silentblocs-bras-inferieure-arriere-audi.jpg\",\"contentUrl\":\"https:\\\/\\\/www.silentblocks.com\\\/wp-content\\\/uploads\\\/2026\\\/02\\\/8K0505311J-silentblocs-bras-inferieure-arriere-audi.jpg\",\"width\":1000,\"height\":1000},{\"@type\":\"BreadcrumbList\",\"@id\":\"https:\\\/\\\/www.silentblocks.com\\\/es\\\/producto\\\/silentblocks-para-brazos-traseros-audi-a4-s4-a5-s5-a6-s6-a7-a8-q5-macan\\\/#breadcrumb\",\"itemListElement\":[{\"@type\":\"ListItem\",\"position\":1,\"name\":\"In\u00edcio\",\"item\":\"https:\\\/\\\/www.silentblocks.com\\\/es\\\/\"},{\"@type\":\"ListItem\",\"position\":2,\"name\":\"Page boutique\",\"item\":\"https:\\\/\\\/www.silentblocks.com\\\/es\\\/shop-2\\\/\"},{\"@type\":\"ListItem\",\"position\":3,\"name\":\"Silentblocks para brazos traseros, Audi A4\\\/S4 A5\\\/S5 A6\\\/S6 A7 A8 Q5, Macan\"}]},{\"@type\":\"WebSite\",\"@id\":\"https:\\\/\\\/www.silentblocks.com\\\/es\\\/#website\",\"url\":\"https:\\\/\\\/www.silentblocks.com\\\/es\\\/\",\"name\":\"SILENTBLOCKS\",\"description\":\"Secure on the road\",\"publisher\":{\"@id\":\"https:\\\/\\\/www.silentblocks.com\\\/es\\\/#organization\"},\"potentialAction\":[{\"@type\":\"SearchAction\",\"target\":{\"@type\":\"EntryPoint\",\"urlTemplate\":\"https:\\\/\\\/www.silentblocks.com\\\/es\\\/?s={search_term_string}\"},\"query-input\":{\"@type\":\"PropertyValueSpecification\",\"valueRequired\":true,\"valueName\":\"search_term_string\"}}],\"inLanguage\":\"es\"},{\"@type\":\"Organization\",\"@id\":\"https:\\\/\\\/www.silentblocks.com\\\/es\\\/#organization\",\"name\":\"SILENTBLOCKS\",\"url\":\"https:\\\/\\\/www.silentblocks.com\\\/es\\\/\",\"logo\":{\"@type\":\"ImageObject\",\"inLanguage\":\"es\",\"@id\":\"https:\\\/\\\/www.silentblocks.com\\\/es\\\/#\\\/schema\\\/logo\\\/image\\\/\",\"url\":\"https:\\\/\\\/www.silentblocks.com\\\/wp-content\\\/uploads\\\/2023\\\/07\\\/logo211-sem-fundo_2012-PARA-BOUTIQUE-EBAY.png\",\"contentUrl\":\"https:\\\/\\\/www.silentblocks.com\\\/wp-content\\\/uploads\\\/2023\\\/07\\\/logo211-sem-fundo_2012-PARA-BOUTIQUE-EBAY.png\",\"width\":300,\"height\":190,\"caption\":\"SILENTBLOCKS\"},\"image\":{\"@id\":\"https:\\\/\\\/www.silentblocks.com\\\/es\\\/#\\\/schema\\\/logo\\\/image\\\/\"}}]}<\/script>\n<!-- \/ Yoast SEO Premium plugin. -->","yoast_head_json":{"title":"Silentblocks para brazos traseros, Audi A4\/S4 A5\/S5 A6\/S6 A7 A8 Q5, Macan - SILENT BLOCKS","description":"Bujes de brazo trasero para Audi A4\/S4 A5\/S5 A6\/S6 A7 A8 Q5, Porsche Macan, oem 8K0 505 185 E, 8K0 505 311 H, 8K0 505 311 J, 8K0 505 312 H","robots":{"index":"index","follow":"follow","max-snippet":"max-snippet:-1","max-image-preview":"max-image-preview:large","max-video-preview":"max-video-preview:-1"},"canonical":"https:\/\/www.silentblocks.com\/es\/producto\/silentblocks-para-brazos-traseros-audi-a4-s4-a5-s5-a6-s6-a7-a8-q5-macan\/","og_locale":"es_ES","og_type":"article","og_title":"Silentblocks para brazos traseros, Audi A4\/S4 A5\/S5 A6\/S6 A7 A8 Q5, Macan","og_description":"Bujes de brazo trasero para Audi A4\/S4 A5\/S5 A6\/S6 A7 A8 Q5, Porsche Macan, oem 8K0 505 185 E, 8K0 505 311 H, 8K0 505 311 J, 8K0 505 312 H","og_url":"https:\/\/www.silentblocks.com\/es\/producto\/silentblocks-para-brazos-traseros-audi-a4-s4-a5-s5-a6-s6-a7-a8-q5-macan\/","og_site_name":"SILENT BLOCKS","article_modified_time":"2026-02-17T21:41:07+00:00","og_image":[{"width":1000,"height":1000,"url":"https:\/\/www.silentblocks.com\/wp-content\/uploads\/2026\/02\/8K0505311J-silentblocs-bras-inferieure-arriere-audi.jpg","type":"image\/jpeg"}],"twitter_card":"summary_large_image","twitter_misc":{"Tiempo de lectura":"1 minuto"},"schema":{"@context":"https:\/\/schema.org","@graph":[{"@type":"WebPage","@id":"https:\/\/www.silentblocks.com\/es\/producto\/silentblocks-para-brazos-traseros-audi-a4-s4-a5-s5-a6-s6-a7-a8-q5-macan\/","url":"https:\/\/www.silentblocks.com\/es\/producto\/silentblocks-para-brazos-traseros-audi-a4-s4-a5-s5-a6-s6-a7-a8-q5-macan\/","name":"Silentblocks para brazos traseros, Audi A4\/S4 A5\/S5 A6\/S6 A7 A8 Q5, Macan - SILENT BLOCKS","isPartOf":{"@id":"https:\/\/www.silentblocks.com\/es\/#website"},"primaryImageOfPage":{"@id":"https:\/\/www.silentblocks.com\/es\/producto\/silentblocks-para-brazos-traseros-audi-a4-s4-a5-s5-a6-s6-a7-a8-q5-macan\/#primaryimage"},"image":{"@id":"https:\/\/www.silentblocks.com\/es\/producto\/silentblocks-para-brazos-traseros-audi-a4-s4-a5-s5-a6-s6-a7-a8-q5-macan\/#primaryimage"},"thumbnailUrl":"https:\/\/www.silentblocks.com\/wp-content\/uploads\/2026\/02\/8K0505311J-silentblocs-bras-inferieure-arriere-audi.jpg","datePublished":"2024-04-10T21:52:02+00:00","dateModified":"2026-02-17T21:41:07+00:00","description":"Bujes de brazo trasero para Audi A4\/S4 A5\/S5 A6\/S6 A7 A8 Q5, Porsche Macan, oem 8K0 505 185 E, 8K0 505 311 H, 8K0 505 311 J, 8K0 505 312 H","breadcrumb":{"@id":"https:\/\/www.silentblocks.com\/es\/producto\/silentblocks-para-brazos-traseros-audi-a4-s4-a5-s5-a6-s6-a7-a8-q5-macan\/#breadcrumb"},"inLanguage":"es","potentialAction":[{"@type":"ReadAction","target":["https:\/\/www.silentblocks.com\/es\/producto\/silentblocks-para-brazos-traseros-audi-a4-s4-a5-s5-a6-s6-a7-a8-q5-macan\/"]}]},{"@type":"ImageObject","inLanguage":"es","@id":"https:\/\/www.silentblocks.com\/es\/producto\/silentblocks-para-brazos-traseros-audi-a4-s4-a5-s5-a6-s6-a7-a8-q5-macan\/#primaryimage","url":"https:\/\/www.silentblocks.com\/wp-content\/uploads\/2026\/02\/8K0505311J-silentblocs-bras-inferieure-arriere-audi.jpg","contentUrl":"https:\/\/www.silentblocks.com\/wp-content\/uploads\/2026\/02\/8K0505311J-silentblocs-bras-inferieure-arriere-audi.jpg","width":1000,"height":1000},{"@type":"BreadcrumbList","@id":"https:\/\/www.silentblocks.com\/es\/producto\/silentblocks-para-brazos-traseros-audi-a4-s4-a5-s5-a6-s6-a7-a8-q5-macan\/#breadcrumb","itemListElement":[{"@type":"ListItem","position":1,"name":"In\u00edcio","item":"https:\/\/www.silentblocks.com\/es\/"},{"@type":"ListItem","position":2,"name":"Page boutique","item":"https:\/\/www.silentblocks.com\/es\/shop-2\/"},{"@type":"ListItem","position":3,"name":"Silentblocks para brazos traseros, Audi A4\/S4 A5\/S5 A6\/S6 A7 A8 Q5, Macan"}]},{"@type":"WebSite","@id":"https:\/\/www.silentblocks.com\/es\/#website","url":"https:\/\/www.silentblocks.com\/es\/","name":"SILENTBLOCKS","description":"Secure on the road","publisher":{"@id":"https:\/\/www.silentblocks.com\/es\/#organization"},"potentialAction":[{"@type":"SearchAction","target":{"@type":"EntryPoint","urlTemplate":"https:\/\/www.silentblocks.com\/es\/?s={search_term_string}"},"query-input":{"@type":"PropertyValueSpecification","valueRequired":true,"valueName":"search_term_string"}}],"inLanguage":"es"},{"@type":"Organization","@id":"https:\/\/www.silentblocks.com\/es\/#organization","name":"SILENTBLOCKS","url":"https:\/\/www.silentblocks.com\/es\/","logo":{"@type":"ImageObject","inLanguage":"es","@id":"https:\/\/www.silentblocks.com\/es\/#\/schema\/logo\/image\/","url":"https:\/\/www.silentblocks.com\/wp-content\/uploads\/2023\/07\/logo211-sem-fundo_2012-PARA-BOUTIQUE-EBAY.png","contentUrl":"https:\/\/www.silentblocks.com\/wp-content\/uploads\/2023\/07\/logo211-sem-fundo_2012-PARA-BOUTIQUE-EBAY.png","width":300,"height":190,"caption":"SILENTBLOCKS"},"image":{"@id":"https:\/\/www.silentblocks.com\/es\/#\/schema\/logo\/image\/"}}]}},"_links":{"self":[{"href":"https:\/\/www.silentblocks.com\/es\/wp-json\/wp\/v2\/product\/90022","targetHints":{"allow":["GET"]}}],"collection":[{"href":"https:\/\/www.silentblocks.com\/es\/wp-json\/wp\/v2\/product"}],"about":[{"href":"https:\/\/www.silentblocks.com\/es\/wp-json\/wp\/v2\/types\/product"}],"version-history":[{"count":0,"href":"https:\/\/www.silentblocks.com\/es\/wp-json\/wp\/v2\/product\/90022\/revisions"}],"wp:featuredmedia":[{"embeddable":true,"href":"https:\/\/www.silentblocks.com\/es\/wp-json\/wp\/v2\/media\/90013"}],"wp:attachment":[{"href":"https:\/\/www.silentblocks.com\/es\/wp-json\/wp\/v2\/media?parent=90022"}],"wp:term":[{"taxonomy":"product_brand","embeddable":true,"href":"https:\/\/www.silentblocks.com\/es\/wp-json\/wp\/v2\/product_brand?post=90022"},{"taxonomy":"product_cat","embeddable":true,"href":"https:\/\/www.silentblocks.com\/es\/wp-json\/wp\/v2\/product_cat?post=90022"},{"taxonomy":"product_tag","embeddable":true,"href":"https:\/\/www.silentblocks.com\/es\/wp-json\/wp\/v2\/product_tag?post=90022"}],"curies":[{"name":"wp","href":"https:\/\/api.w.org\/{rel}","templated":true}]}}