{"id":90587,"date":"2024-05-09T11:10:57","date_gmt":"2024-05-09T11:10:57","guid":{"rendered":"https:\/\/www.silentblocks.com\/product\/cunas-de-muelle-elevacion-4cm-suzuki-grand-vitara-ii-2005\/"},"modified":"2026-02-17T21:42:26","modified_gmt":"2026-02-17T21:42:26","slug":"cunas-de-muelle-elevacion-4cm-suzuki-grand-vitara-ii-2005","status":"publish","type":"product","link":"https:\/\/www.silentblocks.com\/es\/producto\/cunas-de-muelle-elevacion-4cm-suzuki-grand-vitara-ii-2005\/","title":{"rendered":"Cu\u00f1as de muelle, elevaci\u00f3n 4cm, Suzuki Grand Vitara II 2005-"},"content":{"rendered":"<p>Kit de elevaci\u00f3n de poliuretano de 4 cm, compatible con los siguientes veh\u00edculos:<br \/>\nSuzuki Grand Vitara II (2005-)<br \/>\nModelo: II<\/p>\n<p>4 piezas elevan el coche 40 mm:<br \/>\n2 arandelas de 3 cm para la parte delantera<br \/>\n2 almohadillas traseras de 3 cm<\/p>\n<p>Di\u00e1metro m\u00e1ximo exterior\/interior del muelle:<br \/>\n&#8211; frontal: 11cm-7cm<br \/>\n&#8211; trasera: 15,5cm-12cm<\/p>\n<p>Piezas nuevas, se vende con factura. Todos nuestros productos tienen 2 a\u00f1os de garant\u00eda.<\/p>\n","protected":false},"excerpt":{"rendered":"<p>Kit de elevaci\u00f3n de poliuretano de 4 cm, compatible con los siguientes veh\u00edculos: Suzuki Grand Vitara II (2005-) Modelo: II 4 piezas elevan el coche 40 mm: 2 arandelas de 3 cm para la parte delantera 2 almohadillas traseras de 3 cm Di\u00e1metro m\u00e1ximo exterior\/interior del muelle: &#8211; frontal: 11cm-7cm &#8211; trasera: 15,5cm-12cm Piezas nuevas, [&hellip;]<\/p>\n","protected":false},"featured_media":90578,"template":"","meta":[],"product_brand":[],"product_cat":[2244,3976],"product_tag":[],"class_list":{"0":"post-90587","1":"product","2":"type-product","3":"status-publish","4":"has-post-thumbnail","6":"product_cat-suzuki-es","7":"product_cat-grand-vitara-ii-es","9":"first","10":"instock","11":"shipping-taxable","12":"purchasable","13":"product-type-simple"},"yoast_head":"<!-- This site is optimized with the Yoast SEO Premium plugin v23.0 (Yoast SEO v27.4) - https:\/\/yoast.com\/product\/yoast-seo-premium-wordpress\/ -->\n<title>Cu\u00f1as de muelle, elevaci\u00f3n 4cm, Suzuki Grand Vitara II 2005- SILENT BLOCKS<\/title>\n<meta name=\"description\" content=\"kit de elevaci\u00f3n, pastillas de muelle de poliuretano, 4 cm de elevaci\u00f3n, para Suzuki Grand Vitara II\" \/>\n<meta name=\"robots\" content=\"index, follow, max-snippet:-1, max-image-preview:large, max-video-preview:-1\" \/>\n<link rel=\"canonical\" href=\"https:\/\/www.silentblocks.com\/es\/producto\/cunas-de-muelle-elevacion-4cm-suzuki-grand-vitara-ii-2005\/\" \/>\n<meta property=\"og:locale\" content=\"es_ES\" \/>\n<meta property=\"og:type\" content=\"article\" \/>\n<meta property=\"og:title\" content=\"Cu\u00f1as de muelle, elevaci\u00f3n 4cm, Suzuki Grand Vitara II 2005-\" \/>\n<meta property=\"og:description\" content=\"kit de elevaci\u00f3n, pastillas de muelle de poliuretano, 4 cm de elevaci\u00f3n, para Suzuki Grand Vitara II\" \/>\n<meta property=\"og:url\" content=\"https:\/\/www.silentblocks.com\/es\/producto\/cunas-de-muelle-elevacion-4cm-suzuki-grand-vitara-ii-2005\/\" \/>\n<meta property=\"og:site_name\" content=\"SILENT BLOCKS\" \/>\n<meta property=\"article:modified_time\" content=\"2026-02-17T21:42:26+00:00\" \/>\n<meta property=\"og:image\" content=\"https:\/\/www.silentblocks.com\/wp-content\/uploads\/2026\/02\/cale-ressort-grand-vitara-II.jpg\" \/>\n\t<meta property=\"og:image:width\" content=\"800\" \/>\n\t<meta property=\"og:image:height\" content=\"800\" \/>\n\t<meta property=\"og:image:type\" content=\"image\/jpeg\" \/>\n<meta name=\"twitter:card\" content=\"summary_large_image\" \/>\n<script type=\"application\/ld+json\" class=\"yoast-schema-graph\">{\"@context\":\"https:\\\/\\\/schema.org\",\"@graph\":[{\"@type\":\"WebPage\",\"@id\":\"https:\\\/\\\/www.silentblocks.com\\\/es\\\/producto\\\/cunas-de-muelle-elevacion-4cm-suzuki-grand-vitara-ii-2005\\\/\",\"url\":\"https:\\\/\\\/www.silentblocks.com\\\/es\\\/producto\\\/cunas-de-muelle-elevacion-4cm-suzuki-grand-vitara-ii-2005\\\/\",\"name\":\"Cu\u00f1as de muelle, elevaci\u00f3n 4cm, Suzuki Grand Vitara II 2005- SILENT BLOCKS\",\"isPartOf\":{\"@id\":\"https:\\\/\\\/www.silentblocks.com\\\/es\\\/#website\"},\"primaryImageOfPage\":{\"@id\":\"https:\\\/\\\/www.silentblocks.com\\\/es\\\/producto\\\/cunas-de-muelle-elevacion-4cm-suzuki-grand-vitara-ii-2005\\\/#primaryimage\"},\"image\":{\"@id\":\"https:\\\/\\\/www.silentblocks.com\\\/es\\\/producto\\\/cunas-de-muelle-elevacion-4cm-suzuki-grand-vitara-ii-2005\\\/#primaryimage\"},\"thumbnailUrl\":\"https:\\\/\\\/www.silentblocks.com\\\/wp-content\\\/uploads\\\/2026\\\/02\\\/cale-ressort-grand-vitara-II.jpg\",\"datePublished\":\"2024-05-09T11:10:57+00:00\",\"dateModified\":\"2026-02-17T21:42:26+00:00\",\"description\":\"kit de elevaci\u00f3n, pastillas de muelle de poliuretano, 4 cm de elevaci\u00f3n, para Suzuki Grand Vitara II\",\"breadcrumb\":{\"@id\":\"https:\\\/\\\/www.silentblocks.com\\\/es\\\/producto\\\/cunas-de-muelle-elevacion-4cm-suzuki-grand-vitara-ii-2005\\\/#breadcrumb\"},\"inLanguage\":\"es\",\"potentialAction\":[{\"@type\":\"ReadAction\",\"target\":[\"https:\\\/\\\/www.silentblocks.com\\\/es\\\/producto\\\/cunas-de-muelle-elevacion-4cm-suzuki-grand-vitara-ii-2005\\\/\"]}]},{\"@type\":\"ImageObject\",\"inLanguage\":\"es\",\"@id\":\"https:\\\/\\\/www.silentblocks.com\\\/es\\\/producto\\\/cunas-de-muelle-elevacion-4cm-suzuki-grand-vitara-ii-2005\\\/#primaryimage\",\"url\":\"https:\\\/\\\/www.silentblocks.com\\\/wp-content\\\/uploads\\\/2026\\\/02\\\/cale-ressort-grand-vitara-II.jpg\",\"contentUrl\":\"https:\\\/\\\/www.silentblocks.com\\\/wp-content\\\/uploads\\\/2026\\\/02\\\/cale-ressort-grand-vitara-II.jpg\",\"width\":800,\"height\":800},{\"@type\":\"BreadcrumbList\",\"@id\":\"https:\\\/\\\/www.silentblocks.com\\\/es\\\/producto\\\/cunas-de-muelle-elevacion-4cm-suzuki-grand-vitara-ii-2005\\\/#breadcrumb\",\"itemListElement\":[{\"@type\":\"ListItem\",\"position\":1,\"name\":\"In\u00edcio\",\"item\":\"https:\\\/\\\/www.silentblocks.com\\\/es\\\/\"},{\"@type\":\"ListItem\",\"position\":2,\"name\":\"Page boutique\",\"item\":\"https:\\\/\\\/www.silentblocks.com\\\/es\\\/shop-2\\\/\"},{\"@type\":\"ListItem\",\"position\":3,\"name\":\"Cu\u00f1as de muelle, elevaci\u00f3n 4cm, Suzuki Grand Vitara II 2005-\"}]},{\"@type\":\"WebSite\",\"@id\":\"https:\\\/\\\/www.silentblocks.com\\\/es\\\/#website\",\"url\":\"https:\\\/\\\/www.silentblocks.com\\\/es\\\/\",\"name\":\"SILENTBLOCKS\",\"description\":\"Secure on the road\",\"publisher\":{\"@id\":\"https:\\\/\\\/www.silentblocks.com\\\/es\\\/#organization\"},\"potentialAction\":[{\"@type\":\"SearchAction\",\"target\":{\"@type\":\"EntryPoint\",\"urlTemplate\":\"https:\\\/\\\/www.silentblocks.com\\\/es\\\/?s={search_term_string}\"},\"query-input\":{\"@type\":\"PropertyValueSpecification\",\"valueRequired\":true,\"valueName\":\"search_term_string\"}}],\"inLanguage\":\"es\"},{\"@type\":\"Organization\",\"@id\":\"https:\\\/\\\/www.silentblocks.com\\\/es\\\/#organization\",\"name\":\"SILENTBLOCKS\",\"url\":\"https:\\\/\\\/www.silentblocks.com\\\/es\\\/\",\"logo\":{\"@type\":\"ImageObject\",\"inLanguage\":\"es\",\"@id\":\"https:\\\/\\\/www.silentblocks.com\\\/es\\\/#\\\/schema\\\/logo\\\/image\\\/\",\"url\":\"https:\\\/\\\/www.silentblocks.com\\\/wp-content\\\/uploads\\\/2023\\\/07\\\/logo211-sem-fundo_2012-PARA-BOUTIQUE-EBAY.png\",\"contentUrl\":\"https:\\\/\\\/www.silentblocks.com\\\/wp-content\\\/uploads\\\/2023\\\/07\\\/logo211-sem-fundo_2012-PARA-BOUTIQUE-EBAY.png\",\"width\":300,\"height\":190,\"caption\":\"SILENTBLOCKS\"},\"image\":{\"@id\":\"https:\\\/\\\/www.silentblocks.com\\\/es\\\/#\\\/schema\\\/logo\\\/image\\\/\"}}]}<\/script>\n<!-- \/ Yoast SEO Premium plugin. -->","yoast_head_json":{"title":"Cu\u00f1as de muelle, elevaci\u00f3n 4cm, Suzuki Grand Vitara II 2005- SILENT BLOCKS","description":"kit de elevaci\u00f3n, pastillas de muelle de poliuretano, 4 cm de elevaci\u00f3n, para Suzuki Grand Vitara II","robots":{"index":"index","follow":"follow","max-snippet":"max-snippet:-1","max-image-preview":"max-image-preview:large","max-video-preview":"max-video-preview:-1"},"canonical":"https:\/\/www.silentblocks.com\/es\/producto\/cunas-de-muelle-elevacion-4cm-suzuki-grand-vitara-ii-2005\/","og_locale":"es_ES","og_type":"article","og_title":"Cu\u00f1as de muelle, elevaci\u00f3n 4cm, Suzuki Grand Vitara II 2005-","og_description":"kit de elevaci\u00f3n, pastillas de muelle de poliuretano, 4 cm de elevaci\u00f3n, para Suzuki Grand Vitara II","og_url":"https:\/\/www.silentblocks.com\/es\/producto\/cunas-de-muelle-elevacion-4cm-suzuki-grand-vitara-ii-2005\/","og_site_name":"SILENT BLOCKS","article_modified_time":"2026-02-17T21:42:26+00:00","og_image":[{"width":800,"height":800,"url":"https:\/\/www.silentblocks.com\/wp-content\/uploads\/2026\/02\/cale-ressort-grand-vitara-II.jpg","type":"image\/jpeg"}],"twitter_card":"summary_large_image","schema":{"@context":"https:\/\/schema.org","@graph":[{"@type":"WebPage","@id":"https:\/\/www.silentblocks.com\/es\/producto\/cunas-de-muelle-elevacion-4cm-suzuki-grand-vitara-ii-2005\/","url":"https:\/\/www.silentblocks.com\/es\/producto\/cunas-de-muelle-elevacion-4cm-suzuki-grand-vitara-ii-2005\/","name":"Cu\u00f1as de muelle, elevaci\u00f3n 4cm, Suzuki Grand Vitara II 2005- SILENT BLOCKS","isPartOf":{"@id":"https:\/\/www.silentblocks.com\/es\/#website"},"primaryImageOfPage":{"@id":"https:\/\/www.silentblocks.com\/es\/producto\/cunas-de-muelle-elevacion-4cm-suzuki-grand-vitara-ii-2005\/#primaryimage"},"image":{"@id":"https:\/\/www.silentblocks.com\/es\/producto\/cunas-de-muelle-elevacion-4cm-suzuki-grand-vitara-ii-2005\/#primaryimage"},"thumbnailUrl":"https:\/\/www.silentblocks.com\/wp-content\/uploads\/2026\/02\/cale-ressort-grand-vitara-II.jpg","datePublished":"2024-05-09T11:10:57+00:00","dateModified":"2026-02-17T21:42:26+00:00","description":"kit de elevaci\u00f3n, pastillas de muelle de poliuretano, 4 cm de elevaci\u00f3n, para Suzuki Grand Vitara II","breadcrumb":{"@id":"https:\/\/www.silentblocks.com\/es\/producto\/cunas-de-muelle-elevacion-4cm-suzuki-grand-vitara-ii-2005\/#breadcrumb"},"inLanguage":"es","potentialAction":[{"@type":"ReadAction","target":["https:\/\/www.silentblocks.com\/es\/producto\/cunas-de-muelle-elevacion-4cm-suzuki-grand-vitara-ii-2005\/"]}]},{"@type":"ImageObject","inLanguage":"es","@id":"https:\/\/www.silentblocks.com\/es\/producto\/cunas-de-muelle-elevacion-4cm-suzuki-grand-vitara-ii-2005\/#primaryimage","url":"https:\/\/www.silentblocks.com\/wp-content\/uploads\/2026\/02\/cale-ressort-grand-vitara-II.jpg","contentUrl":"https:\/\/www.silentblocks.com\/wp-content\/uploads\/2026\/02\/cale-ressort-grand-vitara-II.jpg","width":800,"height":800},{"@type":"BreadcrumbList","@id":"https:\/\/www.silentblocks.com\/es\/producto\/cunas-de-muelle-elevacion-4cm-suzuki-grand-vitara-ii-2005\/#breadcrumb","itemListElement":[{"@type":"ListItem","position":1,"name":"In\u00edcio","item":"https:\/\/www.silentblocks.com\/es\/"},{"@type":"ListItem","position":2,"name":"Page boutique","item":"https:\/\/www.silentblocks.com\/es\/shop-2\/"},{"@type":"ListItem","position":3,"name":"Cu\u00f1as de muelle, elevaci\u00f3n 4cm, Suzuki Grand Vitara II 2005-"}]},{"@type":"WebSite","@id":"https:\/\/www.silentblocks.com\/es\/#website","url":"https:\/\/www.silentblocks.com\/es\/","name":"SILENTBLOCKS","description":"Secure on the road","publisher":{"@id":"https:\/\/www.silentblocks.com\/es\/#organization"},"potentialAction":[{"@type":"SearchAction","target":{"@type":"EntryPoint","urlTemplate":"https:\/\/www.silentblocks.com\/es\/?s={search_term_string}"},"query-input":{"@type":"PropertyValueSpecification","valueRequired":true,"valueName":"search_term_string"}}],"inLanguage":"es"},{"@type":"Organization","@id":"https:\/\/www.silentblocks.com\/es\/#organization","name":"SILENTBLOCKS","url":"https:\/\/www.silentblocks.com\/es\/","logo":{"@type":"ImageObject","inLanguage":"es","@id":"https:\/\/www.silentblocks.com\/es\/#\/schema\/logo\/image\/","url":"https:\/\/www.silentblocks.com\/wp-content\/uploads\/2023\/07\/logo211-sem-fundo_2012-PARA-BOUTIQUE-EBAY.png","contentUrl":"https:\/\/www.silentblocks.com\/wp-content\/uploads\/2023\/07\/logo211-sem-fundo_2012-PARA-BOUTIQUE-EBAY.png","width":300,"height":190,"caption":"SILENTBLOCKS"},"image":{"@id":"https:\/\/www.silentblocks.com\/es\/#\/schema\/logo\/image\/"}}]}},"_links":{"self":[{"href":"https:\/\/www.silentblocks.com\/es\/wp-json\/wp\/v2\/product\/90587","targetHints":{"allow":["GET"]}}],"collection":[{"href":"https:\/\/www.silentblocks.com\/es\/wp-json\/wp\/v2\/product"}],"about":[{"href":"https:\/\/www.silentblocks.com\/es\/wp-json\/wp\/v2\/types\/product"}],"version-history":[{"count":0,"href":"https:\/\/www.silentblocks.com\/es\/wp-json\/wp\/v2\/product\/90587\/revisions"}],"wp:featuredmedia":[{"embeddable":true,"href":"https:\/\/www.silentblocks.com\/es\/wp-json\/wp\/v2\/media\/90578"}],"wp:attachment":[{"href":"https:\/\/www.silentblocks.com\/es\/wp-json\/wp\/v2\/media?parent=90587"}],"wp:term":[{"taxonomy":"product_brand","embeddable":true,"href":"https:\/\/www.silentblocks.com\/es\/wp-json\/wp\/v2\/product_brand?post=90587"},{"taxonomy":"product_cat","embeddable":true,"href":"https:\/\/www.silentblocks.com\/es\/wp-json\/wp\/v2\/product_cat?post=90587"},{"taxonomy":"product_tag","embeddable":true,"href":"https:\/\/www.silentblocks.com\/es\/wp-json\/wp\/v2\/product_tag?post=90587"}],"curies":[{"name":"wp","href":"https:\/\/api.w.org\/{rel}","templated":true}]}}