{"id":90811,"date":"2024-05-15T13:14:24","date_gmt":"2024-05-15T13:14:24","guid":{"rendered":"https:\/\/www.silentblocks.com\/product\/bujes-de-la-barra-estabilizadora-trasera-rav4-2-5-hybrid\/"},"modified":"2026-02-17T21:42:59","modified_gmt":"2026-02-17T21:42:59","slug":"bujes-de-la-barra-estabilizadora-trasera-rav4-2-5-hybrid","status":"publish","type":"product","link":"https:\/\/www.silentblocks.com\/es\/producto\/bujes-de-la-barra-estabilizadora-trasera-rav4-2-5-hybrid\/","title":{"rendered":"Bujes de la barra estabilizadora trasera, RAV4 2.5 Hybrid"},"content":{"rendered":"<p>Kit de 2 casquillos para barra estabilizadora trasera, compatible con los siguientes veh\u00edculos:<br \/>\nToyota RAV4 _A4_ (2012-)<br \/>\nModelo: IV<br \/>\nMotores: 2.5 H\u00edbrido<\/p>\n<p>Di\u00e1metro interior: \u00d818mm<\/p>\n<p>Referencias del fabricante (c\u00f3digo OEM) s\u00f3lo a t\u00edtulo informativo :<br \/>\n48818-48100, 48812-48220<\/p>\n<p>Piezas nuevas, se vende con factura. Todos nuestros productos tienen 2 a\u00f1os de garant\u00eda.<\/p>\n<p>&nbsp;<\/p>\n","protected":false},"excerpt":{"rendered":"<p>Kit de 2 casquillos para barra estabilizadora trasera, compatible con los siguientes veh\u00edculos: Toyota RAV4 _A4_ (2012-) Modelo: IV Motores: 2.5 H\u00edbrido Di\u00e1metro interior: \u00d818mm Referencias del fabricante (c\u00f3digo OEM) s\u00f3lo a t\u00edtulo informativo : 48818-48100, 48812-48220 Piezas nuevas, se vende con factura. Todos nuestros productos tienen 2 a\u00f1os de garant\u00eda. &nbsp;<\/p>\n","protected":false},"featured_media":90802,"template":"","meta":[],"product_brand":[],"product_cat":[2250,3680,3693],"product_tag":[],"class_list":{"0":"post-90811","1":"product","2":"type-product","3":"status-publish","4":"has-post-thumbnail","6":"product_cat-toyota-es","7":"product_cat-rav4-es","8":"product_cat-rav4-2013-es","10":"first","11":"instock","12":"shipping-taxable","13":"purchasable","14":"product-type-simple"},"yoast_head":"<!-- This site is optimized with the Yoast SEO Premium plugin v23.0 (Yoast SEO v27.4) - https:\/\/yoast.com\/product\/yoast-seo-premium-wordpress\/ -->\n<title>Bujes de la barra estabilizadora trasera, RAV4 2.5 Hybrid - SILENT BLOCKS<\/title>\n<meta name=\"description\" content=\"bujes de la barra estabilizadora trasera para Toyota RAV4 2.5 Hybrid, oem 48818-48100, 48812-48220\" \/>\n<meta name=\"robots\" content=\"index, follow, max-snippet:-1, max-image-preview:large, max-video-preview:-1\" \/>\n<link rel=\"canonical\" href=\"https:\/\/www.silentblocks.com\/es\/producto\/bujes-de-la-barra-estabilizadora-trasera-rav4-2-5-hybrid\/\" \/>\n<meta property=\"og:locale\" content=\"es_ES\" \/>\n<meta property=\"og:type\" content=\"article\" \/>\n<meta property=\"og:title\" content=\"Bujes de la barra estabilizadora trasera, RAV4 2.5 Hybrid\" \/>\n<meta property=\"og:description\" content=\"bujes de la barra estabilizadora trasera para Toyota RAV4 2.5 Hybrid, oem 48818-48100, 48812-48220\" \/>\n<meta property=\"og:url\" content=\"https:\/\/www.silentblocks.com\/es\/producto\/bujes-de-la-barra-estabilizadora-trasera-rav4-2-5-hybrid\/\" \/>\n<meta property=\"og:site_name\" content=\"SILENT BLOCKS\" \/>\n<meta property=\"article:modified_time\" content=\"2026-02-17T21:42:59+00:00\" \/>\n<meta property=\"og:image\" content=\"https:\/\/www.silentblocks.com\/wp-content\/uploads\/2026\/02\/silentblocs-barre-stabilisatrice-arriere-RAV4.jpg\" \/>\n\t<meta property=\"og:image:width\" content=\"1000\" \/>\n\t<meta property=\"og:image:height\" content=\"1000\" \/>\n\t<meta property=\"og:image:type\" content=\"image\/jpeg\" \/>\n<meta name=\"twitter:card\" content=\"summary_large_image\" \/>\n<script type=\"application\/ld+json\" class=\"yoast-schema-graph\">{\"@context\":\"https:\\\/\\\/schema.org\",\"@graph\":[{\"@type\":\"WebPage\",\"@id\":\"https:\\\/\\\/www.silentblocks.com\\\/es\\\/producto\\\/bujes-de-la-barra-estabilizadora-trasera-rav4-2-5-hybrid\\\/\",\"url\":\"https:\\\/\\\/www.silentblocks.com\\\/es\\\/producto\\\/bujes-de-la-barra-estabilizadora-trasera-rav4-2-5-hybrid\\\/\",\"name\":\"Bujes de la barra estabilizadora trasera, RAV4 2.5 Hybrid - SILENT BLOCKS\",\"isPartOf\":{\"@id\":\"https:\\\/\\\/www.silentblocks.com\\\/es\\\/#website\"},\"primaryImageOfPage\":{\"@id\":\"https:\\\/\\\/www.silentblocks.com\\\/es\\\/producto\\\/bujes-de-la-barra-estabilizadora-trasera-rav4-2-5-hybrid\\\/#primaryimage\"},\"image\":{\"@id\":\"https:\\\/\\\/www.silentblocks.com\\\/es\\\/producto\\\/bujes-de-la-barra-estabilizadora-trasera-rav4-2-5-hybrid\\\/#primaryimage\"},\"thumbnailUrl\":\"https:\\\/\\\/www.silentblocks.com\\\/wp-content\\\/uploads\\\/2026\\\/02\\\/silentblocs-barre-stabilisatrice-arriere-RAV4.jpg\",\"datePublished\":\"2024-05-15T13:14:24+00:00\",\"dateModified\":\"2026-02-17T21:42:59+00:00\",\"description\":\"bujes de la barra estabilizadora trasera para Toyota RAV4 2.5 Hybrid, oem 48818-48100, 48812-48220\",\"breadcrumb\":{\"@id\":\"https:\\\/\\\/www.silentblocks.com\\\/es\\\/producto\\\/bujes-de-la-barra-estabilizadora-trasera-rav4-2-5-hybrid\\\/#breadcrumb\"},\"inLanguage\":\"es\",\"potentialAction\":[{\"@type\":\"ReadAction\",\"target\":[\"https:\\\/\\\/www.silentblocks.com\\\/es\\\/producto\\\/bujes-de-la-barra-estabilizadora-trasera-rav4-2-5-hybrid\\\/\"]}]},{\"@type\":\"ImageObject\",\"inLanguage\":\"es\",\"@id\":\"https:\\\/\\\/www.silentblocks.com\\\/es\\\/producto\\\/bujes-de-la-barra-estabilizadora-trasera-rav4-2-5-hybrid\\\/#primaryimage\",\"url\":\"https:\\\/\\\/www.silentblocks.com\\\/wp-content\\\/uploads\\\/2026\\\/02\\\/silentblocs-barre-stabilisatrice-arriere-RAV4.jpg\",\"contentUrl\":\"https:\\\/\\\/www.silentblocks.com\\\/wp-content\\\/uploads\\\/2026\\\/02\\\/silentblocs-barre-stabilisatrice-arriere-RAV4.jpg\",\"width\":1000,\"height\":1000},{\"@type\":\"BreadcrumbList\",\"@id\":\"https:\\\/\\\/www.silentblocks.com\\\/es\\\/producto\\\/bujes-de-la-barra-estabilizadora-trasera-rav4-2-5-hybrid\\\/#breadcrumb\",\"itemListElement\":[{\"@type\":\"ListItem\",\"position\":1,\"name\":\"In\u00edcio\",\"item\":\"https:\\\/\\\/www.silentblocks.com\\\/es\\\/\"},{\"@type\":\"ListItem\",\"position\":2,\"name\":\"Page boutique\",\"item\":\"https:\\\/\\\/www.silentblocks.com\\\/es\\\/shop-2\\\/\"},{\"@type\":\"ListItem\",\"position\":3,\"name\":\"Bujes de la barra estabilizadora trasera, RAV4 2.5 Hybrid\"}]},{\"@type\":\"WebSite\",\"@id\":\"https:\\\/\\\/www.silentblocks.com\\\/es\\\/#website\",\"url\":\"https:\\\/\\\/www.silentblocks.com\\\/es\\\/\",\"name\":\"SILENTBLOCKS\",\"description\":\"Secure on the road\",\"publisher\":{\"@id\":\"https:\\\/\\\/www.silentblocks.com\\\/es\\\/#organization\"},\"potentialAction\":[{\"@type\":\"SearchAction\",\"target\":{\"@type\":\"EntryPoint\",\"urlTemplate\":\"https:\\\/\\\/www.silentblocks.com\\\/es\\\/?s={search_term_string}\"},\"query-input\":{\"@type\":\"PropertyValueSpecification\",\"valueRequired\":true,\"valueName\":\"search_term_string\"}}],\"inLanguage\":\"es\"},{\"@type\":\"Organization\",\"@id\":\"https:\\\/\\\/www.silentblocks.com\\\/es\\\/#organization\",\"name\":\"SILENTBLOCKS\",\"url\":\"https:\\\/\\\/www.silentblocks.com\\\/es\\\/\",\"logo\":{\"@type\":\"ImageObject\",\"inLanguage\":\"es\",\"@id\":\"https:\\\/\\\/www.silentblocks.com\\\/es\\\/#\\\/schema\\\/logo\\\/image\\\/\",\"url\":\"https:\\\/\\\/www.silentblocks.com\\\/wp-content\\\/uploads\\\/2023\\\/07\\\/logo211-sem-fundo_2012-PARA-BOUTIQUE-EBAY.png\",\"contentUrl\":\"https:\\\/\\\/www.silentblocks.com\\\/wp-content\\\/uploads\\\/2023\\\/07\\\/logo211-sem-fundo_2012-PARA-BOUTIQUE-EBAY.png\",\"width\":300,\"height\":190,\"caption\":\"SILENTBLOCKS\"},\"image\":{\"@id\":\"https:\\\/\\\/www.silentblocks.com\\\/es\\\/#\\\/schema\\\/logo\\\/image\\\/\"}}]}<\/script>\n<!-- \/ Yoast SEO Premium plugin. -->","yoast_head_json":{"title":"Bujes de la barra estabilizadora trasera, RAV4 2.5 Hybrid - SILENT BLOCKS","description":"bujes de la barra estabilizadora trasera para Toyota RAV4 2.5 Hybrid, oem 48818-48100, 48812-48220","robots":{"index":"index","follow":"follow","max-snippet":"max-snippet:-1","max-image-preview":"max-image-preview:large","max-video-preview":"max-video-preview:-1"},"canonical":"https:\/\/www.silentblocks.com\/es\/producto\/bujes-de-la-barra-estabilizadora-trasera-rav4-2-5-hybrid\/","og_locale":"es_ES","og_type":"article","og_title":"Bujes de la barra estabilizadora trasera, RAV4 2.5 Hybrid","og_description":"bujes de la barra estabilizadora trasera para Toyota RAV4 2.5 Hybrid, oem 48818-48100, 48812-48220","og_url":"https:\/\/www.silentblocks.com\/es\/producto\/bujes-de-la-barra-estabilizadora-trasera-rav4-2-5-hybrid\/","og_site_name":"SILENT BLOCKS","article_modified_time":"2026-02-17T21:42:59+00:00","og_image":[{"width":1000,"height":1000,"url":"https:\/\/www.silentblocks.com\/wp-content\/uploads\/2026\/02\/silentblocs-barre-stabilisatrice-arriere-RAV4.jpg","type":"image\/jpeg"}],"twitter_card":"summary_large_image","schema":{"@context":"https:\/\/schema.org","@graph":[{"@type":"WebPage","@id":"https:\/\/www.silentblocks.com\/es\/producto\/bujes-de-la-barra-estabilizadora-trasera-rav4-2-5-hybrid\/","url":"https:\/\/www.silentblocks.com\/es\/producto\/bujes-de-la-barra-estabilizadora-trasera-rav4-2-5-hybrid\/","name":"Bujes de la barra estabilizadora trasera, RAV4 2.5 Hybrid - SILENT BLOCKS","isPartOf":{"@id":"https:\/\/www.silentblocks.com\/es\/#website"},"primaryImageOfPage":{"@id":"https:\/\/www.silentblocks.com\/es\/producto\/bujes-de-la-barra-estabilizadora-trasera-rav4-2-5-hybrid\/#primaryimage"},"image":{"@id":"https:\/\/www.silentblocks.com\/es\/producto\/bujes-de-la-barra-estabilizadora-trasera-rav4-2-5-hybrid\/#primaryimage"},"thumbnailUrl":"https:\/\/www.silentblocks.com\/wp-content\/uploads\/2026\/02\/silentblocs-barre-stabilisatrice-arriere-RAV4.jpg","datePublished":"2024-05-15T13:14:24+00:00","dateModified":"2026-02-17T21:42:59+00:00","description":"bujes de la barra estabilizadora trasera para Toyota RAV4 2.5 Hybrid, oem 48818-48100, 48812-48220","breadcrumb":{"@id":"https:\/\/www.silentblocks.com\/es\/producto\/bujes-de-la-barra-estabilizadora-trasera-rav4-2-5-hybrid\/#breadcrumb"},"inLanguage":"es","potentialAction":[{"@type":"ReadAction","target":["https:\/\/www.silentblocks.com\/es\/producto\/bujes-de-la-barra-estabilizadora-trasera-rav4-2-5-hybrid\/"]}]},{"@type":"ImageObject","inLanguage":"es","@id":"https:\/\/www.silentblocks.com\/es\/producto\/bujes-de-la-barra-estabilizadora-trasera-rav4-2-5-hybrid\/#primaryimage","url":"https:\/\/www.silentblocks.com\/wp-content\/uploads\/2026\/02\/silentblocs-barre-stabilisatrice-arriere-RAV4.jpg","contentUrl":"https:\/\/www.silentblocks.com\/wp-content\/uploads\/2026\/02\/silentblocs-barre-stabilisatrice-arriere-RAV4.jpg","width":1000,"height":1000},{"@type":"BreadcrumbList","@id":"https:\/\/www.silentblocks.com\/es\/producto\/bujes-de-la-barra-estabilizadora-trasera-rav4-2-5-hybrid\/#breadcrumb","itemListElement":[{"@type":"ListItem","position":1,"name":"In\u00edcio","item":"https:\/\/www.silentblocks.com\/es\/"},{"@type":"ListItem","position":2,"name":"Page boutique","item":"https:\/\/www.silentblocks.com\/es\/shop-2\/"},{"@type":"ListItem","position":3,"name":"Bujes de la barra estabilizadora trasera, RAV4 2.5 Hybrid"}]},{"@type":"WebSite","@id":"https:\/\/www.silentblocks.com\/es\/#website","url":"https:\/\/www.silentblocks.com\/es\/","name":"SILENTBLOCKS","description":"Secure on the road","publisher":{"@id":"https:\/\/www.silentblocks.com\/es\/#organization"},"potentialAction":[{"@type":"SearchAction","target":{"@type":"EntryPoint","urlTemplate":"https:\/\/www.silentblocks.com\/es\/?s={search_term_string}"},"query-input":{"@type":"PropertyValueSpecification","valueRequired":true,"valueName":"search_term_string"}}],"inLanguage":"es"},{"@type":"Organization","@id":"https:\/\/www.silentblocks.com\/es\/#organization","name":"SILENTBLOCKS","url":"https:\/\/www.silentblocks.com\/es\/","logo":{"@type":"ImageObject","inLanguage":"es","@id":"https:\/\/www.silentblocks.com\/es\/#\/schema\/logo\/image\/","url":"https:\/\/www.silentblocks.com\/wp-content\/uploads\/2023\/07\/logo211-sem-fundo_2012-PARA-BOUTIQUE-EBAY.png","contentUrl":"https:\/\/www.silentblocks.com\/wp-content\/uploads\/2023\/07\/logo211-sem-fundo_2012-PARA-BOUTIQUE-EBAY.png","width":300,"height":190,"caption":"SILENTBLOCKS"},"image":{"@id":"https:\/\/www.silentblocks.com\/es\/#\/schema\/logo\/image\/"}}]}},"_links":{"self":[{"href":"https:\/\/www.silentblocks.com\/es\/wp-json\/wp\/v2\/product\/90811","targetHints":{"allow":["GET"]}}],"collection":[{"href":"https:\/\/www.silentblocks.com\/es\/wp-json\/wp\/v2\/product"}],"about":[{"href":"https:\/\/www.silentblocks.com\/es\/wp-json\/wp\/v2\/types\/product"}],"version-history":[{"count":0,"href":"https:\/\/www.silentblocks.com\/es\/wp-json\/wp\/v2\/product\/90811\/revisions"}],"wp:featuredmedia":[{"embeddable":true,"href":"https:\/\/www.silentblocks.com\/es\/wp-json\/wp\/v2\/media\/90802"}],"wp:attachment":[{"href":"https:\/\/www.silentblocks.com\/es\/wp-json\/wp\/v2\/media?parent=90811"}],"wp:term":[{"taxonomy":"product_brand","embeddable":true,"href":"https:\/\/www.silentblocks.com\/es\/wp-json\/wp\/v2\/product_brand?post=90811"},{"taxonomy":"product_cat","embeddable":true,"href":"https:\/\/www.silentblocks.com\/es\/wp-json\/wp\/v2\/product_cat?post=90811"},{"taxonomy":"product_tag","embeddable":true,"href":"https:\/\/www.silentblocks.com\/es\/wp-json\/wp\/v2\/product_tag?post=90811"}],"curies":[{"name":"wp","href":"https:\/\/api.w.org\/{rel}","templated":true}]}}