{"id":91211,"date":"2024-05-29T16:09:11","date_gmt":"2024-05-29T16:09:11","guid":{"rendered":"https:\/\/www.silentblocks.com\/product\/bujes-en-brazos-delanteros-i20-i30-i40-santa-fe-sonata-tucson\/"},"modified":"2026-02-17T21:43:54","modified_gmt":"2026-02-17T21:43:54","slug":"bujes-en-brazos-delanteros-i20-i30-i40-santa-fe-sonata-tucson","status":"publish","type":"product","link":"https:\/\/www.silentblocks.com\/es\/producto\/bujes-en-brazos-delanteros-i20-i30-i40-santa-fe-sonata-tucson\/","title":{"rendered":"Bujes en brazos delanteros, i20, i30, i40, Santa Fe, Sonata, Tucson"},"content":{"rendered":"<p>Silentblocks en ambos brazos delanteros, compatible con los siguientes veh\u00edculos:<br \/>\nHyundai GRANDEUR (TG) 04.2005-12.2011<br \/>\nHyundai i20 I (PB, PBT) 08.2008-12.2015<br \/>\nHyundai i20 II (GB, IB) 11.2014-06.2021<br \/>\nHyundai i20 II Coup\u00e9 (GB)<br \/>\nHyundai i20 II Furgoneta con port\u00f3n trasero (GB, IB)<br \/>\nHyundai i30 (FD) 10.2007-11.2011<br \/>\nHyundai i30 Familiar (FD) 10.2007-06.2012<br \/>\nHyundai i40 I (VF) 03.2012-05.2019<br \/>\nHyundai i40 I CW (VF) 03.2012-05.2019<br \/>\nHyundai i40 I Furgoneta Kombi (VF) 05.2015-05.2019<br \/>\nHyundai SANTA F\u00c9 I (SM) 12.2004-09.2002<br \/>\nHyundai SANTA F\u00c9 I SUV Furgoneta (SM) 08.2000-12.2005<br \/>\nHyundai SANTA F\u00c9 II (CM) 03.2006-12.2012<br \/>\nHyundai SANTA F\u00c9 II SUV Furgoneta (CM) 11.2005-01.2009<br \/>\nHyundai SONATA IV (EF) 03.1998-05.2005<br \/>\nHyundai SONATA V (NF) 05.2005-12.2010<br \/>\nHyundai TUCSON (JM) 08.2004-03.2010<br \/>\nHyundai TUCSON SUV Furgoneta (JM) 06.2004-01.2009<br \/>\nHyundai XG (XG) 10.2002-12.2005<\/p>\n<p>Referencias del fabricante (c\u00f3digo OEM) s\u00f3lo a t\u00edtulo informativo :<br \/>\n54500 2P000,54500-1Y000,54501-1Y000,54501-2P000,54584 1G000,54584 1J000,54584 2B000,54584 2E000,54584 2H000,54584 38100,54584 3F600,54584 3K000,54584 C8000,54584G6000<\/p>\n<p>Piezas nuevas, se vende con factura. Todos nuestros productos tienen 2 a\u00f1os de garant\u00eda.<\/p>\n","protected":false},"excerpt":{"rendered":"<p>Silentblocks en ambos brazos delanteros, compatible con los siguientes veh\u00edculos: Hyundai GRANDEUR (TG) 04.2005-12.2011 Hyundai i20 I (PB, PBT) 08.2008-12.2015 Hyundai i20 II (GB, IB) 11.2014-06.2021 Hyundai i20 II Coup\u00e9 (GB) Hyundai i20 II Furgoneta con port\u00f3n trasero (GB, IB) Hyundai i30 (FD) 10.2007-11.2011 Hyundai i30 Familiar (FD) 10.2007-06.2012 Hyundai i40 I (VF) 03.2012-05.2019 Hyundai [&hellip;]<\/p>\n","protected":false},"featured_media":91202,"template":"","meta":[],"product_brand":[],"product_cat":[2789,3874,4199,4202,4207,2806,2817],"product_tag":[],"class_list":{"0":"post-91211","1":"product","2":"type-product","3":"status-publish","4":"has-post-thumbnail","6":"product_cat-i-20-es","7":"product_cat-i20-es","8":"product_cat-i30-fd-2007-2012-es","9":"product_cat-i40-i-vf-es","10":"product_cat-santa-fe-ii-cm-2005-2012-es","11":"product_cat-santa-fe-es","12":"product_cat-tucson-es","14":"first","15":"instock","16":"shipping-taxable","17":"purchasable","18":"product-type-simple"},"yoast_head":"<!-- This site is optimized with the Yoast SEO Premium plugin v23.0 (Yoast SEO v27.4) - https:\/\/yoast.com\/product\/yoast-seo-premium-wordpress\/ -->\n<title>Bujes en brazos delanteros, i20, i30, i40, Santa Fe, Sonata, Tucson - SILENT BLOCKS<\/title>\n<meta name=\"description\" content=\"Silentblocks brazos delanteros para Hyundai i20, i30, i40, Santa Fe, Sonata, Tucson, XG, oem 54500 2P000,54500-1Y000,54501-1Y000,54501-2P000\" \/>\n<meta name=\"robots\" content=\"index, follow, max-snippet:-1, max-image-preview:large, max-video-preview:-1\" \/>\n<link rel=\"canonical\" href=\"https:\/\/www.silentblocks.com\/es\/producto\/bujes-en-brazos-delanteros-i20-i30-i40-santa-fe-sonata-tucson\/\" \/>\n<meta property=\"og:locale\" content=\"es_ES\" \/>\n<meta property=\"og:type\" content=\"article\" \/>\n<meta property=\"og:title\" content=\"Bujes en brazos delanteros, i20, i30, i40, Santa Fe, Sonata, Tucson\" \/>\n<meta property=\"og:description\" content=\"Silentblocks brazos delanteros para Hyundai i20, i30, i40, Santa Fe, Sonata, Tucson, XG, oem 54500 2P000,54500-1Y000,54501-1Y000,54501-2P000\" \/>\n<meta property=\"og:url\" content=\"https:\/\/www.silentblocks.com\/es\/producto\/bujes-en-brazos-delanteros-i20-i30-i40-santa-fe-sonata-tucson\/\" \/>\n<meta property=\"og:site_name\" content=\"SILENT BLOCKS\" \/>\n<meta property=\"article:modified_time\" content=\"2026-02-17T21:43:54+00:00\" \/>\n<meta name=\"twitter:card\" content=\"summary_large_image\" \/>\n<meta name=\"twitter:label1\" content=\"Tiempo de lectura\" \/>\n\t<meta name=\"twitter:data1\" content=\"1 minuto\" \/>\n<script type=\"application\/ld+json\" class=\"yoast-schema-graph\">{\"@context\":\"https:\\\/\\\/schema.org\",\"@graph\":[{\"@type\":\"WebPage\",\"@id\":\"https:\\\/\\\/www.silentblocks.com\\\/es\\\/producto\\\/bujes-en-brazos-delanteros-i20-i30-i40-santa-fe-sonata-tucson\\\/\",\"url\":\"https:\\\/\\\/www.silentblocks.com\\\/es\\\/producto\\\/bujes-en-brazos-delanteros-i20-i30-i40-santa-fe-sonata-tucson\\\/\",\"name\":\"Bujes en brazos delanteros, i20, i30, i40, Santa Fe, Sonata, Tucson - SILENT BLOCKS\",\"isPartOf\":{\"@id\":\"https:\\\/\\\/www.silentblocks.com\\\/es\\\/#website\"},\"primaryImageOfPage\":{\"@id\":\"https:\\\/\\\/www.silentblocks.com\\\/es\\\/producto\\\/bujes-en-brazos-delanteros-i20-i30-i40-santa-fe-sonata-tucson\\\/#primaryimage\"},\"image\":{\"@id\":\"https:\\\/\\\/www.silentblocks.com\\\/es\\\/producto\\\/bujes-en-brazos-delanteros-i20-i30-i40-santa-fe-sonata-tucson\\\/#primaryimage\"},\"thumbnailUrl\":\"https:\\\/\\\/www.silentblocks.com\\\/wp-content\\\/uploads\\\/2026\\\/02\\\/silentblocs-triangle-avant-hyundai-i20.jpg\",\"datePublished\":\"2024-05-29T16:09:11+00:00\",\"dateModified\":\"2026-02-17T21:43:54+00:00\",\"description\":\"Silentblocks brazos delanteros para Hyundai i20, i30, i40, Santa Fe, Sonata, Tucson, XG, oem 54500 2P000,54500-1Y000,54501-1Y000,54501-2P000\",\"breadcrumb\":{\"@id\":\"https:\\\/\\\/www.silentblocks.com\\\/es\\\/producto\\\/bujes-en-brazos-delanteros-i20-i30-i40-santa-fe-sonata-tucson\\\/#breadcrumb\"},\"inLanguage\":\"es\",\"potentialAction\":[{\"@type\":\"ReadAction\",\"target\":[\"https:\\\/\\\/www.silentblocks.com\\\/es\\\/producto\\\/bujes-en-brazos-delanteros-i20-i30-i40-santa-fe-sonata-tucson\\\/\"]}]},{\"@type\":\"ImageObject\",\"inLanguage\":\"es\",\"@id\":\"https:\\\/\\\/www.silentblocks.com\\\/es\\\/producto\\\/bujes-en-brazos-delanteros-i20-i30-i40-santa-fe-sonata-tucson\\\/#primaryimage\",\"url\":\"https:\\\/\\\/www.silentblocks.com\\\/wp-content\\\/uploads\\\/2026\\\/02\\\/silentblocs-triangle-avant-hyundai-i20.jpg\",\"contentUrl\":\"https:\\\/\\\/www.silentblocks.com\\\/wp-content\\\/uploads\\\/2026\\\/02\\\/silentblocs-triangle-avant-hyundai-i20.jpg\",\"width\":1000,\"height\":1000},{\"@type\":\"BreadcrumbList\",\"@id\":\"https:\\\/\\\/www.silentblocks.com\\\/es\\\/producto\\\/bujes-en-brazos-delanteros-i20-i30-i40-santa-fe-sonata-tucson\\\/#breadcrumb\",\"itemListElement\":[{\"@type\":\"ListItem\",\"position\":1,\"name\":\"In\u00edcio\",\"item\":\"https:\\\/\\\/www.silentblocks.com\\\/es\\\/\"},{\"@type\":\"ListItem\",\"position\":2,\"name\":\"Page boutique\",\"item\":\"https:\\\/\\\/www.silentblocks.com\\\/es\\\/shop-2\\\/\"},{\"@type\":\"ListItem\",\"position\":3,\"name\":\"Bujes en brazos delanteros, i20, i30, i40, Santa Fe, Sonata, Tucson\"}]},{\"@type\":\"WebSite\",\"@id\":\"https:\\\/\\\/www.silentblocks.com\\\/es\\\/#website\",\"url\":\"https:\\\/\\\/www.silentblocks.com\\\/es\\\/\",\"name\":\"SILENTBLOCKS\",\"description\":\"Secure on the road\",\"publisher\":{\"@id\":\"https:\\\/\\\/www.silentblocks.com\\\/es\\\/#organization\"},\"potentialAction\":[{\"@type\":\"SearchAction\",\"target\":{\"@type\":\"EntryPoint\",\"urlTemplate\":\"https:\\\/\\\/www.silentblocks.com\\\/es\\\/?s={search_term_string}\"},\"query-input\":{\"@type\":\"PropertyValueSpecification\",\"valueRequired\":true,\"valueName\":\"search_term_string\"}}],\"inLanguage\":\"es\"},{\"@type\":\"Organization\",\"@id\":\"https:\\\/\\\/www.silentblocks.com\\\/es\\\/#organization\",\"name\":\"SILENTBLOCKS\",\"url\":\"https:\\\/\\\/www.silentblocks.com\\\/es\\\/\",\"logo\":{\"@type\":\"ImageObject\",\"inLanguage\":\"es\",\"@id\":\"https:\\\/\\\/www.silentblocks.com\\\/es\\\/#\\\/schema\\\/logo\\\/image\\\/\",\"url\":\"https:\\\/\\\/www.silentblocks.com\\\/wp-content\\\/uploads\\\/2023\\\/07\\\/logo211-sem-fundo_2012-PARA-BOUTIQUE-EBAY.png\",\"contentUrl\":\"https:\\\/\\\/www.silentblocks.com\\\/wp-content\\\/uploads\\\/2023\\\/07\\\/logo211-sem-fundo_2012-PARA-BOUTIQUE-EBAY.png\",\"width\":300,\"height\":190,\"caption\":\"SILENTBLOCKS\"},\"image\":{\"@id\":\"https:\\\/\\\/www.silentblocks.com\\\/es\\\/#\\\/schema\\\/logo\\\/image\\\/\"}}]}<\/script>\n<!-- \/ Yoast SEO Premium plugin. -->","yoast_head_json":{"title":"Bujes en brazos delanteros, i20, i30, i40, Santa Fe, Sonata, Tucson - SILENT BLOCKS","description":"Silentblocks brazos delanteros para Hyundai i20, i30, i40, Santa Fe, Sonata, Tucson, XG, oem 54500 2P000,54500-1Y000,54501-1Y000,54501-2P000","robots":{"index":"index","follow":"follow","max-snippet":"max-snippet:-1","max-image-preview":"max-image-preview:large","max-video-preview":"max-video-preview:-1"},"canonical":"https:\/\/www.silentblocks.com\/es\/producto\/bujes-en-brazos-delanteros-i20-i30-i40-santa-fe-sonata-tucson\/","og_locale":"es_ES","og_type":"article","og_title":"Bujes en brazos delanteros, i20, i30, i40, Santa Fe, Sonata, Tucson","og_description":"Silentblocks brazos delanteros para Hyundai i20, i30, i40, Santa Fe, Sonata, Tucson, XG, oem 54500 2P000,54500-1Y000,54501-1Y000,54501-2P000","og_url":"https:\/\/www.silentblocks.com\/es\/producto\/bujes-en-brazos-delanteros-i20-i30-i40-santa-fe-sonata-tucson\/","og_site_name":"SILENT BLOCKS","article_modified_time":"2026-02-17T21:43:54+00:00","twitter_card":"summary_large_image","twitter_misc":{"Tiempo de lectura":"1 minuto"},"schema":{"@context":"https:\/\/schema.org","@graph":[{"@type":"WebPage","@id":"https:\/\/www.silentblocks.com\/es\/producto\/bujes-en-brazos-delanteros-i20-i30-i40-santa-fe-sonata-tucson\/","url":"https:\/\/www.silentblocks.com\/es\/producto\/bujes-en-brazos-delanteros-i20-i30-i40-santa-fe-sonata-tucson\/","name":"Bujes en brazos delanteros, i20, i30, i40, Santa Fe, Sonata, Tucson - SILENT BLOCKS","isPartOf":{"@id":"https:\/\/www.silentblocks.com\/es\/#website"},"primaryImageOfPage":{"@id":"https:\/\/www.silentblocks.com\/es\/producto\/bujes-en-brazos-delanteros-i20-i30-i40-santa-fe-sonata-tucson\/#primaryimage"},"image":{"@id":"https:\/\/www.silentblocks.com\/es\/producto\/bujes-en-brazos-delanteros-i20-i30-i40-santa-fe-sonata-tucson\/#primaryimage"},"thumbnailUrl":"https:\/\/www.silentblocks.com\/wp-content\/uploads\/2026\/02\/silentblocs-triangle-avant-hyundai-i20.jpg","datePublished":"2024-05-29T16:09:11+00:00","dateModified":"2026-02-17T21:43:54+00:00","description":"Silentblocks brazos delanteros para Hyundai i20, i30, i40, Santa Fe, Sonata, Tucson, XG, oem 54500 2P000,54500-1Y000,54501-1Y000,54501-2P000","breadcrumb":{"@id":"https:\/\/www.silentblocks.com\/es\/producto\/bujes-en-brazos-delanteros-i20-i30-i40-santa-fe-sonata-tucson\/#breadcrumb"},"inLanguage":"es","potentialAction":[{"@type":"ReadAction","target":["https:\/\/www.silentblocks.com\/es\/producto\/bujes-en-brazos-delanteros-i20-i30-i40-santa-fe-sonata-tucson\/"]}]},{"@type":"ImageObject","inLanguage":"es","@id":"https:\/\/www.silentblocks.com\/es\/producto\/bujes-en-brazos-delanteros-i20-i30-i40-santa-fe-sonata-tucson\/#primaryimage","url":"https:\/\/www.silentblocks.com\/wp-content\/uploads\/2026\/02\/silentblocs-triangle-avant-hyundai-i20.jpg","contentUrl":"https:\/\/www.silentblocks.com\/wp-content\/uploads\/2026\/02\/silentblocs-triangle-avant-hyundai-i20.jpg","width":1000,"height":1000},{"@type":"BreadcrumbList","@id":"https:\/\/www.silentblocks.com\/es\/producto\/bujes-en-brazos-delanteros-i20-i30-i40-santa-fe-sonata-tucson\/#breadcrumb","itemListElement":[{"@type":"ListItem","position":1,"name":"In\u00edcio","item":"https:\/\/www.silentblocks.com\/es\/"},{"@type":"ListItem","position":2,"name":"Page boutique","item":"https:\/\/www.silentblocks.com\/es\/shop-2\/"},{"@type":"ListItem","position":3,"name":"Bujes en brazos delanteros, i20, i30, i40, Santa Fe, Sonata, Tucson"}]},{"@type":"WebSite","@id":"https:\/\/www.silentblocks.com\/es\/#website","url":"https:\/\/www.silentblocks.com\/es\/","name":"SILENTBLOCKS","description":"Secure on the road","publisher":{"@id":"https:\/\/www.silentblocks.com\/es\/#organization"},"potentialAction":[{"@type":"SearchAction","target":{"@type":"EntryPoint","urlTemplate":"https:\/\/www.silentblocks.com\/es\/?s={search_term_string}"},"query-input":{"@type":"PropertyValueSpecification","valueRequired":true,"valueName":"search_term_string"}}],"inLanguage":"es"},{"@type":"Organization","@id":"https:\/\/www.silentblocks.com\/es\/#organization","name":"SILENTBLOCKS","url":"https:\/\/www.silentblocks.com\/es\/","logo":{"@type":"ImageObject","inLanguage":"es","@id":"https:\/\/www.silentblocks.com\/es\/#\/schema\/logo\/image\/","url":"https:\/\/www.silentblocks.com\/wp-content\/uploads\/2023\/07\/logo211-sem-fundo_2012-PARA-BOUTIQUE-EBAY.png","contentUrl":"https:\/\/www.silentblocks.com\/wp-content\/uploads\/2023\/07\/logo211-sem-fundo_2012-PARA-BOUTIQUE-EBAY.png","width":300,"height":190,"caption":"SILENTBLOCKS"},"image":{"@id":"https:\/\/www.silentblocks.com\/es\/#\/schema\/logo\/image\/"}}]}},"_links":{"self":[{"href":"https:\/\/www.silentblocks.com\/es\/wp-json\/wp\/v2\/product\/91211","targetHints":{"allow":["GET"]}}],"collection":[{"href":"https:\/\/www.silentblocks.com\/es\/wp-json\/wp\/v2\/product"}],"about":[{"href":"https:\/\/www.silentblocks.com\/es\/wp-json\/wp\/v2\/types\/product"}],"version-history":[{"count":0,"href":"https:\/\/www.silentblocks.com\/es\/wp-json\/wp\/v2\/product\/91211\/revisions"}],"wp:featuredmedia":[{"embeddable":true,"href":"https:\/\/www.silentblocks.com\/es\/wp-json\/wp\/v2\/media\/91202"}],"wp:attachment":[{"href":"https:\/\/www.silentblocks.com\/es\/wp-json\/wp\/v2\/media?parent=91211"}],"wp:term":[{"taxonomy":"product_brand","embeddable":true,"href":"https:\/\/www.silentblocks.com\/es\/wp-json\/wp\/v2\/product_brand?post=91211"},{"taxonomy":"product_cat","embeddable":true,"href":"https:\/\/www.silentblocks.com\/es\/wp-json\/wp\/v2\/product_cat?post=91211"},{"taxonomy":"product_tag","embeddable":true,"href":"https:\/\/www.silentblocks.com\/es\/wp-json\/wp\/v2\/product_tag?post=91211"}],"curies":[{"name":"wp","href":"https:\/\/api.w.org\/{rel}","templated":true}]}}