{"id":91244,"date":"2024-05-29T17:44:56","date_gmt":"2024-05-29T17:44:56","guid":{"rendered":"https:\/\/www.silentblocks.com\/product\/soporte-motor-delantero-silentblock-hyundai-i30-kia-ceed-caja-de-cambios-automatica-copie\/"},"modified":"2026-02-17T21:43:55","modified_gmt":"2026-02-17T21:43:55","slug":"soporte-motor-delantero-silentblock-hyundai-i30-kia-ceed-caja-de-cambios-automatica-copie","status":"publish","type":"product","link":"https:\/\/www.silentblocks.com\/es\/producto\/soporte-motor-delantero-silentblock-hyundai-i30-kia-ceed-caja-de-cambios-automatica-copie\/","title":{"rendered":"Soporte motor delantero silentblock, Hyundai i30, Kia Ceed (Caja de cambios autom\u00e1tica)"},"content":{"rendered":"<div  class=\"section-element\"><div class=\"row\"><div class=\"large-12 nasa-col columns\"><div  class=\"wpb_text_column wpb_content_element\"><p>Soporte de motor delantero Silentbloc, compatible con los siguientes veh\u00edculos:<br \/>\nHyundai i30 (2011-2016)<\/p>\n<p>Kia Ceed (2012-)<\/p>\n<p>Referencias del fabricante (c\u00f3digo OEM) s\u00f3lo a t\u00edtulo informativo :<br \/>\n21910-2H050, 21910-2H000, 21911-2H050, 21910-2H000, 21911-2H050, 21910-2H050<\/p>\n<p>Piezas nuevas, se vende con factura. Todos nuestros productos tienen 2 a\u00f1os de garant\u00eda.<\/p>\n<\/div><\/div><\/div><\/div>\n","protected":false},"excerpt":{"rendered":"<p>SINOBLOCO DO APOIO MOTOR FRENTE PARA:<\/p>\n<p>KIA CEED (2006-2012)<br \/>\nHYUNDAI I30 (2007-2012)<\/p>\n","protected":false},"featured_media":91216,"template":"","meta":[],"product_brand":[],"product_cat":[2175,2792,2187,2860],"product_tag":[],"class_list":{"0":"post-91244","1":"product","2":"type-product","3":"status-publish","4":"has-post-thumbnail","6":"product_cat-hyundai-es","7":"product_cat-i-30-hyundai-es","8":"product_cat-kia-es","9":"product_cat-ceed-es-2","11":"first","12":"instock","13":"shipping-taxable","14":"purchasable","15":"product-type-simple"},"yoast_head":"<!-- This site is optimized with the Yoast SEO Premium plugin v23.0 (Yoast SEO v27.4) - https:\/\/yoast.com\/product\/yoast-seo-premium-wordpress\/ -->\n<title>Soporte motor delantero silentblock, Hyundai i30, Kia Ceed (Caja de cambios autom\u00e1tica) - SILENT BLOCKS<\/title>\n<meta name=\"description\" content=\"Soporte motor delantero silentblock para Hyundai i30, Kia Ceed\" \/>\n<meta name=\"robots\" content=\"index, follow, max-snippet:-1, max-image-preview:large, max-video-preview:-1\" \/>\n<link rel=\"canonical\" href=\"https:\/\/www.silentblocks.com\/es\/producto\/soporte-motor-delantero-silentblock-hyundai-i30-kia-ceed-caja-de-cambios-automatica-copie\/\" \/>\n<meta property=\"og:locale\" content=\"es_ES\" \/>\n<meta property=\"og:type\" content=\"article\" \/>\n<meta property=\"og:title\" content=\"Soporte motor delantero silentblock, Hyundai i30, Kia Ceed (Caja de cambios autom\u00e1tica)\" \/>\n<meta property=\"og:description\" content=\"Soporte motor delantero silentblock para Hyundai i30, Kia Ceed\" \/>\n<meta property=\"og:url\" content=\"https:\/\/www.silentblocks.com\/es\/producto\/soporte-motor-delantero-silentblock-hyundai-i30-kia-ceed-caja-de-cambios-automatica-copie\/\" \/>\n<meta property=\"og:site_name\" content=\"SILENT BLOCKS\" \/>\n<meta property=\"article:modified_time\" content=\"2026-02-17T21:43:55+00:00\" \/>\n<meta property=\"og:image\" content=\"https:\/\/www.silentblocks.com\/wp-content\/uploads\/2026\/02\/support-moteur-ceed.jpg\" \/>\n\t<meta property=\"og:image:width\" content=\"800\" \/>\n\t<meta property=\"og:image:height\" content=\"800\" \/>\n\t<meta property=\"og:image:type\" content=\"image\/jpeg\" \/>\n<meta name=\"twitter:card\" content=\"summary_large_image\" \/>\n<script type=\"application\/ld+json\" class=\"yoast-schema-graph\">{\"@context\":\"https:\\\/\\\/schema.org\",\"@graph\":[{\"@type\":\"WebPage\",\"@id\":\"https:\\\/\\\/www.silentblocks.com\\\/es\\\/producto\\\/soporte-motor-delantero-silentblock-hyundai-i30-kia-ceed-caja-de-cambios-automatica-copie\\\/\",\"url\":\"https:\\\/\\\/www.silentblocks.com\\\/es\\\/producto\\\/soporte-motor-delantero-silentblock-hyundai-i30-kia-ceed-caja-de-cambios-automatica-copie\\\/\",\"name\":\"Soporte motor delantero silentblock, Hyundai i30, Kia Ceed (Caja de cambios autom\u00e1tica) - SILENT BLOCKS\",\"isPartOf\":{\"@id\":\"https:\\\/\\\/www.silentblocks.com\\\/es\\\/#website\"},\"primaryImageOfPage\":{\"@id\":\"https:\\\/\\\/www.silentblocks.com\\\/es\\\/producto\\\/soporte-motor-delantero-silentblock-hyundai-i30-kia-ceed-caja-de-cambios-automatica-copie\\\/#primaryimage\"},\"image\":{\"@id\":\"https:\\\/\\\/www.silentblocks.com\\\/es\\\/producto\\\/soporte-motor-delantero-silentblock-hyundai-i30-kia-ceed-caja-de-cambios-automatica-copie\\\/#primaryimage\"},\"thumbnailUrl\":\"https:\\\/\\\/www.silentblocks.com\\\/wp-content\\\/uploads\\\/2026\\\/02\\\/support-moteur-ceed.jpg\",\"datePublished\":\"2024-05-29T17:44:56+00:00\",\"dateModified\":\"2026-02-17T21:43:55+00:00\",\"description\":\"Soporte motor delantero silentblock para Hyundai i30, Kia Ceed\",\"breadcrumb\":{\"@id\":\"https:\\\/\\\/www.silentblocks.com\\\/es\\\/producto\\\/soporte-motor-delantero-silentblock-hyundai-i30-kia-ceed-caja-de-cambios-automatica-copie\\\/#breadcrumb\"},\"inLanguage\":\"es\",\"potentialAction\":[{\"@type\":\"ReadAction\",\"target\":[\"https:\\\/\\\/www.silentblocks.com\\\/es\\\/producto\\\/soporte-motor-delantero-silentblock-hyundai-i30-kia-ceed-caja-de-cambios-automatica-copie\\\/\"]}]},{\"@type\":\"ImageObject\",\"inLanguage\":\"es\",\"@id\":\"https:\\\/\\\/www.silentblocks.com\\\/es\\\/producto\\\/soporte-motor-delantero-silentblock-hyundai-i30-kia-ceed-caja-de-cambios-automatica-copie\\\/#primaryimage\",\"url\":\"https:\\\/\\\/www.silentblocks.com\\\/wp-content\\\/uploads\\\/2026\\\/02\\\/support-moteur-ceed.jpg\",\"contentUrl\":\"https:\\\/\\\/www.silentblocks.com\\\/wp-content\\\/uploads\\\/2026\\\/02\\\/support-moteur-ceed.jpg\",\"width\":800,\"height\":800},{\"@type\":\"BreadcrumbList\",\"@id\":\"https:\\\/\\\/www.silentblocks.com\\\/es\\\/producto\\\/soporte-motor-delantero-silentblock-hyundai-i30-kia-ceed-caja-de-cambios-automatica-copie\\\/#breadcrumb\",\"itemListElement\":[{\"@type\":\"ListItem\",\"position\":1,\"name\":\"In\u00edcio\",\"item\":\"https:\\\/\\\/www.silentblocks.com\\\/es\\\/\"},{\"@type\":\"ListItem\",\"position\":2,\"name\":\"Page boutique\",\"item\":\"https:\\\/\\\/www.silentblocks.com\\\/es\\\/shop-2\\\/\"},{\"@type\":\"ListItem\",\"position\":3,\"name\":\"Soporte motor delantero silentblock, Hyundai i30, Kia Ceed (Caja de cambios autom\u00e1tica)\"}]},{\"@type\":\"WebSite\",\"@id\":\"https:\\\/\\\/www.silentblocks.com\\\/es\\\/#website\",\"url\":\"https:\\\/\\\/www.silentblocks.com\\\/es\\\/\",\"name\":\"SILENTBLOCKS\",\"description\":\"Secure on the road\",\"publisher\":{\"@id\":\"https:\\\/\\\/www.silentblocks.com\\\/es\\\/#organization\"},\"potentialAction\":[{\"@type\":\"SearchAction\",\"target\":{\"@type\":\"EntryPoint\",\"urlTemplate\":\"https:\\\/\\\/www.silentblocks.com\\\/es\\\/?s={search_term_string}\"},\"query-input\":{\"@type\":\"PropertyValueSpecification\",\"valueRequired\":true,\"valueName\":\"search_term_string\"}}],\"inLanguage\":\"es\"},{\"@type\":\"Organization\",\"@id\":\"https:\\\/\\\/www.silentblocks.com\\\/es\\\/#organization\",\"name\":\"SILENTBLOCKS\",\"url\":\"https:\\\/\\\/www.silentblocks.com\\\/es\\\/\",\"logo\":{\"@type\":\"ImageObject\",\"inLanguage\":\"es\",\"@id\":\"https:\\\/\\\/www.silentblocks.com\\\/es\\\/#\\\/schema\\\/logo\\\/image\\\/\",\"url\":\"https:\\\/\\\/www.silentblocks.com\\\/wp-content\\\/uploads\\\/2023\\\/07\\\/logo211-sem-fundo_2012-PARA-BOUTIQUE-EBAY.png\",\"contentUrl\":\"https:\\\/\\\/www.silentblocks.com\\\/wp-content\\\/uploads\\\/2023\\\/07\\\/logo211-sem-fundo_2012-PARA-BOUTIQUE-EBAY.png\",\"width\":300,\"height\":190,\"caption\":\"SILENTBLOCKS\"},\"image\":{\"@id\":\"https:\\\/\\\/www.silentblocks.com\\\/es\\\/#\\\/schema\\\/logo\\\/image\\\/\"}}]}<\/script>\n<!-- \/ Yoast SEO Premium plugin. -->","yoast_head_json":{"title":"Soporte motor delantero silentblock, Hyundai i30, Kia Ceed (Caja de cambios autom\u00e1tica) - SILENT BLOCKS","description":"Soporte motor delantero silentblock para Hyundai i30, Kia Ceed","robots":{"index":"index","follow":"follow","max-snippet":"max-snippet:-1","max-image-preview":"max-image-preview:large","max-video-preview":"max-video-preview:-1"},"canonical":"https:\/\/www.silentblocks.com\/es\/producto\/soporte-motor-delantero-silentblock-hyundai-i30-kia-ceed-caja-de-cambios-automatica-copie\/","og_locale":"es_ES","og_type":"article","og_title":"Soporte motor delantero silentblock, Hyundai i30, Kia Ceed (Caja de cambios autom\u00e1tica)","og_description":"Soporte motor delantero silentblock para Hyundai i30, Kia Ceed","og_url":"https:\/\/www.silentblocks.com\/es\/producto\/soporte-motor-delantero-silentblock-hyundai-i30-kia-ceed-caja-de-cambios-automatica-copie\/","og_site_name":"SILENT BLOCKS","article_modified_time":"2026-02-17T21:43:55+00:00","og_image":[{"width":800,"height":800,"url":"https:\/\/www.silentblocks.com\/wp-content\/uploads\/2026\/02\/support-moteur-ceed.jpg","type":"image\/jpeg"}],"twitter_card":"summary_large_image","schema":{"@context":"https:\/\/schema.org","@graph":[{"@type":"WebPage","@id":"https:\/\/www.silentblocks.com\/es\/producto\/soporte-motor-delantero-silentblock-hyundai-i30-kia-ceed-caja-de-cambios-automatica-copie\/","url":"https:\/\/www.silentblocks.com\/es\/producto\/soporte-motor-delantero-silentblock-hyundai-i30-kia-ceed-caja-de-cambios-automatica-copie\/","name":"Soporte motor delantero silentblock, Hyundai i30, Kia Ceed (Caja de cambios autom\u00e1tica) - SILENT BLOCKS","isPartOf":{"@id":"https:\/\/www.silentblocks.com\/es\/#website"},"primaryImageOfPage":{"@id":"https:\/\/www.silentblocks.com\/es\/producto\/soporte-motor-delantero-silentblock-hyundai-i30-kia-ceed-caja-de-cambios-automatica-copie\/#primaryimage"},"image":{"@id":"https:\/\/www.silentblocks.com\/es\/producto\/soporte-motor-delantero-silentblock-hyundai-i30-kia-ceed-caja-de-cambios-automatica-copie\/#primaryimage"},"thumbnailUrl":"https:\/\/www.silentblocks.com\/wp-content\/uploads\/2026\/02\/support-moteur-ceed.jpg","datePublished":"2024-05-29T17:44:56+00:00","dateModified":"2026-02-17T21:43:55+00:00","description":"Soporte motor delantero silentblock para Hyundai i30, Kia Ceed","breadcrumb":{"@id":"https:\/\/www.silentblocks.com\/es\/producto\/soporte-motor-delantero-silentblock-hyundai-i30-kia-ceed-caja-de-cambios-automatica-copie\/#breadcrumb"},"inLanguage":"es","potentialAction":[{"@type":"ReadAction","target":["https:\/\/www.silentblocks.com\/es\/producto\/soporte-motor-delantero-silentblock-hyundai-i30-kia-ceed-caja-de-cambios-automatica-copie\/"]}]},{"@type":"ImageObject","inLanguage":"es","@id":"https:\/\/www.silentblocks.com\/es\/producto\/soporte-motor-delantero-silentblock-hyundai-i30-kia-ceed-caja-de-cambios-automatica-copie\/#primaryimage","url":"https:\/\/www.silentblocks.com\/wp-content\/uploads\/2026\/02\/support-moteur-ceed.jpg","contentUrl":"https:\/\/www.silentblocks.com\/wp-content\/uploads\/2026\/02\/support-moteur-ceed.jpg","width":800,"height":800},{"@type":"BreadcrumbList","@id":"https:\/\/www.silentblocks.com\/es\/producto\/soporte-motor-delantero-silentblock-hyundai-i30-kia-ceed-caja-de-cambios-automatica-copie\/#breadcrumb","itemListElement":[{"@type":"ListItem","position":1,"name":"In\u00edcio","item":"https:\/\/www.silentblocks.com\/es\/"},{"@type":"ListItem","position":2,"name":"Page boutique","item":"https:\/\/www.silentblocks.com\/es\/shop-2\/"},{"@type":"ListItem","position":3,"name":"Soporte motor delantero silentblock, Hyundai i30, Kia Ceed (Caja de cambios autom\u00e1tica)"}]},{"@type":"WebSite","@id":"https:\/\/www.silentblocks.com\/es\/#website","url":"https:\/\/www.silentblocks.com\/es\/","name":"SILENTBLOCKS","description":"Secure on the road","publisher":{"@id":"https:\/\/www.silentblocks.com\/es\/#organization"},"potentialAction":[{"@type":"SearchAction","target":{"@type":"EntryPoint","urlTemplate":"https:\/\/www.silentblocks.com\/es\/?s={search_term_string}"},"query-input":{"@type":"PropertyValueSpecification","valueRequired":true,"valueName":"search_term_string"}}],"inLanguage":"es"},{"@type":"Organization","@id":"https:\/\/www.silentblocks.com\/es\/#organization","name":"SILENTBLOCKS","url":"https:\/\/www.silentblocks.com\/es\/","logo":{"@type":"ImageObject","inLanguage":"es","@id":"https:\/\/www.silentblocks.com\/es\/#\/schema\/logo\/image\/","url":"https:\/\/www.silentblocks.com\/wp-content\/uploads\/2023\/07\/logo211-sem-fundo_2012-PARA-BOUTIQUE-EBAY.png","contentUrl":"https:\/\/www.silentblocks.com\/wp-content\/uploads\/2023\/07\/logo211-sem-fundo_2012-PARA-BOUTIQUE-EBAY.png","width":300,"height":190,"caption":"SILENTBLOCKS"},"image":{"@id":"https:\/\/www.silentblocks.com\/es\/#\/schema\/logo\/image\/"}}]}},"_links":{"self":[{"href":"https:\/\/www.silentblocks.com\/es\/wp-json\/wp\/v2\/product\/91244","targetHints":{"allow":["GET"]}}],"collection":[{"href":"https:\/\/www.silentblocks.com\/es\/wp-json\/wp\/v2\/product"}],"about":[{"href":"https:\/\/www.silentblocks.com\/es\/wp-json\/wp\/v2\/types\/product"}],"version-history":[{"count":0,"href":"https:\/\/www.silentblocks.com\/es\/wp-json\/wp\/v2\/product\/91244\/revisions"}],"wp:featuredmedia":[{"embeddable":true,"href":"https:\/\/www.silentblocks.com\/es\/wp-json\/wp\/v2\/media\/91216"}],"wp:attachment":[{"href":"https:\/\/www.silentblocks.com\/es\/wp-json\/wp\/v2\/media?parent=91244"}],"wp:term":[{"taxonomy":"product_brand","embeddable":true,"href":"https:\/\/www.silentblocks.com\/es\/wp-json\/wp\/v2\/product_brand?post=91244"},{"taxonomy":"product_cat","embeddable":true,"href":"https:\/\/www.silentblocks.com\/es\/wp-json\/wp\/v2\/product_cat?post=91244"},{"taxonomy":"product_tag","embeddable":true,"href":"https:\/\/www.silentblocks.com\/es\/wp-json\/wp\/v2\/product_tag?post=91244"}],"curies":[{"name":"wp","href":"https:\/\/api.w.org\/{rel}","templated":true}]}}