{"id":91928,"date":"2024-07-06T20:19:43","date_gmt":"2024-07-06T20:19:43","guid":{"rendered":"https:\/\/www.silentblocks.com\/product\/pastillas-de-muelle-delanteras-rav4-prius-previa\/"},"modified":"2026-02-17T21:45:29","modified_gmt":"2026-02-17T21:45:29","slug":"pastillas-de-muelle-delanteras-rav4-prius-previa","status":"publish","type":"product","link":"https:\/\/www.silentblocks.com\/es\/producto\/pastillas-de-muelle-delanteras-rav4-prius-previa\/","title":{"rendered":"Pastillas de muelle delanteras, RAV4, Prius, Previa"},"content":{"rendered":"<p>Placas superiores del muelle\/amortiguador delantero, compatibles con los siguientes veh\u00edculos:<br \/>\n&gt;Toyota RAV4 (2012 )<br \/>\nModelo _A4_<br \/>\nToyota Prius V (2009-2018)<br \/>\nModelos: _W3_, _W4_<br \/>\nToyota Previa (2005-)<br \/>\nModelos _R2_, _R5_<\/p>\n<p>Referencias del fabricante (c\u00f3digo OEM) s\u00f3lo a t\u00edtulo informativo :<br \/>\n48471-42010<\/p>\n<p>Piezas nuevas, se vende con factura. Todos nuestros productos tienen 2 a\u00f1os de garant\u00eda.<\/p>\n","protected":false},"excerpt":{"rendered":"<p>Placas superiores del muelle\/amortiguador delantero, compatibles con los siguientes veh\u00edculos: &gt;Toyota RAV4 (2012 ) Modelo _A4_ Toyota Prius V (2009-2018) Modelos: _W3_, _W4_ Toyota Previa (2005-) Modelos _R2_, _R5_ Referencias del fabricante (c\u00f3digo OEM) s\u00f3lo a t\u00edtulo informativo : 48471-42010 Piezas nuevas, se vende con factura. Todos nuestros productos tienen 2 a\u00f1os de garant\u00eda.<\/p>\n","protected":false},"featured_media":91919,"template":"","meta":[],"product_brand":[],"product_cat":[2250,4113,3680,3693],"product_tag":[],"class_list":{"0":"post-91928","1":"product","2":"type-product","3":"status-publish","4":"has-post-thumbnail","6":"product_cat-toyota-es","7":"product_cat-prius-2009-2018-es","8":"product_cat-rav4-es","9":"product_cat-rav4-2013-es","11":"first","12":"instock","13":"shipping-taxable","14":"purchasable","15":"product-type-simple"},"yoast_head":"<!-- This site is optimized with the Yoast SEO Premium plugin v23.0 (Yoast SEO v27.4) - https:\/\/yoast.com\/product\/yoast-seo-premium-wordpress\/ -->\n<title>Pastillas de muelle delanteras, RAV4, Prius, Previa - SILENT BLOCKS<\/title>\n<meta name=\"description\" content=\"Pastillas de muelle delanteras para Toyota RAV4, Prius, Previa, oem 48471-42010\" \/>\n<meta name=\"robots\" content=\"index, follow, max-snippet:-1, max-image-preview:large, max-video-preview:-1\" \/>\n<link rel=\"canonical\" href=\"https:\/\/www.silentblocks.com\/es\/producto\/pastillas-de-muelle-delanteras-rav4-prius-previa\/\" \/>\n<meta property=\"og:locale\" content=\"es_ES\" \/>\n<meta property=\"og:type\" content=\"article\" \/>\n<meta property=\"og:title\" content=\"Pastillas de muelle delanteras, RAV4, Prius, Previa\" \/>\n<meta property=\"og:description\" content=\"Pastillas de muelle delanteras para Toyota RAV4, Prius, Previa, oem 48471-42010\" \/>\n<meta property=\"og:url\" content=\"https:\/\/www.silentblocks.com\/es\/producto\/pastillas-de-muelle-delanteras-rav4-prius-previa\/\" \/>\n<meta property=\"og:site_name\" content=\"SILENT BLOCKS\" \/>\n<meta property=\"article:modified_time\" content=\"2026-02-17T21:45:29+00:00\" \/>\n<meta property=\"og:image\" content=\"https:\/\/www.silentblocks.com\/wp-content\/uploads\/2026\/02\/patin-ressort-rav4.jpg\" \/>\n\t<meta property=\"og:image:width\" content=\"1000\" \/>\n\t<meta property=\"og:image:height\" content=\"1000\" \/>\n\t<meta property=\"og:image:type\" content=\"image\/jpeg\" \/>\n<meta name=\"twitter:card\" content=\"summary_large_image\" \/>\n<script type=\"application\/ld+json\" class=\"yoast-schema-graph\">{\"@context\":\"https:\\\/\\\/schema.org\",\"@graph\":[{\"@type\":\"WebPage\",\"@id\":\"https:\\\/\\\/www.silentblocks.com\\\/es\\\/producto\\\/pastillas-de-muelle-delanteras-rav4-prius-previa\\\/\",\"url\":\"https:\\\/\\\/www.silentblocks.com\\\/es\\\/producto\\\/pastillas-de-muelle-delanteras-rav4-prius-previa\\\/\",\"name\":\"Pastillas de muelle delanteras, RAV4, Prius, Previa - SILENT BLOCKS\",\"isPartOf\":{\"@id\":\"https:\\\/\\\/www.silentblocks.com\\\/es\\\/#website\"},\"primaryImageOfPage\":{\"@id\":\"https:\\\/\\\/www.silentblocks.com\\\/es\\\/producto\\\/pastillas-de-muelle-delanteras-rav4-prius-previa\\\/#primaryimage\"},\"image\":{\"@id\":\"https:\\\/\\\/www.silentblocks.com\\\/es\\\/producto\\\/pastillas-de-muelle-delanteras-rav4-prius-previa\\\/#primaryimage\"},\"thumbnailUrl\":\"https:\\\/\\\/www.silentblocks.com\\\/wp-content\\\/uploads\\\/2026\\\/02\\\/patin-ressort-rav4.jpg\",\"datePublished\":\"2024-07-06T20:19:43+00:00\",\"dateModified\":\"2026-02-17T21:45:29+00:00\",\"description\":\"Pastillas de muelle delanteras para Toyota RAV4, Prius, Previa, oem 48471-42010\",\"breadcrumb\":{\"@id\":\"https:\\\/\\\/www.silentblocks.com\\\/es\\\/producto\\\/pastillas-de-muelle-delanteras-rav4-prius-previa\\\/#breadcrumb\"},\"inLanguage\":\"es\",\"potentialAction\":[{\"@type\":\"ReadAction\",\"target\":[\"https:\\\/\\\/www.silentblocks.com\\\/es\\\/producto\\\/pastillas-de-muelle-delanteras-rav4-prius-previa\\\/\"]}]},{\"@type\":\"ImageObject\",\"inLanguage\":\"es\",\"@id\":\"https:\\\/\\\/www.silentblocks.com\\\/es\\\/producto\\\/pastillas-de-muelle-delanteras-rav4-prius-previa\\\/#primaryimage\",\"url\":\"https:\\\/\\\/www.silentblocks.com\\\/wp-content\\\/uploads\\\/2026\\\/02\\\/patin-ressort-rav4.jpg\",\"contentUrl\":\"https:\\\/\\\/www.silentblocks.com\\\/wp-content\\\/uploads\\\/2026\\\/02\\\/patin-ressort-rav4.jpg\",\"width\":1000,\"height\":1000},{\"@type\":\"BreadcrumbList\",\"@id\":\"https:\\\/\\\/www.silentblocks.com\\\/es\\\/producto\\\/pastillas-de-muelle-delanteras-rav4-prius-previa\\\/#breadcrumb\",\"itemListElement\":[{\"@type\":\"ListItem\",\"position\":1,\"name\":\"In\u00edcio\",\"item\":\"https:\\\/\\\/www.silentblocks.com\\\/es\\\/\"},{\"@type\":\"ListItem\",\"position\":2,\"name\":\"Page boutique\",\"item\":\"https:\\\/\\\/www.silentblocks.com\\\/es\\\/shop-2\\\/\"},{\"@type\":\"ListItem\",\"position\":3,\"name\":\"Pastillas de muelle delanteras, RAV4, Prius, Previa\"}]},{\"@type\":\"WebSite\",\"@id\":\"https:\\\/\\\/www.silentblocks.com\\\/es\\\/#website\",\"url\":\"https:\\\/\\\/www.silentblocks.com\\\/es\\\/\",\"name\":\"SILENTBLOCKS\",\"description\":\"Secure on the road\",\"publisher\":{\"@id\":\"https:\\\/\\\/www.silentblocks.com\\\/es\\\/#organization\"},\"potentialAction\":[{\"@type\":\"SearchAction\",\"target\":{\"@type\":\"EntryPoint\",\"urlTemplate\":\"https:\\\/\\\/www.silentblocks.com\\\/es\\\/?s={search_term_string}\"},\"query-input\":{\"@type\":\"PropertyValueSpecification\",\"valueRequired\":true,\"valueName\":\"search_term_string\"}}],\"inLanguage\":\"es\"},{\"@type\":\"Organization\",\"@id\":\"https:\\\/\\\/www.silentblocks.com\\\/es\\\/#organization\",\"name\":\"SILENTBLOCKS\",\"url\":\"https:\\\/\\\/www.silentblocks.com\\\/es\\\/\",\"logo\":{\"@type\":\"ImageObject\",\"inLanguage\":\"es\",\"@id\":\"https:\\\/\\\/www.silentblocks.com\\\/es\\\/#\\\/schema\\\/logo\\\/image\\\/\",\"url\":\"https:\\\/\\\/www.silentblocks.com\\\/wp-content\\\/uploads\\\/2023\\\/07\\\/logo211-sem-fundo_2012-PARA-BOUTIQUE-EBAY.png\",\"contentUrl\":\"https:\\\/\\\/www.silentblocks.com\\\/wp-content\\\/uploads\\\/2023\\\/07\\\/logo211-sem-fundo_2012-PARA-BOUTIQUE-EBAY.png\",\"width\":300,\"height\":190,\"caption\":\"SILENTBLOCKS\"},\"image\":{\"@id\":\"https:\\\/\\\/www.silentblocks.com\\\/es\\\/#\\\/schema\\\/logo\\\/image\\\/\"}}]}<\/script>\n<!-- \/ Yoast SEO Premium plugin. -->","yoast_head_json":{"title":"Pastillas de muelle delanteras, RAV4, Prius, Previa - SILENT BLOCKS","description":"Pastillas de muelle delanteras para Toyota RAV4, Prius, Previa, oem 48471-42010","robots":{"index":"index","follow":"follow","max-snippet":"max-snippet:-1","max-image-preview":"max-image-preview:large","max-video-preview":"max-video-preview:-1"},"canonical":"https:\/\/www.silentblocks.com\/es\/producto\/pastillas-de-muelle-delanteras-rav4-prius-previa\/","og_locale":"es_ES","og_type":"article","og_title":"Pastillas de muelle delanteras, RAV4, Prius, Previa","og_description":"Pastillas de muelle delanteras para Toyota RAV4, Prius, Previa, oem 48471-42010","og_url":"https:\/\/www.silentblocks.com\/es\/producto\/pastillas-de-muelle-delanteras-rav4-prius-previa\/","og_site_name":"SILENT BLOCKS","article_modified_time":"2026-02-17T21:45:29+00:00","og_image":[{"width":1000,"height":1000,"url":"https:\/\/www.silentblocks.com\/wp-content\/uploads\/2026\/02\/patin-ressort-rav4.jpg","type":"image\/jpeg"}],"twitter_card":"summary_large_image","schema":{"@context":"https:\/\/schema.org","@graph":[{"@type":"WebPage","@id":"https:\/\/www.silentblocks.com\/es\/producto\/pastillas-de-muelle-delanteras-rav4-prius-previa\/","url":"https:\/\/www.silentblocks.com\/es\/producto\/pastillas-de-muelle-delanteras-rav4-prius-previa\/","name":"Pastillas de muelle delanteras, RAV4, Prius, Previa - SILENT BLOCKS","isPartOf":{"@id":"https:\/\/www.silentblocks.com\/es\/#website"},"primaryImageOfPage":{"@id":"https:\/\/www.silentblocks.com\/es\/producto\/pastillas-de-muelle-delanteras-rav4-prius-previa\/#primaryimage"},"image":{"@id":"https:\/\/www.silentblocks.com\/es\/producto\/pastillas-de-muelle-delanteras-rav4-prius-previa\/#primaryimage"},"thumbnailUrl":"https:\/\/www.silentblocks.com\/wp-content\/uploads\/2026\/02\/patin-ressort-rav4.jpg","datePublished":"2024-07-06T20:19:43+00:00","dateModified":"2026-02-17T21:45:29+00:00","description":"Pastillas de muelle delanteras para Toyota RAV4, Prius, Previa, oem 48471-42010","breadcrumb":{"@id":"https:\/\/www.silentblocks.com\/es\/producto\/pastillas-de-muelle-delanteras-rav4-prius-previa\/#breadcrumb"},"inLanguage":"es","potentialAction":[{"@type":"ReadAction","target":["https:\/\/www.silentblocks.com\/es\/producto\/pastillas-de-muelle-delanteras-rav4-prius-previa\/"]}]},{"@type":"ImageObject","inLanguage":"es","@id":"https:\/\/www.silentblocks.com\/es\/producto\/pastillas-de-muelle-delanteras-rav4-prius-previa\/#primaryimage","url":"https:\/\/www.silentblocks.com\/wp-content\/uploads\/2026\/02\/patin-ressort-rav4.jpg","contentUrl":"https:\/\/www.silentblocks.com\/wp-content\/uploads\/2026\/02\/patin-ressort-rav4.jpg","width":1000,"height":1000},{"@type":"BreadcrumbList","@id":"https:\/\/www.silentblocks.com\/es\/producto\/pastillas-de-muelle-delanteras-rav4-prius-previa\/#breadcrumb","itemListElement":[{"@type":"ListItem","position":1,"name":"In\u00edcio","item":"https:\/\/www.silentblocks.com\/es\/"},{"@type":"ListItem","position":2,"name":"Page boutique","item":"https:\/\/www.silentblocks.com\/es\/shop-2\/"},{"@type":"ListItem","position":3,"name":"Pastillas de muelle delanteras, RAV4, Prius, Previa"}]},{"@type":"WebSite","@id":"https:\/\/www.silentblocks.com\/es\/#website","url":"https:\/\/www.silentblocks.com\/es\/","name":"SILENTBLOCKS","description":"Secure on the road","publisher":{"@id":"https:\/\/www.silentblocks.com\/es\/#organization"},"potentialAction":[{"@type":"SearchAction","target":{"@type":"EntryPoint","urlTemplate":"https:\/\/www.silentblocks.com\/es\/?s={search_term_string}"},"query-input":{"@type":"PropertyValueSpecification","valueRequired":true,"valueName":"search_term_string"}}],"inLanguage":"es"},{"@type":"Organization","@id":"https:\/\/www.silentblocks.com\/es\/#organization","name":"SILENTBLOCKS","url":"https:\/\/www.silentblocks.com\/es\/","logo":{"@type":"ImageObject","inLanguage":"es","@id":"https:\/\/www.silentblocks.com\/es\/#\/schema\/logo\/image\/","url":"https:\/\/www.silentblocks.com\/wp-content\/uploads\/2023\/07\/logo211-sem-fundo_2012-PARA-BOUTIQUE-EBAY.png","contentUrl":"https:\/\/www.silentblocks.com\/wp-content\/uploads\/2023\/07\/logo211-sem-fundo_2012-PARA-BOUTIQUE-EBAY.png","width":300,"height":190,"caption":"SILENTBLOCKS"},"image":{"@id":"https:\/\/www.silentblocks.com\/es\/#\/schema\/logo\/image\/"}}]}},"_links":{"self":[{"href":"https:\/\/www.silentblocks.com\/es\/wp-json\/wp\/v2\/product\/91928","targetHints":{"allow":["GET"]}}],"collection":[{"href":"https:\/\/www.silentblocks.com\/es\/wp-json\/wp\/v2\/product"}],"about":[{"href":"https:\/\/www.silentblocks.com\/es\/wp-json\/wp\/v2\/types\/product"}],"version-history":[{"count":0,"href":"https:\/\/www.silentblocks.com\/es\/wp-json\/wp\/v2\/product\/91928\/revisions"}],"wp:featuredmedia":[{"embeddable":true,"href":"https:\/\/www.silentblocks.com\/es\/wp-json\/wp\/v2\/media\/91919"}],"wp:attachment":[{"href":"https:\/\/www.silentblocks.com\/es\/wp-json\/wp\/v2\/media?parent=91928"}],"wp:term":[{"taxonomy":"product_brand","embeddable":true,"href":"https:\/\/www.silentblocks.com\/es\/wp-json\/wp\/v2\/product_brand?post=91928"},{"taxonomy":"product_cat","embeddable":true,"href":"https:\/\/www.silentblocks.com\/es\/wp-json\/wp\/v2\/product_cat?post=91928"},{"taxonomy":"product_tag","embeddable":true,"href":"https:\/\/www.silentblocks.com\/es\/wp-json\/wp\/v2\/product_tag?post=91928"}],"curies":[{"name":"wp","href":"https:\/\/api.w.org\/{rel}","templated":true}]}}