{"id":92720,"date":"2024-08-19T17:58:32","date_gmt":"2024-08-19T17:58:32","guid":{"rendered":"https:\/\/www.silentblocks.com\/product\/silentblocks-brazos-inferiores-delanteros-dacia-duster-hs\/"},"modified":"2026-02-17T21:47:18","modified_gmt":"2026-02-17T21:47:18","slug":"silentblocks-brazos-inferiores-delanteros-dacia-duster-hs","status":"publish","type":"product","link":"https:\/\/www.silentblocks.com\/es\/producto\/silentblocks-brazos-inferiores-delanteros-dacia-duster-hs\/","title":{"rendered":"Silentblocks brazos inferiores delanteros, Dacia Duster HS"},"content":{"rendered":"<p>Silentblocks para ambos trapecios inferiores delanteros, compatibles con los siguientes veh\u00edculos: Dacia Duster (04.2010-01.2018) Modelos: HS N\u00fameros de pieza del fabricante (c\u00f3digo OEM) para informaci\u00f3n: 545011697R, 54 50 001 38R, 54 50 015 35R, 54 50 065 42R, 54 50 116 97R, 54 50 167 46 R, 54 50 199 69R, 54 56 027 88R Piezas nuevas, se venden con factura. Todos nuestros productos tienen 2 a\u00f1os de garant\u00eda.<\/p>\n","protected":false},"excerpt":{"rendered":"<p>Silentblocks para ambos trapecios inferiores delanteros, compatibles con los siguientes veh\u00edculos: Dacia Duster (04.2010-01.2018) Modelos: HS N\u00fameros de pieza del fabricante (c\u00f3digo OEM) para informaci\u00f3n: 545011697R, 54 50 001 38R, 54 50 015 35R, 54 50 065 42R, 54 50 116 97R, 54 50 167 46 R, 54 50 199 69R, 54 56 027 88R [&hellip;]<\/p>\n","protected":false},"featured_media":92712,"template":"","meta":[],"product_brand":[],"product_cat":[2151,2489],"product_tag":[],"class_list":{"0":"post-92720","1":"product","2":"type-product","3":"status-publish","4":"has-post-thumbnail","6":"product_cat-dacia-es","7":"product_cat-duster-es","9":"first","10":"instock","11":"shipping-taxable","12":"purchasable","13":"product-type-simple"},"yoast_head":"<!-- This site is optimized with the Yoast SEO Premium plugin v23.0 (Yoast SEO v27.4) - https:\/\/yoast.com\/product\/yoast-seo-premium-wordpress\/ -->\n<title>Silentblocks brazos inferiores delanteros, Dacia Duster HS - SILENT BLOCKS<\/title>\n<meta name=\"description\" content=\"Bujes del brazo inferior delantero para Dacia Duster HS, oem 545011697R, 54 50 001 38R, 54 50 015 35R, 54 50 065 42R, 54 50 116 97R\" \/>\n<meta name=\"robots\" content=\"index, follow, max-snippet:-1, max-image-preview:large, max-video-preview:-1\" \/>\n<link rel=\"canonical\" href=\"https:\/\/www.silentblocks.com\/es\/producto\/silentblocks-brazos-inferiores-delanteros-dacia-duster-hs\/\" \/>\n<meta property=\"og:locale\" content=\"es_ES\" \/>\n<meta property=\"og:type\" content=\"article\" \/>\n<meta property=\"og:title\" content=\"Silentblocks brazos inferiores delanteros, Dacia Duster HS\" \/>\n<meta property=\"og:description\" content=\"Bujes del brazo inferior delantero para Dacia Duster HS, oem 545011697R, 54 50 001 38R, 54 50 015 35R, 54 50 065 42R, 54 50 116 97R\" \/>\n<meta property=\"og:url\" content=\"https:\/\/www.silentblocks.com\/es\/producto\/silentblocks-brazos-inferiores-delanteros-dacia-duster-hs\/\" \/>\n<meta property=\"og:site_name\" content=\"SILENT BLOCKS\" \/>\n<meta property=\"article:modified_time\" content=\"2026-02-17T21:47:18+00:00\" \/>\n<meta property=\"og:image\" content=\"https:\/\/www.silentblocks.com\/wp-content\/uploads\/2026\/02\/silentbloc-du-bras-inferieur-avant-duster-545011697R.jpg\" \/>\n\t<meta property=\"og:image:width\" content=\"1000\" \/>\n\t<meta property=\"og:image:height\" content=\"1000\" \/>\n\t<meta property=\"og:image:type\" content=\"image\/jpeg\" \/>\n<meta name=\"twitter:card\" content=\"summary_large_image\" \/>\n<script type=\"application\/ld+json\" class=\"yoast-schema-graph\">{\"@context\":\"https:\\\/\\\/schema.org\",\"@graph\":[{\"@type\":\"WebPage\",\"@id\":\"https:\\\/\\\/www.silentblocks.com\\\/es\\\/producto\\\/silentblocks-brazos-inferiores-delanteros-dacia-duster-hs\\\/\",\"url\":\"https:\\\/\\\/www.silentblocks.com\\\/es\\\/producto\\\/silentblocks-brazos-inferiores-delanteros-dacia-duster-hs\\\/\",\"name\":\"Silentblocks brazos inferiores delanteros, Dacia Duster HS - SILENT BLOCKS\",\"isPartOf\":{\"@id\":\"https:\\\/\\\/www.silentblocks.com\\\/es\\\/#website\"},\"primaryImageOfPage\":{\"@id\":\"https:\\\/\\\/www.silentblocks.com\\\/es\\\/producto\\\/silentblocks-brazos-inferiores-delanteros-dacia-duster-hs\\\/#primaryimage\"},\"image\":{\"@id\":\"https:\\\/\\\/www.silentblocks.com\\\/es\\\/producto\\\/silentblocks-brazos-inferiores-delanteros-dacia-duster-hs\\\/#primaryimage\"},\"thumbnailUrl\":\"https:\\\/\\\/www.silentblocks.com\\\/wp-content\\\/uploads\\\/2026\\\/02\\\/silentbloc-du-bras-inferieur-avant-duster-545011697R.jpg\",\"datePublished\":\"2024-08-19T17:58:32+00:00\",\"dateModified\":\"2026-02-17T21:47:18+00:00\",\"description\":\"Bujes del brazo inferior delantero para Dacia Duster HS, oem 545011697R, 54 50 001 38R, 54 50 015 35R, 54 50 065 42R, 54 50 116 97R\",\"breadcrumb\":{\"@id\":\"https:\\\/\\\/www.silentblocks.com\\\/es\\\/producto\\\/silentblocks-brazos-inferiores-delanteros-dacia-duster-hs\\\/#breadcrumb\"},\"inLanguage\":\"es\",\"potentialAction\":[{\"@type\":\"ReadAction\",\"target\":[\"https:\\\/\\\/www.silentblocks.com\\\/es\\\/producto\\\/silentblocks-brazos-inferiores-delanteros-dacia-duster-hs\\\/\"]}]},{\"@type\":\"ImageObject\",\"inLanguage\":\"es\",\"@id\":\"https:\\\/\\\/www.silentblocks.com\\\/es\\\/producto\\\/silentblocks-brazos-inferiores-delanteros-dacia-duster-hs\\\/#primaryimage\",\"url\":\"https:\\\/\\\/www.silentblocks.com\\\/wp-content\\\/uploads\\\/2026\\\/02\\\/silentbloc-du-bras-inferieur-avant-duster-545011697R.jpg\",\"contentUrl\":\"https:\\\/\\\/www.silentblocks.com\\\/wp-content\\\/uploads\\\/2026\\\/02\\\/silentbloc-du-bras-inferieur-avant-duster-545011697R.jpg\",\"width\":1000,\"height\":1000},{\"@type\":\"BreadcrumbList\",\"@id\":\"https:\\\/\\\/www.silentblocks.com\\\/es\\\/producto\\\/silentblocks-brazos-inferiores-delanteros-dacia-duster-hs\\\/#breadcrumb\",\"itemListElement\":[{\"@type\":\"ListItem\",\"position\":1,\"name\":\"In\u00edcio\",\"item\":\"https:\\\/\\\/www.silentblocks.com\\\/es\\\/\"},{\"@type\":\"ListItem\",\"position\":2,\"name\":\"Page boutique\",\"item\":\"https:\\\/\\\/www.silentblocks.com\\\/es\\\/shop-2\\\/\"},{\"@type\":\"ListItem\",\"position\":3,\"name\":\"Silentblocks brazos inferiores delanteros, Dacia Duster HS\"}]},{\"@type\":\"WebSite\",\"@id\":\"https:\\\/\\\/www.silentblocks.com\\\/es\\\/#website\",\"url\":\"https:\\\/\\\/www.silentblocks.com\\\/es\\\/\",\"name\":\"SILENTBLOCKS\",\"description\":\"Secure on the road\",\"publisher\":{\"@id\":\"https:\\\/\\\/www.silentblocks.com\\\/es\\\/#organization\"},\"potentialAction\":[{\"@type\":\"SearchAction\",\"target\":{\"@type\":\"EntryPoint\",\"urlTemplate\":\"https:\\\/\\\/www.silentblocks.com\\\/es\\\/?s={search_term_string}\"},\"query-input\":{\"@type\":\"PropertyValueSpecification\",\"valueRequired\":true,\"valueName\":\"search_term_string\"}}],\"inLanguage\":\"es\"},{\"@type\":\"Organization\",\"@id\":\"https:\\\/\\\/www.silentblocks.com\\\/es\\\/#organization\",\"name\":\"SILENTBLOCKS\",\"url\":\"https:\\\/\\\/www.silentblocks.com\\\/es\\\/\",\"logo\":{\"@type\":\"ImageObject\",\"inLanguage\":\"es\",\"@id\":\"https:\\\/\\\/www.silentblocks.com\\\/es\\\/#\\\/schema\\\/logo\\\/image\\\/\",\"url\":\"https:\\\/\\\/www.silentblocks.com\\\/wp-content\\\/uploads\\\/2023\\\/07\\\/logo211-sem-fundo_2012-PARA-BOUTIQUE-EBAY.png\",\"contentUrl\":\"https:\\\/\\\/www.silentblocks.com\\\/wp-content\\\/uploads\\\/2023\\\/07\\\/logo211-sem-fundo_2012-PARA-BOUTIQUE-EBAY.png\",\"width\":300,\"height\":190,\"caption\":\"SILENTBLOCKS\"},\"image\":{\"@id\":\"https:\\\/\\\/www.silentblocks.com\\\/es\\\/#\\\/schema\\\/logo\\\/image\\\/\"}}]}<\/script>\n<!-- \/ Yoast SEO Premium plugin. -->","yoast_head_json":{"title":"Silentblocks brazos inferiores delanteros, Dacia Duster HS - SILENT BLOCKS","description":"Bujes del brazo inferior delantero para Dacia Duster HS, oem 545011697R, 54 50 001 38R, 54 50 015 35R, 54 50 065 42R, 54 50 116 97R","robots":{"index":"index","follow":"follow","max-snippet":"max-snippet:-1","max-image-preview":"max-image-preview:large","max-video-preview":"max-video-preview:-1"},"canonical":"https:\/\/www.silentblocks.com\/es\/producto\/silentblocks-brazos-inferiores-delanteros-dacia-duster-hs\/","og_locale":"es_ES","og_type":"article","og_title":"Silentblocks brazos inferiores delanteros, Dacia Duster HS","og_description":"Bujes del brazo inferior delantero para Dacia Duster HS, oem 545011697R, 54 50 001 38R, 54 50 015 35R, 54 50 065 42R, 54 50 116 97R","og_url":"https:\/\/www.silentblocks.com\/es\/producto\/silentblocks-brazos-inferiores-delanteros-dacia-duster-hs\/","og_site_name":"SILENT BLOCKS","article_modified_time":"2026-02-17T21:47:18+00:00","og_image":[{"width":1000,"height":1000,"url":"https:\/\/www.silentblocks.com\/wp-content\/uploads\/2026\/02\/silentbloc-du-bras-inferieur-avant-duster-545011697R.jpg","type":"image\/jpeg"}],"twitter_card":"summary_large_image","schema":{"@context":"https:\/\/schema.org","@graph":[{"@type":"WebPage","@id":"https:\/\/www.silentblocks.com\/es\/producto\/silentblocks-brazos-inferiores-delanteros-dacia-duster-hs\/","url":"https:\/\/www.silentblocks.com\/es\/producto\/silentblocks-brazos-inferiores-delanteros-dacia-duster-hs\/","name":"Silentblocks brazos inferiores delanteros, Dacia Duster HS - SILENT BLOCKS","isPartOf":{"@id":"https:\/\/www.silentblocks.com\/es\/#website"},"primaryImageOfPage":{"@id":"https:\/\/www.silentblocks.com\/es\/producto\/silentblocks-brazos-inferiores-delanteros-dacia-duster-hs\/#primaryimage"},"image":{"@id":"https:\/\/www.silentblocks.com\/es\/producto\/silentblocks-brazos-inferiores-delanteros-dacia-duster-hs\/#primaryimage"},"thumbnailUrl":"https:\/\/www.silentblocks.com\/wp-content\/uploads\/2026\/02\/silentbloc-du-bras-inferieur-avant-duster-545011697R.jpg","datePublished":"2024-08-19T17:58:32+00:00","dateModified":"2026-02-17T21:47:18+00:00","description":"Bujes del brazo inferior delantero para Dacia Duster HS, oem 545011697R, 54 50 001 38R, 54 50 015 35R, 54 50 065 42R, 54 50 116 97R","breadcrumb":{"@id":"https:\/\/www.silentblocks.com\/es\/producto\/silentblocks-brazos-inferiores-delanteros-dacia-duster-hs\/#breadcrumb"},"inLanguage":"es","potentialAction":[{"@type":"ReadAction","target":["https:\/\/www.silentblocks.com\/es\/producto\/silentblocks-brazos-inferiores-delanteros-dacia-duster-hs\/"]}]},{"@type":"ImageObject","inLanguage":"es","@id":"https:\/\/www.silentblocks.com\/es\/producto\/silentblocks-brazos-inferiores-delanteros-dacia-duster-hs\/#primaryimage","url":"https:\/\/www.silentblocks.com\/wp-content\/uploads\/2026\/02\/silentbloc-du-bras-inferieur-avant-duster-545011697R.jpg","contentUrl":"https:\/\/www.silentblocks.com\/wp-content\/uploads\/2026\/02\/silentbloc-du-bras-inferieur-avant-duster-545011697R.jpg","width":1000,"height":1000},{"@type":"BreadcrumbList","@id":"https:\/\/www.silentblocks.com\/es\/producto\/silentblocks-brazos-inferiores-delanteros-dacia-duster-hs\/#breadcrumb","itemListElement":[{"@type":"ListItem","position":1,"name":"In\u00edcio","item":"https:\/\/www.silentblocks.com\/es\/"},{"@type":"ListItem","position":2,"name":"Page boutique","item":"https:\/\/www.silentblocks.com\/es\/shop-2\/"},{"@type":"ListItem","position":3,"name":"Silentblocks brazos inferiores delanteros, Dacia Duster HS"}]},{"@type":"WebSite","@id":"https:\/\/www.silentblocks.com\/es\/#website","url":"https:\/\/www.silentblocks.com\/es\/","name":"SILENTBLOCKS","description":"Secure on the road","publisher":{"@id":"https:\/\/www.silentblocks.com\/es\/#organization"},"potentialAction":[{"@type":"SearchAction","target":{"@type":"EntryPoint","urlTemplate":"https:\/\/www.silentblocks.com\/es\/?s={search_term_string}"},"query-input":{"@type":"PropertyValueSpecification","valueRequired":true,"valueName":"search_term_string"}}],"inLanguage":"es"},{"@type":"Organization","@id":"https:\/\/www.silentblocks.com\/es\/#organization","name":"SILENTBLOCKS","url":"https:\/\/www.silentblocks.com\/es\/","logo":{"@type":"ImageObject","inLanguage":"es","@id":"https:\/\/www.silentblocks.com\/es\/#\/schema\/logo\/image\/","url":"https:\/\/www.silentblocks.com\/wp-content\/uploads\/2023\/07\/logo211-sem-fundo_2012-PARA-BOUTIQUE-EBAY.png","contentUrl":"https:\/\/www.silentblocks.com\/wp-content\/uploads\/2023\/07\/logo211-sem-fundo_2012-PARA-BOUTIQUE-EBAY.png","width":300,"height":190,"caption":"SILENTBLOCKS"},"image":{"@id":"https:\/\/www.silentblocks.com\/es\/#\/schema\/logo\/image\/"}}]}},"_links":{"self":[{"href":"https:\/\/www.silentblocks.com\/es\/wp-json\/wp\/v2\/product\/92720","targetHints":{"allow":["GET"]}}],"collection":[{"href":"https:\/\/www.silentblocks.com\/es\/wp-json\/wp\/v2\/product"}],"about":[{"href":"https:\/\/www.silentblocks.com\/es\/wp-json\/wp\/v2\/types\/product"}],"version-history":[{"count":0,"href":"https:\/\/www.silentblocks.com\/es\/wp-json\/wp\/v2\/product\/92720\/revisions"}],"wp:featuredmedia":[{"embeddable":true,"href":"https:\/\/www.silentblocks.com\/es\/wp-json\/wp\/v2\/media\/92712"}],"wp:attachment":[{"href":"https:\/\/www.silentblocks.com\/es\/wp-json\/wp\/v2\/media?parent=92720"}],"wp:term":[{"taxonomy":"product_brand","embeddable":true,"href":"https:\/\/www.silentblocks.com\/es\/wp-json\/wp\/v2\/product_brand?post=92720"},{"taxonomy":"product_cat","embeddable":true,"href":"https:\/\/www.silentblocks.com\/es\/wp-json\/wp\/v2\/product_cat?post=92720"},{"taxonomy":"product_tag","embeddable":true,"href":"https:\/\/www.silentblocks.com\/es\/wp-json\/wp\/v2\/product_tag?post=92720"}],"curies":[{"name":"wp","href":"https:\/\/api.w.org\/{rel}","templated":true}]}}