{"id":93363,"date":"2024-09-22T16:12:02","date_gmt":"2024-09-22T16:12:02","guid":{"rendered":"https:\/\/www.silentblocks.com\/product\/silentblocks-en-los-trapecios-delanteros-vitara-grand-vitara-i\/"},"modified":"2026-02-17T21:48:46","modified_gmt":"2026-02-17T21:48:46","slug":"silentblocks-en-los-trapecios-delanteros-vitara-grand-vitara-i","status":"publish","type":"product","link":"https:\/\/www.silentblocks.com\/es\/producto\/silentblocks-en-los-trapecios-delanteros-vitara-grand-vitara-i\/","title":{"rendered":"Silentblocks en los trapecios delanteros, Vitara, Grand Vitara I"},"content":{"rendered":"<p>Bujes de poliuretano para ambos brazos inferiores de la suspensi\u00f3n delantera, compatibles con los siguientes veh\u00edculos: Suzuki Grand Vitara I (FT, HT) 1.6 4&#215;4 (SQ 416) 69 kW, 2.0 4&#215;4 (TA52, TL52, SQ 420) 94 kW, 2.0 HDI 110 16V 4&#215;4 (SQ 420D) 80 kW, 2.0 HDI 110 4&#215;4 (SQ 420 D ) 80 kW, 2.0 TD 4&#215;4 (SQ 420D) 64 kW, 2.5 V6 24V 4&#215;4 (TD62, SQ 625) 106 kW, 2.5 V6 24V 4&#215;4 (SQ 625) 116 kW.5 V6 24V 4&#215;4 (SQ 625) 116 kW, 2.7 4&#215;4 (JA 627) 127 kW, 2.7 4&#215;4 (TX92, JA 627) 135 kW Suzuki Vitara(ET, TA) 1.6 Tracci\u00f3n integral (SE 416) 60 kW, 1.6 Tracci\u00f3n integral (TA, TA01, SE416) 59 kW, 1.6 y 16V Tracci\u00f3n integral ( ET, TA02, SE416) 71 kW, 1.9 D Tracci\u00f3n a las cuatro ruedas (SE 419TD) 50 kW, 1.9 D Tracci\u00f3n a las cuatro ruedas (SE 419TD) 55 kW, 2.0 16V Tracci\u00f3n a las cuatro ruedas (SV420) 97 kW, 2.0 V6 24V Tracci\u00f3n a las cuatro ruedas (SV620) 100 kW, 2.0 TD Tracci\u00f3n a las cuatro ruedas (SV 420D) 52 kW, 2.0 TD Intercooler Tracci\u00f3n integral (SV 420D) 64 kW, 2.5 V6 24V Tracci\u00f3n integral (FT) 118 kW N\u00fameros de pieza del fabricante (c\u00f3digo OEM) orientativos: 09319-12044, 0931912044, 09319-14007, 0931914007 Piezas nuevas, se venden con factura. Todos nuestros productos tienen 2 a\u00f1os de garant\u00eda.<\/p>\n","protected":false},"excerpt":{"rendered":"<p>Bujes de poliuretano para ambos brazos inferiores de la suspensi\u00f3n delantera, compatibles con los siguientes veh\u00edculos: Suzuki Grand Vitara I (FT, HT) 1.6 4&#215;4 (SQ 416) 69 kW, 2.0 4&#215;4 (TA52, TL52, SQ 420) 94 kW, 2.0 HDI 110 16V 4&#215;4 (SQ 420D) 80 kW, 2.0 HDI 110 4&#215;4 (SQ 420 D ) 80 kW, [&hellip;]<\/p>\n","protected":false},"featured_media":93355,"template":"","meta":[],"product_brand":[],"product_cat":[2244,3589,1823],"product_tag":[],"class_list":{"0":"post-93363","1":"product","2":"type-product","3":"status-publish","4":"has-post-thumbnail","6":"product_cat-suzuki-es","7":"product_cat-grand-vitara-es","8":"product_cat-vitara-es","10":"first","11":"instock","12":"shipping-taxable","13":"purchasable","14":"product-type-simple"},"yoast_head":"<!-- This site is optimized with the Yoast SEO Premium plugin v23.0 (Yoast SEO v27.4) - https:\/\/yoast.com\/product\/yoast-seo-premium-wordpress\/ -->\n<title>Silentblocks en los trapecios delanteros, Vitara, Grand Vitara I - SILENT BLOCKS<\/title>\n<meta name=\"description\" content=\"Silentblocks para horquillas de suspensi\u00f3n delantera para Suzuki Vitara, Grand Vitara I, oem 09319-12044, 0931912044, 09319-14007, 0931914007\" \/>\n<meta name=\"robots\" content=\"index, follow, max-snippet:-1, max-image-preview:large, max-video-preview:-1\" \/>\n<link rel=\"canonical\" href=\"https:\/\/www.silentblocks.com\/es\/producto\/silentblocks-en-los-trapecios-delanteros-vitara-grand-vitara-i\/\" \/>\n<meta property=\"og:locale\" content=\"es_ES\" \/>\n<meta property=\"og:type\" content=\"article\" \/>\n<meta property=\"og:title\" content=\"Silentblocks en los trapecios delanteros, Vitara, Grand Vitara I\" \/>\n<meta property=\"og:description\" content=\"Silentblocks para horquillas de suspensi\u00f3n delantera para Suzuki Vitara, Grand Vitara I, oem 09319-12044, 0931912044, 09319-14007, 0931914007\" \/>\n<meta property=\"og:url\" content=\"https:\/\/www.silentblocks.com\/es\/producto\/silentblocks-en-los-trapecios-delanteros-vitara-grand-vitara-i\/\" \/>\n<meta property=\"og:site_name\" content=\"SILENT BLOCKS\" \/>\n<meta property=\"article:modified_time\" content=\"2026-02-17T21:48:46+00:00\" \/>\n<meta property=\"og:image\" content=\"https:\/\/www.silentblocks.com\/wp-content\/uploads\/2026\/02\/silentbloc-triangle-avant-vitara-I.jpg\" \/>\n\t<meta property=\"og:image:width\" content=\"1000\" \/>\n\t<meta property=\"og:image:height\" content=\"1000\" \/>\n\t<meta property=\"og:image:type\" content=\"image\/jpeg\" \/>\n<meta name=\"twitter:card\" content=\"summary_large_image\" \/>\n<meta name=\"twitter:label1\" content=\"Tiempo de lectura\" \/>\n\t<meta name=\"twitter:data1\" content=\"1 minuto\" \/>\n<script type=\"application\/ld+json\" class=\"yoast-schema-graph\">{\"@context\":\"https:\\\/\\\/schema.org\",\"@graph\":[{\"@type\":\"WebPage\",\"@id\":\"https:\\\/\\\/www.silentblocks.com\\\/es\\\/producto\\\/silentblocks-en-los-trapecios-delanteros-vitara-grand-vitara-i\\\/\",\"url\":\"https:\\\/\\\/www.silentblocks.com\\\/es\\\/producto\\\/silentblocks-en-los-trapecios-delanteros-vitara-grand-vitara-i\\\/\",\"name\":\"Silentblocks en los trapecios delanteros, Vitara, Grand Vitara I - SILENT BLOCKS\",\"isPartOf\":{\"@id\":\"https:\\\/\\\/www.silentblocks.com\\\/es\\\/#website\"},\"primaryImageOfPage\":{\"@id\":\"https:\\\/\\\/www.silentblocks.com\\\/es\\\/producto\\\/silentblocks-en-los-trapecios-delanteros-vitara-grand-vitara-i\\\/#primaryimage\"},\"image\":{\"@id\":\"https:\\\/\\\/www.silentblocks.com\\\/es\\\/producto\\\/silentblocks-en-los-trapecios-delanteros-vitara-grand-vitara-i\\\/#primaryimage\"},\"thumbnailUrl\":\"https:\\\/\\\/www.silentblocks.com\\\/wp-content\\\/uploads\\\/2026\\\/02\\\/silentbloc-triangle-avant-vitara-I.jpg\",\"datePublished\":\"2024-09-22T16:12:02+00:00\",\"dateModified\":\"2026-02-17T21:48:46+00:00\",\"description\":\"Silentblocks para horquillas de suspensi\u00f3n delantera para Suzuki Vitara, Grand Vitara I, oem 09319-12044, 0931912044, 09319-14007, 0931914007\",\"breadcrumb\":{\"@id\":\"https:\\\/\\\/www.silentblocks.com\\\/es\\\/producto\\\/silentblocks-en-los-trapecios-delanteros-vitara-grand-vitara-i\\\/#breadcrumb\"},\"inLanguage\":\"es\",\"potentialAction\":[{\"@type\":\"ReadAction\",\"target\":[\"https:\\\/\\\/www.silentblocks.com\\\/es\\\/producto\\\/silentblocks-en-los-trapecios-delanteros-vitara-grand-vitara-i\\\/\"]}]},{\"@type\":\"ImageObject\",\"inLanguage\":\"es\",\"@id\":\"https:\\\/\\\/www.silentblocks.com\\\/es\\\/producto\\\/silentblocks-en-los-trapecios-delanteros-vitara-grand-vitara-i\\\/#primaryimage\",\"url\":\"https:\\\/\\\/www.silentblocks.com\\\/wp-content\\\/uploads\\\/2026\\\/02\\\/silentbloc-triangle-avant-vitara-I.jpg\",\"contentUrl\":\"https:\\\/\\\/www.silentblocks.com\\\/wp-content\\\/uploads\\\/2026\\\/02\\\/silentbloc-triangle-avant-vitara-I.jpg\",\"width\":1000,\"height\":1000},{\"@type\":\"BreadcrumbList\",\"@id\":\"https:\\\/\\\/www.silentblocks.com\\\/es\\\/producto\\\/silentblocks-en-los-trapecios-delanteros-vitara-grand-vitara-i\\\/#breadcrumb\",\"itemListElement\":[{\"@type\":\"ListItem\",\"position\":1,\"name\":\"In\u00edcio\",\"item\":\"https:\\\/\\\/www.silentblocks.com\\\/es\\\/\"},{\"@type\":\"ListItem\",\"position\":2,\"name\":\"Page boutique\",\"item\":\"https:\\\/\\\/www.silentblocks.com\\\/es\\\/shop-2\\\/\"},{\"@type\":\"ListItem\",\"position\":3,\"name\":\"Silentblocks en los trapecios delanteros, Vitara, Grand Vitara I\"}]},{\"@type\":\"WebSite\",\"@id\":\"https:\\\/\\\/www.silentblocks.com\\\/es\\\/#website\",\"url\":\"https:\\\/\\\/www.silentblocks.com\\\/es\\\/\",\"name\":\"SILENTBLOCKS\",\"description\":\"Secure on the road\",\"publisher\":{\"@id\":\"https:\\\/\\\/www.silentblocks.com\\\/es\\\/#organization\"},\"potentialAction\":[{\"@type\":\"SearchAction\",\"target\":{\"@type\":\"EntryPoint\",\"urlTemplate\":\"https:\\\/\\\/www.silentblocks.com\\\/es\\\/?s={search_term_string}\"},\"query-input\":{\"@type\":\"PropertyValueSpecification\",\"valueRequired\":true,\"valueName\":\"search_term_string\"}}],\"inLanguage\":\"es\"},{\"@type\":\"Organization\",\"@id\":\"https:\\\/\\\/www.silentblocks.com\\\/es\\\/#organization\",\"name\":\"SILENTBLOCKS\",\"url\":\"https:\\\/\\\/www.silentblocks.com\\\/es\\\/\",\"logo\":{\"@type\":\"ImageObject\",\"inLanguage\":\"es\",\"@id\":\"https:\\\/\\\/www.silentblocks.com\\\/es\\\/#\\\/schema\\\/logo\\\/image\\\/\",\"url\":\"https:\\\/\\\/www.silentblocks.com\\\/wp-content\\\/uploads\\\/2023\\\/07\\\/logo211-sem-fundo_2012-PARA-BOUTIQUE-EBAY.png\",\"contentUrl\":\"https:\\\/\\\/www.silentblocks.com\\\/wp-content\\\/uploads\\\/2023\\\/07\\\/logo211-sem-fundo_2012-PARA-BOUTIQUE-EBAY.png\",\"width\":300,\"height\":190,\"caption\":\"SILENTBLOCKS\"},\"image\":{\"@id\":\"https:\\\/\\\/www.silentblocks.com\\\/es\\\/#\\\/schema\\\/logo\\\/image\\\/\"}}]}<\/script>\n<!-- \/ Yoast SEO Premium plugin. -->","yoast_head_json":{"title":"Silentblocks en los trapecios delanteros, Vitara, Grand Vitara I - SILENT BLOCKS","description":"Silentblocks para horquillas de suspensi\u00f3n delantera para Suzuki Vitara, Grand Vitara I, oem 09319-12044, 0931912044, 09319-14007, 0931914007","robots":{"index":"index","follow":"follow","max-snippet":"max-snippet:-1","max-image-preview":"max-image-preview:large","max-video-preview":"max-video-preview:-1"},"canonical":"https:\/\/www.silentblocks.com\/es\/producto\/silentblocks-en-los-trapecios-delanteros-vitara-grand-vitara-i\/","og_locale":"es_ES","og_type":"article","og_title":"Silentblocks en los trapecios delanteros, Vitara, Grand Vitara I","og_description":"Silentblocks para horquillas de suspensi\u00f3n delantera para Suzuki Vitara, Grand Vitara I, oem 09319-12044, 0931912044, 09319-14007, 0931914007","og_url":"https:\/\/www.silentblocks.com\/es\/producto\/silentblocks-en-los-trapecios-delanteros-vitara-grand-vitara-i\/","og_site_name":"SILENT BLOCKS","article_modified_time":"2026-02-17T21:48:46+00:00","og_image":[{"width":1000,"height":1000,"url":"https:\/\/www.silentblocks.com\/wp-content\/uploads\/2026\/02\/silentbloc-triangle-avant-vitara-I.jpg","type":"image\/jpeg"}],"twitter_card":"summary_large_image","twitter_misc":{"Tiempo de lectura":"1 minuto"},"schema":{"@context":"https:\/\/schema.org","@graph":[{"@type":"WebPage","@id":"https:\/\/www.silentblocks.com\/es\/producto\/silentblocks-en-los-trapecios-delanteros-vitara-grand-vitara-i\/","url":"https:\/\/www.silentblocks.com\/es\/producto\/silentblocks-en-los-trapecios-delanteros-vitara-grand-vitara-i\/","name":"Silentblocks en los trapecios delanteros, Vitara, Grand Vitara I - SILENT BLOCKS","isPartOf":{"@id":"https:\/\/www.silentblocks.com\/es\/#website"},"primaryImageOfPage":{"@id":"https:\/\/www.silentblocks.com\/es\/producto\/silentblocks-en-los-trapecios-delanteros-vitara-grand-vitara-i\/#primaryimage"},"image":{"@id":"https:\/\/www.silentblocks.com\/es\/producto\/silentblocks-en-los-trapecios-delanteros-vitara-grand-vitara-i\/#primaryimage"},"thumbnailUrl":"https:\/\/www.silentblocks.com\/wp-content\/uploads\/2026\/02\/silentbloc-triangle-avant-vitara-I.jpg","datePublished":"2024-09-22T16:12:02+00:00","dateModified":"2026-02-17T21:48:46+00:00","description":"Silentblocks para horquillas de suspensi\u00f3n delantera para Suzuki Vitara, Grand Vitara I, oem 09319-12044, 0931912044, 09319-14007, 0931914007","breadcrumb":{"@id":"https:\/\/www.silentblocks.com\/es\/producto\/silentblocks-en-los-trapecios-delanteros-vitara-grand-vitara-i\/#breadcrumb"},"inLanguage":"es","potentialAction":[{"@type":"ReadAction","target":["https:\/\/www.silentblocks.com\/es\/producto\/silentblocks-en-los-trapecios-delanteros-vitara-grand-vitara-i\/"]}]},{"@type":"ImageObject","inLanguage":"es","@id":"https:\/\/www.silentblocks.com\/es\/producto\/silentblocks-en-los-trapecios-delanteros-vitara-grand-vitara-i\/#primaryimage","url":"https:\/\/www.silentblocks.com\/wp-content\/uploads\/2026\/02\/silentbloc-triangle-avant-vitara-I.jpg","contentUrl":"https:\/\/www.silentblocks.com\/wp-content\/uploads\/2026\/02\/silentbloc-triangle-avant-vitara-I.jpg","width":1000,"height":1000},{"@type":"BreadcrumbList","@id":"https:\/\/www.silentblocks.com\/es\/producto\/silentblocks-en-los-trapecios-delanteros-vitara-grand-vitara-i\/#breadcrumb","itemListElement":[{"@type":"ListItem","position":1,"name":"In\u00edcio","item":"https:\/\/www.silentblocks.com\/es\/"},{"@type":"ListItem","position":2,"name":"Page boutique","item":"https:\/\/www.silentblocks.com\/es\/shop-2\/"},{"@type":"ListItem","position":3,"name":"Silentblocks en los trapecios delanteros, Vitara, Grand Vitara I"}]},{"@type":"WebSite","@id":"https:\/\/www.silentblocks.com\/es\/#website","url":"https:\/\/www.silentblocks.com\/es\/","name":"SILENTBLOCKS","description":"Secure on the road","publisher":{"@id":"https:\/\/www.silentblocks.com\/es\/#organization"},"potentialAction":[{"@type":"SearchAction","target":{"@type":"EntryPoint","urlTemplate":"https:\/\/www.silentblocks.com\/es\/?s={search_term_string}"},"query-input":{"@type":"PropertyValueSpecification","valueRequired":true,"valueName":"search_term_string"}}],"inLanguage":"es"},{"@type":"Organization","@id":"https:\/\/www.silentblocks.com\/es\/#organization","name":"SILENTBLOCKS","url":"https:\/\/www.silentblocks.com\/es\/","logo":{"@type":"ImageObject","inLanguage":"es","@id":"https:\/\/www.silentblocks.com\/es\/#\/schema\/logo\/image\/","url":"https:\/\/www.silentblocks.com\/wp-content\/uploads\/2023\/07\/logo211-sem-fundo_2012-PARA-BOUTIQUE-EBAY.png","contentUrl":"https:\/\/www.silentblocks.com\/wp-content\/uploads\/2023\/07\/logo211-sem-fundo_2012-PARA-BOUTIQUE-EBAY.png","width":300,"height":190,"caption":"SILENTBLOCKS"},"image":{"@id":"https:\/\/www.silentblocks.com\/es\/#\/schema\/logo\/image\/"}}]}},"_links":{"self":[{"href":"https:\/\/www.silentblocks.com\/es\/wp-json\/wp\/v2\/product\/93363","targetHints":{"allow":["GET"]}}],"collection":[{"href":"https:\/\/www.silentblocks.com\/es\/wp-json\/wp\/v2\/product"}],"about":[{"href":"https:\/\/www.silentblocks.com\/es\/wp-json\/wp\/v2\/types\/product"}],"version-history":[{"count":0,"href":"https:\/\/www.silentblocks.com\/es\/wp-json\/wp\/v2\/product\/93363\/revisions"}],"wp:featuredmedia":[{"embeddable":true,"href":"https:\/\/www.silentblocks.com\/es\/wp-json\/wp\/v2\/media\/93355"}],"wp:attachment":[{"href":"https:\/\/www.silentblocks.com\/es\/wp-json\/wp\/v2\/media?parent=93363"}],"wp:term":[{"taxonomy":"product_brand","embeddable":true,"href":"https:\/\/www.silentblocks.com\/es\/wp-json\/wp\/v2\/product_brand?post=93363"},{"taxonomy":"product_cat","embeddable":true,"href":"https:\/\/www.silentblocks.com\/es\/wp-json\/wp\/v2\/product_cat?post=93363"},{"taxonomy":"product_tag","embeddable":true,"href":"https:\/\/www.silentblocks.com\/es\/wp-json\/wp\/v2\/product_tag?post=93363"}],"curies":[{"name":"wp","href":"https:\/\/api.w.org\/{rel}","templated":true}]}}