{"id":93475,"date":"2024-10-07T15:02:53","date_gmt":"2024-10-07T15:02:53","guid":{"rendered":"https:\/\/www.silentblocks.com\/product\/kit-silentblock-y-perno-brazo-trasero-ford-mazda-volvo\/"},"modified":"2026-02-17T21:49:01","modified_gmt":"2026-02-17T21:49:01","slug":"kit-silentblock-y-perno-brazo-trasero-ford-mazda-volvo","status":"publish","type":"product","link":"https:\/\/www.silentblocks.com\/es\/producto\/kit-silentblock-y-perno-brazo-trasero-ford-mazda-volvo\/","title":{"rendered":"Kit silentblock y perno brazo trasero, Ford, Mazda, Volvo"},"content":{"rendered":"<p>Kit de silentblocs y tornillos para los 4 brazos traseros, compatible con los siguientes veh\u00edculos: Ford C-MAX (DM2) C-MAX II (DXA\/CB7, DXA\/CEU) C-MAX II Furgoneta FOCUS C-MAX (DM2) FOCUS I (DAW, DBW) FOCUS I Furgoneta (DNW) FOCUS I Berlina (DFW) FOCUS I Turnier (DNW) FOCUS II (DA_, HCP, DP) FOCUS II Cabrio FOCUS II Furgoneta FOCUS II Berlina (DB_, FCH, DH) FOCUS II Turnier (DA_, FFS, DS) FOCUS III FOCUS III Furgoneta familiar FOCUS III Furgoneta con port\u00f3n trasero FOCUS III Berlina FOCUS III Turnier GALAXY II (WA6) GALAXY MK II VAN (WA6) GRAND C-MAX (DXA\/CB7, DXA\/CEU) GRAND C-MAX Furgoneta KUGA I KUGA I VAN KUGA II (DM2) KUGA II VAN MONDEO III Turnier (BWY) MONDEO IV (BA7) MONDEO IV Berlina (BA7) MONDEO IV Turnier (BA7) MONDEO IV Furgoneta S-MAX (WA6) S-MAX VAN (WA6) MAZDA: 3 (BK) 3 (BL) 3 Berlina (BK) 3 Berlina (BL) 3 Berlina (BM_, BN_) 5 (CR) 5 (CW) CX-7 (ER) VOLVO: C30 (533) S60 II (134) S60 II Cross Country (134) S80 II (124) V40 Cross Country (526) V40 Hatchback (525) V40 Hatchback Van (525) V60 I (155) V60 I Cross Country (157) V60 I Furgoneta (155) V70 III (135) V70 III Furgoneta (135) XC60 I SUV (156) XC60 I Furgoneta (156) XC70 II (136) XC70 II Furgoneta (136) Referencias del fabricante (c\u00f3digo OEM) s\u00f3lo a t\u00edtulo informativo:<br \/>\n1 061 659, 1 061 660, 1 136 072, 1 136 073, 1 220 005, 1 223 897, 1 230 619, 1 231 457, 1 253 737, 1 317 609, 1 325 326, 1 329 730, 1 377 353, 1 377 354, 1 377 355<\/p>\n<p>Piezas nuevas, se vende con factura. Todos nuestros productos tienen 2 a\u00f1os de garant\u00eda.<\/p>\n","protected":false},"excerpt":{"rendered":"<p>Kit de silentblocs y tornillos para los 4 brazos traseros, compatible con los siguientes veh\u00edculos: Ford C-MAX (DM2) C-MAX II (DXA\/CB7, DXA\/CEU) C-MAX II Furgoneta FOCUS C-MAX (DM2) FOCUS I (DAW, DBW) FOCUS I Furgoneta (DNW) FOCUS I Berlina (DFW) FOCUS I Turnier (DNW) FOCUS II (DA_, HCP, DP) FOCUS II Cabrio FOCUS II Furgoneta [&hellip;]<\/p>\n","protected":false},"featured_media":93467,"template":"","meta":[],"product_brand":[],"product_cat":[2169,2660,2663,2665,2676,4449,2691,2699,2202,2994,4337,2996,3026,2253,3709,4290,3728,4302,3743,4297],"product_tag":[],"class_list":{"0":"post-93475","1":"product","2":"type-product","3":"status-publish","4":"has-post-thumbnail","6":"product_cat-ford-es","7":"product_cat-focus-es","8":"product_cat-focus-i-98-10-es","9":"product_cat-focus-ii-04-15-es","10":"product_cat-galaxy-06-12-es","11":"product_cat-kuga-ii-2013-es","12":"product_cat-mondeo-mk3-mk4-es","13":"product_cat-s-max-es","14":"product_cat-mazda-es","15":"product_cat-3-es","16":"product_cat-3-bm-2013-2016-es","17":"product_cat-5-es","18":"product_cat-cx-7-es","19":"product_cat-volvo-es","20":"product_cat-c30-es","21":"product_cat-s60-ii-es","22":"product_cat-s80-es-2","23":"product_cat-v70-iii-es","24":"product_cat-xc60-es","25":"product_cat-xc70-ii-es","27":"first","28":"instock","29":"shipping-taxable","30":"purchasable","31":"product-type-simple"},"yoast_head":"<!-- This site is optimized with the Yoast SEO Premium plugin v23.0 (Yoast SEO v27.4) - https:\/\/yoast.com\/product\/yoast-seo-premium-wordpress\/ -->\n<title>Kit silentblock y perno brazo trasero, Ford, Mazda, Volvo - SILENT BLOCKS<\/title>\n<meta name=\"description\" content=\"Silentblocks y pernos del brazo de suspensi\u00f3n trasero para Ford C-Max, Focus, Galaxy, Mondeo, S-Max, Kuga, oem 1 061 659, 1 061 660, 1 136 072, 1 136 073\" \/>\n<meta name=\"robots\" content=\"index, follow, max-snippet:-1, max-image-preview:large, max-video-preview:-1\" \/>\n<link rel=\"canonical\" href=\"https:\/\/www.silentblocks.com\/es\/producto\/kit-silentblock-y-perno-brazo-trasero-ford-mazda-volvo\/\" \/>\n<meta property=\"og:locale\" content=\"es_ES\" \/>\n<meta property=\"og:type\" content=\"article\" \/>\n<meta property=\"og:title\" content=\"Kit silentblock y perno brazo trasero, Ford, Mazda, Volvo\" \/>\n<meta property=\"og:description\" content=\"Silentblocks y pernos del brazo de suspensi\u00f3n trasero para Ford C-Max, Focus, Galaxy, Mondeo, S-Max, Kuga, oem 1 061 659, 1 061 660, 1 136 072, 1 136 073\" \/>\n<meta property=\"og:url\" content=\"https:\/\/www.silentblocks.com\/es\/producto\/kit-silentblock-y-perno-brazo-trasero-ford-mazda-volvo\/\" \/>\n<meta property=\"og:site_name\" content=\"SILENT BLOCKS\" \/>\n<meta property=\"article:modified_time\" content=\"2026-02-17T21:49:01+00:00\" \/>\n<meta property=\"og:image\" content=\"https:\/\/www.silentblocks.com\/wp-content\/uploads\/2026\/02\/KIT-silentblocs-bras-arrier-mondeo-focus.jpg\" \/>\n\t<meta property=\"og:image:width\" content=\"1000\" \/>\n\t<meta property=\"og:image:height\" content=\"1000\" \/>\n\t<meta property=\"og:image:type\" content=\"image\/jpeg\" \/>\n<meta name=\"twitter:card\" content=\"summary_large_image\" \/>\n<meta name=\"twitter:label1\" content=\"Tiempo de lectura\" \/>\n\t<meta name=\"twitter:data1\" content=\"1 minuto\" \/>\n<script type=\"application\/ld+json\" class=\"yoast-schema-graph\">{\"@context\":\"https:\\\/\\\/schema.org\",\"@graph\":[{\"@type\":\"WebPage\",\"@id\":\"https:\\\/\\\/www.silentblocks.com\\\/es\\\/producto\\\/kit-silentblock-y-perno-brazo-trasero-ford-mazda-volvo\\\/\",\"url\":\"https:\\\/\\\/www.silentblocks.com\\\/es\\\/producto\\\/kit-silentblock-y-perno-brazo-trasero-ford-mazda-volvo\\\/\",\"name\":\"Kit silentblock y perno brazo trasero, Ford, Mazda, Volvo - SILENT BLOCKS\",\"isPartOf\":{\"@id\":\"https:\\\/\\\/www.silentblocks.com\\\/es\\\/#website\"},\"primaryImageOfPage\":{\"@id\":\"https:\\\/\\\/www.silentblocks.com\\\/es\\\/producto\\\/kit-silentblock-y-perno-brazo-trasero-ford-mazda-volvo\\\/#primaryimage\"},\"image\":{\"@id\":\"https:\\\/\\\/www.silentblocks.com\\\/es\\\/producto\\\/kit-silentblock-y-perno-brazo-trasero-ford-mazda-volvo\\\/#primaryimage\"},\"thumbnailUrl\":\"https:\\\/\\\/www.silentblocks.com\\\/wp-content\\\/uploads\\\/2026\\\/02\\\/KIT-silentblocs-bras-arrier-mondeo-focus.jpg\",\"datePublished\":\"2024-10-07T15:02:53+00:00\",\"dateModified\":\"2026-02-17T21:49:01+00:00\",\"description\":\"Silentblocks y pernos del brazo de suspensi\u00f3n trasero para Ford C-Max, Focus, Galaxy, Mondeo, S-Max, Kuga, oem 1 061 659, 1 061 660, 1 136 072, 1 136 073\",\"breadcrumb\":{\"@id\":\"https:\\\/\\\/www.silentblocks.com\\\/es\\\/producto\\\/kit-silentblock-y-perno-brazo-trasero-ford-mazda-volvo\\\/#breadcrumb\"},\"inLanguage\":\"es\",\"potentialAction\":[{\"@type\":\"ReadAction\",\"target\":[\"https:\\\/\\\/www.silentblocks.com\\\/es\\\/producto\\\/kit-silentblock-y-perno-brazo-trasero-ford-mazda-volvo\\\/\"]}]},{\"@type\":\"ImageObject\",\"inLanguage\":\"es\",\"@id\":\"https:\\\/\\\/www.silentblocks.com\\\/es\\\/producto\\\/kit-silentblock-y-perno-brazo-trasero-ford-mazda-volvo\\\/#primaryimage\",\"url\":\"https:\\\/\\\/www.silentblocks.com\\\/wp-content\\\/uploads\\\/2026\\\/02\\\/KIT-silentblocs-bras-arrier-mondeo-focus.jpg\",\"contentUrl\":\"https:\\\/\\\/www.silentblocks.com\\\/wp-content\\\/uploads\\\/2026\\\/02\\\/KIT-silentblocs-bras-arrier-mondeo-focus.jpg\",\"width\":1000,\"height\":1000},{\"@type\":\"BreadcrumbList\",\"@id\":\"https:\\\/\\\/www.silentblocks.com\\\/es\\\/producto\\\/kit-silentblock-y-perno-brazo-trasero-ford-mazda-volvo\\\/#breadcrumb\",\"itemListElement\":[{\"@type\":\"ListItem\",\"position\":1,\"name\":\"In\u00edcio\",\"item\":\"https:\\\/\\\/www.silentblocks.com\\\/es\\\/\"},{\"@type\":\"ListItem\",\"position\":2,\"name\":\"Page boutique\",\"item\":\"https:\\\/\\\/www.silentblocks.com\\\/es\\\/shop-2\\\/\"},{\"@type\":\"ListItem\",\"position\":3,\"name\":\"Kit silentblock y perno brazo trasero, Ford, Mazda, Volvo\"}]},{\"@type\":\"WebSite\",\"@id\":\"https:\\\/\\\/www.silentblocks.com\\\/es\\\/#website\",\"url\":\"https:\\\/\\\/www.silentblocks.com\\\/es\\\/\",\"name\":\"SILENTBLOCKS\",\"description\":\"Secure on the road\",\"publisher\":{\"@id\":\"https:\\\/\\\/www.silentblocks.com\\\/es\\\/#organization\"},\"potentialAction\":[{\"@type\":\"SearchAction\",\"target\":{\"@type\":\"EntryPoint\",\"urlTemplate\":\"https:\\\/\\\/www.silentblocks.com\\\/es\\\/?s={search_term_string}\"},\"query-input\":{\"@type\":\"PropertyValueSpecification\",\"valueRequired\":true,\"valueName\":\"search_term_string\"}}],\"inLanguage\":\"es\"},{\"@type\":\"Organization\",\"@id\":\"https:\\\/\\\/www.silentblocks.com\\\/es\\\/#organization\",\"name\":\"SILENTBLOCKS\",\"url\":\"https:\\\/\\\/www.silentblocks.com\\\/es\\\/\",\"logo\":{\"@type\":\"ImageObject\",\"inLanguage\":\"es\",\"@id\":\"https:\\\/\\\/www.silentblocks.com\\\/es\\\/#\\\/schema\\\/logo\\\/image\\\/\",\"url\":\"https:\\\/\\\/www.silentblocks.com\\\/wp-content\\\/uploads\\\/2023\\\/07\\\/logo211-sem-fundo_2012-PARA-BOUTIQUE-EBAY.png\",\"contentUrl\":\"https:\\\/\\\/www.silentblocks.com\\\/wp-content\\\/uploads\\\/2023\\\/07\\\/logo211-sem-fundo_2012-PARA-BOUTIQUE-EBAY.png\",\"width\":300,\"height\":190,\"caption\":\"SILENTBLOCKS\"},\"image\":{\"@id\":\"https:\\\/\\\/www.silentblocks.com\\\/es\\\/#\\\/schema\\\/logo\\\/image\\\/\"}}]}<\/script>\n<!-- \/ Yoast SEO Premium plugin. -->","yoast_head_json":{"title":"Kit silentblock y perno brazo trasero, Ford, Mazda, Volvo - SILENT BLOCKS","description":"Silentblocks y pernos del brazo de suspensi\u00f3n trasero para Ford C-Max, Focus, Galaxy, Mondeo, S-Max, Kuga, oem 1 061 659, 1 061 660, 1 136 072, 1 136 073","robots":{"index":"index","follow":"follow","max-snippet":"max-snippet:-1","max-image-preview":"max-image-preview:large","max-video-preview":"max-video-preview:-1"},"canonical":"https:\/\/www.silentblocks.com\/es\/producto\/kit-silentblock-y-perno-brazo-trasero-ford-mazda-volvo\/","og_locale":"es_ES","og_type":"article","og_title":"Kit silentblock y perno brazo trasero, Ford, Mazda, Volvo","og_description":"Silentblocks y pernos del brazo de suspensi\u00f3n trasero para Ford C-Max, Focus, Galaxy, Mondeo, S-Max, Kuga, oem 1 061 659, 1 061 660, 1 136 072, 1 136 073","og_url":"https:\/\/www.silentblocks.com\/es\/producto\/kit-silentblock-y-perno-brazo-trasero-ford-mazda-volvo\/","og_site_name":"SILENT BLOCKS","article_modified_time":"2026-02-17T21:49:01+00:00","og_image":[{"width":1000,"height":1000,"url":"https:\/\/www.silentblocks.com\/wp-content\/uploads\/2026\/02\/KIT-silentblocs-bras-arrier-mondeo-focus.jpg","type":"image\/jpeg"}],"twitter_card":"summary_large_image","twitter_misc":{"Tiempo de lectura":"1 minuto"},"schema":{"@context":"https:\/\/schema.org","@graph":[{"@type":"WebPage","@id":"https:\/\/www.silentblocks.com\/es\/producto\/kit-silentblock-y-perno-brazo-trasero-ford-mazda-volvo\/","url":"https:\/\/www.silentblocks.com\/es\/producto\/kit-silentblock-y-perno-brazo-trasero-ford-mazda-volvo\/","name":"Kit silentblock y perno brazo trasero, Ford, Mazda, Volvo - SILENT BLOCKS","isPartOf":{"@id":"https:\/\/www.silentblocks.com\/es\/#website"},"primaryImageOfPage":{"@id":"https:\/\/www.silentblocks.com\/es\/producto\/kit-silentblock-y-perno-brazo-trasero-ford-mazda-volvo\/#primaryimage"},"image":{"@id":"https:\/\/www.silentblocks.com\/es\/producto\/kit-silentblock-y-perno-brazo-trasero-ford-mazda-volvo\/#primaryimage"},"thumbnailUrl":"https:\/\/www.silentblocks.com\/wp-content\/uploads\/2026\/02\/KIT-silentblocs-bras-arrier-mondeo-focus.jpg","datePublished":"2024-10-07T15:02:53+00:00","dateModified":"2026-02-17T21:49:01+00:00","description":"Silentblocks y pernos del brazo de suspensi\u00f3n trasero para Ford C-Max, Focus, Galaxy, Mondeo, S-Max, Kuga, oem 1 061 659, 1 061 660, 1 136 072, 1 136 073","breadcrumb":{"@id":"https:\/\/www.silentblocks.com\/es\/producto\/kit-silentblock-y-perno-brazo-trasero-ford-mazda-volvo\/#breadcrumb"},"inLanguage":"es","potentialAction":[{"@type":"ReadAction","target":["https:\/\/www.silentblocks.com\/es\/producto\/kit-silentblock-y-perno-brazo-trasero-ford-mazda-volvo\/"]}]},{"@type":"ImageObject","inLanguage":"es","@id":"https:\/\/www.silentblocks.com\/es\/producto\/kit-silentblock-y-perno-brazo-trasero-ford-mazda-volvo\/#primaryimage","url":"https:\/\/www.silentblocks.com\/wp-content\/uploads\/2026\/02\/KIT-silentblocs-bras-arrier-mondeo-focus.jpg","contentUrl":"https:\/\/www.silentblocks.com\/wp-content\/uploads\/2026\/02\/KIT-silentblocs-bras-arrier-mondeo-focus.jpg","width":1000,"height":1000},{"@type":"BreadcrumbList","@id":"https:\/\/www.silentblocks.com\/es\/producto\/kit-silentblock-y-perno-brazo-trasero-ford-mazda-volvo\/#breadcrumb","itemListElement":[{"@type":"ListItem","position":1,"name":"In\u00edcio","item":"https:\/\/www.silentblocks.com\/es\/"},{"@type":"ListItem","position":2,"name":"Page boutique","item":"https:\/\/www.silentblocks.com\/es\/shop-2\/"},{"@type":"ListItem","position":3,"name":"Kit silentblock y perno brazo trasero, Ford, Mazda, Volvo"}]},{"@type":"WebSite","@id":"https:\/\/www.silentblocks.com\/es\/#website","url":"https:\/\/www.silentblocks.com\/es\/","name":"SILENTBLOCKS","description":"Secure on the road","publisher":{"@id":"https:\/\/www.silentblocks.com\/es\/#organization"},"potentialAction":[{"@type":"SearchAction","target":{"@type":"EntryPoint","urlTemplate":"https:\/\/www.silentblocks.com\/es\/?s={search_term_string}"},"query-input":{"@type":"PropertyValueSpecification","valueRequired":true,"valueName":"search_term_string"}}],"inLanguage":"es"},{"@type":"Organization","@id":"https:\/\/www.silentblocks.com\/es\/#organization","name":"SILENTBLOCKS","url":"https:\/\/www.silentblocks.com\/es\/","logo":{"@type":"ImageObject","inLanguage":"es","@id":"https:\/\/www.silentblocks.com\/es\/#\/schema\/logo\/image\/","url":"https:\/\/www.silentblocks.com\/wp-content\/uploads\/2023\/07\/logo211-sem-fundo_2012-PARA-BOUTIQUE-EBAY.png","contentUrl":"https:\/\/www.silentblocks.com\/wp-content\/uploads\/2023\/07\/logo211-sem-fundo_2012-PARA-BOUTIQUE-EBAY.png","width":300,"height":190,"caption":"SILENTBLOCKS"},"image":{"@id":"https:\/\/www.silentblocks.com\/es\/#\/schema\/logo\/image\/"}}]}},"_links":{"self":[{"href":"https:\/\/www.silentblocks.com\/es\/wp-json\/wp\/v2\/product\/93475","targetHints":{"allow":["GET"]}}],"collection":[{"href":"https:\/\/www.silentblocks.com\/es\/wp-json\/wp\/v2\/product"}],"about":[{"href":"https:\/\/www.silentblocks.com\/es\/wp-json\/wp\/v2\/types\/product"}],"version-history":[{"count":0,"href":"https:\/\/www.silentblocks.com\/es\/wp-json\/wp\/v2\/product\/93475\/revisions"}],"wp:featuredmedia":[{"embeddable":true,"href":"https:\/\/www.silentblocks.com\/es\/wp-json\/wp\/v2\/media\/93467"}],"wp:attachment":[{"href":"https:\/\/www.silentblocks.com\/es\/wp-json\/wp\/v2\/media?parent=93475"}],"wp:term":[{"taxonomy":"product_brand","embeddable":true,"href":"https:\/\/www.silentblocks.com\/es\/wp-json\/wp\/v2\/product_brand?post=93475"},{"taxonomy":"product_cat","embeddable":true,"href":"https:\/\/www.silentblocks.com\/es\/wp-json\/wp\/v2\/product_cat?post=93475"},{"taxonomy":"product_tag","embeddable":true,"href":"https:\/\/www.silentblocks.com\/es\/wp-json\/wp\/v2\/product_tag?post=93475"}],"curies":[{"name":"wp","href":"https:\/\/api.w.org\/{rel}","templated":true}]}}