{"id":93777,"date":"2024-11-04T09:16:06","date_gmt":"2024-11-04T09:16:06","guid":{"rendered":"https:\/\/www.silentblocks.com\/product\/silentblocks-para-soporte-diferencial-trasero-c-crosser-compass-asx-delica-galant-outlander-4007\/"},"modified":"2026-02-17T21:49:44","modified_gmt":"2026-02-17T21:49:44","slug":"silentblocks-para-soporte-diferencial-trasero-c-crosser-compass-asx-delica-galant-outlander-4007","status":"publish","type":"product","link":"https:\/\/www.silentblocks.com\/es\/producto\/silentblocks-para-soporte-diferencial-trasero-c-crosser-compass-asx-delica-galant-outlander-4007\/","title":{"rendered":"Silentblocks para soporte diferencial trasero, C-Crosser, Compass, ASX, Delica, Galant, Outlander, 4007"},"content":{"rendered":"<p>2 Silentblocks de poliuretano para el soporte del diferencial trasero, compatibles con los siguientes veh\u00edculos:<br \/>\nCitro\u00ebn C-Crosser 2007-2012<br \/>\nDodge Caliber 2006-2012<br \/>\nJeep Compass\/ Patriot 2006-2010<br \/>\nMitsubishi ASX GA0# 2010.04-2013.01  [EUR]<br \/>\nMitsubishi Delica D5 CV5W 2006-<br \/>\nMitsubishi Galant FORTIS\/LANCER EVOLUTION CY4A\/CZ4A 2007-2017<br \/>\nMitsubishi Lancer CY,CZ# 2007.03-2013.02  [EUR]<br \/>\nMitsubishi Outlander CW0# 2006.11-2012.06  [EUR\/MMC-PROD .]<br \/>\nMitsubishi Outlander CW0# 2010.04-2012.04  [EUR\/PCMA-RUS PROD.]<br \/>\nMitsubishi Outlander GF0# 2012.04-2013.01  [EUR]<br \/>\n2010 Mitsubishi Outlander SPORT GA2W-<br \/>\nPeugeot 4007 2007-2012<\/p>\n<p>Referencias del fabricante (c\u00f3digo OEM) s\u00f3lo a t\u00edtulo informativo :<br \/>\n3517A003, 3517A073, 3517A074, 3061.30<\/p>\n<p>Piezas nuevas, se vende con factura. Todos nuestros productos tienen 2 a\u00f1os de garant\u00eda.<\/p>\n","protected":false},"excerpt":{"rendered":"<p>2 Silentblocks de poliuretano para el soporte del diferencial trasero, compatibles con los siguientes veh\u00edculos: Citro\u00ebn C-Crosser 2007-2012 Dodge Caliber 2006-2012 Jeep Compass\/ Patriot 2006-2010 Mitsubishi ASX GA0# 2010.04-2013.01 [EUR] Mitsubishi Delica D5 CV5W 2006- Mitsubishi Galant FORTIS\/LANCER EVOLUTION CY4A\/CZ4A 2007-2017 Mitsubishi Lancer CY,CZ# 2007.03-2013.02 [EUR] Mitsubishi Outlander CW0# 2006.11-2012.06 [EUR\/MMC-PROD .] Mitsubishi Outlander CW0# [&hellip;]<\/p>\n","protected":false},"featured_media":135461,"template":"","meta":[],"product_brand":[],"product_cat":[2148,2439,2163,2528,2184,2850,2211,3097,3103,3123,4186,4190,2220,3351],"product_tag":[],"class_list":{"0":"post-93777","1":"product","2":"type-product","3":"status-publish","4":"has-post-thumbnail","6":"product_cat-citroen-es","7":"product_cat-c-crosser-es","8":"product_cat-dodge-es","9":"product_cat-caliber-es","10":"product_cat-jeep-es","11":"product_cat-compass-es","12":"product_cat-mitsubishi-es","13":"product_cat-delica-es","14":"product_cat-galant-es","15":"product_cat-lancer-es","16":"product_cat-outlander-ii-es","17":"product_cat-outlander-iii-es","18":"product_cat-peugeot-es","19":"product_cat-4007-es","21":"first","22":"instock","23":"shipping-taxable","24":"purchasable","25":"product-type-simple"},"yoast_head":"<!-- This site is optimized with the Yoast SEO Premium plugin v23.0 (Yoast SEO v27.4) - https:\/\/yoast.com\/product\/yoast-seo-premium-wordpress\/ -->\n<title>Silentblocks para soporte diferencial trasero, C-Crosser, Compass, ASX, Delica, Galant, Outlander, 4007 - SILENT BLOCKS<\/title>\n<meta name=\"description\" content=\"Silent blocks para soporte diferencial trasero, C-Crosser, Compass, ASX, Delica, Galant, Outlander, 4007, oem 3517A003, 3517A073, 3517A074, 3061.30\" \/>\n<meta name=\"robots\" content=\"index, follow, max-snippet:-1, max-image-preview:large, max-video-preview:-1\" \/>\n<link rel=\"canonical\" href=\"https:\/\/www.silentblocks.com\/es\/producto\/silentblocks-para-soporte-diferencial-trasero-c-crosser-compass-asx-delica-galant-outlander-4007\/\" \/>\n<meta property=\"og:locale\" content=\"es_ES\" \/>\n<meta property=\"og:type\" content=\"article\" \/>\n<meta property=\"og:title\" content=\"Silentblocks para soporte diferencial trasero, C-Crosser, Compass, ASX, Delica, Galant, Outlander, 4007\" \/>\n<meta property=\"og:description\" content=\"Silent blocks para soporte diferencial trasero, C-Crosser, Compass, ASX, Delica, Galant, Outlander, 4007, oem 3517A003, 3517A073, 3517A074, 3061.30\" \/>\n<meta property=\"og:url\" content=\"https:\/\/www.silentblocks.com\/es\/producto\/silentblocks-para-soporte-diferencial-trasero-c-crosser-compass-asx-delica-galant-outlander-4007\/\" \/>\n<meta property=\"og:site_name\" content=\"SILENT BLOCKS\" \/>\n<meta property=\"article:modified_time\" content=\"2026-02-17T21:49:44+00:00\" \/>\n<meta property=\"og:image\" content=\"https:\/\/www.silentblocks.com\/wp-content\/uploads\/2024\/11\/silentbloc-support-differentiel-outlander.jpg\" \/>\n\t<meta property=\"og:image:width\" content=\"1024\" \/>\n\t<meta property=\"og:image:height\" content=\"1024\" \/>\n\t<meta property=\"og:image:type\" content=\"image\/jpeg\" \/>\n<meta name=\"twitter:card\" content=\"summary_large_image\" \/>\n<meta name=\"twitter:label1\" content=\"Tiempo de lectura\" \/>\n\t<meta name=\"twitter:data1\" content=\"1 minuto\" \/>\n<script type=\"application\/ld+json\" class=\"yoast-schema-graph\">{\"@context\":\"https:\\\/\\\/schema.org\",\"@graph\":[{\"@type\":\"WebPage\",\"@id\":\"https:\\\/\\\/www.silentblocks.com\\\/es\\\/producto\\\/silentblocks-para-soporte-diferencial-trasero-c-crosser-compass-asx-delica-galant-outlander-4007\\\/\",\"url\":\"https:\\\/\\\/www.silentblocks.com\\\/es\\\/producto\\\/silentblocks-para-soporte-diferencial-trasero-c-crosser-compass-asx-delica-galant-outlander-4007\\\/\",\"name\":\"Silentblocks para soporte diferencial trasero, C-Crosser, Compass, ASX, Delica, Galant, Outlander, 4007 - SILENT BLOCKS\",\"isPartOf\":{\"@id\":\"https:\\\/\\\/www.silentblocks.com\\\/es\\\/#website\"},\"primaryImageOfPage\":{\"@id\":\"https:\\\/\\\/www.silentblocks.com\\\/es\\\/producto\\\/silentblocks-para-soporte-diferencial-trasero-c-crosser-compass-asx-delica-galant-outlander-4007\\\/#primaryimage\"},\"image\":{\"@id\":\"https:\\\/\\\/www.silentblocks.com\\\/es\\\/producto\\\/silentblocks-para-soporte-diferencial-trasero-c-crosser-compass-asx-delica-galant-outlander-4007\\\/#primaryimage\"},\"thumbnailUrl\":\"https:\\\/\\\/www.silentblocks.com\\\/wp-content\\\/uploads\\\/2024\\\/11\\\/silentbloc-support-differentiel-outlander.jpg\",\"datePublished\":\"2024-11-04T09:16:06+00:00\",\"dateModified\":\"2026-02-17T21:49:44+00:00\",\"description\":\"Silent blocks para soporte diferencial trasero, C-Crosser, Compass, ASX, Delica, Galant, Outlander, 4007, oem 3517A003, 3517A073, 3517A074, 3061.30\",\"breadcrumb\":{\"@id\":\"https:\\\/\\\/www.silentblocks.com\\\/es\\\/producto\\\/silentblocks-para-soporte-diferencial-trasero-c-crosser-compass-asx-delica-galant-outlander-4007\\\/#breadcrumb\"},\"inLanguage\":\"es\",\"potentialAction\":[{\"@type\":\"ReadAction\",\"target\":[\"https:\\\/\\\/www.silentblocks.com\\\/es\\\/producto\\\/silentblocks-para-soporte-diferencial-trasero-c-crosser-compass-asx-delica-galant-outlander-4007\\\/\"]}]},{\"@type\":\"ImageObject\",\"inLanguage\":\"es\",\"@id\":\"https:\\\/\\\/www.silentblocks.com\\\/es\\\/producto\\\/silentblocks-para-soporte-diferencial-trasero-c-crosser-compass-asx-delica-galant-outlander-4007\\\/#primaryimage\",\"url\":\"https:\\\/\\\/www.silentblocks.com\\\/wp-content\\\/uploads\\\/2024\\\/11\\\/silentbloc-support-differentiel-outlander.jpg\",\"contentUrl\":\"https:\\\/\\\/www.silentblocks.com\\\/wp-content\\\/uploads\\\/2024\\\/11\\\/silentbloc-support-differentiel-outlander.jpg\",\"width\":1024,\"height\":1024},{\"@type\":\"BreadcrumbList\",\"@id\":\"https:\\\/\\\/www.silentblocks.com\\\/es\\\/producto\\\/silentblocks-para-soporte-diferencial-trasero-c-crosser-compass-asx-delica-galant-outlander-4007\\\/#breadcrumb\",\"itemListElement\":[{\"@type\":\"ListItem\",\"position\":1,\"name\":\"In\u00edcio\",\"item\":\"https:\\\/\\\/www.silentblocks.com\\\/es\\\/\"},{\"@type\":\"ListItem\",\"position\":2,\"name\":\"Page boutique\",\"item\":\"https:\\\/\\\/www.silentblocks.com\\\/es\\\/shop-2\\\/\"},{\"@type\":\"ListItem\",\"position\":3,\"name\":\"Silentblocks para soporte diferencial trasero, C-Crosser, Compass, ASX, Delica, Galant, Outlander, 4007\"}]},{\"@type\":\"WebSite\",\"@id\":\"https:\\\/\\\/www.silentblocks.com\\\/es\\\/#website\",\"url\":\"https:\\\/\\\/www.silentblocks.com\\\/es\\\/\",\"name\":\"SILENTBLOCKS\",\"description\":\"Secure on the road\",\"publisher\":{\"@id\":\"https:\\\/\\\/www.silentblocks.com\\\/es\\\/#organization\"},\"potentialAction\":[{\"@type\":\"SearchAction\",\"target\":{\"@type\":\"EntryPoint\",\"urlTemplate\":\"https:\\\/\\\/www.silentblocks.com\\\/es\\\/?s={search_term_string}\"},\"query-input\":{\"@type\":\"PropertyValueSpecification\",\"valueRequired\":true,\"valueName\":\"search_term_string\"}}],\"inLanguage\":\"es\"},{\"@type\":\"Organization\",\"@id\":\"https:\\\/\\\/www.silentblocks.com\\\/es\\\/#organization\",\"name\":\"SILENTBLOCKS\",\"url\":\"https:\\\/\\\/www.silentblocks.com\\\/es\\\/\",\"logo\":{\"@type\":\"ImageObject\",\"inLanguage\":\"es\",\"@id\":\"https:\\\/\\\/www.silentblocks.com\\\/es\\\/#\\\/schema\\\/logo\\\/image\\\/\",\"url\":\"https:\\\/\\\/www.silentblocks.com\\\/wp-content\\\/uploads\\\/2023\\\/07\\\/logo211-sem-fundo_2012-PARA-BOUTIQUE-EBAY.png\",\"contentUrl\":\"https:\\\/\\\/www.silentblocks.com\\\/wp-content\\\/uploads\\\/2023\\\/07\\\/logo211-sem-fundo_2012-PARA-BOUTIQUE-EBAY.png\",\"width\":300,\"height\":190,\"caption\":\"SILENTBLOCKS\"},\"image\":{\"@id\":\"https:\\\/\\\/www.silentblocks.com\\\/es\\\/#\\\/schema\\\/logo\\\/image\\\/\"}}]}<\/script>\n<!-- \/ Yoast SEO Premium plugin. -->","yoast_head_json":{"title":"Silentblocks para soporte diferencial trasero, C-Crosser, Compass, ASX, Delica, Galant, Outlander, 4007 - SILENT BLOCKS","description":"Silent blocks para soporte diferencial trasero, C-Crosser, Compass, ASX, Delica, Galant, Outlander, 4007, oem 3517A003, 3517A073, 3517A074, 3061.30","robots":{"index":"index","follow":"follow","max-snippet":"max-snippet:-1","max-image-preview":"max-image-preview:large","max-video-preview":"max-video-preview:-1"},"canonical":"https:\/\/www.silentblocks.com\/es\/producto\/silentblocks-para-soporte-diferencial-trasero-c-crosser-compass-asx-delica-galant-outlander-4007\/","og_locale":"es_ES","og_type":"article","og_title":"Silentblocks para soporte diferencial trasero, C-Crosser, Compass, ASX, Delica, Galant, Outlander, 4007","og_description":"Silent blocks para soporte diferencial trasero, C-Crosser, Compass, ASX, Delica, Galant, Outlander, 4007, oem 3517A003, 3517A073, 3517A074, 3061.30","og_url":"https:\/\/www.silentblocks.com\/es\/producto\/silentblocks-para-soporte-diferencial-trasero-c-crosser-compass-asx-delica-galant-outlander-4007\/","og_site_name":"SILENT BLOCKS","article_modified_time":"2026-02-17T21:49:44+00:00","og_image":[{"width":1024,"height":1024,"url":"https:\/\/www.silentblocks.com\/wp-content\/uploads\/2024\/11\/silentbloc-support-differentiel-outlander.jpg","type":"image\/jpeg"}],"twitter_card":"summary_large_image","twitter_misc":{"Tiempo de lectura":"1 minuto"},"schema":{"@context":"https:\/\/schema.org","@graph":[{"@type":"WebPage","@id":"https:\/\/www.silentblocks.com\/es\/producto\/silentblocks-para-soporte-diferencial-trasero-c-crosser-compass-asx-delica-galant-outlander-4007\/","url":"https:\/\/www.silentblocks.com\/es\/producto\/silentblocks-para-soporte-diferencial-trasero-c-crosser-compass-asx-delica-galant-outlander-4007\/","name":"Silentblocks para soporte diferencial trasero, C-Crosser, Compass, ASX, Delica, Galant, Outlander, 4007 - SILENT BLOCKS","isPartOf":{"@id":"https:\/\/www.silentblocks.com\/es\/#website"},"primaryImageOfPage":{"@id":"https:\/\/www.silentblocks.com\/es\/producto\/silentblocks-para-soporte-diferencial-trasero-c-crosser-compass-asx-delica-galant-outlander-4007\/#primaryimage"},"image":{"@id":"https:\/\/www.silentblocks.com\/es\/producto\/silentblocks-para-soporte-diferencial-trasero-c-crosser-compass-asx-delica-galant-outlander-4007\/#primaryimage"},"thumbnailUrl":"https:\/\/www.silentblocks.com\/wp-content\/uploads\/2024\/11\/silentbloc-support-differentiel-outlander.jpg","datePublished":"2024-11-04T09:16:06+00:00","dateModified":"2026-02-17T21:49:44+00:00","description":"Silent blocks para soporte diferencial trasero, C-Crosser, Compass, ASX, Delica, Galant, Outlander, 4007, oem 3517A003, 3517A073, 3517A074, 3061.30","breadcrumb":{"@id":"https:\/\/www.silentblocks.com\/es\/producto\/silentblocks-para-soporte-diferencial-trasero-c-crosser-compass-asx-delica-galant-outlander-4007\/#breadcrumb"},"inLanguage":"es","potentialAction":[{"@type":"ReadAction","target":["https:\/\/www.silentblocks.com\/es\/producto\/silentblocks-para-soporte-diferencial-trasero-c-crosser-compass-asx-delica-galant-outlander-4007\/"]}]},{"@type":"ImageObject","inLanguage":"es","@id":"https:\/\/www.silentblocks.com\/es\/producto\/silentblocks-para-soporte-diferencial-trasero-c-crosser-compass-asx-delica-galant-outlander-4007\/#primaryimage","url":"https:\/\/www.silentblocks.com\/wp-content\/uploads\/2024\/11\/silentbloc-support-differentiel-outlander.jpg","contentUrl":"https:\/\/www.silentblocks.com\/wp-content\/uploads\/2024\/11\/silentbloc-support-differentiel-outlander.jpg","width":1024,"height":1024},{"@type":"BreadcrumbList","@id":"https:\/\/www.silentblocks.com\/es\/producto\/silentblocks-para-soporte-diferencial-trasero-c-crosser-compass-asx-delica-galant-outlander-4007\/#breadcrumb","itemListElement":[{"@type":"ListItem","position":1,"name":"In\u00edcio","item":"https:\/\/www.silentblocks.com\/es\/"},{"@type":"ListItem","position":2,"name":"Page boutique","item":"https:\/\/www.silentblocks.com\/es\/shop-2\/"},{"@type":"ListItem","position":3,"name":"Silentblocks para soporte diferencial trasero, C-Crosser, Compass, ASX, Delica, Galant, Outlander, 4007"}]},{"@type":"WebSite","@id":"https:\/\/www.silentblocks.com\/es\/#website","url":"https:\/\/www.silentblocks.com\/es\/","name":"SILENTBLOCKS","description":"Secure on the road","publisher":{"@id":"https:\/\/www.silentblocks.com\/es\/#organization"},"potentialAction":[{"@type":"SearchAction","target":{"@type":"EntryPoint","urlTemplate":"https:\/\/www.silentblocks.com\/es\/?s={search_term_string}"},"query-input":{"@type":"PropertyValueSpecification","valueRequired":true,"valueName":"search_term_string"}}],"inLanguage":"es"},{"@type":"Organization","@id":"https:\/\/www.silentblocks.com\/es\/#organization","name":"SILENTBLOCKS","url":"https:\/\/www.silentblocks.com\/es\/","logo":{"@type":"ImageObject","inLanguage":"es","@id":"https:\/\/www.silentblocks.com\/es\/#\/schema\/logo\/image\/","url":"https:\/\/www.silentblocks.com\/wp-content\/uploads\/2023\/07\/logo211-sem-fundo_2012-PARA-BOUTIQUE-EBAY.png","contentUrl":"https:\/\/www.silentblocks.com\/wp-content\/uploads\/2023\/07\/logo211-sem-fundo_2012-PARA-BOUTIQUE-EBAY.png","width":300,"height":190,"caption":"SILENTBLOCKS"},"image":{"@id":"https:\/\/www.silentblocks.com\/es\/#\/schema\/logo\/image\/"}}]}},"_links":{"self":[{"href":"https:\/\/www.silentblocks.com\/es\/wp-json\/wp\/v2\/product\/93777","targetHints":{"allow":["GET"]}}],"collection":[{"href":"https:\/\/www.silentblocks.com\/es\/wp-json\/wp\/v2\/product"}],"about":[{"href":"https:\/\/www.silentblocks.com\/es\/wp-json\/wp\/v2\/types\/product"}],"version-history":[{"count":0,"href":"https:\/\/www.silentblocks.com\/es\/wp-json\/wp\/v2\/product\/93777\/revisions"}],"wp:featuredmedia":[{"embeddable":true,"href":"https:\/\/www.silentblocks.com\/es\/wp-json\/wp\/v2\/media\/135461"}],"wp:attachment":[{"href":"https:\/\/www.silentblocks.com\/es\/wp-json\/wp\/v2\/media?parent=93777"}],"wp:term":[{"taxonomy":"product_brand","embeddable":true,"href":"https:\/\/www.silentblocks.com\/es\/wp-json\/wp\/v2\/product_brand?post=93777"},{"taxonomy":"product_cat","embeddable":true,"href":"https:\/\/www.silentblocks.com\/es\/wp-json\/wp\/v2\/product_cat?post=93777"},{"taxonomy":"product_tag","embeddable":true,"href":"https:\/\/www.silentblocks.com\/es\/wp-json\/wp\/v2\/product_tag?post=93777"}],"curies":[{"name":"wp","href":"https:\/\/api.w.org\/{rel}","templated":true}]}}