{"id":95208,"date":"2025-03-13T16:40:29","date_gmt":"2025-03-13T16:40:29","guid":{"rendered":"https:\/\/www.silentblocks.com\/product\/silentblock-soporte-motor-trasero-alfa-romeo-159-brera-spider\/"},"modified":"2026-02-17T21:53:21","modified_gmt":"2026-02-17T21:53:21","slug":"silentblock-soporte-motor-trasero-alfa-romeo-159-brera-spider","status":"publish","type":"product","link":"https:\/\/www.silentblocks.com\/es\/producto\/silentblock-soporte-motor-trasero-alfa-romeo-159-brera-spider\/","title":{"rendered":"Silentblock soporte motor trasero , Alfa Romeo 159, Brera, Spider"},"content":{"rendered":"<p>Buje suporte de motor trasero, compatible con los siguientes veh\u00edculos:<br \/>\nAlfa Romeo159 (939) 1.9 JTS, 2.2 JTS<br \/>\nAlfa Romeo 159 SW (939) 1.9 JTS, 2.2 JTS<br \/>\nAlfa Romeo Brera (939) 2.2 JTS<br \/>\nAlfa Romeo Spider (939) 2.2 JTS<\/p>\n<p>Referencias del fabricante (c\u00f3digo OEM) s\u00f3lo a t\u00edtulo informativo :<br \/>\n50501956<\/p>\n<p>Piezas nuevas, se vende con factura. Todos nuestros productos tienen 2 a\u00f1os de garant\u00eda.<\/p>\n","protected":false},"excerpt":{"rendered":"<p>Buje suporte de motor trasero, compatible con los siguientes veh\u00edculos: Alfa Romeo159 (939) 1.9 JTS, 2.2 JTS Alfa Romeo 159 SW (939) 1.9 JTS, 2.2 JTS Alfa Romeo Brera (939) 2.2 JTS Alfa Romeo Spider (939) 2.2 JTS Referencias del fabricante (c\u00f3digo OEM) s\u00f3lo a t\u00edtulo informativo : 50501956 Piezas nuevas, se vende con factura. [&hellip;]<\/p>\n","protected":false},"featured_media":95192,"template":"","meta":[],"product_brand":[],"product_cat":[930,979,982,2292,987],"product_tag":[],"class_list":{"0":"post-95208","1":"product","2":"type-product","3":"status-publish","4":"has-post-thumbnail","6":"product_cat-alfa-romeo","7":"product_cat-979","8":"product_cat-brera","9":"product_cat-spider-es","10":"product_cat-spider","12":"first","13":"instock","14":"shipping-taxable","15":"purchasable","16":"product-type-simple"},"yoast_head":"<!-- This site is optimized with the Yoast SEO Premium plugin v23.0 (Yoast SEO v27.4) - https:\/\/yoast.com\/product\/yoast-seo-premium-wordpress\/ -->\n<title>Silentblock soporte motor trasero , Alfa Romeo 159, Brera, Spider - SILENT BLOCKS<\/title>\n<meta name=\"description\" content=\"silentblock soporte motor trasero para Alfa Romeo 159, Alfa Romeo Brera, Alfa Romeo Spider, oem 50501956\" \/>\n<meta name=\"robots\" content=\"index, follow, max-snippet:-1, max-image-preview:large, max-video-preview:-1\" \/>\n<link rel=\"canonical\" href=\"https:\/\/www.silentblocks.com\/es\/producto\/silentblock-soporte-motor-trasero-alfa-romeo-159-brera-spider\/\" \/>\n<meta property=\"og:locale\" content=\"es_ES\" \/>\n<meta property=\"og:type\" content=\"article\" \/>\n<meta property=\"og:title\" content=\"Silentblock soporte motor trasero , Alfa Romeo 159, Brera, Spider\" \/>\n<meta property=\"og:description\" content=\"silentblock soporte motor trasero para Alfa Romeo 159, Alfa Romeo Brera, Alfa Romeo Spider, oem 50501956\" \/>\n<meta property=\"og:url\" content=\"https:\/\/www.silentblocks.com\/es\/producto\/silentblock-soporte-motor-trasero-alfa-romeo-159-brera-spider\/\" \/>\n<meta property=\"og:site_name\" content=\"SILENT BLOCKS\" \/>\n<meta property=\"article:modified_time\" content=\"2026-02-17T21:53:21+00:00\" \/>\n<meta property=\"og:image\" content=\"https:\/\/www.silentblocks.com\/wp-content\/uploads\/2026\/02\/support-moteur-arriere-alfa-159-50501956-1.jpg\" \/>\n\t<meta property=\"og:image:width\" content=\"800\" \/>\n\t<meta property=\"og:image:height\" content=\"800\" \/>\n\t<meta property=\"og:image:type\" content=\"image\/jpeg\" \/>\n<meta name=\"twitter:card\" content=\"summary_large_image\" \/>\n<script type=\"application\/ld+json\" class=\"yoast-schema-graph\">{\"@context\":\"https:\\\/\\\/schema.org\",\"@graph\":[{\"@type\":\"WebPage\",\"@id\":\"https:\\\/\\\/www.silentblocks.com\\\/es\\\/producto\\\/silentblock-soporte-motor-trasero-alfa-romeo-159-brera-spider\\\/\",\"url\":\"https:\\\/\\\/www.silentblocks.com\\\/es\\\/producto\\\/silentblock-soporte-motor-trasero-alfa-romeo-159-brera-spider\\\/\",\"name\":\"Silentblock soporte motor trasero , Alfa Romeo 159, Brera, Spider - SILENT BLOCKS\",\"isPartOf\":{\"@id\":\"https:\\\/\\\/www.silentblocks.com\\\/es\\\/#website\"},\"primaryImageOfPage\":{\"@id\":\"https:\\\/\\\/www.silentblocks.com\\\/es\\\/producto\\\/silentblock-soporte-motor-trasero-alfa-romeo-159-brera-spider\\\/#primaryimage\"},\"image\":{\"@id\":\"https:\\\/\\\/www.silentblocks.com\\\/es\\\/producto\\\/silentblock-soporte-motor-trasero-alfa-romeo-159-brera-spider\\\/#primaryimage\"},\"thumbnailUrl\":\"https:\\\/\\\/www.silentblocks.com\\\/wp-content\\\/uploads\\\/2026\\\/02\\\/support-moteur-arriere-alfa-159-50501956-1.jpg\",\"datePublished\":\"2025-03-13T16:40:29+00:00\",\"dateModified\":\"2026-02-17T21:53:21+00:00\",\"description\":\"silentblock soporte motor trasero para Alfa Romeo 159, Alfa Romeo Brera, Alfa Romeo Spider, oem 50501956\",\"breadcrumb\":{\"@id\":\"https:\\\/\\\/www.silentblocks.com\\\/es\\\/producto\\\/silentblock-soporte-motor-trasero-alfa-romeo-159-brera-spider\\\/#breadcrumb\"},\"inLanguage\":\"es\",\"potentialAction\":[{\"@type\":\"ReadAction\",\"target\":[\"https:\\\/\\\/www.silentblocks.com\\\/es\\\/producto\\\/silentblock-soporte-motor-trasero-alfa-romeo-159-brera-spider\\\/\"]}]},{\"@type\":\"ImageObject\",\"inLanguage\":\"es\",\"@id\":\"https:\\\/\\\/www.silentblocks.com\\\/es\\\/producto\\\/silentblock-soporte-motor-trasero-alfa-romeo-159-brera-spider\\\/#primaryimage\",\"url\":\"https:\\\/\\\/www.silentblocks.com\\\/wp-content\\\/uploads\\\/2026\\\/02\\\/support-moteur-arriere-alfa-159-50501956-1.jpg\",\"contentUrl\":\"https:\\\/\\\/www.silentblocks.com\\\/wp-content\\\/uploads\\\/2026\\\/02\\\/support-moteur-arriere-alfa-159-50501956-1.jpg\",\"width\":800,\"height\":800},{\"@type\":\"BreadcrumbList\",\"@id\":\"https:\\\/\\\/www.silentblocks.com\\\/es\\\/producto\\\/silentblock-soporte-motor-trasero-alfa-romeo-159-brera-spider\\\/#breadcrumb\",\"itemListElement\":[{\"@type\":\"ListItem\",\"position\":1,\"name\":\"In\u00edcio\",\"item\":\"https:\\\/\\\/www.silentblocks.com\\\/es\\\/\"},{\"@type\":\"ListItem\",\"position\":2,\"name\":\"Page boutique\",\"item\":\"https:\\\/\\\/www.silentblocks.com\\\/es\\\/shop-2\\\/\"},{\"@type\":\"ListItem\",\"position\":3,\"name\":\"Silentblock soporte motor trasero , Alfa Romeo 159, Brera, Spider\"}]},{\"@type\":\"WebSite\",\"@id\":\"https:\\\/\\\/www.silentblocks.com\\\/es\\\/#website\",\"url\":\"https:\\\/\\\/www.silentblocks.com\\\/es\\\/\",\"name\":\"SILENTBLOCKS\",\"description\":\"Secure on the road\",\"publisher\":{\"@id\":\"https:\\\/\\\/www.silentblocks.com\\\/es\\\/#organization\"},\"potentialAction\":[{\"@type\":\"SearchAction\",\"target\":{\"@type\":\"EntryPoint\",\"urlTemplate\":\"https:\\\/\\\/www.silentblocks.com\\\/es\\\/?s={search_term_string}\"},\"query-input\":{\"@type\":\"PropertyValueSpecification\",\"valueRequired\":true,\"valueName\":\"search_term_string\"}}],\"inLanguage\":\"es\"},{\"@type\":\"Organization\",\"@id\":\"https:\\\/\\\/www.silentblocks.com\\\/es\\\/#organization\",\"name\":\"SILENTBLOCKS\",\"url\":\"https:\\\/\\\/www.silentblocks.com\\\/es\\\/\",\"logo\":{\"@type\":\"ImageObject\",\"inLanguage\":\"es\",\"@id\":\"https:\\\/\\\/www.silentblocks.com\\\/es\\\/#\\\/schema\\\/logo\\\/image\\\/\",\"url\":\"https:\\\/\\\/www.silentblocks.com\\\/wp-content\\\/uploads\\\/2023\\\/07\\\/logo211-sem-fundo_2012-PARA-BOUTIQUE-EBAY.png\",\"contentUrl\":\"https:\\\/\\\/www.silentblocks.com\\\/wp-content\\\/uploads\\\/2023\\\/07\\\/logo211-sem-fundo_2012-PARA-BOUTIQUE-EBAY.png\",\"width\":300,\"height\":190,\"caption\":\"SILENTBLOCKS\"},\"image\":{\"@id\":\"https:\\\/\\\/www.silentblocks.com\\\/es\\\/#\\\/schema\\\/logo\\\/image\\\/\"}}]}<\/script>\n<!-- \/ Yoast SEO Premium plugin. -->","yoast_head_json":{"title":"Silentblock soporte motor trasero , Alfa Romeo 159, Brera, Spider - SILENT BLOCKS","description":"silentblock soporte motor trasero para Alfa Romeo 159, Alfa Romeo Brera, Alfa Romeo Spider, oem 50501956","robots":{"index":"index","follow":"follow","max-snippet":"max-snippet:-1","max-image-preview":"max-image-preview:large","max-video-preview":"max-video-preview:-1"},"canonical":"https:\/\/www.silentblocks.com\/es\/producto\/silentblock-soporte-motor-trasero-alfa-romeo-159-brera-spider\/","og_locale":"es_ES","og_type":"article","og_title":"Silentblock soporte motor trasero , Alfa Romeo 159, Brera, Spider","og_description":"silentblock soporte motor trasero para Alfa Romeo 159, Alfa Romeo Brera, Alfa Romeo Spider, oem 50501956","og_url":"https:\/\/www.silentblocks.com\/es\/producto\/silentblock-soporte-motor-trasero-alfa-romeo-159-brera-spider\/","og_site_name":"SILENT BLOCKS","article_modified_time":"2026-02-17T21:53:21+00:00","og_image":[{"width":800,"height":800,"url":"https:\/\/www.silentblocks.com\/wp-content\/uploads\/2026\/02\/support-moteur-arriere-alfa-159-50501956-1.jpg","type":"image\/jpeg"}],"twitter_card":"summary_large_image","schema":{"@context":"https:\/\/schema.org","@graph":[{"@type":"WebPage","@id":"https:\/\/www.silentblocks.com\/es\/producto\/silentblock-soporte-motor-trasero-alfa-romeo-159-brera-spider\/","url":"https:\/\/www.silentblocks.com\/es\/producto\/silentblock-soporte-motor-trasero-alfa-romeo-159-brera-spider\/","name":"Silentblock soporte motor trasero , Alfa Romeo 159, Brera, Spider - SILENT BLOCKS","isPartOf":{"@id":"https:\/\/www.silentblocks.com\/es\/#website"},"primaryImageOfPage":{"@id":"https:\/\/www.silentblocks.com\/es\/producto\/silentblock-soporte-motor-trasero-alfa-romeo-159-brera-spider\/#primaryimage"},"image":{"@id":"https:\/\/www.silentblocks.com\/es\/producto\/silentblock-soporte-motor-trasero-alfa-romeo-159-brera-spider\/#primaryimage"},"thumbnailUrl":"https:\/\/www.silentblocks.com\/wp-content\/uploads\/2026\/02\/support-moteur-arriere-alfa-159-50501956-1.jpg","datePublished":"2025-03-13T16:40:29+00:00","dateModified":"2026-02-17T21:53:21+00:00","description":"silentblock soporte motor trasero para Alfa Romeo 159, Alfa Romeo Brera, Alfa Romeo Spider, oem 50501956","breadcrumb":{"@id":"https:\/\/www.silentblocks.com\/es\/producto\/silentblock-soporte-motor-trasero-alfa-romeo-159-brera-spider\/#breadcrumb"},"inLanguage":"es","potentialAction":[{"@type":"ReadAction","target":["https:\/\/www.silentblocks.com\/es\/producto\/silentblock-soporte-motor-trasero-alfa-romeo-159-brera-spider\/"]}]},{"@type":"ImageObject","inLanguage":"es","@id":"https:\/\/www.silentblocks.com\/es\/producto\/silentblock-soporte-motor-trasero-alfa-romeo-159-brera-spider\/#primaryimage","url":"https:\/\/www.silentblocks.com\/wp-content\/uploads\/2026\/02\/support-moteur-arriere-alfa-159-50501956-1.jpg","contentUrl":"https:\/\/www.silentblocks.com\/wp-content\/uploads\/2026\/02\/support-moteur-arriere-alfa-159-50501956-1.jpg","width":800,"height":800},{"@type":"BreadcrumbList","@id":"https:\/\/www.silentblocks.com\/es\/producto\/silentblock-soporte-motor-trasero-alfa-romeo-159-brera-spider\/#breadcrumb","itemListElement":[{"@type":"ListItem","position":1,"name":"In\u00edcio","item":"https:\/\/www.silentblocks.com\/es\/"},{"@type":"ListItem","position":2,"name":"Page boutique","item":"https:\/\/www.silentblocks.com\/es\/shop-2\/"},{"@type":"ListItem","position":3,"name":"Silentblock soporte motor trasero , Alfa Romeo 159, Brera, Spider"}]},{"@type":"WebSite","@id":"https:\/\/www.silentblocks.com\/es\/#website","url":"https:\/\/www.silentblocks.com\/es\/","name":"SILENTBLOCKS","description":"Secure on the road","publisher":{"@id":"https:\/\/www.silentblocks.com\/es\/#organization"},"potentialAction":[{"@type":"SearchAction","target":{"@type":"EntryPoint","urlTemplate":"https:\/\/www.silentblocks.com\/es\/?s={search_term_string}"},"query-input":{"@type":"PropertyValueSpecification","valueRequired":true,"valueName":"search_term_string"}}],"inLanguage":"es"},{"@type":"Organization","@id":"https:\/\/www.silentblocks.com\/es\/#organization","name":"SILENTBLOCKS","url":"https:\/\/www.silentblocks.com\/es\/","logo":{"@type":"ImageObject","inLanguage":"es","@id":"https:\/\/www.silentblocks.com\/es\/#\/schema\/logo\/image\/","url":"https:\/\/www.silentblocks.com\/wp-content\/uploads\/2023\/07\/logo211-sem-fundo_2012-PARA-BOUTIQUE-EBAY.png","contentUrl":"https:\/\/www.silentblocks.com\/wp-content\/uploads\/2023\/07\/logo211-sem-fundo_2012-PARA-BOUTIQUE-EBAY.png","width":300,"height":190,"caption":"SILENTBLOCKS"},"image":{"@id":"https:\/\/www.silentblocks.com\/es\/#\/schema\/logo\/image\/"}}]}},"_links":{"self":[{"href":"https:\/\/www.silentblocks.com\/es\/wp-json\/wp\/v2\/product\/95208","targetHints":{"allow":["GET"]}}],"collection":[{"href":"https:\/\/www.silentblocks.com\/es\/wp-json\/wp\/v2\/product"}],"about":[{"href":"https:\/\/www.silentblocks.com\/es\/wp-json\/wp\/v2\/types\/product"}],"version-history":[{"count":0,"href":"https:\/\/www.silentblocks.com\/es\/wp-json\/wp\/v2\/product\/95208\/revisions"}],"wp:featuredmedia":[{"embeddable":true,"href":"https:\/\/www.silentblocks.com\/es\/wp-json\/wp\/v2\/media\/95192"}],"wp:attachment":[{"href":"https:\/\/www.silentblocks.com\/es\/wp-json\/wp\/v2\/media?parent=95208"}],"wp:term":[{"taxonomy":"product_brand","embeddable":true,"href":"https:\/\/www.silentblocks.com\/es\/wp-json\/wp\/v2\/product_brand?post=95208"},{"taxonomy":"product_cat","embeddable":true,"href":"https:\/\/www.silentblocks.com\/es\/wp-json\/wp\/v2\/product_cat?post=95208"},{"taxonomy":"product_tag","embeddable":true,"href":"https:\/\/www.silentblocks.com\/es\/wp-json\/wp\/v2\/product_tag?post=95208"}],"curies":[{"name":"wp","href":"https:\/\/api.w.org\/{rel}","templated":true}]}}