{"id":95426,"date":"2025-04-02T12:21:01","date_gmt":"2025-04-02T12:21:01","guid":{"rendered":"https:\/\/www.silentblocks.com\/product\/pernos-ballesta-trasera-jumper-iii-ducato-250-boxer-iii\/"},"modified":"2026-02-17T21:53:57","modified_gmt":"2026-02-17T21:53:57","slug":"pernos-ballesta-trasera-jumper-iii-ducato-250-boxer-iii","status":"publish","type":"product","link":"https:\/\/www.silentblocks.com\/es\/producto\/pernos-ballesta-trasera-jumper-iii-ducato-250-boxer-iii\/","title":{"rendered":"Pernos ballesta trasera, Jumper III, Ducato 250, Boxer III"},"content":{"rendered":"<p>Pernos para ballestas traseras, compatibles con los siguientes veh\u00edculos:<br \/>\nCitroen Jumper III (desde 2006)<br \/>\nFiat Ducato 250 (desde 2006)<br \/>\nPeugeot Boxer III(desde 2006)<\/p>\n<p>Referencias del fabricante (c\u00f3digo OEM) s\u00f3lo a t\u00edtulo informativo :<br \/>\n5091.15, 1349925080, 1350574080, 509115<\/p>\n<p>Piezas nuevas, se vende con factura. Todos nuestros productos tienen 2 a\u00f1os de garant\u00eda.<\/p>\n","protected":false},"excerpt":{"rendered":"<p>Pernos para ballestas traseras, compatibles con los siguientes veh\u00edculos: Citroen Jumper III (desde 2006) Fiat Ducato 250 (desde 2006) Peugeot Boxer III(desde 2006) Referencias del fabricante (c\u00f3digo OEM) s\u00f3lo a t\u00edtulo informativo : 5091.15, 1349925080, 1350574080, 509115 Piezas nuevas, se vende con factura. Todos nuestros productos tienen 2 a\u00f1os de garant\u00eda.<\/p>\n","protected":false},"featured_media":95415,"template":"","meta":[],"product_brand":[],"product_cat":[939,1058,938,1100,931,1400,3354],"product_tag":[],"class_list":{"0":"post-95426","1":"product","2":"type-product","3":"status-publish","4":"has-post-thumbnail","6":"product_cat-citroen","7":"product_cat-jumper-2006","8":"product_cat-fiat","9":"product_cat-ducato-2006","10":"product_cat-peugeot","11":"product_cat-boxer-06","12":"product_cat-boxer-06-es","14":"first","15":"instock","16":"shipping-taxable","17":"purchasable","18":"product-type-simple"},"yoast_head":"<!-- This site is optimized with the Yoast SEO Premium plugin v23.0 (Yoast SEO v27.4) - https:\/\/yoast.com\/product\/yoast-seo-premium-wordpress\/ -->\n<title>Pernos ballesta trasera, Jumper III, Ducato 250, Boxer III - SILENT BLOCKS<\/title>\n<meta name=\"description\" content=\"Pernos y tuercas para ballestas traseras para Citroen Jumper III, Fiat Ducato 250, Peugeot Boxer III, oem 5091.15, 1349925080, 1350574080, 509115\" \/>\n<meta name=\"robots\" content=\"index, follow, max-snippet:-1, max-image-preview:large, max-video-preview:-1\" \/>\n<link rel=\"canonical\" href=\"https:\/\/www.silentblocks.com\/es\/producto\/pernos-ballesta-trasera-jumper-iii-ducato-250-boxer-iii\/\" \/>\n<meta property=\"og:locale\" content=\"es_ES\" \/>\n<meta property=\"og:type\" content=\"article\" \/>\n<meta property=\"og:title\" content=\"Pernos ballesta trasera, Jumper III, Ducato 250, Boxer III\" \/>\n<meta property=\"og:description\" content=\"Pernos y tuercas para ballestas traseras para Citroen Jumper III, Fiat Ducato 250, Peugeot Boxer III, oem 5091.15, 1349925080, 1350574080, 509115\" \/>\n<meta property=\"og:url\" content=\"https:\/\/www.silentblocks.com\/es\/producto\/pernos-ballesta-trasera-jumper-iii-ducato-250-boxer-iii\/\" \/>\n<meta property=\"og:site_name\" content=\"SILENT BLOCKS\" \/>\n<meta property=\"article:modified_time\" content=\"2026-02-17T21:53:57+00:00\" \/>\n<meta property=\"og:image\" content=\"https:\/\/www.silentblocks.com\/wp-content\/uploads\/2026\/02\/kit-boulonerie-lames-arriere-ducato-250.jpg\" \/>\n\t<meta property=\"og:image:width\" content=\"1000\" \/>\n\t<meta property=\"og:image:height\" content=\"1000\" \/>\n\t<meta property=\"og:image:type\" content=\"image\/jpeg\" \/>\n<meta name=\"twitter:card\" content=\"summary_large_image\" \/>\n<script type=\"application\/ld+json\" class=\"yoast-schema-graph\">{\"@context\":\"https:\\\/\\\/schema.org\",\"@graph\":[{\"@type\":\"WebPage\",\"@id\":\"https:\\\/\\\/www.silentblocks.com\\\/es\\\/producto\\\/pernos-ballesta-trasera-jumper-iii-ducato-250-boxer-iii\\\/\",\"url\":\"https:\\\/\\\/www.silentblocks.com\\\/es\\\/producto\\\/pernos-ballesta-trasera-jumper-iii-ducato-250-boxer-iii\\\/\",\"name\":\"Pernos ballesta trasera, Jumper III, Ducato 250, Boxer III - SILENT BLOCKS\",\"isPartOf\":{\"@id\":\"https:\\\/\\\/www.silentblocks.com\\\/es\\\/#website\"},\"primaryImageOfPage\":{\"@id\":\"https:\\\/\\\/www.silentblocks.com\\\/es\\\/producto\\\/pernos-ballesta-trasera-jumper-iii-ducato-250-boxer-iii\\\/#primaryimage\"},\"image\":{\"@id\":\"https:\\\/\\\/www.silentblocks.com\\\/es\\\/producto\\\/pernos-ballesta-trasera-jumper-iii-ducato-250-boxer-iii\\\/#primaryimage\"},\"thumbnailUrl\":\"https:\\\/\\\/www.silentblocks.com\\\/wp-content\\\/uploads\\\/2026\\\/02\\\/kit-boulonerie-lames-arriere-ducato-250.jpg\",\"datePublished\":\"2025-04-02T12:21:01+00:00\",\"dateModified\":\"2026-02-17T21:53:57+00:00\",\"description\":\"Pernos y tuercas para ballestas traseras para Citroen Jumper III, Fiat Ducato 250, Peugeot Boxer III, oem 5091.15, 1349925080, 1350574080, 509115\",\"breadcrumb\":{\"@id\":\"https:\\\/\\\/www.silentblocks.com\\\/es\\\/producto\\\/pernos-ballesta-trasera-jumper-iii-ducato-250-boxer-iii\\\/#breadcrumb\"},\"inLanguage\":\"es\",\"potentialAction\":[{\"@type\":\"ReadAction\",\"target\":[\"https:\\\/\\\/www.silentblocks.com\\\/es\\\/producto\\\/pernos-ballesta-trasera-jumper-iii-ducato-250-boxer-iii\\\/\"]}]},{\"@type\":\"ImageObject\",\"inLanguage\":\"es\",\"@id\":\"https:\\\/\\\/www.silentblocks.com\\\/es\\\/producto\\\/pernos-ballesta-trasera-jumper-iii-ducato-250-boxer-iii\\\/#primaryimage\",\"url\":\"https:\\\/\\\/www.silentblocks.com\\\/wp-content\\\/uploads\\\/2026\\\/02\\\/kit-boulonerie-lames-arriere-ducato-250.jpg\",\"contentUrl\":\"https:\\\/\\\/www.silentblocks.com\\\/wp-content\\\/uploads\\\/2026\\\/02\\\/kit-boulonerie-lames-arriere-ducato-250.jpg\",\"width\":1000,\"height\":1000},{\"@type\":\"BreadcrumbList\",\"@id\":\"https:\\\/\\\/www.silentblocks.com\\\/es\\\/producto\\\/pernos-ballesta-trasera-jumper-iii-ducato-250-boxer-iii\\\/#breadcrumb\",\"itemListElement\":[{\"@type\":\"ListItem\",\"position\":1,\"name\":\"In\u00edcio\",\"item\":\"https:\\\/\\\/www.silentblocks.com\\\/es\\\/\"},{\"@type\":\"ListItem\",\"position\":2,\"name\":\"Page boutique\",\"item\":\"https:\\\/\\\/www.silentblocks.com\\\/es\\\/shop-2\\\/\"},{\"@type\":\"ListItem\",\"position\":3,\"name\":\"Pernos ballesta trasera, Jumper III, Ducato 250, Boxer III\"}]},{\"@type\":\"WebSite\",\"@id\":\"https:\\\/\\\/www.silentblocks.com\\\/es\\\/#website\",\"url\":\"https:\\\/\\\/www.silentblocks.com\\\/es\\\/\",\"name\":\"SILENTBLOCKS\",\"description\":\"Secure on the road\",\"publisher\":{\"@id\":\"https:\\\/\\\/www.silentblocks.com\\\/es\\\/#organization\"},\"potentialAction\":[{\"@type\":\"SearchAction\",\"target\":{\"@type\":\"EntryPoint\",\"urlTemplate\":\"https:\\\/\\\/www.silentblocks.com\\\/es\\\/?s={search_term_string}\"},\"query-input\":{\"@type\":\"PropertyValueSpecification\",\"valueRequired\":true,\"valueName\":\"search_term_string\"}}],\"inLanguage\":\"es\"},{\"@type\":\"Organization\",\"@id\":\"https:\\\/\\\/www.silentblocks.com\\\/es\\\/#organization\",\"name\":\"SILENTBLOCKS\",\"url\":\"https:\\\/\\\/www.silentblocks.com\\\/es\\\/\",\"logo\":{\"@type\":\"ImageObject\",\"inLanguage\":\"es\",\"@id\":\"https:\\\/\\\/www.silentblocks.com\\\/es\\\/#\\\/schema\\\/logo\\\/image\\\/\",\"url\":\"https:\\\/\\\/www.silentblocks.com\\\/wp-content\\\/uploads\\\/2023\\\/07\\\/logo211-sem-fundo_2012-PARA-BOUTIQUE-EBAY.png\",\"contentUrl\":\"https:\\\/\\\/www.silentblocks.com\\\/wp-content\\\/uploads\\\/2023\\\/07\\\/logo211-sem-fundo_2012-PARA-BOUTIQUE-EBAY.png\",\"width\":300,\"height\":190,\"caption\":\"SILENTBLOCKS\"},\"image\":{\"@id\":\"https:\\\/\\\/www.silentblocks.com\\\/es\\\/#\\\/schema\\\/logo\\\/image\\\/\"}}]}<\/script>\n<!-- \/ Yoast SEO Premium plugin. -->","yoast_head_json":{"title":"Pernos ballesta trasera, Jumper III, Ducato 250, Boxer III - SILENT BLOCKS","description":"Pernos y tuercas para ballestas traseras para Citroen Jumper III, Fiat Ducato 250, Peugeot Boxer III, oem 5091.15, 1349925080, 1350574080, 509115","robots":{"index":"index","follow":"follow","max-snippet":"max-snippet:-1","max-image-preview":"max-image-preview:large","max-video-preview":"max-video-preview:-1"},"canonical":"https:\/\/www.silentblocks.com\/es\/producto\/pernos-ballesta-trasera-jumper-iii-ducato-250-boxer-iii\/","og_locale":"es_ES","og_type":"article","og_title":"Pernos ballesta trasera, Jumper III, Ducato 250, Boxer III","og_description":"Pernos y tuercas para ballestas traseras para Citroen Jumper III, Fiat Ducato 250, Peugeot Boxer III, oem 5091.15, 1349925080, 1350574080, 509115","og_url":"https:\/\/www.silentblocks.com\/es\/producto\/pernos-ballesta-trasera-jumper-iii-ducato-250-boxer-iii\/","og_site_name":"SILENT BLOCKS","article_modified_time":"2026-02-17T21:53:57+00:00","og_image":[{"width":1000,"height":1000,"url":"https:\/\/www.silentblocks.com\/wp-content\/uploads\/2026\/02\/kit-boulonerie-lames-arriere-ducato-250.jpg","type":"image\/jpeg"}],"twitter_card":"summary_large_image","schema":{"@context":"https:\/\/schema.org","@graph":[{"@type":"WebPage","@id":"https:\/\/www.silentblocks.com\/es\/producto\/pernos-ballesta-trasera-jumper-iii-ducato-250-boxer-iii\/","url":"https:\/\/www.silentblocks.com\/es\/producto\/pernos-ballesta-trasera-jumper-iii-ducato-250-boxer-iii\/","name":"Pernos ballesta trasera, Jumper III, Ducato 250, Boxer III - SILENT BLOCKS","isPartOf":{"@id":"https:\/\/www.silentblocks.com\/es\/#website"},"primaryImageOfPage":{"@id":"https:\/\/www.silentblocks.com\/es\/producto\/pernos-ballesta-trasera-jumper-iii-ducato-250-boxer-iii\/#primaryimage"},"image":{"@id":"https:\/\/www.silentblocks.com\/es\/producto\/pernos-ballesta-trasera-jumper-iii-ducato-250-boxer-iii\/#primaryimage"},"thumbnailUrl":"https:\/\/www.silentblocks.com\/wp-content\/uploads\/2026\/02\/kit-boulonerie-lames-arriere-ducato-250.jpg","datePublished":"2025-04-02T12:21:01+00:00","dateModified":"2026-02-17T21:53:57+00:00","description":"Pernos y tuercas para ballestas traseras para Citroen Jumper III, Fiat Ducato 250, Peugeot Boxer III, oem 5091.15, 1349925080, 1350574080, 509115","breadcrumb":{"@id":"https:\/\/www.silentblocks.com\/es\/producto\/pernos-ballesta-trasera-jumper-iii-ducato-250-boxer-iii\/#breadcrumb"},"inLanguage":"es","potentialAction":[{"@type":"ReadAction","target":["https:\/\/www.silentblocks.com\/es\/producto\/pernos-ballesta-trasera-jumper-iii-ducato-250-boxer-iii\/"]}]},{"@type":"ImageObject","inLanguage":"es","@id":"https:\/\/www.silentblocks.com\/es\/producto\/pernos-ballesta-trasera-jumper-iii-ducato-250-boxer-iii\/#primaryimage","url":"https:\/\/www.silentblocks.com\/wp-content\/uploads\/2026\/02\/kit-boulonerie-lames-arriere-ducato-250.jpg","contentUrl":"https:\/\/www.silentblocks.com\/wp-content\/uploads\/2026\/02\/kit-boulonerie-lames-arriere-ducato-250.jpg","width":1000,"height":1000},{"@type":"BreadcrumbList","@id":"https:\/\/www.silentblocks.com\/es\/producto\/pernos-ballesta-trasera-jumper-iii-ducato-250-boxer-iii\/#breadcrumb","itemListElement":[{"@type":"ListItem","position":1,"name":"In\u00edcio","item":"https:\/\/www.silentblocks.com\/es\/"},{"@type":"ListItem","position":2,"name":"Page boutique","item":"https:\/\/www.silentblocks.com\/es\/shop-2\/"},{"@type":"ListItem","position":3,"name":"Pernos ballesta trasera, Jumper III, Ducato 250, Boxer III"}]},{"@type":"WebSite","@id":"https:\/\/www.silentblocks.com\/es\/#website","url":"https:\/\/www.silentblocks.com\/es\/","name":"SILENTBLOCKS","description":"Secure on the road","publisher":{"@id":"https:\/\/www.silentblocks.com\/es\/#organization"},"potentialAction":[{"@type":"SearchAction","target":{"@type":"EntryPoint","urlTemplate":"https:\/\/www.silentblocks.com\/es\/?s={search_term_string}"},"query-input":{"@type":"PropertyValueSpecification","valueRequired":true,"valueName":"search_term_string"}}],"inLanguage":"es"},{"@type":"Organization","@id":"https:\/\/www.silentblocks.com\/es\/#organization","name":"SILENTBLOCKS","url":"https:\/\/www.silentblocks.com\/es\/","logo":{"@type":"ImageObject","inLanguage":"es","@id":"https:\/\/www.silentblocks.com\/es\/#\/schema\/logo\/image\/","url":"https:\/\/www.silentblocks.com\/wp-content\/uploads\/2023\/07\/logo211-sem-fundo_2012-PARA-BOUTIQUE-EBAY.png","contentUrl":"https:\/\/www.silentblocks.com\/wp-content\/uploads\/2023\/07\/logo211-sem-fundo_2012-PARA-BOUTIQUE-EBAY.png","width":300,"height":190,"caption":"SILENTBLOCKS"},"image":{"@id":"https:\/\/www.silentblocks.com\/es\/#\/schema\/logo\/image\/"}}]}},"_links":{"self":[{"href":"https:\/\/www.silentblocks.com\/es\/wp-json\/wp\/v2\/product\/95426","targetHints":{"allow":["GET"]}}],"collection":[{"href":"https:\/\/www.silentblocks.com\/es\/wp-json\/wp\/v2\/product"}],"about":[{"href":"https:\/\/www.silentblocks.com\/es\/wp-json\/wp\/v2\/types\/product"}],"version-history":[{"count":0,"href":"https:\/\/www.silentblocks.com\/es\/wp-json\/wp\/v2\/product\/95426\/revisions"}],"wp:featuredmedia":[{"embeddable":true,"href":"https:\/\/www.silentblocks.com\/es\/wp-json\/wp\/v2\/media\/95415"}],"wp:attachment":[{"href":"https:\/\/www.silentblocks.com\/es\/wp-json\/wp\/v2\/media?parent=95426"}],"wp:term":[{"taxonomy":"product_brand","embeddable":true,"href":"https:\/\/www.silentblocks.com\/es\/wp-json\/wp\/v2\/product_brand?post=95426"},{"taxonomy":"product_cat","embeddable":true,"href":"https:\/\/www.silentblocks.com\/es\/wp-json\/wp\/v2\/product_cat?post=95426"},{"taxonomy":"product_tag","embeddable":true,"href":"https:\/\/www.silentblocks.com\/es\/wp-json\/wp\/v2\/product_tag?post=95426"}],"curies":[{"name":"wp","href":"https:\/\/api.w.org\/{rel}","templated":true}]}}