{"id":96828,"date":"2025-05-02T15:49:41","date_gmt":"2025-05-02T15:49:41","guid":{"rendered":"https:\/\/www.silentblocks.com\/product\/separador-de-rueda-patrol-y60-y61\/"},"modified":"2026-02-17T21:57:43","modified_gmt":"2026-02-17T21:57:43","slug":"separador-de-rueda-patrol-y60-y61","status":"publish","type":"product","link":"https:\/\/www.silentblocks.com\/es\/producto\/separador-de-rueda-patrol-y60-y61\/","title":{"rendered":"Separador de rueda, Patrol Y60\/Y61"},"content":{"rendered":"<p>Kit de separador de rueda, compatible con los siguientes veh\u00edculos:<br \/>\nNissan Patrol Y60\/Y61<\/p>\n<p>Ensanchadores de v\u00eda de 35 mm de grosor, con un patr\u00f3n de tornillos de 6&#215;139,7 mm y un orificio central de 110 mm con pesta\u00f1a de centrado. Estos ensanchadores se fabrican cuidadosamente en aluminio 6061 anodizado T6, que ofrece unas caracter\u00edsticas de resistencia significativamente mejoradas en comparaci\u00f3n con los ensanchadores de aleaci\u00f3n PA21 utilizados habitualmente. Llevan esp\u00e1rragos de acero templado con rosca M12x1,25.<\/p>\n<p>Piezas nuevas, se vende con factura. Todos nuestros productos tienen 2 a\u00f1os de garant\u00eda.<\/p>\n","protected":false},"excerpt":{"rendered":"<p>Kit de separador de rueda, compatible con los siguientes veh\u00edculos: Nissan Patrol Y60\/Y61 Ensanchadores de v\u00eda de 35 mm de grosor, con un patr\u00f3n de tornillos de 6&#215;139,7 mm y un orificio central de 110 mm con pesta\u00f1a de centrado. Estos ensanchadores se fabrican cuidadosamente en aluminio 6061 anodizado T6, que ofrece unas caracter\u00edsticas de [&hellip;]<\/p>\n","protected":false},"featured_media":96817,"template":"","meta":[],"product_brand":[],"product_cat":[950,1319,1320,1780],"product_tag":[],"class_list":{"0":"post-96828","1":"product","2":"type-product","3":"status-publish","4":"has-post-thumbnail","6":"product_cat-nissan","7":"product_cat-patrol-86-97","8":"product_cat-patrol-97-10","11":"first","12":"instock","13":"shipping-taxable","14":"purchasable","15":"product-type-simple"},"yoast_head":"<!-- This site is optimized with the Yoast SEO Premium plugin v23.0 (Yoast SEO v27.4) - https:\/\/yoast.com\/product\/yoast-seo-premium-wordpress\/ -->\n<title>Separador de rueda, Patrol Y60\/Y61 - SILENT BLOCKS<\/title>\n<meta name=\"description\" content=\"Kit de separador de rueda para Nissan Patrol Y60, Patrol Y61\" \/>\n<meta name=\"robots\" content=\"index, follow, max-snippet:-1, max-image-preview:large, max-video-preview:-1\" \/>\n<link rel=\"canonical\" href=\"https:\/\/www.silentblocks.com\/es\/producto\/separador-de-rueda-patrol-y60-y61\/\" \/>\n<meta property=\"og:locale\" content=\"es_ES\" \/>\n<meta property=\"og:type\" content=\"article\" \/>\n<meta property=\"og:title\" content=\"Separador de rueda, Patrol Y60\/Y61\" \/>\n<meta property=\"og:description\" content=\"Kit de separador de rueda para Nissan Patrol Y60, Patrol Y61\" \/>\n<meta property=\"og:url\" content=\"https:\/\/www.silentblocks.com\/es\/producto\/separador-de-rueda-patrol-y60-y61\/\" \/>\n<meta property=\"og:site_name\" content=\"SILENT BLOCKS\" \/>\n<meta property=\"article:modified_time\" content=\"2026-02-17T21:57:43+00:00\" \/>\n<meta property=\"og:image\" content=\"https:\/\/www.silentblocks.com\/wp-content\/uploads\/2026\/02\/wheel-spacers-patrol-y60-y61.jpg\" \/>\n\t<meta property=\"og:image:width\" content=\"1000\" \/>\n\t<meta property=\"og:image:height\" content=\"1000\" \/>\n\t<meta property=\"og:image:type\" content=\"image\/jpeg\" \/>\n<meta name=\"twitter:card\" content=\"summary_large_image\" \/>\n<script type=\"application\/ld+json\" class=\"yoast-schema-graph\">{\"@context\":\"https:\\\/\\\/schema.org\",\"@graph\":[{\"@type\":\"WebPage\",\"@id\":\"https:\\\/\\\/www.silentblocks.com\\\/es\\\/producto\\\/separador-de-rueda-patrol-y60-y61\\\/\",\"url\":\"https:\\\/\\\/www.silentblocks.com\\\/es\\\/producto\\\/separador-de-rueda-patrol-y60-y61\\\/\",\"name\":\"Separador de rueda, Patrol Y60\\\/Y61 - SILENT BLOCKS\",\"isPartOf\":{\"@id\":\"https:\\\/\\\/www.silentblocks.com\\\/es\\\/#website\"},\"primaryImageOfPage\":{\"@id\":\"https:\\\/\\\/www.silentblocks.com\\\/es\\\/producto\\\/separador-de-rueda-patrol-y60-y61\\\/#primaryimage\"},\"image\":{\"@id\":\"https:\\\/\\\/www.silentblocks.com\\\/es\\\/producto\\\/separador-de-rueda-patrol-y60-y61\\\/#primaryimage\"},\"thumbnailUrl\":\"https:\\\/\\\/www.silentblocks.com\\\/wp-content\\\/uploads\\\/2026\\\/02\\\/wheel-spacers-patrol-y60-y61.jpg\",\"datePublished\":\"2025-05-02T15:49:41+00:00\",\"dateModified\":\"2026-02-17T21:57:43+00:00\",\"description\":\"Kit de separador de rueda para Nissan Patrol Y60, Patrol Y61\",\"breadcrumb\":{\"@id\":\"https:\\\/\\\/www.silentblocks.com\\\/es\\\/producto\\\/separador-de-rueda-patrol-y60-y61\\\/#breadcrumb\"},\"inLanguage\":\"es\",\"potentialAction\":[{\"@type\":\"ReadAction\",\"target\":[\"https:\\\/\\\/www.silentblocks.com\\\/es\\\/producto\\\/separador-de-rueda-patrol-y60-y61\\\/\"]}]},{\"@type\":\"ImageObject\",\"inLanguage\":\"es\",\"@id\":\"https:\\\/\\\/www.silentblocks.com\\\/es\\\/producto\\\/separador-de-rueda-patrol-y60-y61\\\/#primaryimage\",\"url\":\"https:\\\/\\\/www.silentblocks.com\\\/wp-content\\\/uploads\\\/2026\\\/02\\\/wheel-spacers-patrol-y60-y61.jpg\",\"contentUrl\":\"https:\\\/\\\/www.silentblocks.com\\\/wp-content\\\/uploads\\\/2026\\\/02\\\/wheel-spacers-patrol-y60-y61.jpg\",\"width\":1000,\"height\":1000},{\"@type\":\"BreadcrumbList\",\"@id\":\"https:\\\/\\\/www.silentblocks.com\\\/es\\\/producto\\\/separador-de-rueda-patrol-y60-y61\\\/#breadcrumb\",\"itemListElement\":[{\"@type\":\"ListItem\",\"position\":1,\"name\":\"In\u00edcio\",\"item\":\"https:\\\/\\\/www.silentblocks.com\\\/es\\\/\"},{\"@type\":\"ListItem\",\"position\":2,\"name\":\"Page boutique\",\"item\":\"https:\\\/\\\/www.silentblocks.com\\\/es\\\/shop-2\\\/\"},{\"@type\":\"ListItem\",\"position\":3,\"name\":\"Separador de rueda, Patrol Y60\\\/Y61\"}]},{\"@type\":\"WebSite\",\"@id\":\"https:\\\/\\\/www.silentblocks.com\\\/es\\\/#website\",\"url\":\"https:\\\/\\\/www.silentblocks.com\\\/es\\\/\",\"name\":\"SILENTBLOCKS\",\"description\":\"Secure on the road\",\"publisher\":{\"@id\":\"https:\\\/\\\/www.silentblocks.com\\\/es\\\/#organization\"},\"potentialAction\":[{\"@type\":\"SearchAction\",\"target\":{\"@type\":\"EntryPoint\",\"urlTemplate\":\"https:\\\/\\\/www.silentblocks.com\\\/es\\\/?s={search_term_string}\"},\"query-input\":{\"@type\":\"PropertyValueSpecification\",\"valueRequired\":true,\"valueName\":\"search_term_string\"}}],\"inLanguage\":\"es\"},{\"@type\":\"Organization\",\"@id\":\"https:\\\/\\\/www.silentblocks.com\\\/es\\\/#organization\",\"name\":\"SILENTBLOCKS\",\"url\":\"https:\\\/\\\/www.silentblocks.com\\\/es\\\/\",\"logo\":{\"@type\":\"ImageObject\",\"inLanguage\":\"es\",\"@id\":\"https:\\\/\\\/www.silentblocks.com\\\/es\\\/#\\\/schema\\\/logo\\\/image\\\/\",\"url\":\"https:\\\/\\\/www.silentblocks.com\\\/wp-content\\\/uploads\\\/2023\\\/07\\\/logo211-sem-fundo_2012-PARA-BOUTIQUE-EBAY.png\",\"contentUrl\":\"https:\\\/\\\/www.silentblocks.com\\\/wp-content\\\/uploads\\\/2023\\\/07\\\/logo211-sem-fundo_2012-PARA-BOUTIQUE-EBAY.png\",\"width\":300,\"height\":190,\"caption\":\"SILENTBLOCKS\"},\"image\":{\"@id\":\"https:\\\/\\\/www.silentblocks.com\\\/es\\\/#\\\/schema\\\/logo\\\/image\\\/\"}}]}<\/script>\n<!-- \/ Yoast SEO Premium plugin. -->","yoast_head_json":{"title":"Separador de rueda, Patrol Y60\/Y61 - SILENT BLOCKS","description":"Kit de separador de rueda para Nissan Patrol Y60, Patrol Y61","robots":{"index":"index","follow":"follow","max-snippet":"max-snippet:-1","max-image-preview":"max-image-preview:large","max-video-preview":"max-video-preview:-1"},"canonical":"https:\/\/www.silentblocks.com\/es\/producto\/separador-de-rueda-patrol-y60-y61\/","og_locale":"es_ES","og_type":"article","og_title":"Separador de rueda, Patrol Y60\/Y61","og_description":"Kit de separador de rueda para Nissan Patrol Y60, Patrol Y61","og_url":"https:\/\/www.silentblocks.com\/es\/producto\/separador-de-rueda-patrol-y60-y61\/","og_site_name":"SILENT BLOCKS","article_modified_time":"2026-02-17T21:57:43+00:00","og_image":[{"width":1000,"height":1000,"url":"https:\/\/www.silentblocks.com\/wp-content\/uploads\/2026\/02\/wheel-spacers-patrol-y60-y61.jpg","type":"image\/jpeg"}],"twitter_card":"summary_large_image","schema":{"@context":"https:\/\/schema.org","@graph":[{"@type":"WebPage","@id":"https:\/\/www.silentblocks.com\/es\/producto\/separador-de-rueda-patrol-y60-y61\/","url":"https:\/\/www.silentblocks.com\/es\/producto\/separador-de-rueda-patrol-y60-y61\/","name":"Separador de rueda, Patrol Y60\/Y61 - SILENT BLOCKS","isPartOf":{"@id":"https:\/\/www.silentblocks.com\/es\/#website"},"primaryImageOfPage":{"@id":"https:\/\/www.silentblocks.com\/es\/producto\/separador-de-rueda-patrol-y60-y61\/#primaryimage"},"image":{"@id":"https:\/\/www.silentblocks.com\/es\/producto\/separador-de-rueda-patrol-y60-y61\/#primaryimage"},"thumbnailUrl":"https:\/\/www.silentblocks.com\/wp-content\/uploads\/2026\/02\/wheel-spacers-patrol-y60-y61.jpg","datePublished":"2025-05-02T15:49:41+00:00","dateModified":"2026-02-17T21:57:43+00:00","description":"Kit de separador de rueda para Nissan Patrol Y60, Patrol Y61","breadcrumb":{"@id":"https:\/\/www.silentblocks.com\/es\/producto\/separador-de-rueda-patrol-y60-y61\/#breadcrumb"},"inLanguage":"es","potentialAction":[{"@type":"ReadAction","target":["https:\/\/www.silentblocks.com\/es\/producto\/separador-de-rueda-patrol-y60-y61\/"]}]},{"@type":"ImageObject","inLanguage":"es","@id":"https:\/\/www.silentblocks.com\/es\/producto\/separador-de-rueda-patrol-y60-y61\/#primaryimage","url":"https:\/\/www.silentblocks.com\/wp-content\/uploads\/2026\/02\/wheel-spacers-patrol-y60-y61.jpg","contentUrl":"https:\/\/www.silentblocks.com\/wp-content\/uploads\/2026\/02\/wheel-spacers-patrol-y60-y61.jpg","width":1000,"height":1000},{"@type":"BreadcrumbList","@id":"https:\/\/www.silentblocks.com\/es\/producto\/separador-de-rueda-patrol-y60-y61\/#breadcrumb","itemListElement":[{"@type":"ListItem","position":1,"name":"In\u00edcio","item":"https:\/\/www.silentblocks.com\/es\/"},{"@type":"ListItem","position":2,"name":"Page boutique","item":"https:\/\/www.silentblocks.com\/es\/shop-2\/"},{"@type":"ListItem","position":3,"name":"Separador de rueda, Patrol Y60\/Y61"}]},{"@type":"WebSite","@id":"https:\/\/www.silentblocks.com\/es\/#website","url":"https:\/\/www.silentblocks.com\/es\/","name":"SILENTBLOCKS","description":"Secure on the road","publisher":{"@id":"https:\/\/www.silentblocks.com\/es\/#organization"},"potentialAction":[{"@type":"SearchAction","target":{"@type":"EntryPoint","urlTemplate":"https:\/\/www.silentblocks.com\/es\/?s={search_term_string}"},"query-input":{"@type":"PropertyValueSpecification","valueRequired":true,"valueName":"search_term_string"}}],"inLanguage":"es"},{"@type":"Organization","@id":"https:\/\/www.silentblocks.com\/es\/#organization","name":"SILENTBLOCKS","url":"https:\/\/www.silentblocks.com\/es\/","logo":{"@type":"ImageObject","inLanguage":"es","@id":"https:\/\/www.silentblocks.com\/es\/#\/schema\/logo\/image\/","url":"https:\/\/www.silentblocks.com\/wp-content\/uploads\/2023\/07\/logo211-sem-fundo_2012-PARA-BOUTIQUE-EBAY.png","contentUrl":"https:\/\/www.silentblocks.com\/wp-content\/uploads\/2023\/07\/logo211-sem-fundo_2012-PARA-BOUTIQUE-EBAY.png","width":300,"height":190,"caption":"SILENTBLOCKS"},"image":{"@id":"https:\/\/www.silentblocks.com\/es\/#\/schema\/logo\/image\/"}}]}},"_links":{"self":[{"href":"https:\/\/www.silentblocks.com\/es\/wp-json\/wp\/v2\/product\/96828","targetHints":{"allow":["GET"]}}],"collection":[{"href":"https:\/\/www.silentblocks.com\/es\/wp-json\/wp\/v2\/product"}],"about":[{"href":"https:\/\/www.silentblocks.com\/es\/wp-json\/wp\/v2\/types\/product"}],"version-history":[{"count":0,"href":"https:\/\/www.silentblocks.com\/es\/wp-json\/wp\/v2\/product\/96828\/revisions"}],"wp:featuredmedia":[{"embeddable":true,"href":"https:\/\/www.silentblocks.com\/es\/wp-json\/wp\/v2\/media\/96817"}],"wp:attachment":[{"href":"https:\/\/www.silentblocks.com\/es\/wp-json\/wp\/v2\/media?parent=96828"}],"wp:term":[{"taxonomy":"product_brand","embeddable":true,"href":"https:\/\/www.silentblocks.com\/es\/wp-json\/wp\/v2\/product_brand?post=96828"},{"taxonomy":"product_cat","embeddable":true,"href":"https:\/\/www.silentblocks.com\/es\/wp-json\/wp\/v2\/product_cat?post=96828"},{"taxonomy":"product_tag","embeddable":true,"href":"https:\/\/www.silentblocks.com\/es\/wp-json\/wp\/v2\/product_tag?post=96828"}],"curies":[{"name":"wp","href":"https:\/\/api.w.org\/{rel}","templated":true}]}}