{"id":98182,"date":"2025-05-31T09:26:28","date_gmt":"2025-05-31T09:26:28","guid":{"rendered":"https:\/\/www.silentblocks.com\/product\/bujes-del-eje-trasero-stilo-bravo-linea-lancia-delta\/"},"modified":"2026-02-17T22:01:10","modified_gmt":"2026-02-17T22:01:10","slug":"bujes-del-eje-trasero-stilo-bravo-linea-lancia-delta","status":"publish","type":"product","link":"https:\/\/www.silentblocks.com\/es\/producto\/bujes-del-eje-trasero-stilo-bravo-linea-lancia-delta\/","title":{"rendered":"Bujes del eje trasero, Stilo, Bravo, Linea, Lancia Delta"},"content":{"rendered":"<p>2 Bujes en el eje trasero, compatibles con los siguientes veh\u00edculos:<br \/>\nFiat Stilo (10.2001&gt;)<br \/>\nModelos: Todos<br \/>\nMotores: 1.2&gt;2.4<br \/>\nFiat Bravo (11.2006-07.2014)<br \/>\nModelo: II, 198<br \/>\nMotores: 1.4&gt;2.0<br \/>\nLancia Delta<br \/>\nModelo: III, 844<br \/>\nMotores: 1.4&gt;2.0<br \/>\nFiat Linea<br \/>\nModelo: 323<br \/>\nMotores: 1.4<\/p>\n<p>Referencias del fabricante (c\u00f3digo OEM) s\u00f3lo a t\u00edtulo informativo :<br \/>\n50700796, 50702649, 50 700 796, 50 702 649, 50 706 312, 50 706 505, 51 795 336, 51 812 443, 51 840 600, 507 00 796, 507 02 649, 50706312, 50706505, 517 95 336, 518 12 443, 518 40 600<\/p>\n<p>Piezas nuevas, se vende con factura. Todos nuestros productos tienen 2 a\u00f1os de garant\u00eda.<\/p>\n","protected":false},"excerpt":{"rendered":"<p>2 Bujes en el eje trasero, compatibles con los siguientes veh\u00edculos: Fiat Stilo (10.2001&gt;) Modelos: Todos Motores: 1.2&gt;2.4 Fiat Bravo (11.2006-07.2014) Modelo: II, 198 Motores: 1.4&gt;2.0 Lancia Delta Modelo: III, 844 Motores: 1.4&gt;2.0 Fiat Linea Modelo: 323 Motores: 1.4 Referencias del fabricante (c\u00f3digo OEM) s\u00f3lo a t\u00edtulo informativo : 50700796, 50702649, 50 700 796, 50 [&hellip;]<\/p>\n","protected":false},"featured_media":98171,"template":"","meta":[],"product_brand":[],"product_cat":[938,1092,1104,1114,935,1207,2896],"product_tag":[],"class_list":{"0":"post-98182","1":"product","2":"type-product","3":"status-publish","4":"has-post-thumbnail","6":"product_cat-fiat","7":"product_cat-bravo","8":"product_cat-linea","9":"product_cat-stilo","10":"product_cat-lancia","11":"product_cat-delta-iii","12":"product_cat-delta-iii-es","14":"first","15":"instock","16":"shipping-taxable","17":"purchasable","18":"product-type-simple"},"yoast_head":"<!-- This site is optimized with the Yoast SEO Premium plugin v23.0 (Yoast SEO v27.4) - https:\/\/yoast.com\/product\/yoast-seo-premium-wordpress\/ -->\n<title>Bujes del eje trasero, Stilo, Bravo, Linea, Lancia Delta - SILENT BLOCKS<\/title>\n<meta name=\"description\" content=\"Silentblocks de poliuretano del eje trasero para Fiat Stilo, Fiat Bravo, Fiat Linea, Lancia Delta, oem 50700796, 50702649, 50 700 796, 50 702 649\" \/>\n<meta name=\"robots\" content=\"index, follow, max-snippet:-1, max-image-preview:large, max-video-preview:-1\" \/>\n<link rel=\"canonical\" href=\"https:\/\/www.silentblocks.com\/es\/producto\/bujes-del-eje-trasero-stilo-bravo-linea-lancia-delta\/\" \/>\n<meta property=\"og:locale\" content=\"es_ES\" \/>\n<meta property=\"og:type\" content=\"article\" \/>\n<meta property=\"og:title\" content=\"Bujes del eje trasero, Stilo, Bravo, Linea, Lancia Delta\" \/>\n<meta property=\"og:description\" content=\"Silentblocks de poliuretano del eje trasero para Fiat Stilo, Fiat Bravo, Fiat Linea, Lancia Delta, oem 50700796, 50702649, 50 700 796, 50 702 649\" \/>\n<meta property=\"og:url\" content=\"https:\/\/www.silentblocks.com\/es\/producto\/bujes-del-eje-trasero-stilo-bravo-linea-lancia-delta\/\" \/>\n<meta property=\"og:site_name\" content=\"SILENT BLOCKS\" \/>\n<meta property=\"article:modified_time\" content=\"2026-02-17T22:01:10+00:00\" \/>\n<meta property=\"og:image\" content=\"https:\/\/www.silentblocks.com\/wp-content\/uploads\/2026\/02\/silentbloc-polyurethane-corps-essieu-bravo.jpg\" \/>\n\t<meta property=\"og:image:width\" content=\"800\" \/>\n\t<meta property=\"og:image:height\" content=\"800\" \/>\n\t<meta property=\"og:image:type\" content=\"image\/jpeg\" \/>\n<meta name=\"twitter:card\" content=\"summary_large_image\" \/>\n<script type=\"application\/ld+json\" class=\"yoast-schema-graph\">{\"@context\":\"https:\\\/\\\/schema.org\",\"@graph\":[{\"@type\":\"WebPage\",\"@id\":\"https:\\\/\\\/www.silentblocks.com\\\/es\\\/producto\\\/bujes-del-eje-trasero-stilo-bravo-linea-lancia-delta\\\/\",\"url\":\"https:\\\/\\\/www.silentblocks.com\\\/es\\\/producto\\\/bujes-del-eje-trasero-stilo-bravo-linea-lancia-delta\\\/\",\"name\":\"Bujes del eje trasero, Stilo, Bravo, Linea, Lancia Delta - SILENT BLOCKS\",\"isPartOf\":{\"@id\":\"https:\\\/\\\/www.silentblocks.com\\\/es\\\/#website\"},\"primaryImageOfPage\":{\"@id\":\"https:\\\/\\\/www.silentblocks.com\\\/es\\\/producto\\\/bujes-del-eje-trasero-stilo-bravo-linea-lancia-delta\\\/#primaryimage\"},\"image\":{\"@id\":\"https:\\\/\\\/www.silentblocks.com\\\/es\\\/producto\\\/bujes-del-eje-trasero-stilo-bravo-linea-lancia-delta\\\/#primaryimage\"},\"thumbnailUrl\":\"https:\\\/\\\/www.silentblocks.com\\\/wp-content\\\/uploads\\\/2026\\\/02\\\/silentbloc-polyurethane-corps-essieu-bravo.jpg\",\"datePublished\":\"2025-05-31T09:26:28+00:00\",\"dateModified\":\"2026-02-17T22:01:10+00:00\",\"description\":\"Silentblocks de poliuretano del eje trasero para Fiat Stilo, Fiat Bravo, Fiat Linea, Lancia Delta, oem 50700796, 50702649, 50 700 796, 50 702 649\",\"breadcrumb\":{\"@id\":\"https:\\\/\\\/www.silentblocks.com\\\/es\\\/producto\\\/bujes-del-eje-trasero-stilo-bravo-linea-lancia-delta\\\/#breadcrumb\"},\"inLanguage\":\"es\",\"potentialAction\":[{\"@type\":\"ReadAction\",\"target\":[\"https:\\\/\\\/www.silentblocks.com\\\/es\\\/producto\\\/bujes-del-eje-trasero-stilo-bravo-linea-lancia-delta\\\/\"]}]},{\"@type\":\"ImageObject\",\"inLanguage\":\"es\",\"@id\":\"https:\\\/\\\/www.silentblocks.com\\\/es\\\/producto\\\/bujes-del-eje-trasero-stilo-bravo-linea-lancia-delta\\\/#primaryimage\",\"url\":\"https:\\\/\\\/www.silentblocks.com\\\/wp-content\\\/uploads\\\/2026\\\/02\\\/silentbloc-polyurethane-corps-essieu-bravo.jpg\",\"contentUrl\":\"https:\\\/\\\/www.silentblocks.com\\\/wp-content\\\/uploads\\\/2026\\\/02\\\/silentbloc-polyurethane-corps-essieu-bravo.jpg\",\"width\":800,\"height\":800},{\"@type\":\"BreadcrumbList\",\"@id\":\"https:\\\/\\\/www.silentblocks.com\\\/es\\\/producto\\\/bujes-del-eje-trasero-stilo-bravo-linea-lancia-delta\\\/#breadcrumb\",\"itemListElement\":[{\"@type\":\"ListItem\",\"position\":1,\"name\":\"In\u00edcio\",\"item\":\"https:\\\/\\\/www.silentblocks.com\\\/es\\\/\"},{\"@type\":\"ListItem\",\"position\":2,\"name\":\"Page boutique\",\"item\":\"https:\\\/\\\/www.silentblocks.com\\\/es\\\/shop-2\\\/\"},{\"@type\":\"ListItem\",\"position\":3,\"name\":\"Bujes del eje trasero, Stilo, Bravo, Linea, Lancia Delta\"}]},{\"@type\":\"WebSite\",\"@id\":\"https:\\\/\\\/www.silentblocks.com\\\/es\\\/#website\",\"url\":\"https:\\\/\\\/www.silentblocks.com\\\/es\\\/\",\"name\":\"SILENTBLOCKS\",\"description\":\"Secure on the road\",\"publisher\":{\"@id\":\"https:\\\/\\\/www.silentblocks.com\\\/es\\\/#organization\"},\"potentialAction\":[{\"@type\":\"SearchAction\",\"target\":{\"@type\":\"EntryPoint\",\"urlTemplate\":\"https:\\\/\\\/www.silentblocks.com\\\/es\\\/?s={search_term_string}\"},\"query-input\":{\"@type\":\"PropertyValueSpecification\",\"valueRequired\":true,\"valueName\":\"search_term_string\"}}],\"inLanguage\":\"es\"},{\"@type\":\"Organization\",\"@id\":\"https:\\\/\\\/www.silentblocks.com\\\/es\\\/#organization\",\"name\":\"SILENTBLOCKS\",\"url\":\"https:\\\/\\\/www.silentblocks.com\\\/es\\\/\",\"logo\":{\"@type\":\"ImageObject\",\"inLanguage\":\"es\",\"@id\":\"https:\\\/\\\/www.silentblocks.com\\\/es\\\/#\\\/schema\\\/logo\\\/image\\\/\",\"url\":\"https:\\\/\\\/www.silentblocks.com\\\/wp-content\\\/uploads\\\/2023\\\/07\\\/logo211-sem-fundo_2012-PARA-BOUTIQUE-EBAY.png\",\"contentUrl\":\"https:\\\/\\\/www.silentblocks.com\\\/wp-content\\\/uploads\\\/2023\\\/07\\\/logo211-sem-fundo_2012-PARA-BOUTIQUE-EBAY.png\",\"width\":300,\"height\":190,\"caption\":\"SILENTBLOCKS\"},\"image\":{\"@id\":\"https:\\\/\\\/www.silentblocks.com\\\/es\\\/#\\\/schema\\\/logo\\\/image\\\/\"}}]}<\/script>\n<!-- \/ Yoast SEO Premium plugin. -->","yoast_head_json":{"title":"Bujes del eje trasero, Stilo, Bravo, Linea, Lancia Delta - SILENT BLOCKS","description":"Silentblocks de poliuretano del eje trasero para Fiat Stilo, Fiat Bravo, Fiat Linea, Lancia Delta, oem 50700796, 50702649, 50 700 796, 50 702 649","robots":{"index":"index","follow":"follow","max-snippet":"max-snippet:-1","max-image-preview":"max-image-preview:large","max-video-preview":"max-video-preview:-1"},"canonical":"https:\/\/www.silentblocks.com\/es\/producto\/bujes-del-eje-trasero-stilo-bravo-linea-lancia-delta\/","og_locale":"es_ES","og_type":"article","og_title":"Bujes del eje trasero, Stilo, Bravo, Linea, Lancia Delta","og_description":"Silentblocks de poliuretano del eje trasero para Fiat Stilo, Fiat Bravo, Fiat Linea, Lancia Delta, oem 50700796, 50702649, 50 700 796, 50 702 649","og_url":"https:\/\/www.silentblocks.com\/es\/producto\/bujes-del-eje-trasero-stilo-bravo-linea-lancia-delta\/","og_site_name":"SILENT BLOCKS","article_modified_time":"2026-02-17T22:01:10+00:00","og_image":[{"width":800,"height":800,"url":"https:\/\/www.silentblocks.com\/wp-content\/uploads\/2026\/02\/silentbloc-polyurethane-corps-essieu-bravo.jpg","type":"image\/jpeg"}],"twitter_card":"summary_large_image","schema":{"@context":"https:\/\/schema.org","@graph":[{"@type":"WebPage","@id":"https:\/\/www.silentblocks.com\/es\/producto\/bujes-del-eje-trasero-stilo-bravo-linea-lancia-delta\/","url":"https:\/\/www.silentblocks.com\/es\/producto\/bujes-del-eje-trasero-stilo-bravo-linea-lancia-delta\/","name":"Bujes del eje trasero, Stilo, Bravo, Linea, Lancia Delta - SILENT BLOCKS","isPartOf":{"@id":"https:\/\/www.silentblocks.com\/es\/#website"},"primaryImageOfPage":{"@id":"https:\/\/www.silentblocks.com\/es\/producto\/bujes-del-eje-trasero-stilo-bravo-linea-lancia-delta\/#primaryimage"},"image":{"@id":"https:\/\/www.silentblocks.com\/es\/producto\/bujes-del-eje-trasero-stilo-bravo-linea-lancia-delta\/#primaryimage"},"thumbnailUrl":"https:\/\/www.silentblocks.com\/wp-content\/uploads\/2026\/02\/silentbloc-polyurethane-corps-essieu-bravo.jpg","datePublished":"2025-05-31T09:26:28+00:00","dateModified":"2026-02-17T22:01:10+00:00","description":"Silentblocks de poliuretano del eje trasero para Fiat Stilo, Fiat Bravo, Fiat Linea, Lancia Delta, oem 50700796, 50702649, 50 700 796, 50 702 649","breadcrumb":{"@id":"https:\/\/www.silentblocks.com\/es\/producto\/bujes-del-eje-trasero-stilo-bravo-linea-lancia-delta\/#breadcrumb"},"inLanguage":"es","potentialAction":[{"@type":"ReadAction","target":["https:\/\/www.silentblocks.com\/es\/producto\/bujes-del-eje-trasero-stilo-bravo-linea-lancia-delta\/"]}]},{"@type":"ImageObject","inLanguage":"es","@id":"https:\/\/www.silentblocks.com\/es\/producto\/bujes-del-eje-trasero-stilo-bravo-linea-lancia-delta\/#primaryimage","url":"https:\/\/www.silentblocks.com\/wp-content\/uploads\/2026\/02\/silentbloc-polyurethane-corps-essieu-bravo.jpg","contentUrl":"https:\/\/www.silentblocks.com\/wp-content\/uploads\/2026\/02\/silentbloc-polyurethane-corps-essieu-bravo.jpg","width":800,"height":800},{"@type":"BreadcrumbList","@id":"https:\/\/www.silentblocks.com\/es\/producto\/bujes-del-eje-trasero-stilo-bravo-linea-lancia-delta\/#breadcrumb","itemListElement":[{"@type":"ListItem","position":1,"name":"In\u00edcio","item":"https:\/\/www.silentblocks.com\/es\/"},{"@type":"ListItem","position":2,"name":"Page boutique","item":"https:\/\/www.silentblocks.com\/es\/shop-2\/"},{"@type":"ListItem","position":3,"name":"Bujes del eje trasero, Stilo, Bravo, Linea, Lancia Delta"}]},{"@type":"WebSite","@id":"https:\/\/www.silentblocks.com\/es\/#website","url":"https:\/\/www.silentblocks.com\/es\/","name":"SILENTBLOCKS","description":"Secure on the road","publisher":{"@id":"https:\/\/www.silentblocks.com\/es\/#organization"},"potentialAction":[{"@type":"SearchAction","target":{"@type":"EntryPoint","urlTemplate":"https:\/\/www.silentblocks.com\/es\/?s={search_term_string}"},"query-input":{"@type":"PropertyValueSpecification","valueRequired":true,"valueName":"search_term_string"}}],"inLanguage":"es"},{"@type":"Organization","@id":"https:\/\/www.silentblocks.com\/es\/#organization","name":"SILENTBLOCKS","url":"https:\/\/www.silentblocks.com\/es\/","logo":{"@type":"ImageObject","inLanguage":"es","@id":"https:\/\/www.silentblocks.com\/es\/#\/schema\/logo\/image\/","url":"https:\/\/www.silentblocks.com\/wp-content\/uploads\/2023\/07\/logo211-sem-fundo_2012-PARA-BOUTIQUE-EBAY.png","contentUrl":"https:\/\/www.silentblocks.com\/wp-content\/uploads\/2023\/07\/logo211-sem-fundo_2012-PARA-BOUTIQUE-EBAY.png","width":300,"height":190,"caption":"SILENTBLOCKS"},"image":{"@id":"https:\/\/www.silentblocks.com\/es\/#\/schema\/logo\/image\/"}}]}},"_links":{"self":[{"href":"https:\/\/www.silentblocks.com\/es\/wp-json\/wp\/v2\/product\/98182","targetHints":{"allow":["GET"]}}],"collection":[{"href":"https:\/\/www.silentblocks.com\/es\/wp-json\/wp\/v2\/product"}],"about":[{"href":"https:\/\/www.silentblocks.com\/es\/wp-json\/wp\/v2\/types\/product"}],"version-history":[{"count":0,"href":"https:\/\/www.silentblocks.com\/es\/wp-json\/wp\/v2\/product\/98182\/revisions"}],"wp:featuredmedia":[{"embeddable":true,"href":"https:\/\/www.silentblocks.com\/es\/wp-json\/wp\/v2\/media\/98171"}],"wp:attachment":[{"href":"https:\/\/www.silentblocks.com\/es\/wp-json\/wp\/v2\/media?parent=98182"}],"wp:term":[{"taxonomy":"product_brand","embeddable":true,"href":"https:\/\/www.silentblocks.com\/es\/wp-json\/wp\/v2\/product_brand?post=98182"},{"taxonomy":"product_cat","embeddable":true,"href":"https:\/\/www.silentblocks.com\/es\/wp-json\/wp\/v2\/product_cat?post=98182"},{"taxonomy":"product_tag","embeddable":true,"href":"https:\/\/www.silentblocks.com\/es\/wp-json\/wp\/v2\/product_tag?post=98182"}],"curies":[{"name":"wp","href":"https:\/\/api.w.org\/{rel}","templated":true}]}}