{"id":57090,"date":"2026-01-27T12:47:34","date_gmt":"2026-01-27T12:47:34","guid":{"rendered":"https:\/\/www.silentblocks.com\/2026\/politique-de-confidentialite\/"},"modified":"2026-02-09T17:50:56","modified_gmt":"2026-02-09T17:50:56","slug":"politica-sulla-riservatezza","status":"publish","type":"page","link":"https:\/\/www.silentblocks.com\/it\/politica-sulla-riservatezza\/","title":{"rendered":"Politica sulla riservatezza"},"content":{"rendered":"\t\t<div data-elementor-type=\"wp-page\" data-elementor-id=\"57090\" class=\"elementor elementor-57090 elementor-56866\" data-elementor-post-type=\"page\">\n\t\t\t\t<div class=\"elementor-element elementor-element-38d1066 e-flex e-con-boxed e-con e-parent\" data-id=\"38d1066\" data-element_type=\"container\" data-e-type=\"container\">\n\t\t\t\t\t<div class=\"e-con-inner\">\n\t\t\t\t<div class=\"elementor-element elementor-element-23ea2d2 elementor-widget elementor-widget-text-editor\" data-id=\"23ea2d2\" data-element_type=\"widget\" data-e-type=\"widget\" data-widget_type=\"text-editor.default\">\n\t\t\t\t\t\t\t\t\t<p><strong>nota sulla riservatezza<\/strong><\/p><p>Il trattamento dei tuoi dati \u00e8 conforme alla normativa in materia relativa alla protezione dei tuoi dati personali. In questo caso l\u2019informazione non verr\u00e0 elaborata, verr\u00e0 inserita nel database di silentblocks.com e la sua destinazione verr\u00e0 registrata e presentata da altri prodotti e servizi, senza alcuna informazione fornita, che verr\u00e0 resa disponibile.\u00a0 Tale conferma \u00e8 facoltativa e garantita, sono a conoscenza della legge, orienta l\u2019accesso, conferma e annulla la data di invio del messaggio direttamente, personalmente o per iscritto, direttamente indicata nella pagina home di questo sito.<\/p>\t\t\t\t\t\t\t\t<\/div>\n\t\t\t\t\t<\/div>\n\t\t\t\t<\/div>\n\t\t\t\t<\/div>\n\t\t","protected":false},"excerpt":{"rendered":"<p>nota sulla riservatezza Il trattamento dei tuoi dati \u00e8 conforme alla normativa in materia relativa alla protezione dei tuoi dati personali. In questo caso l\u2019informazione non verr\u00e0 elaborata, verr\u00e0 inserita nel database di silentblocks.com e la sua destinazione verr\u00e0 registrata e presentata da altri prodotti e servizi, senza alcuna informazione fornita, che verr\u00e0 resa disponibile.\u00a0 [&hellip;]<\/p>\n","protected":false},"author":13759,"featured_media":0,"parent":0,"menu_order":0,"comment_status":"closed","ping_status":"closed","template":"","meta":{"footnotes":""},"class_list":["post-57090","page","type-page","status-publish","hentry"],"yoast_head":"<!-- This site is optimized with the Yoast SEO Premium plugin v23.0 (Yoast SEO v27.4) - https:\/\/yoast.com\/product\/yoast-seo-premium-wordpress\/ -->\n<title>Politica sulla riservatezza - SILENT BLOCKS<\/title>\n<meta name=\"robots\" content=\"index, follow, max-snippet:-1, max-image-preview:large, max-video-preview:-1\" \/>\n<link rel=\"canonical\" href=\"https:\/\/www.silentblocks.com\/it\/politica-sulla-riservatezza\/\" \/>\n<meta property=\"og:locale\" content=\"it_IT\" \/>\n<meta property=\"og:type\" content=\"article\" \/>\n<meta property=\"og:title\" content=\"Politica sulla riservatezza\" \/>\n<meta property=\"og:description\" content=\"nota sulla riservatezza Il trattamento dei tuoi dati \u00e8 conforme alla normativa in materia relativa alla protezione dei tuoi dati personali. In questo caso l\u2019informazione non verr\u00e0 elaborata, verr\u00e0 inserita nel database di silentblocks.com e la sua destinazione verr\u00e0 registrata e presentata da altri prodotti e servizi, senza alcuna informazione fornita, che verr\u00e0 resa disponibile.\u00a0 [&hellip;]\" \/>\n<meta property=\"og:url\" content=\"https:\/\/www.silentblocks.com\/it\/politica-sulla-riservatezza\/\" \/>\n<meta property=\"og:site_name\" content=\"SILENT BLOCKS\" \/>\n<meta property=\"article:modified_time\" content=\"2026-02-09T17:50:56+00:00\" \/>\n<meta name=\"twitter:card\" content=\"summary_large_image\" \/>\n<script type=\"application\/ld+json\" class=\"yoast-schema-graph\">{\"@context\":\"https:\\\/\\\/schema.org\",\"@graph\":[{\"@type\":\"WebPage\",\"@id\":\"https:\\\/\\\/www.silentblocks.com\\\/it\\\/politica-sulla-riservatezza\\\/\",\"url\":\"https:\\\/\\\/www.silentblocks.com\\\/it\\\/politica-sulla-riservatezza\\\/\",\"name\":\"Politica sulla riservatezza - SILENT BLOCKS\",\"isPartOf\":{\"@id\":\"https:\\\/\\\/www.silentblocks.com\\\/it\\\/#website\"},\"datePublished\":\"2026-01-27T12:47:34+00:00\",\"dateModified\":\"2026-02-09T17:50:56+00:00\",\"breadcrumb\":{\"@id\":\"https:\\\/\\\/www.silentblocks.com\\\/it\\\/politica-sulla-riservatezza\\\/#breadcrumb\"},\"inLanguage\":\"it-IT\",\"potentialAction\":[{\"@type\":\"ReadAction\",\"target\":[\"https:\\\/\\\/www.silentblocks.com\\\/it\\\/politica-sulla-riservatezza\\\/\"]}]},{\"@type\":\"BreadcrumbList\",\"@id\":\"https:\\\/\\\/www.silentblocks.com\\\/it\\\/politica-sulla-riservatezza\\\/#breadcrumb\",\"itemListElement\":[{\"@type\":\"ListItem\",\"position\":1,\"name\":\"In\u00edcio\",\"item\":\"https:\\\/\\\/www.silentblocks.com\\\/it\\\/\"},{\"@type\":\"ListItem\",\"position\":2,\"name\":\"Politica sulla riservatezza\"}]},{\"@type\":\"WebSite\",\"@id\":\"https:\\\/\\\/www.silentblocks.com\\\/it\\\/#website\",\"url\":\"https:\\\/\\\/www.silentblocks.com\\\/it\\\/\",\"name\":\"SILENTBLOCKS\",\"description\":\"Secure on the road\",\"publisher\":{\"@id\":\"https:\\\/\\\/www.silentblocks.com\\\/it\\\/#organization\"},\"potentialAction\":[{\"@type\":\"SearchAction\",\"target\":{\"@type\":\"EntryPoint\",\"urlTemplate\":\"https:\\\/\\\/www.silentblocks.com\\\/it\\\/?s={search_term_string}\"},\"query-input\":{\"@type\":\"PropertyValueSpecification\",\"valueRequired\":true,\"valueName\":\"search_term_string\"}}],\"inLanguage\":\"it-IT\"},{\"@type\":\"Organization\",\"@id\":\"https:\\\/\\\/www.silentblocks.com\\\/it\\\/#organization\",\"name\":\"SILENTBLOCKS\",\"url\":\"https:\\\/\\\/www.silentblocks.com\\\/it\\\/\",\"logo\":{\"@type\":\"ImageObject\",\"inLanguage\":\"it-IT\",\"@id\":\"https:\\\/\\\/www.silentblocks.com\\\/it\\\/#\\\/schema\\\/logo\\\/image\\\/\",\"url\":\"https:\\\/\\\/www.silentblocks.com\\\/wp-content\\\/uploads\\\/2023\\\/07\\\/logo211-sem-fundo_2012-PARA-BOUTIQUE-EBAY.png\",\"contentUrl\":\"https:\\\/\\\/www.silentblocks.com\\\/wp-content\\\/uploads\\\/2023\\\/07\\\/logo211-sem-fundo_2012-PARA-BOUTIQUE-EBAY.png\",\"width\":300,\"height\":190,\"caption\":\"SILENTBLOCKS\"},\"image\":{\"@id\":\"https:\\\/\\\/www.silentblocks.com\\\/it\\\/#\\\/schema\\\/logo\\\/image\\\/\"}}]}<\/script>\n<!-- \/ Yoast SEO Premium plugin. -->","yoast_head_json":{"title":"Politica sulla riservatezza - SILENT BLOCKS","robots":{"index":"index","follow":"follow","max-snippet":"max-snippet:-1","max-image-preview":"max-image-preview:large","max-video-preview":"max-video-preview:-1"},"canonical":"https:\/\/www.silentblocks.com\/it\/politica-sulla-riservatezza\/","og_locale":"it_IT","og_type":"article","og_title":"Politica sulla riservatezza","og_description":"nota sulla riservatezza Il trattamento dei tuoi dati \u00e8 conforme alla normativa in materia relativa alla protezione dei tuoi dati personali. In questo caso l\u2019informazione non verr\u00e0 elaborata, verr\u00e0 inserita nel database di silentblocks.com e la sua destinazione verr\u00e0 registrata e presentata da altri prodotti e servizi, senza alcuna informazione fornita, che verr\u00e0 resa disponibile.\u00a0 [&hellip;]","og_url":"https:\/\/www.silentblocks.com\/it\/politica-sulla-riservatezza\/","og_site_name":"SILENT BLOCKS","article_modified_time":"2026-02-09T17:50:56+00:00","twitter_card":"summary_large_image","schema":{"@context":"https:\/\/schema.org","@graph":[{"@type":"WebPage","@id":"https:\/\/www.silentblocks.com\/it\/politica-sulla-riservatezza\/","url":"https:\/\/www.silentblocks.com\/it\/politica-sulla-riservatezza\/","name":"Politica sulla riservatezza - SILENT BLOCKS","isPartOf":{"@id":"https:\/\/www.silentblocks.com\/it\/#website"},"datePublished":"2026-01-27T12:47:34+00:00","dateModified":"2026-02-09T17:50:56+00:00","breadcrumb":{"@id":"https:\/\/www.silentblocks.com\/it\/politica-sulla-riservatezza\/#breadcrumb"},"inLanguage":"it-IT","potentialAction":[{"@type":"ReadAction","target":["https:\/\/www.silentblocks.com\/it\/politica-sulla-riservatezza\/"]}]},{"@type":"BreadcrumbList","@id":"https:\/\/www.silentblocks.com\/it\/politica-sulla-riservatezza\/#breadcrumb","itemListElement":[{"@type":"ListItem","position":1,"name":"In\u00edcio","item":"https:\/\/www.silentblocks.com\/it\/"},{"@type":"ListItem","position":2,"name":"Politica sulla riservatezza"}]},{"@type":"WebSite","@id":"https:\/\/www.silentblocks.com\/it\/#website","url":"https:\/\/www.silentblocks.com\/it\/","name":"SILENTBLOCKS","description":"Secure on the road","publisher":{"@id":"https:\/\/www.silentblocks.com\/it\/#organization"},"potentialAction":[{"@type":"SearchAction","target":{"@type":"EntryPoint","urlTemplate":"https:\/\/www.silentblocks.com\/it\/?s={search_term_string}"},"query-input":{"@type":"PropertyValueSpecification","valueRequired":true,"valueName":"search_term_string"}}],"inLanguage":"it-IT"},{"@type":"Organization","@id":"https:\/\/www.silentblocks.com\/it\/#organization","name":"SILENTBLOCKS","url":"https:\/\/www.silentblocks.com\/it\/","logo":{"@type":"ImageObject","inLanguage":"it-IT","@id":"https:\/\/www.silentblocks.com\/it\/#\/schema\/logo\/image\/","url":"https:\/\/www.silentblocks.com\/wp-content\/uploads\/2023\/07\/logo211-sem-fundo_2012-PARA-BOUTIQUE-EBAY.png","contentUrl":"https:\/\/www.silentblocks.com\/wp-content\/uploads\/2023\/07\/logo211-sem-fundo_2012-PARA-BOUTIQUE-EBAY.png","width":300,"height":190,"caption":"SILENTBLOCKS"},"image":{"@id":"https:\/\/www.silentblocks.com\/it\/#\/schema\/logo\/image\/"}}]}},"_links":{"self":[{"href":"https:\/\/www.silentblocks.com\/it\/wp-json\/wp\/v2\/pages\/57090","targetHints":{"allow":["GET"]}}],"collection":[{"href":"https:\/\/www.silentblocks.com\/it\/wp-json\/wp\/v2\/pages"}],"about":[{"href":"https:\/\/www.silentblocks.com\/it\/wp-json\/wp\/v2\/types\/page"}],"author":[{"embeddable":true,"href":"https:\/\/www.silentblocks.com\/it\/wp-json\/wp\/v2\/users\/13759"}],"replies":[{"embeddable":true,"href":"https:\/\/www.silentblocks.com\/it\/wp-json\/wp\/v2\/comments?post=57090"}],"version-history":[{"count":0,"href":"https:\/\/www.silentblocks.com\/it\/wp-json\/wp\/v2\/pages\/57090\/revisions"}],"wp:attachment":[{"href":"https:\/\/www.silentblocks.com\/it\/wp-json\/wp\/v2\/media?parent=57090"}],"curies":[{"name":"wp","href":"https:\/\/api.w.org\/{rel}","templated":true}]}}