{"id":104438,"date":"2025-09-01T10:45:44","date_gmt":"2025-09-01T10:45:44","guid":{"rendered":"https:\/\/www.silentblocks.com\/product\/boccole-della-barra-stabilizzatrice-anteriore-vw-lt-4x4-2\/"},"modified":"2026-02-17T22:16:49","modified_gmt":"2026-02-17T22:16:49","slug":"boccole-della-barra-stabilizzatrice-anteriore-vw-lt-4x4-2","status":"publish","type":"product","link":"https:\/\/www.silentblocks.com\/it\/prodotto\/boccole-della-barra-stabilizzatrice-anteriore-vw-lt-4x4-2\/","title":{"rendered":"Boccole della barra stabilizzatrice anteriore, VW LT 4\u00d74"},"content":{"rendered":"<p>Boccole in poliuretano per la parte esterna della barra stabilizzatrice anteriore, compatibili con i seguenti veicoli:<br \/>\nVW LT (1983-1996) 4\u00d74<br \/>\nModello: LT<\/p>\n<p>Diametro interno: \u00d820 mm<br \/>\nDiametro esterno: \u00d834mm<\/p>\n<p>Riferimenti del produttore (codice OEM) solo a titolo informativo :<br \/>\n281 411 045, 281513381, 701 413 031, 701 413 031 A, 701 413 031 B, 701 413 031 C, 701 413 031 E, 701 413 031 F, 701 413 031 G, 701 513 031, 701 513 031 A, 701 513 031 C, 701 513 031 F, 701 513 031 G, 701 513 031 L, 701 513 031 M, 701 513 031 N, 701 513 031 P, 701 513 031 Q, 701 513 031 R, 7D0 413 031 A<\/p>\n<p>Pezzi nuovi, venduti con fattura. Tutti i nostri prodotti hanno una garanzia di 2 anni.<\/p>\n","protected":false},"excerpt":{"rendered":"<p>Boccole in poliuretano per la parte esterna della barra stabilizzatrice anteriore, compatibili con i seguenti veicoli: VW LT (1983-1996) 4\u00d74 Modello: LT Diametro interno: \u00d820 mm Diametro esterno: \u00d834mm Riferimenti del produttore (codice OEM) solo a titolo informativo : 281 411 045, 281513381, 701 413 031, 701 413 031 A, 701 413 031 B, 701 [&hellip;]<\/p>\n","protected":false},"featured_media":104429,"template":"","meta":[],"product_brand":[],"product_cat":[964,4321,4322],"product_tag":[],"class_list":{"0":"post-104438","1":"product","2":"type-product","3":"status-publish","4":"has-post-thumbnail","6":"product_cat-vw","7":"product_cat-lt","8":"product_cat-lt-it","10":"first","11":"instock","12":"shipping-taxable","13":"purchasable","14":"product-type-simple"},"yoast_head":"<!-- This site is optimized with the Yoast SEO Premium plugin v23.0 (Yoast SEO v27.4) - https:\/\/yoast.com\/product\/yoast-seo-premium-wordpress\/ -->\n<title>Boccole della barra stabilizzatrice anteriore, VW LT 4\u00d74 - SILENT BLOCKS<\/title>\n<meta name=\"description\" content=\"Boccole per barra stabilizzatrice anteriore per VW LT 4\u00d74, oem 281 411 045, 281513381, 701 413 031, 701 413 031 A, 701 413 031 B\" \/>\n<meta name=\"robots\" content=\"index, follow, max-snippet:-1, max-image-preview:large, max-video-preview:-1\" \/>\n<link rel=\"canonical\" href=\"https:\/\/www.silentblocks.com\/it\/prodotto\/boccole-della-barra-stabilizzatrice-anteriore-vw-lt-4x4-2\/\" \/>\n<meta property=\"og:locale\" content=\"it_IT\" \/>\n<meta property=\"og:type\" content=\"article\" \/>\n<meta property=\"og:title\" content=\"Boccole della barra stabilizzatrice anteriore, VW LT 4\u00d74\" \/>\n<meta property=\"og:description\" content=\"Boccole per barra stabilizzatrice anteriore per VW LT 4\u00d74, oem 281 411 045, 281513381, 701 413 031, 701 413 031 A, 701 413 031 B\" \/>\n<meta property=\"og:url\" content=\"https:\/\/www.silentblocks.com\/it\/prodotto\/boccole-della-barra-stabilizzatrice-anteriore-vw-lt-4x4-2\/\" \/>\n<meta property=\"og:site_name\" content=\"SILENT BLOCKS\" \/>\n<meta property=\"article:modified_time\" content=\"2026-02-17T22:16:49+00:00\" \/>\n<meta property=\"og:image\" content=\"https:\/\/www.silentblocks.com\/wp-content\/uploads\/2026\/02\/silentbloc-barre-stabilisatrice-VW-LT-4x4-281513381.jpg\" \/>\n\t<meta property=\"og:image:width\" content=\"1000\" \/>\n\t<meta property=\"og:image:height\" content=\"1000\" \/>\n\t<meta property=\"og:image:type\" content=\"image\/jpeg\" \/>\n<meta name=\"twitter:card\" content=\"summary_large_image\" \/>\n<script type=\"application\/ld+json\" class=\"yoast-schema-graph\">{\"@context\":\"https:\\\/\\\/schema.org\",\"@graph\":[{\"@type\":\"WebPage\",\"@id\":\"https:\\\/\\\/www.silentblocks.com\\\/it\\\/prodotto\\\/boccole-della-barra-stabilizzatrice-anteriore-vw-lt-4x4-2\\\/\",\"url\":\"https:\\\/\\\/www.silentblocks.com\\\/it\\\/prodotto\\\/boccole-della-barra-stabilizzatrice-anteriore-vw-lt-4x4-2\\\/\",\"name\":\"Boccole della barra stabilizzatrice anteriore, VW LT 4\u00d74 - SILENT BLOCKS\",\"isPartOf\":{\"@id\":\"https:\\\/\\\/www.silentblocks.com\\\/it\\\/#website\"},\"primaryImageOfPage\":{\"@id\":\"https:\\\/\\\/www.silentblocks.com\\\/it\\\/prodotto\\\/boccole-della-barra-stabilizzatrice-anteriore-vw-lt-4x4-2\\\/#primaryimage\"},\"image\":{\"@id\":\"https:\\\/\\\/www.silentblocks.com\\\/it\\\/prodotto\\\/boccole-della-barra-stabilizzatrice-anteriore-vw-lt-4x4-2\\\/#primaryimage\"},\"thumbnailUrl\":\"https:\\\/\\\/www.silentblocks.com\\\/wp-content\\\/uploads\\\/2026\\\/02\\\/silentbloc-barre-stabilisatrice-VW-LT-4x4-281513381.jpg\",\"datePublished\":\"2025-09-01T10:45:44+00:00\",\"dateModified\":\"2026-02-17T22:16:49+00:00\",\"description\":\"Boccole per barra stabilizzatrice anteriore per VW LT 4\u00d74, oem 281 411 045, 281513381, 701 413 031, 701 413 031 A, 701 413 031 B\",\"breadcrumb\":{\"@id\":\"https:\\\/\\\/www.silentblocks.com\\\/it\\\/prodotto\\\/boccole-della-barra-stabilizzatrice-anteriore-vw-lt-4x4-2\\\/#breadcrumb\"},\"inLanguage\":\"it-IT\",\"potentialAction\":[{\"@type\":\"ReadAction\",\"target\":[\"https:\\\/\\\/www.silentblocks.com\\\/it\\\/prodotto\\\/boccole-della-barra-stabilizzatrice-anteriore-vw-lt-4x4-2\\\/\"]}]},{\"@type\":\"ImageObject\",\"inLanguage\":\"it-IT\",\"@id\":\"https:\\\/\\\/www.silentblocks.com\\\/it\\\/prodotto\\\/boccole-della-barra-stabilizzatrice-anteriore-vw-lt-4x4-2\\\/#primaryimage\",\"url\":\"https:\\\/\\\/www.silentblocks.com\\\/wp-content\\\/uploads\\\/2026\\\/02\\\/silentbloc-barre-stabilisatrice-VW-LT-4x4-281513381.jpg\",\"contentUrl\":\"https:\\\/\\\/www.silentblocks.com\\\/wp-content\\\/uploads\\\/2026\\\/02\\\/silentbloc-barre-stabilisatrice-VW-LT-4x4-281513381.jpg\",\"width\":1000,\"height\":1000},{\"@type\":\"BreadcrumbList\",\"@id\":\"https:\\\/\\\/www.silentblocks.com\\\/it\\\/prodotto\\\/boccole-della-barra-stabilizzatrice-anteriore-vw-lt-4x4-2\\\/#breadcrumb\",\"itemListElement\":[{\"@type\":\"ListItem\",\"position\":1,\"name\":\"In\u00edcio\",\"item\":\"https:\\\/\\\/www.silentblocks.com\\\/it\\\/\"},{\"@type\":\"ListItem\",\"position\":2,\"name\":\"Page boutique\",\"item\":\"https:\\\/\\\/www.silentblocks.com\\\/shop-2\\\/\"},{\"@type\":\"ListItem\",\"position\":3,\"name\":\"Boccole della barra stabilizzatrice anteriore, VW LT 4\u00d74\"}]},{\"@type\":\"WebSite\",\"@id\":\"https:\\\/\\\/www.silentblocks.com\\\/it\\\/#website\",\"url\":\"https:\\\/\\\/www.silentblocks.com\\\/it\\\/\",\"name\":\"SILENTBLOCKS\",\"description\":\"Secure on the road\",\"publisher\":{\"@id\":\"https:\\\/\\\/www.silentblocks.com\\\/it\\\/#organization\"},\"potentialAction\":[{\"@type\":\"SearchAction\",\"target\":{\"@type\":\"EntryPoint\",\"urlTemplate\":\"https:\\\/\\\/www.silentblocks.com\\\/it\\\/?s={search_term_string}\"},\"query-input\":{\"@type\":\"PropertyValueSpecification\",\"valueRequired\":true,\"valueName\":\"search_term_string\"}}],\"inLanguage\":\"it-IT\"},{\"@type\":\"Organization\",\"@id\":\"https:\\\/\\\/www.silentblocks.com\\\/it\\\/#organization\",\"name\":\"SILENTBLOCKS\",\"url\":\"https:\\\/\\\/www.silentblocks.com\\\/it\\\/\",\"logo\":{\"@type\":\"ImageObject\",\"inLanguage\":\"it-IT\",\"@id\":\"https:\\\/\\\/www.silentblocks.com\\\/it\\\/#\\\/schema\\\/logo\\\/image\\\/\",\"url\":\"https:\\\/\\\/www.silentblocks.com\\\/wp-content\\\/uploads\\\/2023\\\/07\\\/logo211-sem-fundo_2012-PARA-BOUTIQUE-EBAY.png\",\"contentUrl\":\"https:\\\/\\\/www.silentblocks.com\\\/wp-content\\\/uploads\\\/2023\\\/07\\\/logo211-sem-fundo_2012-PARA-BOUTIQUE-EBAY.png\",\"width\":300,\"height\":190,\"caption\":\"SILENTBLOCKS\"},\"image\":{\"@id\":\"https:\\\/\\\/www.silentblocks.com\\\/it\\\/#\\\/schema\\\/logo\\\/image\\\/\"}}]}<\/script>\n<!-- \/ Yoast SEO Premium plugin. -->","yoast_head_json":{"title":"Boccole della barra stabilizzatrice anteriore, VW LT 4\u00d74 - SILENT BLOCKS","description":"Boccole per barra stabilizzatrice anteriore per VW LT 4\u00d74, oem 281 411 045, 281513381, 701 413 031, 701 413 031 A, 701 413 031 B","robots":{"index":"index","follow":"follow","max-snippet":"max-snippet:-1","max-image-preview":"max-image-preview:large","max-video-preview":"max-video-preview:-1"},"canonical":"https:\/\/www.silentblocks.com\/it\/prodotto\/boccole-della-barra-stabilizzatrice-anteriore-vw-lt-4x4-2\/","og_locale":"it_IT","og_type":"article","og_title":"Boccole della barra stabilizzatrice anteriore, VW LT 4\u00d74","og_description":"Boccole per barra stabilizzatrice anteriore per VW LT 4\u00d74, oem 281 411 045, 281513381, 701 413 031, 701 413 031 A, 701 413 031 B","og_url":"https:\/\/www.silentblocks.com\/it\/prodotto\/boccole-della-barra-stabilizzatrice-anteriore-vw-lt-4x4-2\/","og_site_name":"SILENT BLOCKS","article_modified_time":"2026-02-17T22:16:49+00:00","og_image":[{"width":1000,"height":1000,"url":"https:\/\/www.silentblocks.com\/wp-content\/uploads\/2026\/02\/silentbloc-barre-stabilisatrice-VW-LT-4x4-281513381.jpg","type":"image\/jpeg"}],"twitter_card":"summary_large_image","schema":{"@context":"https:\/\/schema.org","@graph":[{"@type":"WebPage","@id":"https:\/\/www.silentblocks.com\/it\/prodotto\/boccole-della-barra-stabilizzatrice-anteriore-vw-lt-4x4-2\/","url":"https:\/\/www.silentblocks.com\/it\/prodotto\/boccole-della-barra-stabilizzatrice-anteriore-vw-lt-4x4-2\/","name":"Boccole della barra stabilizzatrice anteriore, VW LT 4\u00d74 - SILENT BLOCKS","isPartOf":{"@id":"https:\/\/www.silentblocks.com\/it\/#website"},"primaryImageOfPage":{"@id":"https:\/\/www.silentblocks.com\/it\/prodotto\/boccole-della-barra-stabilizzatrice-anteriore-vw-lt-4x4-2\/#primaryimage"},"image":{"@id":"https:\/\/www.silentblocks.com\/it\/prodotto\/boccole-della-barra-stabilizzatrice-anteriore-vw-lt-4x4-2\/#primaryimage"},"thumbnailUrl":"https:\/\/www.silentblocks.com\/wp-content\/uploads\/2026\/02\/silentbloc-barre-stabilisatrice-VW-LT-4x4-281513381.jpg","datePublished":"2025-09-01T10:45:44+00:00","dateModified":"2026-02-17T22:16:49+00:00","description":"Boccole per barra stabilizzatrice anteriore per VW LT 4\u00d74, oem 281 411 045, 281513381, 701 413 031, 701 413 031 A, 701 413 031 B","breadcrumb":{"@id":"https:\/\/www.silentblocks.com\/it\/prodotto\/boccole-della-barra-stabilizzatrice-anteriore-vw-lt-4x4-2\/#breadcrumb"},"inLanguage":"it-IT","potentialAction":[{"@type":"ReadAction","target":["https:\/\/www.silentblocks.com\/it\/prodotto\/boccole-della-barra-stabilizzatrice-anteriore-vw-lt-4x4-2\/"]}]},{"@type":"ImageObject","inLanguage":"it-IT","@id":"https:\/\/www.silentblocks.com\/it\/prodotto\/boccole-della-barra-stabilizzatrice-anteriore-vw-lt-4x4-2\/#primaryimage","url":"https:\/\/www.silentblocks.com\/wp-content\/uploads\/2026\/02\/silentbloc-barre-stabilisatrice-VW-LT-4x4-281513381.jpg","contentUrl":"https:\/\/www.silentblocks.com\/wp-content\/uploads\/2026\/02\/silentbloc-barre-stabilisatrice-VW-LT-4x4-281513381.jpg","width":1000,"height":1000},{"@type":"BreadcrumbList","@id":"https:\/\/www.silentblocks.com\/it\/prodotto\/boccole-della-barra-stabilizzatrice-anteriore-vw-lt-4x4-2\/#breadcrumb","itemListElement":[{"@type":"ListItem","position":1,"name":"In\u00edcio","item":"https:\/\/www.silentblocks.com\/it\/"},{"@type":"ListItem","position":2,"name":"Page boutique","item":"https:\/\/www.silentblocks.com\/shop-2\/"},{"@type":"ListItem","position":3,"name":"Boccole della barra stabilizzatrice anteriore, VW LT 4\u00d74"}]},{"@type":"WebSite","@id":"https:\/\/www.silentblocks.com\/it\/#website","url":"https:\/\/www.silentblocks.com\/it\/","name":"SILENTBLOCKS","description":"Secure on the road","publisher":{"@id":"https:\/\/www.silentblocks.com\/it\/#organization"},"potentialAction":[{"@type":"SearchAction","target":{"@type":"EntryPoint","urlTemplate":"https:\/\/www.silentblocks.com\/it\/?s={search_term_string}"},"query-input":{"@type":"PropertyValueSpecification","valueRequired":true,"valueName":"search_term_string"}}],"inLanguage":"it-IT"},{"@type":"Organization","@id":"https:\/\/www.silentblocks.com\/it\/#organization","name":"SILENTBLOCKS","url":"https:\/\/www.silentblocks.com\/it\/","logo":{"@type":"ImageObject","inLanguage":"it-IT","@id":"https:\/\/www.silentblocks.com\/it\/#\/schema\/logo\/image\/","url":"https:\/\/www.silentblocks.com\/wp-content\/uploads\/2023\/07\/logo211-sem-fundo_2012-PARA-BOUTIQUE-EBAY.png","contentUrl":"https:\/\/www.silentblocks.com\/wp-content\/uploads\/2023\/07\/logo211-sem-fundo_2012-PARA-BOUTIQUE-EBAY.png","width":300,"height":190,"caption":"SILENTBLOCKS"},"image":{"@id":"https:\/\/www.silentblocks.com\/it\/#\/schema\/logo\/image\/"}}]}},"_links":{"self":[{"href":"https:\/\/www.silentblocks.com\/it\/wp-json\/wp\/v2\/product\/104438","targetHints":{"allow":["GET"]}}],"collection":[{"href":"https:\/\/www.silentblocks.com\/it\/wp-json\/wp\/v2\/product"}],"about":[{"href":"https:\/\/www.silentblocks.com\/it\/wp-json\/wp\/v2\/types\/product"}],"version-history":[{"count":0,"href":"https:\/\/www.silentblocks.com\/it\/wp-json\/wp\/v2\/product\/104438\/revisions"}],"wp:featuredmedia":[{"embeddable":true,"href":"https:\/\/www.silentblocks.com\/it\/wp-json\/wp\/v2\/media\/104429"}],"wp:attachment":[{"href":"https:\/\/www.silentblocks.com\/it\/wp-json\/wp\/v2\/media?parent=104438"}],"wp:term":[{"taxonomy":"product_brand","embeddable":true,"href":"https:\/\/www.silentblocks.com\/it\/wp-json\/wp\/v2\/product_brand?post=104438"},{"taxonomy":"product_cat","embeddable":true,"href":"https:\/\/www.silentblocks.com\/it\/wp-json\/wp\/v2\/product_cat?post=104438"},{"taxonomy":"product_tag","embeddable":true,"href":"https:\/\/www.silentblocks.com\/it\/wp-json\/wp\/v2\/product_tag?post=104438"}],"curies":[{"name":"wp","href":"https:\/\/api.w.org\/{rel}","templated":true}]}}