{"id":91664,"date":"2024-06-22T11:40:57","date_gmt":"2024-06-22T11:40:57","guid":{"rendered":"https:\/\/www.silentblocks.com\/product\/silentblock-sui-bracci-posteriori-santa-fe-ii-iii-santa-fe-xl-grand-santa-fe\/"},"modified":"2026-02-17T21:44:52","modified_gmt":"2026-02-17T21:44:52","slug":"silentblock-sui-bracci-posteriori-santa-fe-ii-iii-santa-fe-xl-grand-santa-fe","status":"publish","type":"product","link":"https:\/\/www.silentblocks.com\/it\/prodotto\/silentblock-sui-bracci-posteriori-santa-fe-ii-iii-santa-fe-xl-grand-santa-fe\/","title":{"rendered":"Silentblock sui bracci posteriori, Santa F\u00e9 II\/III, Santa F\u00e9 XL, Grand Santa F\u00e9"},"content":{"rendered":"<p>Boccole per i bracci posteriori, compatibile con i seguenti veicoli:<br \/>\nHyundai Grand Santa F\u00e9 2013-<br \/>\nHyundai Santa F\u00e9 XL 2013-<br \/>\nHyundai Maxcruz 2013-<br \/>\nHyundai Santa F\u00e9 III (DM) 2012-2015<br \/>\nHyundai Santa F\u00e9 II (CM) 2006-2012<br \/>\nHyundai Santa F\u00e9 2000-2013<\/p>\n<p>Riferimenti del produttore (codice OEM) solo a titolo informativo :<br \/>\n55280-2W100, 55275-2W100<\/p>\n<p>Pezzi nuovi, venduti con fattura. Tutti i nostri prodotti hanno una garanzia di 2 anni.<\/p>\n","protected":false},"excerpt":{"rendered":"<p>Boccole per i bracci posteriori, compatibile con i seguenti veicoli: Hyundai Grand Santa F\u00e9 2013- Hyundai Santa F\u00e9 XL 2013- Hyundai Maxcruz 2013- Hyundai Santa F\u00e9 III (DM) 2012-2015 Hyundai Santa F\u00e9 II (CM) 2006-2012 Hyundai Santa F\u00e9 2000-2013 Riferimenti del produttore (codice OEM) solo a titolo informativo : 55280-2W100, 55275-2W100 Pezzi nuovi, venduti con [&hellip;]<\/p>\n","protected":false},"featured_media":91658,"template":"","meta":[],"product_brand":[],"product_cat":[2174,4206,4279],"product_tag":[],"class_list":{"0":"post-91664","1":"product","2":"type-product","3":"status-publish","4":"has-post-thumbnail","6":"product_cat-hyundai-it","7":"product_cat-santa-fe-ii-cm-2005-2012-it","8":"product_cat-santa-fe-iii-dm-2012-2015-it","10":"first","11":"instock","12":"shipping-taxable","13":"purchasable","14":"product-type-simple"},"yoast_head":"<!-- This site is optimized with the Yoast SEO Premium plugin v23.0 (Yoast SEO v27.4) - https:\/\/yoast.com\/product\/yoast-seo-premium-wordpress\/ -->\n<title>Silentblock sui bracci posteriori, Santa F\u00e9 II\/III, Santa F\u00e9 XL, Grand Santa F\u00e9 - SILENT BLOCKS<\/title>\n<meta name=\"description\" content=\"Silentblock per bracci posteriori per Hyundai Santa F\u00e9 III DM, Santa F\u00e9 XL, Grand Santa F\u00e9, compatibile con i modelli 55280-2W100, 55275-2W100\" \/>\n<meta name=\"robots\" content=\"index, follow, max-snippet:-1, max-image-preview:large, max-video-preview:-1\" \/>\n<link rel=\"canonical\" href=\"https:\/\/www.silentblocks.com\/it\/prodotto\/silentblock-sui-bracci-posteriori-santa-fe-ii-iii-santa-fe-xl-grand-santa-fe\/\" \/>\n<meta property=\"og:locale\" content=\"it_IT\" \/>\n<meta property=\"og:type\" content=\"article\" \/>\n<meta property=\"og:title\" content=\"Silentblock sui bracci posteriori, Santa F\u00e9 II\/III, Santa F\u00e9 XL, Grand Santa F\u00e9\" \/>\n<meta property=\"og:description\" content=\"Silentblock per bracci posteriori per Hyundai Santa F\u00e9 III DM, Santa F\u00e9 XL, Grand Santa F\u00e9, compatibile con i modelli 55280-2W100, 55275-2W100\" \/>\n<meta property=\"og:url\" content=\"https:\/\/www.silentblocks.com\/it\/prodotto\/silentblock-sui-bracci-posteriori-santa-fe-ii-iii-santa-fe-xl-grand-santa-fe\/\" \/>\n<meta property=\"og:site_name\" content=\"SILENT BLOCKS\" \/>\n<meta property=\"article:modified_time\" content=\"2026-02-17T21:44:52+00:00\" \/>\n<meta property=\"og:image\" content=\"https:\/\/www.silentblocks.com\/wp-content\/uploads\/2026\/02\/silentbloc-bras-arrier-santa-fe-xl.jpg\" \/>\n\t<meta property=\"og:image:width\" content=\"1000\" \/>\n\t<meta property=\"og:image:height\" content=\"1000\" \/>\n\t<meta property=\"og:image:type\" content=\"image\/jpeg\" \/>\n<meta name=\"twitter:card\" content=\"summary_large_image\" \/>\n<script type=\"application\/ld+json\" class=\"yoast-schema-graph\">{\"@context\":\"https:\\\/\\\/schema.org\",\"@graph\":[{\"@type\":\"WebPage\",\"@id\":\"https:\\\/\\\/www.silentblocks.com\\\/it\\\/prodotto\\\/silentblock-sui-bracci-posteriori-santa-fe-ii-iii-santa-fe-xl-grand-santa-fe\\\/\",\"url\":\"https:\\\/\\\/www.silentblocks.com\\\/it\\\/prodotto\\\/silentblock-sui-bracci-posteriori-santa-fe-ii-iii-santa-fe-xl-grand-santa-fe\\\/\",\"name\":\"Silentblock sui bracci posteriori, Santa F\u00e9 II\\\/III, Santa F\u00e9 XL, Grand Santa F\u00e9 - SILENT BLOCKS\",\"isPartOf\":{\"@id\":\"https:\\\/\\\/www.silentblocks.com\\\/it\\\/#website\"},\"primaryImageOfPage\":{\"@id\":\"https:\\\/\\\/www.silentblocks.com\\\/it\\\/prodotto\\\/silentblock-sui-bracci-posteriori-santa-fe-ii-iii-santa-fe-xl-grand-santa-fe\\\/#primaryimage\"},\"image\":{\"@id\":\"https:\\\/\\\/www.silentblocks.com\\\/it\\\/prodotto\\\/silentblock-sui-bracci-posteriori-santa-fe-ii-iii-santa-fe-xl-grand-santa-fe\\\/#primaryimage\"},\"thumbnailUrl\":\"https:\\\/\\\/www.silentblocks.com\\\/wp-content\\\/uploads\\\/2026\\\/02\\\/silentbloc-bras-arrier-santa-fe-xl.jpg\",\"datePublished\":\"2024-06-22T11:40:57+00:00\",\"dateModified\":\"2026-02-17T21:44:52+00:00\",\"description\":\"Silentblock per bracci posteriori per Hyundai Santa F\u00e9 III DM, Santa F\u00e9 XL, Grand Santa F\u00e9, compatibile con i modelli 55280-2W100, 55275-2W100\",\"breadcrumb\":{\"@id\":\"https:\\\/\\\/www.silentblocks.com\\\/it\\\/prodotto\\\/silentblock-sui-bracci-posteriori-santa-fe-ii-iii-santa-fe-xl-grand-santa-fe\\\/#breadcrumb\"},\"inLanguage\":\"it-IT\",\"potentialAction\":[{\"@type\":\"ReadAction\",\"target\":[\"https:\\\/\\\/www.silentblocks.com\\\/it\\\/prodotto\\\/silentblock-sui-bracci-posteriori-santa-fe-ii-iii-santa-fe-xl-grand-santa-fe\\\/\"]}]},{\"@type\":\"ImageObject\",\"inLanguage\":\"it-IT\",\"@id\":\"https:\\\/\\\/www.silentblocks.com\\\/it\\\/prodotto\\\/silentblock-sui-bracci-posteriori-santa-fe-ii-iii-santa-fe-xl-grand-santa-fe\\\/#primaryimage\",\"url\":\"https:\\\/\\\/www.silentblocks.com\\\/wp-content\\\/uploads\\\/2026\\\/02\\\/silentbloc-bras-arrier-santa-fe-xl.jpg\",\"contentUrl\":\"https:\\\/\\\/www.silentblocks.com\\\/wp-content\\\/uploads\\\/2026\\\/02\\\/silentbloc-bras-arrier-santa-fe-xl.jpg\",\"width\":1000,\"height\":1000},{\"@type\":\"BreadcrumbList\",\"@id\":\"https:\\\/\\\/www.silentblocks.com\\\/it\\\/prodotto\\\/silentblock-sui-bracci-posteriori-santa-fe-ii-iii-santa-fe-xl-grand-santa-fe\\\/#breadcrumb\",\"itemListElement\":[{\"@type\":\"ListItem\",\"position\":1,\"name\":\"In\u00edcio\",\"item\":\"https:\\\/\\\/www.silentblocks.com\\\/it\\\/\"},{\"@type\":\"ListItem\",\"position\":2,\"name\":\"Page boutique\",\"item\":\"https:\\\/\\\/www.silentblocks.com\\\/shop-2\\\/\"},{\"@type\":\"ListItem\",\"position\":3,\"name\":\"Silentblock sui bracci posteriori, Santa F\u00e9 II\\\/III, Santa F\u00e9 XL, Grand Santa F\u00e9\"}]},{\"@type\":\"WebSite\",\"@id\":\"https:\\\/\\\/www.silentblocks.com\\\/it\\\/#website\",\"url\":\"https:\\\/\\\/www.silentblocks.com\\\/it\\\/\",\"name\":\"SILENTBLOCKS\",\"description\":\"Secure on the road\",\"publisher\":{\"@id\":\"https:\\\/\\\/www.silentblocks.com\\\/it\\\/#organization\"},\"potentialAction\":[{\"@type\":\"SearchAction\",\"target\":{\"@type\":\"EntryPoint\",\"urlTemplate\":\"https:\\\/\\\/www.silentblocks.com\\\/it\\\/?s={search_term_string}\"},\"query-input\":{\"@type\":\"PropertyValueSpecification\",\"valueRequired\":true,\"valueName\":\"search_term_string\"}}],\"inLanguage\":\"it-IT\"},{\"@type\":\"Organization\",\"@id\":\"https:\\\/\\\/www.silentblocks.com\\\/it\\\/#organization\",\"name\":\"SILENTBLOCKS\",\"url\":\"https:\\\/\\\/www.silentblocks.com\\\/it\\\/\",\"logo\":{\"@type\":\"ImageObject\",\"inLanguage\":\"it-IT\",\"@id\":\"https:\\\/\\\/www.silentblocks.com\\\/it\\\/#\\\/schema\\\/logo\\\/image\\\/\",\"url\":\"https:\\\/\\\/www.silentblocks.com\\\/wp-content\\\/uploads\\\/2023\\\/07\\\/logo211-sem-fundo_2012-PARA-BOUTIQUE-EBAY.png\",\"contentUrl\":\"https:\\\/\\\/www.silentblocks.com\\\/wp-content\\\/uploads\\\/2023\\\/07\\\/logo211-sem-fundo_2012-PARA-BOUTIQUE-EBAY.png\",\"width\":300,\"height\":190,\"caption\":\"SILENTBLOCKS\"},\"image\":{\"@id\":\"https:\\\/\\\/www.silentblocks.com\\\/it\\\/#\\\/schema\\\/logo\\\/image\\\/\"}}]}<\/script>\n<!-- \/ Yoast SEO Premium plugin. -->","yoast_head_json":{"title":"Silentblock sui bracci posteriori, Santa F\u00e9 II\/III, Santa F\u00e9 XL, Grand Santa F\u00e9 - SILENT BLOCKS","description":"Silentblock per bracci posteriori per Hyundai Santa F\u00e9 III DM, Santa F\u00e9 XL, Grand Santa F\u00e9, compatibile con i modelli 55280-2W100, 55275-2W100","robots":{"index":"index","follow":"follow","max-snippet":"max-snippet:-1","max-image-preview":"max-image-preview:large","max-video-preview":"max-video-preview:-1"},"canonical":"https:\/\/www.silentblocks.com\/it\/prodotto\/silentblock-sui-bracci-posteriori-santa-fe-ii-iii-santa-fe-xl-grand-santa-fe\/","og_locale":"it_IT","og_type":"article","og_title":"Silentblock sui bracci posteriori, Santa F\u00e9 II\/III, Santa F\u00e9 XL, Grand Santa F\u00e9","og_description":"Silentblock per bracci posteriori per Hyundai Santa F\u00e9 III DM, Santa F\u00e9 XL, Grand Santa F\u00e9, compatibile con i modelli 55280-2W100, 55275-2W100","og_url":"https:\/\/www.silentblocks.com\/it\/prodotto\/silentblock-sui-bracci-posteriori-santa-fe-ii-iii-santa-fe-xl-grand-santa-fe\/","og_site_name":"SILENT BLOCKS","article_modified_time":"2026-02-17T21:44:52+00:00","og_image":[{"width":1000,"height":1000,"url":"https:\/\/www.silentblocks.com\/wp-content\/uploads\/2026\/02\/silentbloc-bras-arrier-santa-fe-xl.jpg","type":"image\/jpeg"}],"twitter_card":"summary_large_image","schema":{"@context":"https:\/\/schema.org","@graph":[{"@type":"WebPage","@id":"https:\/\/www.silentblocks.com\/it\/prodotto\/silentblock-sui-bracci-posteriori-santa-fe-ii-iii-santa-fe-xl-grand-santa-fe\/","url":"https:\/\/www.silentblocks.com\/it\/prodotto\/silentblock-sui-bracci-posteriori-santa-fe-ii-iii-santa-fe-xl-grand-santa-fe\/","name":"Silentblock sui bracci posteriori, Santa F\u00e9 II\/III, Santa F\u00e9 XL, Grand Santa F\u00e9 - SILENT BLOCKS","isPartOf":{"@id":"https:\/\/www.silentblocks.com\/it\/#website"},"primaryImageOfPage":{"@id":"https:\/\/www.silentblocks.com\/it\/prodotto\/silentblock-sui-bracci-posteriori-santa-fe-ii-iii-santa-fe-xl-grand-santa-fe\/#primaryimage"},"image":{"@id":"https:\/\/www.silentblocks.com\/it\/prodotto\/silentblock-sui-bracci-posteriori-santa-fe-ii-iii-santa-fe-xl-grand-santa-fe\/#primaryimage"},"thumbnailUrl":"https:\/\/www.silentblocks.com\/wp-content\/uploads\/2026\/02\/silentbloc-bras-arrier-santa-fe-xl.jpg","datePublished":"2024-06-22T11:40:57+00:00","dateModified":"2026-02-17T21:44:52+00:00","description":"Silentblock per bracci posteriori per Hyundai Santa F\u00e9 III DM, Santa F\u00e9 XL, Grand Santa F\u00e9, compatibile con i modelli 55280-2W100, 55275-2W100","breadcrumb":{"@id":"https:\/\/www.silentblocks.com\/it\/prodotto\/silentblock-sui-bracci-posteriori-santa-fe-ii-iii-santa-fe-xl-grand-santa-fe\/#breadcrumb"},"inLanguage":"it-IT","potentialAction":[{"@type":"ReadAction","target":["https:\/\/www.silentblocks.com\/it\/prodotto\/silentblock-sui-bracci-posteriori-santa-fe-ii-iii-santa-fe-xl-grand-santa-fe\/"]}]},{"@type":"ImageObject","inLanguage":"it-IT","@id":"https:\/\/www.silentblocks.com\/it\/prodotto\/silentblock-sui-bracci-posteriori-santa-fe-ii-iii-santa-fe-xl-grand-santa-fe\/#primaryimage","url":"https:\/\/www.silentblocks.com\/wp-content\/uploads\/2026\/02\/silentbloc-bras-arrier-santa-fe-xl.jpg","contentUrl":"https:\/\/www.silentblocks.com\/wp-content\/uploads\/2026\/02\/silentbloc-bras-arrier-santa-fe-xl.jpg","width":1000,"height":1000},{"@type":"BreadcrumbList","@id":"https:\/\/www.silentblocks.com\/it\/prodotto\/silentblock-sui-bracci-posteriori-santa-fe-ii-iii-santa-fe-xl-grand-santa-fe\/#breadcrumb","itemListElement":[{"@type":"ListItem","position":1,"name":"In\u00edcio","item":"https:\/\/www.silentblocks.com\/it\/"},{"@type":"ListItem","position":2,"name":"Page boutique","item":"https:\/\/www.silentblocks.com\/shop-2\/"},{"@type":"ListItem","position":3,"name":"Silentblock sui bracci posteriori, Santa F\u00e9 II\/III, Santa F\u00e9 XL, Grand Santa F\u00e9"}]},{"@type":"WebSite","@id":"https:\/\/www.silentblocks.com\/it\/#website","url":"https:\/\/www.silentblocks.com\/it\/","name":"SILENTBLOCKS","description":"Secure on the road","publisher":{"@id":"https:\/\/www.silentblocks.com\/it\/#organization"},"potentialAction":[{"@type":"SearchAction","target":{"@type":"EntryPoint","urlTemplate":"https:\/\/www.silentblocks.com\/it\/?s={search_term_string}"},"query-input":{"@type":"PropertyValueSpecification","valueRequired":true,"valueName":"search_term_string"}}],"inLanguage":"it-IT"},{"@type":"Organization","@id":"https:\/\/www.silentblocks.com\/it\/#organization","name":"SILENTBLOCKS","url":"https:\/\/www.silentblocks.com\/it\/","logo":{"@type":"ImageObject","inLanguage":"it-IT","@id":"https:\/\/www.silentblocks.com\/it\/#\/schema\/logo\/image\/","url":"https:\/\/www.silentblocks.com\/wp-content\/uploads\/2023\/07\/logo211-sem-fundo_2012-PARA-BOUTIQUE-EBAY.png","contentUrl":"https:\/\/www.silentblocks.com\/wp-content\/uploads\/2023\/07\/logo211-sem-fundo_2012-PARA-BOUTIQUE-EBAY.png","width":300,"height":190,"caption":"SILENTBLOCKS"},"image":{"@id":"https:\/\/www.silentblocks.com\/it\/#\/schema\/logo\/image\/"}}]}},"_links":{"self":[{"href":"https:\/\/www.silentblocks.com\/it\/wp-json\/wp\/v2\/product\/91664","targetHints":{"allow":["GET"]}}],"collection":[{"href":"https:\/\/www.silentblocks.com\/it\/wp-json\/wp\/v2\/product"}],"about":[{"href":"https:\/\/www.silentblocks.com\/it\/wp-json\/wp\/v2\/types\/product"}],"version-history":[{"count":0,"href":"https:\/\/www.silentblocks.com\/it\/wp-json\/wp\/v2\/product\/91664\/revisions"}],"wp:featuredmedia":[{"embeddable":true,"href":"https:\/\/www.silentblocks.com\/it\/wp-json\/wp\/v2\/media\/91658"}],"wp:attachment":[{"href":"https:\/\/www.silentblocks.com\/it\/wp-json\/wp\/v2\/media?parent=91664"}],"wp:term":[{"taxonomy":"product_brand","embeddable":true,"href":"https:\/\/www.silentblocks.com\/it\/wp-json\/wp\/v2\/product_brand?post=91664"},{"taxonomy":"product_cat","embeddable":true,"href":"https:\/\/www.silentblocks.com\/it\/wp-json\/wp\/v2\/product_cat?post=91664"},{"taxonomy":"product_tag","embeddable":true,"href":"https:\/\/www.silentblocks.com\/it\/wp-json\/wp\/v2\/product_tag?post=91664"}],"curies":[{"name":"wp","href":"https:\/\/api.w.org\/{rel}","templated":true}]}}