{"id":93990,"date":"2024-11-18T17:59:03","date_gmt":"2024-11-18T17:59:03","guid":{"rendered":"https:\/\/www.silentblocks.com\/product\/boccole-asse-posteriore-crossland-x\/"},"modified":"2026-02-17T21:50:19","modified_gmt":"2026-02-17T21:50:19","slug":"boccole-asse-posteriore-crossland-x","status":"publish","type":"product","link":"https:\/\/www.silentblocks.com\/it\/prodotto\/boccole-asse-posteriore-crossland-x\/","title":{"rendered":"Boccole asse posteriore, Crossland X"},"content":{"rendered":"<p>Silentblocks per il corpo dell&#8217;asse posteriore, compatibile con i seguenti veicoli:<br \/>\nCitro\u00ebn C-Elysee (12-)<br \/>\nCitro\u00ebn C3 II (09-16) SC<br \/>\nCitro\u00ebn C3 III (16-)<br \/>\nCitro\u00ebn C3 Aircross (17-)<br \/>\nCitro\u00ebn C3 Picasso (08-17)<br \/>\nCitro\u00ebn C4 I (04-10)<br \/>\nCitro\u00ebn C4 Cactus 14-<br \/>\nCitro\u00ebn DS3 (09-16)<br \/>\nCitro\u00ebn DS4 (11-15)<\/p>\n<p>Opel \/ Vauxhall Crossland X (17-)<\/p>\n<p>Peugeot 207 (06-12)<br \/>\nPeugeot 208 I (12-19)<br \/>\nPeugeot 2008 I (13-19)<br \/>\nPeugeot 301 (12-)<br \/>\nPeugeot 307 (01-08)<br \/>\nPeugeot 308 I (07-13)<br \/>\nPeugeot 3008 I (09-16)<br \/>\nPeugeot RCZ (10-15)<\/p>\n<p>Riferimenti del produttore (codice OEM) solo a titolo informativo :<br \/>\n3637302, 5131H4, 9680667580, 5131E9, 5131F0, 5131F9, 5131H3<\/p>\n<p>Pezzi nuovi, venduti con fattura. Tutti i nostri prodotti hanno una garanzia di 2 anni.<\/p>\n","protected":false},"excerpt":{"rendered":"<p>Silentblocks per il corpo dell&#8217;asse posteriore, compatibile con i seguenti veicoli: Citro\u00ebn C-Elysee (12-) Citro\u00ebn C3 II (09-16) SC Citro\u00ebn C3 III (16-) Citro\u00ebn C3 Aircross (17-) Citro\u00ebn C3 Picasso (08-17) Citro\u00ebn C4 I (04-10) Citro\u00ebn C4 Cactus 14- Citro\u00ebn DS3 (09-16) Citro\u00ebn DS4 (11-15) Opel \/ Vauxhall Crossland X (17-) Peugeot 207 (06-12) Peugeot [&hellip;]<\/p>\n","protected":false},"featured_media":93973,"template":"","meta":[],"product_brand":[],"product_cat":[940,4475,4476],"product_tag":[],"class_list":{"0":"post-93990","1":"product","2":"type-product","3":"status-publish","4":"has-post-thumbnail","6":"product_cat-opel","7":"product_cat-crossland-x-2017","8":"product_cat-crossland-x-2017-it","10":"first","11":"instock","12":"shipping-taxable","13":"purchasable","14":"product-type-simple"},"yoast_head":"<!-- This site is optimized with the Yoast SEO Premium plugin v23.0 (Yoast SEO v27.4) - https:\/\/yoast.com\/product\/yoast-seo-premium-wordpress\/ -->\n<title>Boccole asse posteriore, Crossland X - SILENT BLOCKS<\/title>\n<meta name=\"description\" content=\"Silentblock per Opel Crossland X, oem 3637302, 5131H4, 9680667580, 5131E9\" \/>\n<meta name=\"robots\" content=\"index, follow, max-snippet:-1, max-image-preview:large, max-video-preview:-1\" \/>\n<link rel=\"canonical\" href=\"https:\/\/www.silentblocks.com\/it\/prodotto\/boccole-asse-posteriore-crossland-x\/\" \/>\n<meta property=\"og:locale\" content=\"it_IT\" \/>\n<meta property=\"og:type\" content=\"article\" \/>\n<meta property=\"og:title\" content=\"Boccole asse posteriore, Crossland X\" \/>\n<meta property=\"og:description\" content=\"Silentblock per Opel Crossland X, oem 3637302, 5131H4, 9680667580, 5131E9\" \/>\n<meta property=\"og:url\" content=\"https:\/\/www.silentblocks.com\/it\/prodotto\/boccole-asse-posteriore-crossland-x\/\" \/>\n<meta property=\"og:site_name\" content=\"SILENT BLOCKS\" \/>\n<meta property=\"article:modified_time\" content=\"2026-02-17T21:50:19+00:00\" \/>\n<meta property=\"og:image\" content=\"https:\/\/www.silentblocks.com\/wp-content\/uploads\/2026\/02\/silentbloc-essieu-arriere-peugeot-2008.jpg\" \/>\n\t<meta property=\"og:image:width\" content=\"1000\" \/>\n\t<meta property=\"og:image:height\" content=\"1000\" \/>\n\t<meta property=\"og:image:type\" content=\"image\/jpeg\" \/>\n<meta name=\"twitter:card\" content=\"summary_large_image\" \/>\n<meta name=\"twitter:label1\" content=\"Tempo di lettura stimato\" \/>\n\t<meta name=\"twitter:data1\" content=\"1 minuto\" \/>\n<script type=\"application\/ld+json\" class=\"yoast-schema-graph\">{\"@context\":\"https:\\\/\\\/schema.org\",\"@graph\":[{\"@type\":\"WebPage\",\"@id\":\"https:\\\/\\\/www.silentblocks.com\\\/it\\\/prodotto\\\/boccole-asse-posteriore-crossland-x\\\/\",\"url\":\"https:\\\/\\\/www.silentblocks.com\\\/it\\\/prodotto\\\/boccole-asse-posteriore-crossland-x\\\/\",\"name\":\"Boccole asse posteriore, Crossland X - SILENT BLOCKS\",\"isPartOf\":{\"@id\":\"https:\\\/\\\/www.silentblocks.com\\\/it\\\/#website\"},\"primaryImageOfPage\":{\"@id\":\"https:\\\/\\\/www.silentblocks.com\\\/it\\\/prodotto\\\/boccole-asse-posteriore-crossland-x\\\/#primaryimage\"},\"image\":{\"@id\":\"https:\\\/\\\/www.silentblocks.com\\\/it\\\/prodotto\\\/boccole-asse-posteriore-crossland-x\\\/#primaryimage\"},\"thumbnailUrl\":\"https:\\\/\\\/www.silentblocks.com\\\/wp-content\\\/uploads\\\/2026\\\/02\\\/silentbloc-essieu-arriere-peugeot-2008.jpg\",\"datePublished\":\"2024-11-18T17:59:03+00:00\",\"dateModified\":\"2026-02-17T21:50:19+00:00\",\"description\":\"Silentblock per Opel Crossland X, oem 3637302, 5131H4, 9680667580, 5131E9\",\"breadcrumb\":{\"@id\":\"https:\\\/\\\/www.silentblocks.com\\\/it\\\/prodotto\\\/boccole-asse-posteriore-crossland-x\\\/#breadcrumb\"},\"inLanguage\":\"it-IT\",\"potentialAction\":[{\"@type\":\"ReadAction\",\"target\":[\"https:\\\/\\\/www.silentblocks.com\\\/it\\\/prodotto\\\/boccole-asse-posteriore-crossland-x\\\/\"]}]},{\"@type\":\"ImageObject\",\"inLanguage\":\"it-IT\",\"@id\":\"https:\\\/\\\/www.silentblocks.com\\\/it\\\/prodotto\\\/boccole-asse-posteriore-crossland-x\\\/#primaryimage\",\"url\":\"https:\\\/\\\/www.silentblocks.com\\\/wp-content\\\/uploads\\\/2026\\\/02\\\/silentbloc-essieu-arriere-peugeot-2008.jpg\",\"contentUrl\":\"https:\\\/\\\/www.silentblocks.com\\\/wp-content\\\/uploads\\\/2026\\\/02\\\/silentbloc-essieu-arriere-peugeot-2008.jpg\",\"width\":1000,\"height\":1000},{\"@type\":\"BreadcrumbList\",\"@id\":\"https:\\\/\\\/www.silentblocks.com\\\/it\\\/prodotto\\\/boccole-asse-posteriore-crossland-x\\\/#breadcrumb\",\"itemListElement\":[{\"@type\":\"ListItem\",\"position\":1,\"name\":\"In\u00edcio\",\"item\":\"https:\\\/\\\/www.silentblocks.com\\\/it\\\/\"},{\"@type\":\"ListItem\",\"position\":2,\"name\":\"Page boutique\",\"item\":\"https:\\\/\\\/www.silentblocks.com\\\/shop-2\\\/\"},{\"@type\":\"ListItem\",\"position\":3,\"name\":\"Boccole asse posteriore, Crossland X\"}]},{\"@type\":\"WebSite\",\"@id\":\"https:\\\/\\\/www.silentblocks.com\\\/it\\\/#website\",\"url\":\"https:\\\/\\\/www.silentblocks.com\\\/it\\\/\",\"name\":\"SILENTBLOCKS\",\"description\":\"Secure on the road\",\"publisher\":{\"@id\":\"https:\\\/\\\/www.silentblocks.com\\\/it\\\/#organization\"},\"potentialAction\":[{\"@type\":\"SearchAction\",\"target\":{\"@type\":\"EntryPoint\",\"urlTemplate\":\"https:\\\/\\\/www.silentblocks.com\\\/it\\\/?s={search_term_string}\"},\"query-input\":{\"@type\":\"PropertyValueSpecification\",\"valueRequired\":true,\"valueName\":\"search_term_string\"}}],\"inLanguage\":\"it-IT\"},{\"@type\":\"Organization\",\"@id\":\"https:\\\/\\\/www.silentblocks.com\\\/it\\\/#organization\",\"name\":\"SILENTBLOCKS\",\"url\":\"https:\\\/\\\/www.silentblocks.com\\\/it\\\/\",\"logo\":{\"@type\":\"ImageObject\",\"inLanguage\":\"it-IT\",\"@id\":\"https:\\\/\\\/www.silentblocks.com\\\/it\\\/#\\\/schema\\\/logo\\\/image\\\/\",\"url\":\"https:\\\/\\\/www.silentblocks.com\\\/wp-content\\\/uploads\\\/2023\\\/07\\\/logo211-sem-fundo_2012-PARA-BOUTIQUE-EBAY.png\",\"contentUrl\":\"https:\\\/\\\/www.silentblocks.com\\\/wp-content\\\/uploads\\\/2023\\\/07\\\/logo211-sem-fundo_2012-PARA-BOUTIQUE-EBAY.png\",\"width\":300,\"height\":190,\"caption\":\"SILENTBLOCKS\"},\"image\":{\"@id\":\"https:\\\/\\\/www.silentblocks.com\\\/it\\\/#\\\/schema\\\/logo\\\/image\\\/\"}}]}<\/script>\n<!-- \/ Yoast SEO Premium plugin. -->","yoast_head_json":{"title":"Boccole asse posteriore, Crossland X - SILENT BLOCKS","description":"Silentblock per Opel Crossland X, oem 3637302, 5131H4, 9680667580, 5131E9","robots":{"index":"index","follow":"follow","max-snippet":"max-snippet:-1","max-image-preview":"max-image-preview:large","max-video-preview":"max-video-preview:-1"},"canonical":"https:\/\/www.silentblocks.com\/it\/prodotto\/boccole-asse-posteriore-crossland-x\/","og_locale":"it_IT","og_type":"article","og_title":"Boccole asse posteriore, Crossland X","og_description":"Silentblock per Opel Crossland X, oem 3637302, 5131H4, 9680667580, 5131E9","og_url":"https:\/\/www.silentblocks.com\/it\/prodotto\/boccole-asse-posteriore-crossland-x\/","og_site_name":"SILENT BLOCKS","article_modified_time":"2026-02-17T21:50:19+00:00","og_image":[{"width":1000,"height":1000,"url":"https:\/\/www.silentblocks.com\/wp-content\/uploads\/2026\/02\/silentbloc-essieu-arriere-peugeot-2008.jpg","type":"image\/jpeg"}],"twitter_card":"summary_large_image","twitter_misc":{"Tempo di lettura stimato":"1 minuto"},"schema":{"@context":"https:\/\/schema.org","@graph":[{"@type":"WebPage","@id":"https:\/\/www.silentblocks.com\/it\/prodotto\/boccole-asse-posteriore-crossland-x\/","url":"https:\/\/www.silentblocks.com\/it\/prodotto\/boccole-asse-posteriore-crossland-x\/","name":"Boccole asse posteriore, Crossland X - SILENT BLOCKS","isPartOf":{"@id":"https:\/\/www.silentblocks.com\/it\/#website"},"primaryImageOfPage":{"@id":"https:\/\/www.silentblocks.com\/it\/prodotto\/boccole-asse-posteriore-crossland-x\/#primaryimage"},"image":{"@id":"https:\/\/www.silentblocks.com\/it\/prodotto\/boccole-asse-posteriore-crossland-x\/#primaryimage"},"thumbnailUrl":"https:\/\/www.silentblocks.com\/wp-content\/uploads\/2026\/02\/silentbloc-essieu-arriere-peugeot-2008.jpg","datePublished":"2024-11-18T17:59:03+00:00","dateModified":"2026-02-17T21:50:19+00:00","description":"Silentblock per Opel Crossland X, oem 3637302, 5131H4, 9680667580, 5131E9","breadcrumb":{"@id":"https:\/\/www.silentblocks.com\/it\/prodotto\/boccole-asse-posteriore-crossland-x\/#breadcrumb"},"inLanguage":"it-IT","potentialAction":[{"@type":"ReadAction","target":["https:\/\/www.silentblocks.com\/it\/prodotto\/boccole-asse-posteriore-crossland-x\/"]}]},{"@type":"ImageObject","inLanguage":"it-IT","@id":"https:\/\/www.silentblocks.com\/it\/prodotto\/boccole-asse-posteriore-crossland-x\/#primaryimage","url":"https:\/\/www.silentblocks.com\/wp-content\/uploads\/2026\/02\/silentbloc-essieu-arriere-peugeot-2008.jpg","contentUrl":"https:\/\/www.silentblocks.com\/wp-content\/uploads\/2026\/02\/silentbloc-essieu-arriere-peugeot-2008.jpg","width":1000,"height":1000},{"@type":"BreadcrumbList","@id":"https:\/\/www.silentblocks.com\/it\/prodotto\/boccole-asse-posteriore-crossland-x\/#breadcrumb","itemListElement":[{"@type":"ListItem","position":1,"name":"In\u00edcio","item":"https:\/\/www.silentblocks.com\/it\/"},{"@type":"ListItem","position":2,"name":"Page boutique","item":"https:\/\/www.silentblocks.com\/shop-2\/"},{"@type":"ListItem","position":3,"name":"Boccole asse posteriore, Crossland X"}]},{"@type":"WebSite","@id":"https:\/\/www.silentblocks.com\/it\/#website","url":"https:\/\/www.silentblocks.com\/it\/","name":"SILENTBLOCKS","description":"Secure on the road","publisher":{"@id":"https:\/\/www.silentblocks.com\/it\/#organization"},"potentialAction":[{"@type":"SearchAction","target":{"@type":"EntryPoint","urlTemplate":"https:\/\/www.silentblocks.com\/it\/?s={search_term_string}"},"query-input":{"@type":"PropertyValueSpecification","valueRequired":true,"valueName":"search_term_string"}}],"inLanguage":"it-IT"},{"@type":"Organization","@id":"https:\/\/www.silentblocks.com\/it\/#organization","name":"SILENTBLOCKS","url":"https:\/\/www.silentblocks.com\/it\/","logo":{"@type":"ImageObject","inLanguage":"it-IT","@id":"https:\/\/www.silentblocks.com\/it\/#\/schema\/logo\/image\/","url":"https:\/\/www.silentblocks.com\/wp-content\/uploads\/2023\/07\/logo211-sem-fundo_2012-PARA-BOUTIQUE-EBAY.png","contentUrl":"https:\/\/www.silentblocks.com\/wp-content\/uploads\/2023\/07\/logo211-sem-fundo_2012-PARA-BOUTIQUE-EBAY.png","width":300,"height":190,"caption":"SILENTBLOCKS"},"image":{"@id":"https:\/\/www.silentblocks.com\/it\/#\/schema\/logo\/image\/"}}]}},"_links":{"self":[{"href":"https:\/\/www.silentblocks.com\/it\/wp-json\/wp\/v2\/product\/93990","targetHints":{"allow":["GET"]}}],"collection":[{"href":"https:\/\/www.silentblocks.com\/it\/wp-json\/wp\/v2\/product"}],"about":[{"href":"https:\/\/www.silentblocks.com\/it\/wp-json\/wp\/v2\/types\/product"}],"version-history":[{"count":0,"href":"https:\/\/www.silentblocks.com\/it\/wp-json\/wp\/v2\/product\/93990\/revisions"}],"wp:featuredmedia":[{"embeddable":true,"href":"https:\/\/www.silentblocks.com\/it\/wp-json\/wp\/v2\/media\/93973"}],"wp:attachment":[{"href":"https:\/\/www.silentblocks.com\/it\/wp-json\/wp\/v2\/media?parent=93990"}],"wp:term":[{"taxonomy":"product_brand","embeddable":true,"href":"https:\/\/www.silentblocks.com\/it\/wp-json\/wp\/v2\/product_brand?post=93990"},{"taxonomy":"product_cat","embeddable":true,"href":"https:\/\/www.silentblocks.com\/it\/wp-json\/wp\/v2\/product_cat?post=93990"},{"taxonomy":"product_tag","embeddable":true,"href":"https:\/\/www.silentblocks.com\/it\/wp-json\/wp\/v2\/product_tag?post=93990"}],"curies":[{"name":"wp","href":"https:\/\/api.w.org\/{rel}","templated":true}]}}